{"id":97188,"date":"2025-12-15T04:07:31","date_gmt":"2025-12-15T03:07:31","guid":{"rendered":"https:\/\/truusk.store\/product\/smadjursbur-for-marsvin-och-dvargkaniner-tva-vaningar-tra-gra\/"},"modified":"2026-03-12T09:09:31","modified_gmt":"2026-03-12T08:09:31","slug":"truusk-smadjursbur-for-marsvin-och-dvargkaniner-tva-vaningar-tra-gra","status":"publish","type":"product","link":"https:\/\/truusk.store\/sv\/produkt\/truusk-smadjursbur-for-marsvin-och-dvargkaniner-tva-vaningar-tra-gra\/","title":{"rendered":"TRUUSK Sm\u00e5djursbur f\u00f6r Marsvin och Dv\u00e4rgkaniner &#8211; Tv\u00e5 V\u00e5ningar &#8211; Tr\u00e4 &#8211; Gr\u00e5"},"content":{"rendered":"<p>V\u00e5r dubbelv\u00e5ning, vinterbest\u00e4ndiga utomhus kaninbur med separata v\u00e5ningar \u00e4r idealisk f\u00f6r sm\u00e5djur som marsvin. Den \u00e4r tillverkad av robust grantr\u00e4, som har behandlats med en vattenavvisande lack. Detta g\u00f6r att sm\u00e5djursburen passar b\u00e5de f\u00f6r inomhus och utomhus anv\u00e4ndning. F\u00f6r att reng\u00f6ra kan du enkelt ta ut brickgolven och fylla p\u00e5 med sm\u00e5djursstr\u00f6 eller h\u00f6. Det perfekta hemmet f\u00f6r dina sm\u00e5djur.<\/p>\n<p>Beskrivning:<\/p>\n<ul>\n<li> Tillverkad av robust grantr\u00e4 med vattenavvisande lack<\/li>\n<li> Taket \u00e4r t\u00e4ckt med bitumenbanor, v\u00e4derbest\u00e4ndigt<\/li>\n<li> Metallgaller p\u00e5 utomhus kaninburen f\u00f6r tillr\u00e4ckligt med frisk luft och enkel observation av djuren<\/li>\n<li> 2 ing\u00e5ngsd\u00f6rrar kan enkelt l\u00e5sas med reglar<\/li>\n<li> 2 f\u00f6nster p\u00e5 gallret av den vinterbest\u00e4ndiga kaninburen f\u00f6r bekv\u00e4m tillhandah\u00e5llande av mat<\/li>\n<li> B\u00e5da v\u00e5ningarna har uttagbara bottenbrickor f\u00f6r enkel reng\u00f6ring<\/li>\n<li> L\u00e4mplig f\u00f6r b\u00e5de inomhus och utomhus anv\u00e4ndning<\/li>\n<li> Enkel och snabb montering<\/li>\n<\/ul>\n<p> Tekniska data:<\/p>\n<ul>\n<li> F\u00e4rg: Gr\u00e5<\/li>\n<li> Material: Grantr\u00e4<\/li>\n<li> Totala m\u00e5tt: 136,4L x 50B x 93H cm<\/li>\n<li> D\u00f6rm\u00e5tt: 32B x 28,5H cm<\/li>\n<li> Inre burar: 122L x 42B x 36H cm<\/li>\n<li> Tr\u00e5dd\u00f6rrar: 35L x 14,5H cm<\/li>\n<li> Benh\u00f6jd: 10 cm<\/li>\n<li> Bottenbricka: 121L x 42H cm<\/li>\n<\/ul>\n<p>Leveransinneh\u00e5ll:<\/p>\n<ul>\n<li> 1 x sm\u00e5djursbur;<\/li>\n<\/ul>\n","protected":false},"excerpt":{"rendered":"<p>V\u00e5r dubbelv\u00e5ning, vinterbest\u00e4ndiga utomhus kaninbur med separata v\u00e5ningar \u00e4r idealisk f\u00f6r sm\u00e5djur som marsvin. Den \u00e4r tillverkad av robust grantr\u00e4,&#8230;<\/p>\n","protected":false},"featured_media":97177,"template":"","meta":[],"product_brand":[],"product_cat":[895,597,1102],"product_tag":[],"class_list":{"0":"post-97188","1":"product","2":"type-product","3":"status-publish","4":"has-post-thumbnail","6":"product_cat-djurutrustning","7":"product_cat-sma-djurtillbehor","8":"product_cat-smadjursstall","10":"first","11":"instock","12":"sale","13":"taxable","14":"shipping-taxable","15":"purchasable","16":"product-type-simple"},"yoast_head":"<!-- This site is optimized with the Yoast SEO plugin v25.4 - https:\/\/yoast.com\/wordpress\/plugins\/seo\/ -->\n<title>TRUUSK Sm\u00e5djursbur f\u00f6r Marsvin och Dv\u00e4rgkaniner - Tv\u00e5 V\u00e5ningar - Tr\u00e4 - Gr\u00e5 - TRUUSK - Hem, Tr\u00e4dg\u00e5rd &amp; Fritid<\/title>\n<meta name=\"robots\" content=\"index, follow, max-snippet:-1, max-image-preview:large, max-video-preview:-1\" \/>\n<link rel=\"canonical\" href=\"https:\/\/truusk.store\/sv\/produkt\/truusk-smadjursbur-for-marsvin-och-dvargkaniner-tva-vaningar-tra-gra\/\" \/>\n<meta property=\"og:locale\" content=\"sv_SE\" \/>\n<meta property=\"og:type\" content=\"article\" \/>\n<meta property=\"og:title\" content=\"TRUUSK Sm\u00e5djursbur f\u00f6r Marsvin och Dv\u00e4rgkaniner - Tv\u00e5 V\u00e5ningar - Tr\u00e4 - Gr\u00e5 - TRUUSK - Hem, Tr\u00e4dg\u00e5rd &amp; Fritid\" \/>\n<meta property=\"og:description\" content=\"V\u00e5r dubbelv\u00e5ning, vinterbest\u00e4ndiga utomhus kaninbur med separata v\u00e5ningar \u00e4r idealisk f\u00f6r sm\u00e5djur som marsvin. Den \u00e4r tillverkad av robust grantr\u00e4,...\" \/>\n<meta property=\"og:url\" content=\"https:\/\/truusk.store\/sv\/produkt\/truusk-smadjursbur-for-marsvin-och-dvargkaniner-tva-vaningar-tra-gra\/\" \/>\n<meta property=\"og:site_name\" content=\"TRUUSK - Hem, Tr\u00e4dg\u00e5rd &amp; Fritid\" \/>\n<meta property=\"article:modified_time\" content=\"2026-03-12T08:09:31+00:00\" \/>\n<meta property=\"og:image\" content=\"https:\/\/i0.wp.com\/truusk.se\/wp-content\/uploads\/2025\/12\/smadjursbur-for-marsvin-och-dvargkaniner-tva-vaningar-tra-gra-1.webp?fit=2000%2C2000&ssl=1\" \/>\n\t<meta property=\"og:image:width\" content=\"2000\" \/>\n\t<meta property=\"og:image:height\" content=\"2000\" \/>\n\t<meta property=\"og:image:type\" content=\"image\/webp\" \/>\n<meta name=\"twitter:card\" content=\"summary_large_image\" \/>\n<meta name=\"twitter:label1\" content=\"Ber\u00e4knad l\u00e4stid\" \/>\n\t<meta name=\"twitter:data1\" content=\"1 minut\" \/>\n<!-- \/ Yoast SEO plugin. -->","yoast_head_json":{"title":"TRUUSK Sm\u00e5djursbur f\u00f6r Marsvin och Dv\u00e4rgkaniner - Tv\u00e5 V\u00e5ningar - Tr\u00e4 - Gr\u00e5 - TRUUSK - Hem, Tr\u00e4dg\u00e5rd &amp; Fritid","robots":{"index":"index","follow":"follow","max-snippet":"max-snippet:-1","max-image-preview":"max-image-preview:large","max-video-preview":"max-video-preview:-1"},"canonical":"https:\/\/truusk.store\/sv\/produkt\/truusk-smadjursbur-for-marsvin-och-dvargkaniner-tva-vaningar-tra-gra\/","og_locale":"sv_SE","og_type":"article","og_title":"TRUUSK Sm\u00e5djursbur f\u00f6r Marsvin och Dv\u00e4rgkaniner - Tv\u00e5 V\u00e5ningar - Tr\u00e4 - Gr\u00e5 - TRUUSK - Hem, Tr\u00e4dg\u00e5rd &amp; Fritid","og_description":"V\u00e5r dubbelv\u00e5ning, vinterbest\u00e4ndiga utomhus kaninbur med separata v\u00e5ningar \u00e4r idealisk f\u00f6r sm\u00e5djur som marsvin. Den \u00e4r tillverkad av robust grantr\u00e4,...","og_url":"https:\/\/truusk.store\/sv\/produkt\/truusk-smadjursbur-for-marsvin-och-dvargkaniner-tva-vaningar-tra-gra\/","og_site_name":"TRUUSK - Hem, Tr\u00e4dg\u00e5rd &amp; Fritid","article_modified_time":"2026-03-12T08:09:31+00:00","og_image":[{"width":2000,"height":2000,"url":"https:\/\/i0.wp.com\/truusk.se\/wp-content\/uploads\/2025\/12\/smadjursbur-for-marsvin-och-dvargkaniner-tva-vaningar-tra-gra-1.webp?fit=2000%2C2000&ssl=1","type":"image\/webp"}],"twitter_card":"summary_large_image","twitter_misc":{"Ber\u00e4knad l\u00e4stid":"1 minut"},"schema":{"@context":"https:\/\/schema.org","@graph":[{"@type":"WebPage","@id":"https:\/\/truusk.store\/sv\/produkt\/truusk-smadjursbur-for-marsvin-och-dvargkaniner-tva-vaningar-tra-gra\/","url":"https:\/\/truusk.store\/sv\/produkt\/truusk-smadjursbur-for-marsvin-och-dvargkaniner-tva-vaningar-tra-gra\/","name":"TRUUSK Sm\u00e5djursbur f\u00f6r Marsvin och Dv\u00e4rgkaniner - Tv\u00e5 V\u00e5ningar - Tr\u00e4 - Gr\u00e5 - TRUUSK - Hem, Tr\u00e4dg\u00e5rd &amp; Fritid","isPartOf":{"@id":"https:\/\/truusk.store\/sv\/#website"},"primaryImageOfPage":{"@id":"https:\/\/truusk.store\/sv\/produkt\/truusk-smadjursbur-for-marsvin-och-dvargkaniner-tva-vaningar-tra-gra\/#primaryimage"},"image":{"@id":"https:\/\/truusk.store\/sv\/produkt\/truusk-smadjursbur-for-marsvin-och-dvargkaniner-tva-vaningar-tra-gra\/#primaryimage"},"thumbnailUrl":"https:\/\/i0.wp.com\/truusk.store\/wp-content\/uploads\/2025\/12\/smadjursbur-for-marsvin-och-dvargkaniner-tva-vaningar-tra-gra-1.webp?fit=2000%2C2000&ssl=1","datePublished":"2025-12-15T03:07:31+00:00","dateModified":"2026-03-12T08:09:31+00:00","breadcrumb":{"@id":"https:\/\/truusk.store\/sv\/produkt\/truusk-smadjursbur-for-marsvin-och-dvargkaniner-tva-vaningar-tra-gra\/#breadcrumb"},"inLanguage":"sv-SE","potentialAction":[{"@type":"ReadAction","target":["https:\/\/truusk.store\/sv\/produkt\/truusk-smadjursbur-for-marsvin-och-dvargkaniner-tva-vaningar-tra-gra\/"]}]},{"@type":"ImageObject","inLanguage":"sv-SE","@id":"https:\/\/truusk.store\/sv\/produkt\/truusk-smadjursbur-for-marsvin-och-dvargkaniner-tva-vaningar-tra-gra\/#primaryimage","url":"https:\/\/i0.wp.com\/truusk.store\/wp-content\/uploads\/2025\/12\/smadjursbur-for-marsvin-och-dvargkaniner-tva-vaningar-tra-gra-1.webp?fit=2000%2C2000&ssl=1","contentUrl":"https:\/\/i0.wp.com\/truusk.store\/wp-content\/uploads\/2025\/12\/smadjursbur-for-marsvin-och-dvargkaniner-tva-vaningar-tra-gra-1.webp?fit=2000%2C2000&ssl=1","width":2000,"height":2000},{"@type":"BreadcrumbList","@id":"https:\/\/truusk.store\/sv\/produkt\/truusk-smadjursbur-for-marsvin-och-dvargkaniner-tva-vaningar-tra-gra\/#breadcrumb","itemListElement":[{"@type":"ListItem","position":1,"name":"Home","item":"https:\/\/truusk.store\/sv\/"},{"@type":"ListItem","position":2,"name":"Shop","item":"https:\/\/truusk.store\/shop\/"},{"@type":"ListItem","position":3,"name":"TRUUSK Sm\u00e5djursbur f\u00f6r Marsvin och Dv\u00e4rgkaniner &#8211; Tv\u00e5 V\u00e5ningar &#8211; Tr\u00e4 &#8211; Gr\u00e5"}]},{"@type":"WebSite","@id":"https:\/\/truusk.store\/sv\/#website","url":"https:\/\/truusk.store\/sv\/","name":"TRUUSK - Hem, Tr\u00e4dg\u00e5rd & Fritid","description":"","publisher":{"@id":"https:\/\/truusk.store\/sv\/#organization"},"potentialAction":[{"@type":"SearchAction","target":{"@type":"EntryPoint","urlTemplate":"https:\/\/truusk.store\/sv\/?s={search_term_string}"},"query-input":{"@type":"PropertyValueSpecification","valueRequired":true,"valueName":"search_term_string"}}],"inLanguage":"sv-SE"},{"@type":"Organization","@id":"https:\/\/truusk.store\/sv\/#organization","name":"TRUUSK - Hem, Tr\u00e4dg\u00e5rd & Fritid","url":"https:\/\/truusk.store\/sv\/","logo":{"@type":"ImageObject","inLanguage":"sv-SE","@id":"https:\/\/truusk.store\/sv\/#\/schema\/logo\/image\/","url":"https:\/\/i0.wp.com\/truusk.store\/wp-content\/uploads\/2026\/03\/cropped-TRUUSK.png?fit=2032%2C917&ssl=1","contentUrl":"https:\/\/i0.wp.com\/truusk.store\/wp-content\/uploads\/2026\/03\/cropped-TRUUSK.png?fit=2032%2C917&ssl=1","width":2032,"height":917,"caption":"TRUUSK - Hem, Tr\u00e4dg\u00e5rd & Fritid"},"image":{"@id":"https:\/\/truusk.store\/sv\/#\/schema\/logo\/image\/"}}]}},"jetpack_sharing_enabled":true,"_links":{"self":[{"href":"https:\/\/truusk.store\/sv\/wp-json\/wp\/v2\/product\/97188","targetHints":{"allow":["GET"]}}],"collection":[{"href":"https:\/\/truusk.store\/sv\/wp-json\/wp\/v2\/product"}],"about":[{"href":"https:\/\/truusk.store\/sv\/wp-json\/wp\/v2\/types\/product"}],"wp:featuredmedia":[{"embeddable":true,"href":"https:\/\/truusk.store\/sv\/wp-json\/wp\/v2\/media\/97177"}],"wp:attachment":[{"href":"https:\/\/truusk.store\/sv\/wp-json\/wp\/v2\/media?parent=97188"}],"wp:term":[{"taxonomy":"product_brand","embeddable":true,"href":"https:\/\/truusk.store\/sv\/wp-json\/wp\/v2\/product_brand?post=97188"},{"taxonomy":"product_cat","embeddable":true,"href":"https:\/\/truusk.store\/sv\/wp-json\/wp\/v2\/product_cat?post=97188"},{"taxonomy":"product_tag","embeddable":true,"href":"https:\/\/truusk.store\/sv\/wp-json\/wp\/v2\/product_tag?post=97188"}],"curies":[{"name":"wp","href":"https:\/\/api.w.org\/{rel}","templated":true}]}}