{"id":97207,"date":"2025-12-15T04:12:54","date_gmt":"2025-12-15T03:12:54","guid":{"rendered":"https:\/\/truusk.store\/product\/utrustningshus-107-m%c2%b2-med-snedtak-142-x-84-x-189-cm-utrustningsforrad-med-lasbar-dorr-tradgardshus-stal-brun\/"},"modified":"2026-03-12T09:21:23","modified_gmt":"2026-03-12T08:21:23","slug":"truusk-utrustningshus-107-m%c2%b2-med-snedtak-142-x-84-x-189-cm-lasbar-dorr-tradgardshus-stal-brun","status":"publish","type":"product","link":"https:\/\/truusk.store\/sv\/produkt\/truusk-utrustningshus-107-m%c2%b2-med-snedtak-142-x-84-x-189-cm-lasbar-dorr-tradgardshus-stal-brun\/","title":{"rendered":"TRUUSK Utrustningshus 1,07 m\u00b2 &#8211; Med Snedtak &#8211; 142 x 84 x 189 cm &#8211; L\u00e5sbar D\u00f6rr &#8211; Tr\u00e4dg\u00e5rdshus &#8211; St\u00e5l &#8211; Brun"},"content":{"rendered":"<p>Detta metallverktygsskjul fr\u00e5n [BRAND NAME] \u00e4r ett m\u00e5ste f\u00f6r ditt hem! Det \u00e4r stabilt och v\u00e4derbest\u00e4ndigt, s\u00e5 det skyddar dina tr\u00e4dg\u00e5rdsverktyg s\u00e4kert fr\u00e5n alla v\u00e4der. Tack vare ett lutande tak samlas inget vatten, s\u00e5 att insidan alltid f\u00f6rblir torr. Med inre m\u00e5tt p\u00e5 128 cm x 69 cm har du gott om plats f\u00f6r m\u00e5nga verktyg. En stor, l\u00e5sbar d\u00f6rr ger extra skydd mot djur och regn. Observera: En grundplatta ing\u00e5r INTE i leveransen.<\/p>\n<p>Beskrivning:<\/p>\n<ul>\n<li> St\u00e5lramen \u00e4r robust och stark, med ett v\u00e4derbest\u00e4ndigt ytskikt f\u00f6r utomhusbruk<\/li>\n<li> Rymligt inre lagringsutrymme, fritt fr\u00e5n hyllor och golv<\/li>\n<li> Snedtak, s\u00e5 att inget vatten samlas<\/li>\n<li> H\u00f6g d\u00f6rr till tr\u00e4dg\u00e5rdsskjulet f\u00f6r enkel \u00e5tkomst, med ett l\u00e5s f\u00f6r s\u00e4kerhet<\/li>\n<li> F\u00f6rborrade paneler p\u00e5 tr\u00e4dg\u00e5rdshuset f\u00f6r snabb montering<\/li>\n<li> Observera: En grundplatta ing\u00e5r INTE i leveransen<\/li>\n<\/ul>\n<p> Tekniska data:<\/p>\n<ul>\n<li> F\u00e4rg: Brun<\/li>\n<li> Material: St\u00e5l<\/li>\n<li> Totala m\u00e5tt: 142L x 84B x 177\/189H cm<\/li>\n<li> Inre m\u00e5tt: 128B x 69T cm<\/li>\n<li> D\u00f6rrstorlek: 63B x 171H cm<\/li>\n<\/ul>\n<p>Leverans:<\/p>\n<ul>\n<li> 1 x Tr\u00e4dg\u00e5rdshus<\/li>\n<li>Viktigt: Vi levererar artikeln till dig kostnadsfritt till trottoarkanten. Var v\u00e4nlig och se till att adressen och telefonnumret \u00e4r korrekt..<\/li>\n<\/ul>\n","protected":false},"excerpt":{"rendered":"<p>Detta metallverktygsskjul fr\u00e5n [BRAND NAME] \u00e4r ett m\u00e5ste f\u00f6r ditt hem! Det \u00e4r stabilt och v\u00e4derbest\u00e4ndigt, s\u00e5 det skyddar dina&#8230;<\/p>\n","protected":false},"featured_media":97189,"template":"","meta":[],"product_brand":[],"product_cat":[901,902,858],"product_tag":[],"class_list":{"0":"post-97207","1":"product","2":"type-product","3":"status-publish","4":"has-post-thumbnail","6":"product_cat-ordning-i-tradgarden","7":"product_cat-redskapsskjul-och-redskapshus","8":"product_cat-tradgard-terrass","10":"first","11":"instock","12":"sale","13":"taxable","14":"shipping-taxable","15":"purchasable","16":"product-type-simple"},"yoast_head":"<!-- This site is optimized with the Yoast SEO plugin v25.4 - https:\/\/yoast.com\/wordpress\/plugins\/seo\/ -->\n<title>TRUUSK Utrustningshus 1,07 m\u00b2 - Med Snedtak - 142 x 84 x 189 cm - L\u00e5sbar D\u00f6rr - Tr\u00e4dg\u00e5rdshus - St\u00e5l - Brun - TRUUSK - Hem, Tr\u00e4dg\u00e5rd &amp; Fritid<\/title>\n<meta name=\"robots\" content=\"index, follow, max-snippet:-1, max-image-preview:large, max-video-preview:-1\" \/>\n<link rel=\"canonical\" href=\"https:\/\/truusk.store\/sv\/produkt\/truusk-utrustningshus-107-m%c2%b2-med-snedtak-142-x-84-x-189-cm-lasbar-dorr-tradgardshus-stal-brun\/\" \/>\n<meta property=\"og:locale\" content=\"sv_SE\" \/>\n<meta property=\"og:type\" content=\"article\" \/>\n<meta property=\"og:title\" content=\"TRUUSK Utrustningshus 1,07 m\u00b2 - Med Snedtak - 142 x 84 x 189 cm - L\u00e5sbar D\u00f6rr - Tr\u00e4dg\u00e5rdshus - St\u00e5l - Brun - TRUUSK - Hem, Tr\u00e4dg\u00e5rd &amp; Fritid\" \/>\n<meta property=\"og:description\" content=\"Detta metallverktygsskjul fr\u00e5n [BRAND NAME] \u00e4r ett m\u00e5ste f\u00f6r ditt hem! Det \u00e4r stabilt och v\u00e4derbest\u00e4ndigt, s\u00e5 det skyddar dina...\" \/>\n<meta property=\"og:url\" content=\"https:\/\/truusk.store\/sv\/produkt\/truusk-utrustningshus-107-m%c2%b2-med-snedtak-142-x-84-x-189-cm-lasbar-dorr-tradgardshus-stal-brun\/\" \/>\n<meta property=\"og:site_name\" content=\"TRUUSK - Hem, Tr\u00e4dg\u00e5rd &amp; Fritid\" \/>\n<meta property=\"article:modified_time\" content=\"2026-03-12T08:21:23+00:00\" \/>\n<meta property=\"og:image\" content=\"https:\/\/i0.wp.com\/truusk.se\/wp-content\/uploads\/2025\/12\/utrustningshus-107-mc2b2-med-snedtak-142-x-84-x-189-cm-utrustningsforrad-med-lasbar-dorr-tradgardshus-stal-brun-1.webp?fit=2000%2C2000&ssl=1\" \/>\n\t<meta property=\"og:image:width\" content=\"2000\" \/>\n\t<meta property=\"og:image:height\" content=\"2000\" \/>\n\t<meta property=\"og:image:type\" content=\"image\/webp\" \/>\n<meta name=\"twitter:card\" content=\"summary_large_image\" \/>\n<meta name=\"twitter:label1\" content=\"Ber\u00e4knad l\u00e4stid\" \/>\n\t<meta name=\"twitter:data1\" content=\"1 minut\" \/>\n<!-- \/ Yoast SEO plugin. -->","yoast_head_json":{"title":"TRUUSK Utrustningshus 1,07 m\u00b2 - Med Snedtak - 142 x 84 x 189 cm - L\u00e5sbar D\u00f6rr - Tr\u00e4dg\u00e5rdshus - St\u00e5l - Brun - TRUUSK - Hem, Tr\u00e4dg\u00e5rd &amp; Fritid","robots":{"index":"index","follow":"follow","max-snippet":"max-snippet:-1","max-image-preview":"max-image-preview:large","max-video-preview":"max-video-preview:-1"},"canonical":"https:\/\/truusk.store\/sv\/produkt\/truusk-utrustningshus-107-m%c2%b2-med-snedtak-142-x-84-x-189-cm-lasbar-dorr-tradgardshus-stal-brun\/","og_locale":"sv_SE","og_type":"article","og_title":"TRUUSK Utrustningshus 1,07 m\u00b2 - Med Snedtak - 142 x 84 x 189 cm - L\u00e5sbar D\u00f6rr - Tr\u00e4dg\u00e5rdshus - St\u00e5l - Brun - TRUUSK - Hem, Tr\u00e4dg\u00e5rd &amp; Fritid","og_description":"Detta metallverktygsskjul fr\u00e5n [BRAND NAME] \u00e4r ett m\u00e5ste f\u00f6r ditt hem! Det \u00e4r stabilt och v\u00e4derbest\u00e4ndigt, s\u00e5 det skyddar dina...","og_url":"https:\/\/truusk.store\/sv\/produkt\/truusk-utrustningshus-107-m%c2%b2-med-snedtak-142-x-84-x-189-cm-lasbar-dorr-tradgardshus-stal-brun\/","og_site_name":"TRUUSK - Hem, Tr\u00e4dg\u00e5rd &amp; Fritid","article_modified_time":"2026-03-12T08:21:23+00:00","og_image":[{"width":2000,"height":2000,"url":"https:\/\/i0.wp.com\/truusk.se\/wp-content\/uploads\/2025\/12\/utrustningshus-107-mc2b2-med-snedtak-142-x-84-x-189-cm-utrustningsforrad-med-lasbar-dorr-tradgardshus-stal-brun-1.webp?fit=2000%2C2000&ssl=1","type":"image\/webp"}],"twitter_card":"summary_large_image","twitter_misc":{"Ber\u00e4knad l\u00e4stid":"1 minut"},"schema":{"@context":"https:\/\/schema.org","@graph":[{"@type":"WebPage","@id":"https:\/\/truusk.store\/sv\/produkt\/truusk-utrustningshus-107-m%c2%b2-med-snedtak-142-x-84-x-189-cm-lasbar-dorr-tradgardshus-stal-brun\/","url":"https:\/\/truusk.store\/sv\/produkt\/truusk-utrustningshus-107-m%c2%b2-med-snedtak-142-x-84-x-189-cm-lasbar-dorr-tradgardshus-stal-brun\/","name":"TRUUSK Utrustningshus 1,07 m\u00b2 - Med Snedtak - 142 x 84 x 189 cm - L\u00e5sbar D\u00f6rr - Tr\u00e4dg\u00e5rdshus - St\u00e5l - Brun - TRUUSK - Hem, Tr\u00e4dg\u00e5rd &amp; Fritid","isPartOf":{"@id":"https:\/\/truusk.store\/sv\/#website"},"primaryImageOfPage":{"@id":"https:\/\/truusk.store\/sv\/produkt\/truusk-utrustningshus-107-m%c2%b2-med-snedtak-142-x-84-x-189-cm-lasbar-dorr-tradgardshus-stal-brun\/#primaryimage"},"image":{"@id":"https:\/\/truusk.store\/sv\/produkt\/truusk-utrustningshus-107-m%c2%b2-med-snedtak-142-x-84-x-189-cm-lasbar-dorr-tradgardshus-stal-brun\/#primaryimage"},"thumbnailUrl":"https:\/\/i0.wp.com\/truusk.store\/wp-content\/uploads\/2025\/12\/utrustningshus-107-mc2b2-med-snedtak-142-x-84-x-189-cm-utrustningsforrad-med-lasbar-dorr-tradgardshus-stal-brun-1.webp?fit=2000%2C2000&ssl=1","datePublished":"2025-12-15T03:12:54+00:00","dateModified":"2026-03-12T08:21:23+00:00","breadcrumb":{"@id":"https:\/\/truusk.store\/sv\/produkt\/truusk-utrustningshus-107-m%c2%b2-med-snedtak-142-x-84-x-189-cm-lasbar-dorr-tradgardshus-stal-brun\/#breadcrumb"},"inLanguage":"sv-SE","potentialAction":[{"@type":"ReadAction","target":["https:\/\/truusk.store\/sv\/produkt\/truusk-utrustningshus-107-m%c2%b2-med-snedtak-142-x-84-x-189-cm-lasbar-dorr-tradgardshus-stal-brun\/"]}]},{"@type":"ImageObject","inLanguage":"sv-SE","@id":"https:\/\/truusk.store\/sv\/produkt\/truusk-utrustningshus-107-m%c2%b2-med-snedtak-142-x-84-x-189-cm-lasbar-dorr-tradgardshus-stal-brun\/#primaryimage","url":"https:\/\/i0.wp.com\/truusk.store\/wp-content\/uploads\/2025\/12\/utrustningshus-107-mc2b2-med-snedtak-142-x-84-x-189-cm-utrustningsforrad-med-lasbar-dorr-tradgardshus-stal-brun-1.webp?fit=2000%2C2000&ssl=1","contentUrl":"https:\/\/i0.wp.com\/truusk.store\/wp-content\/uploads\/2025\/12\/utrustningshus-107-mc2b2-med-snedtak-142-x-84-x-189-cm-utrustningsforrad-med-lasbar-dorr-tradgardshus-stal-brun-1.webp?fit=2000%2C2000&ssl=1","width":2000,"height":2000},{"@type":"BreadcrumbList","@id":"https:\/\/truusk.store\/sv\/produkt\/truusk-utrustningshus-107-m%c2%b2-med-snedtak-142-x-84-x-189-cm-lasbar-dorr-tradgardshus-stal-brun\/#breadcrumb","itemListElement":[{"@type":"ListItem","position":1,"name":"Home","item":"https:\/\/truusk.store\/sv\/"},{"@type":"ListItem","position":2,"name":"Shop","item":"https:\/\/truusk.store\/shop\/"},{"@type":"ListItem","position":3,"name":"TRUUSK Utrustningshus 1,07 m\u00b2 &#8211; Med Snedtak &#8211; 142 x 84 x 189 cm &#8211; L\u00e5sbar D\u00f6rr &#8211; Tr\u00e4dg\u00e5rdshus &#8211; St\u00e5l &#8211; Brun"}]},{"@type":"WebSite","@id":"https:\/\/truusk.store\/sv\/#website","url":"https:\/\/truusk.store\/sv\/","name":"TRUUSK - Hem, Tr\u00e4dg\u00e5rd & Fritid","description":"","publisher":{"@id":"https:\/\/truusk.store\/sv\/#organization"},"potentialAction":[{"@type":"SearchAction","target":{"@type":"EntryPoint","urlTemplate":"https:\/\/truusk.store\/sv\/?s={search_term_string}"},"query-input":{"@type":"PropertyValueSpecification","valueRequired":true,"valueName":"search_term_string"}}],"inLanguage":"sv-SE"},{"@type":"Organization","@id":"https:\/\/truusk.store\/sv\/#organization","name":"TRUUSK - Hem, Tr\u00e4dg\u00e5rd & Fritid","url":"https:\/\/truusk.store\/sv\/","logo":{"@type":"ImageObject","inLanguage":"sv-SE","@id":"https:\/\/truusk.store\/sv\/#\/schema\/logo\/image\/","url":"https:\/\/i0.wp.com\/truusk.store\/wp-content\/uploads\/2026\/03\/cropped-TRUUSK.png?fit=2032%2C917&ssl=1","contentUrl":"https:\/\/i0.wp.com\/truusk.store\/wp-content\/uploads\/2026\/03\/cropped-TRUUSK.png?fit=2032%2C917&ssl=1","width":2032,"height":917,"caption":"TRUUSK - Hem, Tr\u00e4dg\u00e5rd & Fritid"},"image":{"@id":"https:\/\/truusk.store\/sv\/#\/schema\/logo\/image\/"}}]}},"jetpack_sharing_enabled":true,"_links":{"self":[{"href":"https:\/\/truusk.store\/sv\/wp-json\/wp\/v2\/product\/97207","targetHints":{"allow":["GET"]}}],"collection":[{"href":"https:\/\/truusk.store\/sv\/wp-json\/wp\/v2\/product"}],"about":[{"href":"https:\/\/truusk.store\/sv\/wp-json\/wp\/v2\/types\/product"}],"wp:featuredmedia":[{"embeddable":true,"href":"https:\/\/truusk.store\/sv\/wp-json\/wp\/v2\/media\/97189"}],"wp:attachment":[{"href":"https:\/\/truusk.store\/sv\/wp-json\/wp\/v2\/media?parent=97207"}],"wp:term":[{"taxonomy":"product_brand","embeddable":true,"href":"https:\/\/truusk.store\/sv\/wp-json\/wp\/v2\/product_brand?post=97207"},{"taxonomy":"product_cat","embeddable":true,"href":"https:\/\/truusk.store\/sv\/wp-json\/wp\/v2\/product_cat?post=97207"},{"taxonomy":"product_tag","embeddable":true,"href":"https:\/\/truusk.store\/sv\/wp-json\/wp\/v2\/product_tag?post=97207"}],"curies":[{"name":"wp","href":"https:\/\/api.w.org\/{rel}","templated":true}]}}