{"id":97220,"date":"2025-12-15T04:14:52","date_gmt":"2025-12-15T03:14:52","guid":{"rendered":"https:\/\/truusk.store\/product\/barnskoter-hojdjusterbar-sparkcykel-for-barn-med-broms-stall-2-hjul-stal-bla\/"},"modified":"2026-03-12T09:31:25","modified_gmt":"2026-03-12T08:31:25","slug":"truusk-barnskoter-hojdjusterbar-sparkcykel-for-barn-med-broms-stall-2-hjul-stal-bla","status":"publish","type":"product","link":"https:\/\/truusk.store\/sv\/produkt\/truusk-barnskoter-hojdjusterbar-sparkcykel-for-barn-med-broms-stall-2-hjul-stal-bla\/","title":{"rendered":"TRUUSK Barnskoter &#8211; H\u00f6jdjusterbar Sparkcykel F\u00f6r Barn &#8211; Med Broms &#8211; St\u00e4ll &#8211; 2 Hjul &#8211; St\u00e5l &#8211; Bl\u00e5"},"content":{"rendered":"<p>Upplev sp\u00e4nnande utomhus\u00e4ventyr med [BRAND NAME] barnscooter! Designad f\u00f6r 6-12-\u00e5ringar (100-150 cm), anpassar den sig till deras tillv\u00e4xt. Med s\u00e4kerhetsfunktioner som bakbroms, st\u00f6d och halkfri trampyta garanterar den s\u00e4ker k\u00f6rning. Den \u00e4r stilfull, l\u00e4tt att montera och perfekt f\u00f6r unga \u00e4ventyrare. Fr\u00e4mja en aktiv och h\u00e4lsosam livsstil f\u00f6r dina barn. Stor k\u00f6rning v\u00e4ntar!<\/p>\n<p>Beskrivning:<\/p>\n<ul>\n<li> H\u00f6jdjusterbar, l\u00e4mplig f\u00f6r barnscooter f\u00f6r 6- till 12-\u00e5ringar med en kroppsl\u00e4ngd p\u00e5 100-150 cm<\/li>\n<li> Med bakbroms, st\u00f6d och halkfri trampyta f\u00f6r s\u00e4ker anv\u00e4ndning<\/li>\n<li> Utrustad med tv\u00e5 stora punkteringss\u00e4kra EVA-hjul<\/li>\n<li> Elegant design av barnscooter g\u00f6r k\u00f6rningen till ett stilfullt uttalande<\/li>\n<li> Enklare montering med f\u00f6rinstallerad broms<\/li>\n<li> Maximal belastning 50 kg<\/li>\n<\/ul>\n<p> Tekniska data:<\/p>\n<ul>\n<li> F\u00e4rg: Bl\u00e5<\/li>\n<li> Material: St\u00e5l, TPR, EVA<\/li>\n<li> Totala dimensioner: 118L x 52B x 80-88H cm<\/li>\n<li> Trampytans storlek: 32L x 11B cm, 11H cm (\u00f6ver marken)<\/li>\n<li> Hjuldiameter: \u00d830 cm<\/li>\n<li> Godk\u00e4nd \u00e5lder: 6+ \u00e5r<\/li>\n<li> Rekommenderad \u00e5lder: 6-12 \u00e5r<\/li>\n<li> Belastningskapacitet: 50 kg<\/li>\n<\/ul>\n<p>Leveransinneh\u00e5ll:<\/p>\n<ul>\n<li> 1 x Barnscooter<\/li>\n<li> 1 x Bruksanvisning<\/li>\n<\/ul>\n","protected":false},"excerpt":{"rendered":"<p>Upplev sp\u00e4nnande utomhus\u00e4ventyr med [BRAND NAME] barnscooter! Designad f\u00f6r 6-12-\u00e5ringar (100-150 cm), anpassar den sig till deras tillv\u00e4xt. Med s\u00e4kerhetsfunktioner&#8230;<\/p>\n","protected":false},"featured_media":97209,"template":"","meta":[],"product_brand":[],"product_cat":[880,610,1010],"product_tag":[],"class_list":{"0":"post-97220","1":"product","2":"type-product","3":"status-publish","4":"has-post-thumbnail","6":"product_cat-baby-barn-2","7":"product_cat-barnfordon","8":"product_cat-sparkcyklar","10":"first","11":"instock","12":"sale","13":"taxable","14":"shipping-taxable","15":"purchasable","16":"product-type-simple"},"yoast_head":"<!-- This site is optimized with the Yoast SEO plugin v25.4 - https:\/\/yoast.com\/wordpress\/plugins\/seo\/ -->\n<title>TRUUSK Barnskoter - H\u00f6jdjusterbar Sparkcykel F\u00f6r Barn - Med Broms - St\u00e4ll - 2 Hjul - St\u00e5l - Bl\u00e5 - TRUUSK - Hem, Tr\u00e4dg\u00e5rd &amp; Fritid<\/title>\n<meta name=\"robots\" content=\"index, follow, max-snippet:-1, max-image-preview:large, max-video-preview:-1\" \/>\n<link rel=\"canonical\" href=\"https:\/\/truusk.store\/sv\/produkt\/truusk-barnskoter-hojdjusterbar-sparkcykel-for-barn-med-broms-stall-2-hjul-stal-bla\/\" \/>\n<meta property=\"og:locale\" content=\"sv_SE\" \/>\n<meta property=\"og:type\" content=\"article\" \/>\n<meta property=\"og:title\" content=\"TRUUSK Barnskoter - H\u00f6jdjusterbar Sparkcykel F\u00f6r Barn - Med Broms - St\u00e4ll - 2 Hjul - St\u00e5l - Bl\u00e5 - TRUUSK - Hem, Tr\u00e4dg\u00e5rd &amp; Fritid\" \/>\n<meta property=\"og:description\" content=\"Upplev sp\u00e4nnande utomhus\u00e4ventyr med [BRAND NAME] barnscooter! Designad f\u00f6r 6-12-\u00e5ringar (100-150 cm), anpassar den sig till deras tillv\u00e4xt. Med s\u00e4kerhetsfunktioner...\" \/>\n<meta property=\"og:url\" content=\"https:\/\/truusk.store\/sv\/produkt\/truusk-barnskoter-hojdjusterbar-sparkcykel-for-barn-med-broms-stall-2-hjul-stal-bla\/\" \/>\n<meta property=\"og:site_name\" content=\"TRUUSK - Hem, Tr\u00e4dg\u00e5rd &amp; Fritid\" \/>\n<meta property=\"article:modified_time\" content=\"2026-03-12T08:31:25+00:00\" \/>\n<meta property=\"og:image\" content=\"https:\/\/i0.wp.com\/truusk.se\/wp-content\/uploads\/2025\/12\/barnskoter-hojdjusterbar-sparkcykel-for-barn-med-broms-stall-2-hjul-stal-bla-1.webp?fit=2000%2C2000&ssl=1\" \/>\n\t<meta property=\"og:image:width\" content=\"2000\" \/>\n\t<meta property=\"og:image:height\" content=\"2000\" \/>\n\t<meta property=\"og:image:type\" content=\"image\/webp\" \/>\n<meta name=\"twitter:card\" content=\"summary_large_image\" \/>\n<meta name=\"twitter:label1\" content=\"Ber\u00e4knad l\u00e4stid\" \/>\n\t<meta name=\"twitter:data1\" content=\"1 minut\" \/>\n<!-- \/ Yoast SEO plugin. -->","yoast_head_json":{"title":"TRUUSK Barnskoter - H\u00f6jdjusterbar Sparkcykel F\u00f6r Barn - Med Broms - St\u00e4ll - 2 Hjul - St\u00e5l - Bl\u00e5 - TRUUSK - Hem, Tr\u00e4dg\u00e5rd &amp; Fritid","robots":{"index":"index","follow":"follow","max-snippet":"max-snippet:-1","max-image-preview":"max-image-preview:large","max-video-preview":"max-video-preview:-1"},"canonical":"https:\/\/truusk.store\/sv\/produkt\/truusk-barnskoter-hojdjusterbar-sparkcykel-for-barn-med-broms-stall-2-hjul-stal-bla\/","og_locale":"sv_SE","og_type":"article","og_title":"TRUUSK Barnskoter - H\u00f6jdjusterbar Sparkcykel F\u00f6r Barn - Med Broms - St\u00e4ll - 2 Hjul - St\u00e5l - Bl\u00e5 - TRUUSK - Hem, Tr\u00e4dg\u00e5rd &amp; Fritid","og_description":"Upplev sp\u00e4nnande utomhus\u00e4ventyr med [BRAND NAME] barnscooter! Designad f\u00f6r 6-12-\u00e5ringar (100-150 cm), anpassar den sig till deras tillv\u00e4xt. Med s\u00e4kerhetsfunktioner...","og_url":"https:\/\/truusk.store\/sv\/produkt\/truusk-barnskoter-hojdjusterbar-sparkcykel-for-barn-med-broms-stall-2-hjul-stal-bla\/","og_site_name":"TRUUSK - Hem, Tr\u00e4dg\u00e5rd &amp; Fritid","article_modified_time":"2026-03-12T08:31:25+00:00","og_image":[{"width":2000,"height":2000,"url":"https:\/\/i0.wp.com\/truusk.se\/wp-content\/uploads\/2025\/12\/barnskoter-hojdjusterbar-sparkcykel-for-barn-med-broms-stall-2-hjul-stal-bla-1.webp?fit=2000%2C2000&ssl=1","type":"image\/webp"}],"twitter_card":"summary_large_image","twitter_misc":{"Ber\u00e4knad l\u00e4stid":"1 minut"},"schema":{"@context":"https:\/\/schema.org","@graph":[{"@type":"WebPage","@id":"https:\/\/truusk.store\/sv\/produkt\/truusk-barnskoter-hojdjusterbar-sparkcykel-for-barn-med-broms-stall-2-hjul-stal-bla\/","url":"https:\/\/truusk.store\/sv\/produkt\/truusk-barnskoter-hojdjusterbar-sparkcykel-for-barn-med-broms-stall-2-hjul-stal-bla\/","name":"TRUUSK Barnskoter - H\u00f6jdjusterbar Sparkcykel F\u00f6r Barn - Med Broms - St\u00e4ll - 2 Hjul - St\u00e5l - Bl\u00e5 - TRUUSK - Hem, Tr\u00e4dg\u00e5rd &amp; Fritid","isPartOf":{"@id":"https:\/\/truusk.store\/sv\/#website"},"primaryImageOfPage":{"@id":"https:\/\/truusk.store\/sv\/produkt\/truusk-barnskoter-hojdjusterbar-sparkcykel-for-barn-med-broms-stall-2-hjul-stal-bla\/#primaryimage"},"image":{"@id":"https:\/\/truusk.store\/sv\/produkt\/truusk-barnskoter-hojdjusterbar-sparkcykel-for-barn-med-broms-stall-2-hjul-stal-bla\/#primaryimage"},"thumbnailUrl":"https:\/\/i0.wp.com\/truusk.store\/wp-content\/uploads\/2025\/12\/barnskoter-hojdjusterbar-sparkcykel-for-barn-med-broms-stall-2-hjul-stal-bla-1.webp?fit=2000%2C2000&ssl=1","datePublished":"2025-12-15T03:14:52+00:00","dateModified":"2026-03-12T08:31:25+00:00","breadcrumb":{"@id":"https:\/\/truusk.store\/sv\/produkt\/truusk-barnskoter-hojdjusterbar-sparkcykel-for-barn-med-broms-stall-2-hjul-stal-bla\/#breadcrumb"},"inLanguage":"sv-SE","potentialAction":[{"@type":"ReadAction","target":["https:\/\/truusk.store\/sv\/produkt\/truusk-barnskoter-hojdjusterbar-sparkcykel-for-barn-med-broms-stall-2-hjul-stal-bla\/"]}]},{"@type":"ImageObject","inLanguage":"sv-SE","@id":"https:\/\/truusk.store\/sv\/produkt\/truusk-barnskoter-hojdjusterbar-sparkcykel-for-barn-med-broms-stall-2-hjul-stal-bla\/#primaryimage","url":"https:\/\/i0.wp.com\/truusk.store\/wp-content\/uploads\/2025\/12\/barnskoter-hojdjusterbar-sparkcykel-for-barn-med-broms-stall-2-hjul-stal-bla-1.webp?fit=2000%2C2000&ssl=1","contentUrl":"https:\/\/i0.wp.com\/truusk.store\/wp-content\/uploads\/2025\/12\/barnskoter-hojdjusterbar-sparkcykel-for-barn-med-broms-stall-2-hjul-stal-bla-1.webp?fit=2000%2C2000&ssl=1","width":2000,"height":2000},{"@type":"BreadcrumbList","@id":"https:\/\/truusk.store\/sv\/produkt\/truusk-barnskoter-hojdjusterbar-sparkcykel-for-barn-med-broms-stall-2-hjul-stal-bla\/#breadcrumb","itemListElement":[{"@type":"ListItem","position":1,"name":"Home","item":"https:\/\/truusk.store\/sv\/"},{"@type":"ListItem","position":2,"name":"Shop","item":"https:\/\/truusk.store\/shop\/"},{"@type":"ListItem","position":3,"name":"TRUUSK Barnskoter &#8211; H\u00f6jdjusterbar Sparkcykel F\u00f6r Barn &#8211; Med Broms &#8211; St\u00e4ll &#8211; 2 Hjul &#8211; St\u00e5l &#8211; Bl\u00e5"}]},{"@type":"WebSite","@id":"https:\/\/truusk.store\/sv\/#website","url":"https:\/\/truusk.store\/sv\/","name":"TRUUSK - Hem, Tr\u00e4dg\u00e5rd & Fritid","description":"","publisher":{"@id":"https:\/\/truusk.store\/sv\/#organization"},"potentialAction":[{"@type":"SearchAction","target":{"@type":"EntryPoint","urlTemplate":"https:\/\/truusk.store\/sv\/?s={search_term_string}"},"query-input":{"@type":"PropertyValueSpecification","valueRequired":true,"valueName":"search_term_string"}}],"inLanguage":"sv-SE"},{"@type":"Organization","@id":"https:\/\/truusk.store\/sv\/#organization","name":"TRUUSK - Hem, Tr\u00e4dg\u00e5rd & Fritid","url":"https:\/\/truusk.store\/sv\/","logo":{"@type":"ImageObject","inLanguage":"sv-SE","@id":"https:\/\/truusk.store\/sv\/#\/schema\/logo\/image\/","url":"https:\/\/i0.wp.com\/truusk.store\/wp-content\/uploads\/2026\/03\/cropped-TRUUSK.png?fit=2032%2C917&ssl=1","contentUrl":"https:\/\/i0.wp.com\/truusk.store\/wp-content\/uploads\/2026\/03\/cropped-TRUUSK.png?fit=2032%2C917&ssl=1","width":2032,"height":917,"caption":"TRUUSK - Hem, Tr\u00e4dg\u00e5rd & Fritid"},"image":{"@id":"https:\/\/truusk.store\/sv\/#\/schema\/logo\/image\/"}}]}},"jetpack_sharing_enabled":true,"_links":{"self":[{"href":"https:\/\/truusk.store\/sv\/wp-json\/wp\/v2\/product\/97220","targetHints":{"allow":["GET"]}}],"collection":[{"href":"https:\/\/truusk.store\/sv\/wp-json\/wp\/v2\/product"}],"about":[{"href":"https:\/\/truusk.store\/sv\/wp-json\/wp\/v2\/types\/product"}],"wp:featuredmedia":[{"embeddable":true,"href":"https:\/\/truusk.store\/sv\/wp-json\/wp\/v2\/media\/97209"}],"wp:attachment":[{"href":"https:\/\/truusk.store\/sv\/wp-json\/wp\/v2\/media?parent=97220"}],"wp:term":[{"taxonomy":"product_brand","embeddable":true,"href":"https:\/\/truusk.store\/sv\/wp-json\/wp\/v2\/product_brand?post=97220"},{"taxonomy":"product_cat","embeddable":true,"href":"https:\/\/truusk.store\/sv\/wp-json\/wp\/v2\/product_cat?post=97220"},{"taxonomy":"product_tag","embeddable":true,"href":"https:\/\/truusk.store\/sv\/wp-json\/wp\/v2\/product_tag?post=97220"}],"curies":[{"name":"wp","href":"https:\/\/api.w.org\/{rel}","templated":true}]}}