{"id":97268,"date":"2025-12-15T04:19:18","date_gmt":"2025-12-15T03:19:18","guid":{"rendered":"https:\/\/truusk.store\/product\/utomhusforvaringslada-tradgardslada-kuddlada-vaderbestandig-4-hjul-100-x-62-x-65-cm-morkgra\/"},"modified":"2026-03-12T09:33:14","modified_gmt":"2026-03-12T08:33:14","slug":"truusk-utomhusforvaringslada-tradgardslada-kuddlada-vaderbestandig-4-hjul-100-x-62-x-65-cm-morkgra","status":"publish","type":"product","link":"https:\/\/truusk.store\/sv\/produkt\/truusk-utomhusforvaringslada-tradgardslada-kuddlada-vaderbestandig-4-hjul-100-x-62-x-65-cm-morkgra\/","title":{"rendered":"TRUUSK Utomhusf\u00f6rvaringsl\u00e5da &#8211; Tr\u00e4dg\u00e5rdsl\u00e5da &#8211; Kuddl\u00e5da &#8211; V\u00e4derbest\u00e4ndig &#8211; 4 Hjul &#8211; 100 x 62 x 65 cm &#8211; M\u00f6rkgr\u00e5"},"content":{"rendered":"<p>Den [BRAND NAME] vattent\u00e4ta f\u00f6rvaringsl\u00e5dan \u00e4r en robust f\u00f6rvaringsl\u00f6sning designad f\u00f6r utomhusbruk. Med en kapacitet p\u00e5 311 liter erbjuder f\u00f6rvaringsl\u00e5dan gott om plats f\u00f6r tr\u00e4dg\u00e5rdstillbeh\u00f6r, verktyg och mycket mer. Tr\u00e4dg\u00e5rdsf\u00f6rvaringsl\u00e5dan, tillverkad av galvaniserat st\u00e5l, \u00e4r robust och har ett l\u00e4tt\u00f6ppnat lock som underl\u00e4ttar f\u00f6rvaring. Den \u00e4r utrustad med tv\u00e5 handtag och hjul, s\u00e5 att den kan flyttas l\u00e4tt, oavsett om den \u00e4r tom eller full.<\/p>\n<p>Beskrivning:<\/p>\n<ul>\n<li> 311 liters kapacitet p\u00e5 den vattent\u00e4ta tr\u00e4dg\u00e5rdsl\u00e5dan f\u00f6r stort inre utrymme<\/li>\n<li> Inbyggda handtag och fyra hjul (tv\u00e5 av dem med broms) p\u00e5 kuddl\u00e5dan g\u00f6r transporten l\u00e4tt<\/li>\n<li> Ram av galvaniserat st\u00e5l f\u00f6r h\u00f6g motst\u00e5ndskraft mot v\u00e4derp\u00e5verkan<\/li>\n<li> Ett l\u00e5sbart lock p\u00e5 kuddl\u00e5dan h\u00e5ller dina saker s\u00e4kra och skyddade<\/li>\n<li> L\u00e5gt underh\u00e5ll och l\u00e4tt att reng\u00f6ra<\/li>\n<li> Montering kr\u00e4vs<\/li>\n<\/ul>\n<p> Tekniska data:<\/p>\n<ul>\n<li> F\u00e4rg: M\u00f6rkgr\u00e5<\/li>\n<li> Material: Galvaniserat st\u00e5l<\/li>\n<li> Kapacitet: 311L<\/li>\n<li> Totala dimensioner: 120L x 62B x 66H cm<\/li>\n<li> Inre dimensioner: 109B x 51T x 58H cm<\/li>\n<li> Viktkapacitet: 50 kg<\/li>\n<\/ul>\n<p>Leveransinneh\u00e5ll:<\/p>\n<ul>\n<li> 1 x Tr\u00e4dg\u00e5rdsl\u00e5da<\/li>\n<li> 1 x Handbok<\/li>\n<\/ul>\n","protected":false},"excerpt":{"rendered":"<p>Den [BRAND NAME] vattent\u00e4ta f\u00f6rvaringsl\u00e5dan \u00e4r en robust f\u00f6rvaringsl\u00f6sning designad f\u00f6r utomhusbruk. Med en kapacitet p\u00e5 311 liter erbjuder f\u00f6rvaringsl\u00e5dan&#8230;<\/p>\n","protected":false},"featured_media":97258,"template":"","meta":[],"product_brand":[],"product_cat":[901,858,437],"product_tag":[],"class_list":{"0":"post-97268","1":"product","2":"type-product","3":"status-publish","4":"has-post-thumbnail","6":"product_cat-ordning-i-tradgarden","7":"product_cat-tradgard-terrass","8":"product_cat-tradgardsskap","10":"first","11":"instock","12":"sale","13":"taxable","14":"shipping-taxable","15":"purchasable","16":"product-type-simple"},"yoast_head":"<!-- This site is optimized with the Yoast SEO plugin v25.4 - https:\/\/yoast.com\/wordpress\/plugins\/seo\/ -->\n<title>TRUUSK Utomhusf\u00f6rvaringsl\u00e5da - Tr\u00e4dg\u00e5rdsl\u00e5da - Kuddl\u00e5da - V\u00e4derbest\u00e4ndig - 4 Hjul - 100 x 62 x 65 cm - M\u00f6rkgr\u00e5 - TRUUSK - Hem, Tr\u00e4dg\u00e5rd &amp; Fritid<\/title>\n<meta name=\"robots\" content=\"index, follow, max-snippet:-1, max-image-preview:large, max-video-preview:-1\" \/>\n<link rel=\"canonical\" href=\"https:\/\/truusk.store\/sv\/produkt\/truusk-utomhusforvaringslada-tradgardslada-kuddlada-vaderbestandig-4-hjul-100-x-62-x-65-cm-morkgra\/\" \/>\n<meta property=\"og:locale\" content=\"sv_SE\" \/>\n<meta property=\"og:type\" content=\"article\" \/>\n<meta property=\"og:title\" content=\"TRUUSK Utomhusf\u00f6rvaringsl\u00e5da - Tr\u00e4dg\u00e5rdsl\u00e5da - Kuddl\u00e5da - V\u00e4derbest\u00e4ndig - 4 Hjul - 100 x 62 x 65 cm - M\u00f6rkgr\u00e5 - TRUUSK - Hem, Tr\u00e4dg\u00e5rd &amp; Fritid\" \/>\n<meta property=\"og:description\" content=\"Den [BRAND NAME] vattent\u00e4ta f\u00f6rvaringsl\u00e5dan \u00e4r en robust f\u00f6rvaringsl\u00f6sning designad f\u00f6r utomhusbruk. Med en kapacitet p\u00e5 311 liter erbjuder f\u00f6rvaringsl\u00e5dan...\" \/>\n<meta property=\"og:url\" content=\"https:\/\/truusk.store\/sv\/produkt\/truusk-utomhusforvaringslada-tradgardslada-kuddlada-vaderbestandig-4-hjul-100-x-62-x-65-cm-morkgra\/\" \/>\n<meta property=\"og:site_name\" content=\"TRUUSK - Hem, Tr\u00e4dg\u00e5rd &amp; Fritid\" \/>\n<meta property=\"article:modified_time\" content=\"2026-03-12T08:33:14+00:00\" \/>\n<meta property=\"og:image\" content=\"https:\/\/i0.wp.com\/truusk.se\/wp-content\/uploads\/2025\/12\/utomhusforvaringslada-tradgardslada-kuddlada-vaderbestandig-4-hjul-100-x-62-x-65-cm-morkgra-1.webp?fit=2000%2C2000&ssl=1\" \/>\n\t<meta property=\"og:image:width\" content=\"2000\" \/>\n\t<meta property=\"og:image:height\" content=\"2000\" \/>\n\t<meta property=\"og:image:type\" content=\"image\/webp\" \/>\n<meta name=\"twitter:card\" content=\"summary_large_image\" \/>\n<meta name=\"twitter:label1\" content=\"Ber\u00e4knad l\u00e4stid\" \/>\n\t<meta name=\"twitter:data1\" content=\"1 minut\" \/>\n<!-- \/ Yoast SEO plugin. -->","yoast_head_json":{"title":"TRUUSK Utomhusf\u00f6rvaringsl\u00e5da - Tr\u00e4dg\u00e5rdsl\u00e5da - Kuddl\u00e5da - V\u00e4derbest\u00e4ndig - 4 Hjul - 100 x 62 x 65 cm - M\u00f6rkgr\u00e5 - TRUUSK - Hem, Tr\u00e4dg\u00e5rd &amp; Fritid","robots":{"index":"index","follow":"follow","max-snippet":"max-snippet:-1","max-image-preview":"max-image-preview:large","max-video-preview":"max-video-preview:-1"},"canonical":"https:\/\/truusk.store\/sv\/produkt\/truusk-utomhusforvaringslada-tradgardslada-kuddlada-vaderbestandig-4-hjul-100-x-62-x-65-cm-morkgra\/","og_locale":"sv_SE","og_type":"article","og_title":"TRUUSK Utomhusf\u00f6rvaringsl\u00e5da - Tr\u00e4dg\u00e5rdsl\u00e5da - Kuddl\u00e5da - V\u00e4derbest\u00e4ndig - 4 Hjul - 100 x 62 x 65 cm - M\u00f6rkgr\u00e5 - TRUUSK - Hem, Tr\u00e4dg\u00e5rd &amp; Fritid","og_description":"Den [BRAND NAME] vattent\u00e4ta f\u00f6rvaringsl\u00e5dan \u00e4r en robust f\u00f6rvaringsl\u00f6sning designad f\u00f6r utomhusbruk. Med en kapacitet p\u00e5 311 liter erbjuder f\u00f6rvaringsl\u00e5dan...","og_url":"https:\/\/truusk.store\/sv\/produkt\/truusk-utomhusforvaringslada-tradgardslada-kuddlada-vaderbestandig-4-hjul-100-x-62-x-65-cm-morkgra\/","og_site_name":"TRUUSK - Hem, Tr\u00e4dg\u00e5rd &amp; Fritid","article_modified_time":"2026-03-12T08:33:14+00:00","og_image":[{"width":2000,"height":2000,"url":"https:\/\/i0.wp.com\/truusk.se\/wp-content\/uploads\/2025\/12\/utomhusforvaringslada-tradgardslada-kuddlada-vaderbestandig-4-hjul-100-x-62-x-65-cm-morkgra-1.webp?fit=2000%2C2000&ssl=1","type":"image\/webp"}],"twitter_card":"summary_large_image","twitter_misc":{"Ber\u00e4knad l\u00e4stid":"1 minut"},"schema":{"@context":"https:\/\/schema.org","@graph":[{"@type":"WebPage","@id":"https:\/\/truusk.store\/sv\/produkt\/truusk-utomhusforvaringslada-tradgardslada-kuddlada-vaderbestandig-4-hjul-100-x-62-x-65-cm-morkgra\/","url":"https:\/\/truusk.store\/sv\/produkt\/truusk-utomhusforvaringslada-tradgardslada-kuddlada-vaderbestandig-4-hjul-100-x-62-x-65-cm-morkgra\/","name":"TRUUSK Utomhusf\u00f6rvaringsl\u00e5da - Tr\u00e4dg\u00e5rdsl\u00e5da - Kuddl\u00e5da - V\u00e4derbest\u00e4ndig - 4 Hjul - 100 x 62 x 65 cm - M\u00f6rkgr\u00e5 - TRUUSK - Hem, Tr\u00e4dg\u00e5rd &amp; Fritid","isPartOf":{"@id":"https:\/\/truusk.store\/sv\/#website"},"primaryImageOfPage":{"@id":"https:\/\/truusk.store\/sv\/produkt\/truusk-utomhusforvaringslada-tradgardslada-kuddlada-vaderbestandig-4-hjul-100-x-62-x-65-cm-morkgra\/#primaryimage"},"image":{"@id":"https:\/\/truusk.store\/sv\/produkt\/truusk-utomhusforvaringslada-tradgardslada-kuddlada-vaderbestandig-4-hjul-100-x-62-x-65-cm-morkgra\/#primaryimage"},"thumbnailUrl":"https:\/\/i0.wp.com\/truusk.store\/wp-content\/uploads\/2025\/12\/utomhusforvaringslada-tradgardslada-kuddlada-vaderbestandig-4-hjul-100-x-62-x-65-cm-morkgra-1.webp?fit=2000%2C2000&ssl=1","datePublished":"2025-12-15T03:19:18+00:00","dateModified":"2026-03-12T08:33:14+00:00","breadcrumb":{"@id":"https:\/\/truusk.store\/sv\/produkt\/truusk-utomhusforvaringslada-tradgardslada-kuddlada-vaderbestandig-4-hjul-100-x-62-x-65-cm-morkgra\/#breadcrumb"},"inLanguage":"sv-SE","potentialAction":[{"@type":"ReadAction","target":["https:\/\/truusk.store\/sv\/produkt\/truusk-utomhusforvaringslada-tradgardslada-kuddlada-vaderbestandig-4-hjul-100-x-62-x-65-cm-morkgra\/"]}]},{"@type":"ImageObject","inLanguage":"sv-SE","@id":"https:\/\/truusk.store\/sv\/produkt\/truusk-utomhusforvaringslada-tradgardslada-kuddlada-vaderbestandig-4-hjul-100-x-62-x-65-cm-morkgra\/#primaryimage","url":"https:\/\/i0.wp.com\/truusk.store\/wp-content\/uploads\/2025\/12\/utomhusforvaringslada-tradgardslada-kuddlada-vaderbestandig-4-hjul-100-x-62-x-65-cm-morkgra-1.webp?fit=2000%2C2000&ssl=1","contentUrl":"https:\/\/i0.wp.com\/truusk.store\/wp-content\/uploads\/2025\/12\/utomhusforvaringslada-tradgardslada-kuddlada-vaderbestandig-4-hjul-100-x-62-x-65-cm-morkgra-1.webp?fit=2000%2C2000&ssl=1","width":2000,"height":2000},{"@type":"BreadcrumbList","@id":"https:\/\/truusk.store\/sv\/produkt\/truusk-utomhusforvaringslada-tradgardslada-kuddlada-vaderbestandig-4-hjul-100-x-62-x-65-cm-morkgra\/#breadcrumb","itemListElement":[{"@type":"ListItem","position":1,"name":"Home","item":"https:\/\/truusk.store\/sv\/"},{"@type":"ListItem","position":2,"name":"Shop","item":"https:\/\/truusk.store\/shop\/"},{"@type":"ListItem","position":3,"name":"TRUUSK Utomhusf\u00f6rvaringsl\u00e5da &#8211; Tr\u00e4dg\u00e5rdsl\u00e5da &#8211; Kuddl\u00e5da &#8211; V\u00e4derbest\u00e4ndig &#8211; 4 Hjul &#8211; 100 x 62 x 65 cm &#8211; M\u00f6rkgr\u00e5"}]},{"@type":"WebSite","@id":"https:\/\/truusk.store\/sv\/#website","url":"https:\/\/truusk.store\/sv\/","name":"TRUUSK - Hem, Tr\u00e4dg\u00e5rd & Fritid","description":"","publisher":{"@id":"https:\/\/truusk.store\/sv\/#organization"},"potentialAction":[{"@type":"SearchAction","target":{"@type":"EntryPoint","urlTemplate":"https:\/\/truusk.store\/sv\/?s={search_term_string}"},"query-input":{"@type":"PropertyValueSpecification","valueRequired":true,"valueName":"search_term_string"}}],"inLanguage":"sv-SE"},{"@type":"Organization","@id":"https:\/\/truusk.store\/sv\/#organization","name":"TRUUSK - Hem, Tr\u00e4dg\u00e5rd & Fritid","url":"https:\/\/truusk.store\/sv\/","logo":{"@type":"ImageObject","inLanguage":"sv-SE","@id":"https:\/\/truusk.store\/sv\/#\/schema\/logo\/image\/","url":"https:\/\/i0.wp.com\/truusk.store\/wp-content\/uploads\/2026\/03\/cropped-TRUUSK.png?fit=2032%2C917&ssl=1","contentUrl":"https:\/\/i0.wp.com\/truusk.store\/wp-content\/uploads\/2026\/03\/cropped-TRUUSK.png?fit=2032%2C917&ssl=1","width":2032,"height":917,"caption":"TRUUSK - Hem, Tr\u00e4dg\u00e5rd & Fritid"},"image":{"@id":"https:\/\/truusk.store\/sv\/#\/schema\/logo\/image\/"}}]}},"jetpack_sharing_enabled":true,"_links":{"self":[{"href":"https:\/\/truusk.store\/sv\/wp-json\/wp\/v2\/product\/97268","targetHints":{"allow":["GET"]}}],"collection":[{"href":"https:\/\/truusk.store\/sv\/wp-json\/wp\/v2\/product"}],"about":[{"href":"https:\/\/truusk.store\/sv\/wp-json\/wp\/v2\/types\/product"}],"wp:featuredmedia":[{"embeddable":true,"href":"https:\/\/truusk.store\/sv\/wp-json\/wp\/v2\/media\/97258"}],"wp:attachment":[{"href":"https:\/\/truusk.store\/sv\/wp-json\/wp\/v2\/media?parent=97268"}],"wp:term":[{"taxonomy":"product_brand","embeddable":true,"href":"https:\/\/truusk.store\/sv\/wp-json\/wp\/v2\/product_brand?post=97268"},{"taxonomy":"product_cat","embeddable":true,"href":"https:\/\/truusk.store\/sv\/wp-json\/wp\/v2\/product_cat?post=97268"},{"taxonomy":"product_tag","embeddable":true,"href":"https:\/\/truusk.store\/sv\/wp-json\/wp\/v2\/product_tag?post=97268"}],"curies":[{"name":"wp","href":"https:\/\/api.w.org\/{rel}","templated":true}]}}