{"id":97338,"date":"2025-12-15T04:29:12","date_gmt":"2025-12-15T03:29:12","guid":{"rendered":"https:\/\/truusk.store\/product\/soffa-for-tva-personer-i-sammet-med-sovfunktion-inklusive-2-kuddar-sammet-look-natur-gron\/"},"modified":"2026-03-12T09:42:32","modified_gmt":"2026-03-12T08:42:32","slug":"truusk-sammetssoffa-for-tva-personer-med-sovfunktion-inklusive-2-kuddar-natur-gron","status":"publish","type":"product","link":"https:\/\/truusk.store\/sv\/produkt\/truusk-sammetssoffa-for-tva-personer-med-sovfunktion-inklusive-2-kuddar-natur-gron\/","title":{"rendered":"TRUUSK Sammetssoffa f\u00f6r Tv\u00e5 Personer &#8211; Med Sovfunktion &#8211; Inklusive 2 Kuddar &#8211; Natur + Gr\u00f6n"},"content":{"rendered":"<p>Uppt\u00e4ck ultimat komfort med [BRAND NAME] sovs\u00e4te, som enkelt g\u00e5r fr\u00e5n en sitt- till sovposition. Utrustad med en robust st\u00e5lram och en femfaldigt justerbar ryggst\u00f6d, njut av en kompromissl\u00f6st stabil och bekv\u00e4m st\u00f6d. Den gener\u00f6sa stoppningen, den sammetsmjuka tygkl\u00e4dseln och det extra kuddkastet garanterar en exceptionell sittupplevelse. Idealisk som vardagsrumsstol p\u00e5 dagen och bekv\u00e4m g\u00e4sts\u00e4ng p\u00e5 natten.<\/p>\n<p>Beskrivning:<\/p>\n<ul>\n<li> M\u00e5ngsidig anv\u00e4ndning: soffa, dubbels\u00e4ng, chaiselong och b\u00e4ddsoffa i ett<\/li>\n<li> Komfort tack vare tv\u00e5 extra kuddar och en mjukt stoppad sits<\/li>\n<li> Ryggst\u00f6d f\u00f6r b\u00e4ddsoffa justerbart i 5 steg (100\u00b0, 120\u00b0, 140\u00b0, 160\u00b0, 180\u00b0)<\/li>\n<li> Stabil st\u00e5lram f\u00f6r b\u00e4ddsoffa garanterar stabilitet och h\u00e5llbarhet<\/li>\n<li> L\u00e4tt att sk\u00f6ta kudd\u00f6verdraget \u00e4r avtagbart och tv\u00e4ttbart<\/li>\n<li> Utrustad med eleganta armst\u00f6d i gummitr\u00e4<\/li>\n<li> Monteringen av produkten kr\u00e4vs<\/li>\n<\/ul>\n<p> Tekniska data:<\/p>\n<ul>\n<li> F\u00e4rg: Gr\u00f6n<\/li>\n<li> Material: St\u00e5l, skum, polyester, gummitr\u00e4<\/li>\n<li> Soffstorlek: 102B x 73D x 81H cm<\/li>\n<li> S\u00e4ngstorlek: 183B x 98,5D x 26H cm<\/li>\n<li> Soffa sitsstorlek: 95B x 57D x 37H cm<\/li>\n<li> S\u00e4ngytans storlek: 183B x 98D x 9H cm<\/li>\n<li> Sitsens tjocklek: 20 cm<\/li>\n<li> Ryggstorlek: 48B x 98D x 9H cm<\/li>\n<li> Kuddstorlek: 50B x 33D x 11H cm<\/li>\n<li> Armst\u00f6dsstorlek: 36B x 3,5D cm<\/li>\n<li> H\u00f6jd p\u00e5 armst\u00f6d: (till sits) 15 cm<\/li>\n<li> Viktkapacitet: 240 kg<\/li>\n<\/ul>\n<p>Leveransinneh\u00e5ll:<\/p>\n<ul>\n<li> 1 x b\u00e4ddsoffa<\/li>\n<li> 2 x huvudkuddar<\/li>\n<li> 1 x instruktioner<\/li>\n<\/ul>\n","protected":false},"excerpt":{"rendered":"<p>Uppt\u00e4ck ultimat komfort med [BRAND NAME] sovs\u00e4te, som enkelt g\u00e5r fr\u00e5n en sitt- till sovposition. Utrustad med en robust st\u00e5lram&#8230;<\/p>\n","protected":false},"featured_media":97327,"template":"","meta":[],"product_brand":[],"product_cat":[871,943,937,910],"product_tag":[],"class_list":{"0":"post-97338","1":"product","2":"type-product","3":"status-publish","4":"has-post-thumbnail","6":"product_cat-hus-hem","7":"product_cat-schlafsofas","8":"product_cat-soffor","9":"product_cat-vardagsrum","11":"first","12":"instock","13":"sale","14":"taxable","15":"shipping-taxable","16":"purchasable","17":"product-type-simple"},"yoast_head":"<!-- This site is optimized with the Yoast SEO plugin v25.4 - https:\/\/yoast.com\/wordpress\/plugins\/seo\/ -->\n<title>TRUUSK Sammetssoffa f\u00f6r Tv\u00e5 Personer - Med Sovfunktion - Inklusive 2 Kuddar - Natur + Gr\u00f6n - TRUUSK - Hem, Tr\u00e4dg\u00e5rd &amp; Fritid<\/title>\n<meta name=\"robots\" content=\"index, follow, max-snippet:-1, max-image-preview:large, max-video-preview:-1\" \/>\n<link rel=\"canonical\" href=\"https:\/\/truusk.store\/sv\/produkt\/truusk-sammetssoffa-for-tva-personer-med-sovfunktion-inklusive-2-kuddar-natur-gron\/\" \/>\n<meta property=\"og:locale\" content=\"sv_SE\" \/>\n<meta property=\"og:type\" content=\"article\" \/>\n<meta property=\"og:title\" content=\"TRUUSK Sammetssoffa f\u00f6r Tv\u00e5 Personer - Med Sovfunktion - Inklusive 2 Kuddar - Natur + Gr\u00f6n - TRUUSK - Hem, Tr\u00e4dg\u00e5rd &amp; Fritid\" \/>\n<meta property=\"og:description\" content=\"Uppt\u00e4ck ultimat komfort med [BRAND NAME] sovs\u00e4te, som enkelt g\u00e5r fr\u00e5n en sitt- till sovposition. Utrustad med en robust st\u00e5lram...\" \/>\n<meta property=\"og:url\" content=\"https:\/\/truusk.store\/sv\/produkt\/truusk-sammetssoffa-for-tva-personer-med-sovfunktion-inklusive-2-kuddar-natur-gron\/\" \/>\n<meta property=\"og:site_name\" content=\"TRUUSK - Hem, Tr\u00e4dg\u00e5rd &amp; Fritid\" \/>\n<meta property=\"article:modified_time\" content=\"2026-03-12T08:42:32+00:00\" \/>\n<meta property=\"og:image\" content=\"https:\/\/i0.wp.com\/truusk.se\/wp-content\/uploads\/2025\/12\/soffa-for-tva-personer-i-sammet-med-sovfunktion-inklusive-2-kuddar-sammet-look-natur-gron-1.webp?fit=2000%2C2000&ssl=1\" \/>\n\t<meta property=\"og:image:width\" content=\"2000\" \/>\n\t<meta property=\"og:image:height\" content=\"2000\" \/>\n\t<meta property=\"og:image:type\" content=\"image\/webp\" \/>\n<meta name=\"twitter:card\" content=\"summary_large_image\" \/>\n<meta name=\"twitter:label1\" content=\"Ber\u00e4knad l\u00e4stid\" \/>\n\t<meta name=\"twitter:data1\" content=\"1 minut\" \/>\n<!-- \/ Yoast SEO plugin. -->","yoast_head_json":{"title":"TRUUSK Sammetssoffa f\u00f6r Tv\u00e5 Personer - Med Sovfunktion - Inklusive 2 Kuddar - Natur + Gr\u00f6n - TRUUSK - Hem, Tr\u00e4dg\u00e5rd &amp; Fritid","robots":{"index":"index","follow":"follow","max-snippet":"max-snippet:-1","max-image-preview":"max-image-preview:large","max-video-preview":"max-video-preview:-1"},"canonical":"https:\/\/truusk.store\/sv\/produkt\/truusk-sammetssoffa-for-tva-personer-med-sovfunktion-inklusive-2-kuddar-natur-gron\/","og_locale":"sv_SE","og_type":"article","og_title":"TRUUSK Sammetssoffa f\u00f6r Tv\u00e5 Personer - Med Sovfunktion - Inklusive 2 Kuddar - Natur + Gr\u00f6n - TRUUSK - Hem, Tr\u00e4dg\u00e5rd &amp; Fritid","og_description":"Uppt\u00e4ck ultimat komfort med [BRAND NAME] sovs\u00e4te, som enkelt g\u00e5r fr\u00e5n en sitt- till sovposition. Utrustad med en robust st\u00e5lram...","og_url":"https:\/\/truusk.store\/sv\/produkt\/truusk-sammetssoffa-for-tva-personer-med-sovfunktion-inklusive-2-kuddar-natur-gron\/","og_site_name":"TRUUSK - Hem, Tr\u00e4dg\u00e5rd &amp; Fritid","article_modified_time":"2026-03-12T08:42:32+00:00","og_image":[{"width":2000,"height":2000,"url":"https:\/\/i0.wp.com\/truusk.se\/wp-content\/uploads\/2025\/12\/soffa-for-tva-personer-i-sammet-med-sovfunktion-inklusive-2-kuddar-sammet-look-natur-gron-1.webp?fit=2000%2C2000&ssl=1","type":"image\/webp"}],"twitter_card":"summary_large_image","twitter_misc":{"Ber\u00e4knad l\u00e4stid":"1 minut"},"schema":{"@context":"https:\/\/schema.org","@graph":[{"@type":"WebPage","@id":"https:\/\/truusk.store\/sv\/produkt\/truusk-sammetssoffa-for-tva-personer-med-sovfunktion-inklusive-2-kuddar-natur-gron\/","url":"https:\/\/truusk.store\/sv\/produkt\/truusk-sammetssoffa-for-tva-personer-med-sovfunktion-inklusive-2-kuddar-natur-gron\/","name":"TRUUSK Sammetssoffa f\u00f6r Tv\u00e5 Personer - Med Sovfunktion - Inklusive 2 Kuddar - Natur + Gr\u00f6n - TRUUSK - Hem, Tr\u00e4dg\u00e5rd &amp; Fritid","isPartOf":{"@id":"https:\/\/truusk.store\/sv\/#website"},"primaryImageOfPage":{"@id":"https:\/\/truusk.store\/sv\/produkt\/truusk-sammetssoffa-for-tva-personer-med-sovfunktion-inklusive-2-kuddar-natur-gron\/#primaryimage"},"image":{"@id":"https:\/\/truusk.store\/sv\/produkt\/truusk-sammetssoffa-for-tva-personer-med-sovfunktion-inklusive-2-kuddar-natur-gron\/#primaryimage"},"thumbnailUrl":"https:\/\/i0.wp.com\/truusk.store\/wp-content\/uploads\/2025\/12\/soffa-for-tva-personer-i-sammet-med-sovfunktion-inklusive-2-kuddar-sammet-look-natur-gron-1.webp?fit=2000%2C2000&ssl=1","datePublished":"2025-12-15T03:29:12+00:00","dateModified":"2026-03-12T08:42:32+00:00","breadcrumb":{"@id":"https:\/\/truusk.store\/sv\/produkt\/truusk-sammetssoffa-for-tva-personer-med-sovfunktion-inklusive-2-kuddar-natur-gron\/#breadcrumb"},"inLanguage":"sv-SE","potentialAction":[{"@type":"ReadAction","target":["https:\/\/truusk.store\/sv\/produkt\/truusk-sammetssoffa-for-tva-personer-med-sovfunktion-inklusive-2-kuddar-natur-gron\/"]}]},{"@type":"ImageObject","inLanguage":"sv-SE","@id":"https:\/\/truusk.store\/sv\/produkt\/truusk-sammetssoffa-for-tva-personer-med-sovfunktion-inklusive-2-kuddar-natur-gron\/#primaryimage","url":"https:\/\/i0.wp.com\/truusk.store\/wp-content\/uploads\/2025\/12\/soffa-for-tva-personer-i-sammet-med-sovfunktion-inklusive-2-kuddar-sammet-look-natur-gron-1.webp?fit=2000%2C2000&ssl=1","contentUrl":"https:\/\/i0.wp.com\/truusk.store\/wp-content\/uploads\/2025\/12\/soffa-for-tva-personer-i-sammet-med-sovfunktion-inklusive-2-kuddar-sammet-look-natur-gron-1.webp?fit=2000%2C2000&ssl=1","width":2000,"height":2000},{"@type":"BreadcrumbList","@id":"https:\/\/truusk.store\/sv\/produkt\/truusk-sammetssoffa-for-tva-personer-med-sovfunktion-inklusive-2-kuddar-natur-gron\/#breadcrumb","itemListElement":[{"@type":"ListItem","position":1,"name":"Home","item":"https:\/\/truusk.store\/sv\/"},{"@type":"ListItem","position":2,"name":"Shop","item":"https:\/\/truusk.store\/shop\/"},{"@type":"ListItem","position":3,"name":"TRUUSK Sammetssoffa f\u00f6r Tv\u00e5 Personer &#8211; Med Sovfunktion &#8211; Inklusive 2 Kuddar &#8211; Natur + Gr\u00f6n"}]},{"@type":"WebSite","@id":"https:\/\/truusk.store\/sv\/#website","url":"https:\/\/truusk.store\/sv\/","name":"TRUUSK - Hem, Tr\u00e4dg\u00e5rd & Fritid","description":"","publisher":{"@id":"https:\/\/truusk.store\/sv\/#organization"},"potentialAction":[{"@type":"SearchAction","target":{"@type":"EntryPoint","urlTemplate":"https:\/\/truusk.store\/sv\/?s={search_term_string}"},"query-input":{"@type":"PropertyValueSpecification","valueRequired":true,"valueName":"search_term_string"}}],"inLanguage":"sv-SE"},{"@type":"Organization","@id":"https:\/\/truusk.store\/sv\/#organization","name":"TRUUSK - Hem, Tr\u00e4dg\u00e5rd & Fritid","url":"https:\/\/truusk.store\/sv\/","logo":{"@type":"ImageObject","inLanguage":"sv-SE","@id":"https:\/\/truusk.store\/sv\/#\/schema\/logo\/image\/","url":"https:\/\/i0.wp.com\/truusk.store\/wp-content\/uploads\/2026\/03\/cropped-TRUUSK.png?fit=2032%2C917&ssl=1","contentUrl":"https:\/\/i0.wp.com\/truusk.store\/wp-content\/uploads\/2026\/03\/cropped-TRUUSK.png?fit=2032%2C917&ssl=1","width":2032,"height":917,"caption":"TRUUSK - Hem, Tr\u00e4dg\u00e5rd & Fritid"},"image":{"@id":"https:\/\/truusk.store\/sv\/#\/schema\/logo\/image\/"}}]}},"jetpack_sharing_enabled":true,"_links":{"self":[{"href":"https:\/\/truusk.store\/sv\/wp-json\/wp\/v2\/product\/97338","targetHints":{"allow":["GET"]}}],"collection":[{"href":"https:\/\/truusk.store\/sv\/wp-json\/wp\/v2\/product"}],"about":[{"href":"https:\/\/truusk.store\/sv\/wp-json\/wp\/v2\/types\/product"}],"wp:featuredmedia":[{"embeddable":true,"href":"https:\/\/truusk.store\/sv\/wp-json\/wp\/v2\/media\/97327"}],"wp:attachment":[{"href":"https:\/\/truusk.store\/sv\/wp-json\/wp\/v2\/media?parent=97338"}],"wp:term":[{"taxonomy":"product_brand","embeddable":true,"href":"https:\/\/truusk.store\/sv\/wp-json\/wp\/v2\/product_brand?post=97338"},{"taxonomy":"product_cat","embeddable":true,"href":"https:\/\/truusk.store\/sv\/wp-json\/wp\/v2\/product_cat?post=97338"},{"taxonomy":"product_tag","embeddable":true,"href":"https:\/\/truusk.store\/sv\/wp-json\/wp\/v2\/product_tag?post=97338"}],"curies":[{"name":"wp","href":"https:\/\/api.w.org\/{rel}","templated":true}]}}