{"id":9734,"date":"2024-02-13T09:53:23","date_gmt":"2024-02-13T08:53:23","guid":{"rendered":"https:\/\/truusk.store\/product\/lusthustak-ersattningstak-for-lusthus-lusthusskydd-ersattningstak-for-lusthus-solskyddspolyester-kaffe-298-x-295-m\/"},"modified":"2026-03-12T08:56:13","modified_gmt":"2026-03-12T07:56:13","slug":"truusk-ersattningstak-for-lusthus-lusthusskydd-solskyddspolyester-kaffe-298-x-295-m","status":"publish","type":"product","link":"https:\/\/truusk.store\/sv\/produkt\/truusk-ersattningstak-for-lusthus-lusthusskydd-solskyddspolyester-kaffe-298-x-295-m\/","title":{"rendered":"TRUUSK Ers\u00e4ttningstak F\u00f6r Lusthus &#8211; Lusthusskydd &#8211; Solskyddspolyester &#8211; Kaffe &#8211; 2,98 x 2,95 m"},"content":{"rendered":"<p>V\u00e5rt ers\u00e4ttningstak f\u00f6r lusthus av h\u00f6g kvalitet ger massor av skugga och skydd mot solen. Ett 180g\/polyestertyg med PA-bel\u00e4ggning anv\u00e4nds, som \u00e4r vattent\u00e5ligt och kan blockera skadliga UV-str\u00e5lar. Tv\u00e5 h\u00f6rnfickor f\u00f6r paviljongtak i storlekarna L295-300 x B295-300 cm. Andningsbar topp med 8 vattendr\u00e4neringsh\u00e5l. En mysig och trevlig samvaro s\u00e4kerst\u00e4ller att dina familjemedlemmar och v\u00e4nner k\u00e4nner sig bekv\u00e4ma i alla uteplatser.<\/p>\n<h3>Beskrivning:<\/h3>\n<ul>\n<li>Endast ers\u00e4ttningstaket, l\u00e4mpligt f\u00f6r paviljongramen L295-300 x B295-300 cm<\/li>\n<li>Slitstarkt och v\u00e4derbest\u00e4ndigt, extra tufft polyestertyg med PA-bel\u00e4ggning<\/li>\n<li>Vatten- och UV-best\u00e4ndig f\u00f6r perfekt solskydd<\/li>\n<li>Kardborre \u00e4r l\u00e4tt att installera eller avinstallera<\/li>\n<li>Ventilerad toppdesign f\u00f6r god luftcirkulation f\u00f6r att h\u00e5lla sig sval<\/li>\n<li>Levereras med 8 inbyggda dr\u00e4neringsh\u00e5l f\u00f6r bra vattenavrinning<\/li>\n<li>OBS: Kontrollera storleken p\u00e5 din lusthusram innan du k\u00f6per.<\/li>\n<\/ul>\n<h3>Teknisk data:<\/h3>\n<ul>\n<li>Material: polyester<\/li>\n<li>Totalstorlek: L298 x B295 cm<\/li>\n<li>L\u00e4mplig lusthusstorlek: L295-300 x B295-300 cm<\/li>\n<li>Kardborrel\u00e4ngd: 25 cm<\/li>\n<li>F\u00e4rg: kaffe<\/li>\n<\/ul>\n<h3>Leveransens omfattning:<\/h3>\n<ul>\n<li>1 x Ers\u00e4ttningstak<\/li>\n<li>1 x Monteringsanvisning<\/li>\n<\/ul>\n","protected":false},"excerpt":{"rendered":"<p>V\u00e5rt ers\u00e4ttningstak f\u00f6r lusthus av h\u00f6g kvalitet ger massor av skugga och skydd mot solen. Ett 180g\/polyestertyg med PA-bel\u00e4ggning anv\u00e4nds,&#8230;<\/p>\n","protected":false},"featured_media":9735,"template":"","meta":[],"product_brand":[],"product_cat":[479,435,476],"product_tag":[],"class_list":{"0":"post-9734","1":"product","2":"type-product","3":"status-publish","4":"has-post-thumbnail","6":"product_cat-paviljongtak","7":"product_cat-tradgard-och-terrass","8":"product_cat-tradgardspaviljonger","10":"first","11":"instock","12":"sale","13":"taxable","14":"shipping-taxable","15":"purchasable","16":"product-type-simple"},"yoast_head":"<!-- This site is optimized with the Yoast SEO plugin v25.4 - https:\/\/yoast.com\/wordpress\/plugins\/seo\/ -->\n<title>TRUUSK Ers\u00e4ttningstak F\u00f6r Lusthus - Lusthusskydd - Solskyddspolyester - Kaffe - 2,98 x 2,95 m - TRUUSK - Hem, Tr\u00e4dg\u00e5rd &amp; Fritid<\/title>\n<meta name=\"robots\" content=\"index, follow, max-snippet:-1, max-image-preview:large, max-video-preview:-1\" \/>\n<link rel=\"canonical\" href=\"https:\/\/truusk.store\/sv\/produkt\/truusk-ersattningstak-for-lusthus-lusthusskydd-solskyddspolyester-kaffe-298-x-295-m\/\" \/>\n<meta property=\"og:locale\" content=\"sv_SE\" \/>\n<meta property=\"og:type\" content=\"article\" \/>\n<meta property=\"og:title\" content=\"TRUUSK Ers\u00e4ttningstak F\u00f6r Lusthus - Lusthusskydd - Solskyddspolyester - Kaffe - 2,98 x 2,95 m - TRUUSK - Hem, Tr\u00e4dg\u00e5rd &amp; Fritid\" \/>\n<meta property=\"og:description\" content=\"V\u00e5rt ers\u00e4ttningstak f\u00f6r lusthus av h\u00f6g kvalitet ger massor av skugga och skydd mot solen. Ett 180g\/polyestertyg med PA-bel\u00e4ggning anv\u00e4nds,...\" \/>\n<meta property=\"og:url\" content=\"https:\/\/truusk.store\/sv\/produkt\/truusk-ersattningstak-for-lusthus-lusthusskydd-solskyddspolyester-kaffe-298-x-295-m\/\" \/>\n<meta property=\"og:site_name\" content=\"TRUUSK - Hem, Tr\u00e4dg\u00e5rd &amp; Fritid\" \/>\n<meta property=\"article:modified_time\" content=\"2026-03-12T07:56:13+00:00\" \/>\n<meta property=\"og:image\" content=\"https:\/\/i0.wp.com\/truusk.se\/wp-content\/uploads\/2024\/02\/lusthustak-ersattningstak-for-lusthus-lusthusskydd-ersattningstak-for-lusthus-solskyddspolyester-kaffe-298-x-295-m.webp?fit=800%2C800&ssl=1\" \/>\n\t<meta property=\"og:image:width\" content=\"800\" \/>\n\t<meta property=\"og:image:height\" content=\"800\" \/>\n\t<meta property=\"og:image:type\" content=\"image\/webp\" \/>\n<meta name=\"twitter:card\" content=\"summary_large_image\" \/>\n<meta name=\"twitter:label1\" content=\"Ber\u00e4knad l\u00e4stid\" \/>\n\t<meta name=\"twitter:data1\" content=\"1 minut\" \/>\n<!-- \/ Yoast SEO plugin. -->","yoast_head_json":{"title":"TRUUSK Ers\u00e4ttningstak F\u00f6r Lusthus - Lusthusskydd - Solskyddspolyester - Kaffe - 2,98 x 2,95 m - TRUUSK - Hem, Tr\u00e4dg\u00e5rd &amp; Fritid","robots":{"index":"index","follow":"follow","max-snippet":"max-snippet:-1","max-image-preview":"max-image-preview:large","max-video-preview":"max-video-preview:-1"},"canonical":"https:\/\/truusk.store\/sv\/produkt\/truusk-ersattningstak-for-lusthus-lusthusskydd-solskyddspolyester-kaffe-298-x-295-m\/","og_locale":"sv_SE","og_type":"article","og_title":"TRUUSK Ers\u00e4ttningstak F\u00f6r Lusthus - Lusthusskydd - Solskyddspolyester - Kaffe - 2,98 x 2,95 m - TRUUSK - Hem, Tr\u00e4dg\u00e5rd &amp; Fritid","og_description":"V\u00e5rt ers\u00e4ttningstak f\u00f6r lusthus av h\u00f6g kvalitet ger massor av skugga och skydd mot solen. Ett 180g\/polyestertyg med PA-bel\u00e4ggning anv\u00e4nds,...","og_url":"https:\/\/truusk.store\/sv\/produkt\/truusk-ersattningstak-for-lusthus-lusthusskydd-solskyddspolyester-kaffe-298-x-295-m\/","og_site_name":"TRUUSK - Hem, Tr\u00e4dg\u00e5rd &amp; Fritid","article_modified_time":"2026-03-12T07:56:13+00:00","og_image":[{"width":800,"height":800,"url":"https:\/\/i0.wp.com\/truusk.se\/wp-content\/uploads\/2024\/02\/lusthustak-ersattningstak-for-lusthus-lusthusskydd-ersattningstak-for-lusthus-solskyddspolyester-kaffe-298-x-295-m.webp?fit=800%2C800&ssl=1","type":"image\/webp"}],"twitter_card":"summary_large_image","twitter_misc":{"Ber\u00e4knad l\u00e4stid":"1 minut"},"schema":{"@context":"https:\/\/schema.org","@graph":[{"@type":"WebPage","@id":"https:\/\/truusk.store\/sv\/produkt\/truusk-ersattningstak-for-lusthus-lusthusskydd-solskyddspolyester-kaffe-298-x-295-m\/","url":"https:\/\/truusk.store\/sv\/produkt\/truusk-ersattningstak-for-lusthus-lusthusskydd-solskyddspolyester-kaffe-298-x-295-m\/","name":"TRUUSK Ers\u00e4ttningstak F\u00f6r Lusthus - Lusthusskydd - Solskyddspolyester - Kaffe - 2,98 x 2,95 m - TRUUSK - Hem, Tr\u00e4dg\u00e5rd &amp; Fritid","isPartOf":{"@id":"https:\/\/truusk.store\/sv\/#website"},"primaryImageOfPage":{"@id":"https:\/\/truusk.store\/sv\/produkt\/truusk-ersattningstak-for-lusthus-lusthusskydd-solskyddspolyester-kaffe-298-x-295-m\/#primaryimage"},"image":{"@id":"https:\/\/truusk.store\/sv\/produkt\/truusk-ersattningstak-for-lusthus-lusthusskydd-solskyddspolyester-kaffe-298-x-295-m\/#primaryimage"},"thumbnailUrl":"https:\/\/i0.wp.com\/truusk.store\/wp-content\/uploads\/2024\/02\/lusthustak-ersattningstak-for-lusthus-lusthusskydd-ersattningstak-for-lusthus-solskyddspolyester-kaffe-298-x-295-m.webp?fit=800%2C800&ssl=1","datePublished":"2024-02-13T08:53:23+00:00","dateModified":"2026-03-12T07:56:13+00:00","breadcrumb":{"@id":"https:\/\/truusk.store\/sv\/produkt\/truusk-ersattningstak-for-lusthus-lusthusskydd-solskyddspolyester-kaffe-298-x-295-m\/#breadcrumb"},"inLanguage":"sv-SE","potentialAction":[{"@type":"ReadAction","target":["https:\/\/truusk.store\/sv\/produkt\/truusk-ersattningstak-for-lusthus-lusthusskydd-solskyddspolyester-kaffe-298-x-295-m\/"]}]},{"@type":"ImageObject","inLanguage":"sv-SE","@id":"https:\/\/truusk.store\/sv\/produkt\/truusk-ersattningstak-for-lusthus-lusthusskydd-solskyddspolyester-kaffe-298-x-295-m\/#primaryimage","url":"https:\/\/i0.wp.com\/truusk.store\/wp-content\/uploads\/2024\/02\/lusthustak-ersattningstak-for-lusthus-lusthusskydd-ersattningstak-for-lusthus-solskyddspolyester-kaffe-298-x-295-m.webp?fit=800%2C800&ssl=1","contentUrl":"https:\/\/i0.wp.com\/truusk.store\/wp-content\/uploads\/2024\/02\/lusthustak-ersattningstak-for-lusthus-lusthusskydd-ersattningstak-for-lusthus-solskyddspolyester-kaffe-298-x-295-m.webp?fit=800%2C800&ssl=1","width":800,"height":800,"caption":"Lusthustak, Ers\u00e4ttningstak F\u00f6r Lusthus, Lusthusskydd, Ers\u00e4ttningstak F\u00f6r Lusthus, Solskyddspolyester, Kaffe, 2,98 X 2,95 M 1"},{"@type":"BreadcrumbList","@id":"https:\/\/truusk.store\/sv\/produkt\/truusk-ersattningstak-for-lusthus-lusthusskydd-solskyddspolyester-kaffe-298-x-295-m\/#breadcrumb","itemListElement":[{"@type":"ListItem","position":1,"name":"Home","item":"https:\/\/truusk.store\/sv\/"},{"@type":"ListItem","position":2,"name":"Shop","item":"https:\/\/truusk.store\/shop\/"},{"@type":"ListItem","position":3,"name":"TRUUSK Ers\u00e4ttningstak F\u00f6r Lusthus &#8211; Lusthusskydd &#8211; Solskyddspolyester &#8211; Kaffe &#8211; 2,98 x 2,95 m"}]},{"@type":"WebSite","@id":"https:\/\/truusk.store\/sv\/#website","url":"https:\/\/truusk.store\/sv\/","name":"TRUUSK - Hem, Tr\u00e4dg\u00e5rd & Fritid","description":"","publisher":{"@id":"https:\/\/truusk.store\/sv\/#organization"},"potentialAction":[{"@type":"SearchAction","target":{"@type":"EntryPoint","urlTemplate":"https:\/\/truusk.store\/sv\/?s={search_term_string}"},"query-input":{"@type":"PropertyValueSpecification","valueRequired":true,"valueName":"search_term_string"}}],"inLanguage":"sv-SE"},{"@type":"Organization","@id":"https:\/\/truusk.store\/sv\/#organization","name":"TRUUSK - Hem, Tr\u00e4dg\u00e5rd & Fritid","url":"https:\/\/truusk.store\/sv\/","logo":{"@type":"ImageObject","inLanguage":"sv-SE","@id":"https:\/\/truusk.store\/sv\/#\/schema\/logo\/image\/","url":"https:\/\/i0.wp.com\/truusk.store\/wp-content\/uploads\/2026\/03\/cropped-TRUUSK.png?fit=2032%2C917&ssl=1","contentUrl":"https:\/\/i0.wp.com\/truusk.store\/wp-content\/uploads\/2026\/03\/cropped-TRUUSK.png?fit=2032%2C917&ssl=1","width":2032,"height":917,"caption":"TRUUSK - Hem, Tr\u00e4dg\u00e5rd & Fritid"},"image":{"@id":"https:\/\/truusk.store\/sv\/#\/schema\/logo\/image\/"}}]}},"jetpack_sharing_enabled":true,"_links":{"self":[{"href":"https:\/\/truusk.store\/sv\/wp-json\/wp\/v2\/product\/9734","targetHints":{"allow":["GET"]}}],"collection":[{"href":"https:\/\/truusk.store\/sv\/wp-json\/wp\/v2\/product"}],"about":[{"href":"https:\/\/truusk.store\/sv\/wp-json\/wp\/v2\/types\/product"}],"wp:featuredmedia":[{"embeddable":true,"href":"https:\/\/truusk.store\/sv\/wp-json\/wp\/v2\/media\/9735"}],"wp:attachment":[{"href":"https:\/\/truusk.store\/sv\/wp-json\/wp\/v2\/media?parent=9734"}],"wp:term":[{"taxonomy":"product_brand","embeddable":true,"href":"https:\/\/truusk.store\/sv\/wp-json\/wp\/v2\/product_brand?post=9734"},{"taxonomy":"product_cat","embeddable":true,"href":"https:\/\/truusk.store\/sv\/wp-json\/wp\/v2\/product_cat?post=9734"},{"taxonomy":"product_tag","embeddable":true,"href":"https:\/\/truusk.store\/sv\/wp-json\/wp\/v2\/product_tag?post=9734"}],"curies":[{"name":"wp","href":"https:\/\/api.w.org\/{rel}","templated":true}]}}