{"id":97345,"date":"2025-12-15T04:30:06","date_gmt":"2025-12-15T03:30:06","guid":{"rendered":"https:\/\/truusk.store\/product\/hundpark-djurpark-5-paneler-barbar-hopfallbar-stangsel-saker-svart\/"},"modified":"2026-03-12T09:44:13","modified_gmt":"2026-03-12T08:44:13","slug":"truusk-hundpark-djurpark-5-paneler-barbar-och-hopfallbar-saker-svart","status":"publish","type":"product","link":"https:\/\/truusk.store\/sv\/produkt\/truusk-hundpark-djurpark-5-paneler-barbar-och-hopfallbar-saker-svart\/","title":{"rendered":"TRUUSK Hundpark, Djurpark, 5 Paneler &#8211; B\u00e4rbar och Hopf\u00e4llbar &#8211; S\u00e4ker &#8211; Svart"},"content":{"rendered":"<p>F\u00f6rvandla varje rum till ett s\u00e4kert lekomr\u00e5de f\u00f6r ditt husdjur! Detta modul\u00e4ra 5-delade inh\u00e4gnad med enkelriktad d\u00f6rr passar perfekt b\u00e5de f\u00f6r inomhus och utflykter. Skapa en skr\u00e4ddarsydd konfiguration f\u00f6r din f\u00f6ljeslagares komfort.<\/p>\n<p>Beskrivning:<\/p>\n<ul>\n<li> M\u00e5ngsidig valppark f\u00f6r inomhus och utomhus eller som hundbarri\u00e4r<\/li>\n<li> Fem paneler av hundinh\u00e4gnad utomhus kan omvandlas till olika former<\/li>\n<li> L\u00e4tt att montera och b\u00e4rbar f\u00f6r st\u00f6rre bekv\u00e4mlighet<\/li>\n<li> En enkelriktad d\u00f6rr underl\u00e4ttar intr\u00e4de<\/li>\n<li> Denna hundpark \u00e4r l\u00e4mplig f\u00f6r sm\u00e5 och medelstora hundar med en axelh\u00f6jd p\u00e5 25 till 60 cm<\/li>\n<\/ul>\n<p> Tekniska data:<\/p>\n<ul>\n<li> F\u00e4rg: Svart<\/li>\n<li> Material: St\u00e5l<\/li>\n<li> Enskild panel: 76L x 60B x 1,3T cm<\/li>\n<li> U-form: 180L x 60B x 76H cm<\/li>\n<li> D\u00f6rrm\u00e5tt: 54B x 73H cm<\/li>\n<li> Avst\u00e5nd mellan stag: 5,5 cm<\/li>\n<li> Art.-Nr.: D06-237V00BK<\/li>\n<li> OBS: F\u00e4st vid v\u00e4ggen med spik efter montering<\/li>\n<\/ul>\n<p>Leveransinneh\u00e5ll:<\/p>\n<ul>\n<li> 5 x paneler<\/li>\n<li> Tillbeh\u00f6rsset f\u00f6r v\u00e4ggspik<\/li>\n<li> 1 x monteringsanvisning<\/li>\n<\/ul>\n","protected":false},"excerpt":{"rendered":"<p>F\u00f6rvandla varje rum till ett s\u00e4kert lekomr\u00e5de f\u00f6r ditt husdjur! Detta modul\u00e4ra 5-delade inh\u00e4gnad med enkelriktad d\u00f6rr passar perfekt b\u00e5de&#8230;<\/p>\n","protected":false},"featured_media":97339,"template":"","meta":[],"product_brand":[],"product_cat":[947,948,574],"product_tag":[],"class_list":{"0":"post-97345","1":"product","2":"type-product","3":"status-publish","4":"has-post-thumbnail","6":"product_cat-djurtillbehor","7":"product_cat-hundgaller-skiljevaggar","8":"product_cat-hundtillbehor","10":"first","11":"instock","12":"sale","13":"taxable","14":"shipping-taxable","15":"purchasable","16":"product-type-simple"},"yoast_head":"<!-- This site is optimized with the Yoast SEO plugin v25.4 - https:\/\/yoast.com\/wordpress\/plugins\/seo\/ -->\n<title>TRUUSK Hundpark, Djurpark, 5 Paneler - B\u00e4rbar och Hopf\u00e4llbar - S\u00e4ker - Svart - TRUUSK - Hem, Tr\u00e4dg\u00e5rd &amp; Fritid<\/title>\n<meta name=\"robots\" content=\"index, follow, max-snippet:-1, max-image-preview:large, max-video-preview:-1\" \/>\n<link rel=\"canonical\" href=\"https:\/\/truusk.store\/sv\/produkt\/truusk-hundpark-djurpark-5-paneler-barbar-och-hopfallbar-saker-svart\/\" \/>\n<meta property=\"og:locale\" content=\"sv_SE\" \/>\n<meta property=\"og:type\" content=\"article\" \/>\n<meta property=\"og:title\" content=\"TRUUSK Hundpark, Djurpark, 5 Paneler - B\u00e4rbar och Hopf\u00e4llbar - S\u00e4ker - Svart - TRUUSK - Hem, Tr\u00e4dg\u00e5rd &amp; Fritid\" \/>\n<meta property=\"og:description\" content=\"F\u00f6rvandla varje rum till ett s\u00e4kert lekomr\u00e5de f\u00f6r ditt husdjur! Detta modul\u00e4ra 5-delade inh\u00e4gnad med enkelriktad d\u00f6rr passar perfekt b\u00e5de...\" \/>\n<meta property=\"og:url\" content=\"https:\/\/truusk.store\/sv\/produkt\/truusk-hundpark-djurpark-5-paneler-barbar-och-hopfallbar-saker-svart\/\" \/>\n<meta property=\"og:site_name\" content=\"TRUUSK - Hem, Tr\u00e4dg\u00e5rd &amp; Fritid\" \/>\n<meta property=\"article:modified_time\" content=\"2026-03-12T08:44:13+00:00\" \/>\n<meta property=\"og:image\" content=\"https:\/\/i0.wp.com\/truusk.se\/wp-content\/uploads\/2025\/12\/hundpark-djurpark-5-paneler-barbar-hopfallbar-stangsel-saker-svart-1.webp?fit=2000%2C2000&ssl=1\" \/>\n\t<meta property=\"og:image:width\" content=\"2000\" \/>\n\t<meta property=\"og:image:height\" content=\"2000\" \/>\n\t<meta property=\"og:image:type\" content=\"image\/webp\" \/>\n<meta name=\"twitter:card\" content=\"summary_large_image\" \/>\n<meta name=\"twitter:label1\" content=\"Ber\u00e4knad l\u00e4stid\" \/>\n\t<meta name=\"twitter:data1\" content=\"1 minut\" \/>\n<!-- \/ Yoast SEO plugin. -->","yoast_head_json":{"title":"TRUUSK Hundpark, Djurpark, 5 Paneler - B\u00e4rbar och Hopf\u00e4llbar - S\u00e4ker - Svart - TRUUSK - Hem, Tr\u00e4dg\u00e5rd &amp; Fritid","robots":{"index":"index","follow":"follow","max-snippet":"max-snippet:-1","max-image-preview":"max-image-preview:large","max-video-preview":"max-video-preview:-1"},"canonical":"https:\/\/truusk.store\/sv\/produkt\/truusk-hundpark-djurpark-5-paneler-barbar-och-hopfallbar-saker-svart\/","og_locale":"sv_SE","og_type":"article","og_title":"TRUUSK Hundpark, Djurpark, 5 Paneler - B\u00e4rbar och Hopf\u00e4llbar - S\u00e4ker - Svart - TRUUSK - Hem, Tr\u00e4dg\u00e5rd &amp; Fritid","og_description":"F\u00f6rvandla varje rum till ett s\u00e4kert lekomr\u00e5de f\u00f6r ditt husdjur! Detta modul\u00e4ra 5-delade inh\u00e4gnad med enkelriktad d\u00f6rr passar perfekt b\u00e5de...","og_url":"https:\/\/truusk.store\/sv\/produkt\/truusk-hundpark-djurpark-5-paneler-barbar-och-hopfallbar-saker-svart\/","og_site_name":"TRUUSK - Hem, Tr\u00e4dg\u00e5rd &amp; Fritid","article_modified_time":"2026-03-12T08:44:13+00:00","og_image":[{"width":2000,"height":2000,"url":"https:\/\/i0.wp.com\/truusk.se\/wp-content\/uploads\/2025\/12\/hundpark-djurpark-5-paneler-barbar-hopfallbar-stangsel-saker-svart-1.webp?fit=2000%2C2000&ssl=1","type":"image\/webp"}],"twitter_card":"summary_large_image","twitter_misc":{"Ber\u00e4knad l\u00e4stid":"1 minut"},"schema":{"@context":"https:\/\/schema.org","@graph":[{"@type":"WebPage","@id":"https:\/\/truusk.store\/sv\/produkt\/truusk-hundpark-djurpark-5-paneler-barbar-och-hopfallbar-saker-svart\/","url":"https:\/\/truusk.store\/sv\/produkt\/truusk-hundpark-djurpark-5-paneler-barbar-och-hopfallbar-saker-svart\/","name":"TRUUSK Hundpark, Djurpark, 5 Paneler - B\u00e4rbar och Hopf\u00e4llbar - S\u00e4ker - Svart - TRUUSK - Hem, Tr\u00e4dg\u00e5rd &amp; Fritid","isPartOf":{"@id":"https:\/\/truusk.store\/sv\/#website"},"primaryImageOfPage":{"@id":"https:\/\/truusk.store\/sv\/produkt\/truusk-hundpark-djurpark-5-paneler-barbar-och-hopfallbar-saker-svart\/#primaryimage"},"image":{"@id":"https:\/\/truusk.store\/sv\/produkt\/truusk-hundpark-djurpark-5-paneler-barbar-och-hopfallbar-saker-svart\/#primaryimage"},"thumbnailUrl":"https:\/\/i0.wp.com\/truusk.store\/wp-content\/uploads\/2025\/12\/hundpark-djurpark-5-paneler-barbar-hopfallbar-stangsel-saker-svart-1.webp?fit=2000%2C2000&ssl=1","datePublished":"2025-12-15T03:30:06+00:00","dateModified":"2026-03-12T08:44:13+00:00","breadcrumb":{"@id":"https:\/\/truusk.store\/sv\/produkt\/truusk-hundpark-djurpark-5-paneler-barbar-och-hopfallbar-saker-svart\/#breadcrumb"},"inLanguage":"sv-SE","potentialAction":[{"@type":"ReadAction","target":["https:\/\/truusk.store\/sv\/produkt\/truusk-hundpark-djurpark-5-paneler-barbar-och-hopfallbar-saker-svart\/"]}]},{"@type":"ImageObject","inLanguage":"sv-SE","@id":"https:\/\/truusk.store\/sv\/produkt\/truusk-hundpark-djurpark-5-paneler-barbar-och-hopfallbar-saker-svart\/#primaryimage","url":"https:\/\/i0.wp.com\/truusk.store\/wp-content\/uploads\/2025\/12\/hundpark-djurpark-5-paneler-barbar-hopfallbar-stangsel-saker-svart-1.webp?fit=2000%2C2000&ssl=1","contentUrl":"https:\/\/i0.wp.com\/truusk.store\/wp-content\/uploads\/2025\/12\/hundpark-djurpark-5-paneler-barbar-hopfallbar-stangsel-saker-svart-1.webp?fit=2000%2C2000&ssl=1","width":2000,"height":2000},{"@type":"BreadcrumbList","@id":"https:\/\/truusk.store\/sv\/produkt\/truusk-hundpark-djurpark-5-paneler-barbar-och-hopfallbar-saker-svart\/#breadcrumb","itemListElement":[{"@type":"ListItem","position":1,"name":"Home","item":"https:\/\/truusk.store\/sv\/"},{"@type":"ListItem","position":2,"name":"Shop","item":"https:\/\/truusk.store\/shop\/"},{"@type":"ListItem","position":3,"name":"TRUUSK Hundpark, Djurpark, 5 Paneler &#8211; B\u00e4rbar och Hopf\u00e4llbar &#8211; S\u00e4ker &#8211; Svart"}]},{"@type":"WebSite","@id":"https:\/\/truusk.store\/sv\/#website","url":"https:\/\/truusk.store\/sv\/","name":"TRUUSK - Hem, Tr\u00e4dg\u00e5rd & Fritid","description":"","publisher":{"@id":"https:\/\/truusk.store\/sv\/#organization"},"potentialAction":[{"@type":"SearchAction","target":{"@type":"EntryPoint","urlTemplate":"https:\/\/truusk.store\/sv\/?s={search_term_string}"},"query-input":{"@type":"PropertyValueSpecification","valueRequired":true,"valueName":"search_term_string"}}],"inLanguage":"sv-SE"},{"@type":"Organization","@id":"https:\/\/truusk.store\/sv\/#organization","name":"TRUUSK - Hem, Tr\u00e4dg\u00e5rd & Fritid","url":"https:\/\/truusk.store\/sv\/","logo":{"@type":"ImageObject","inLanguage":"sv-SE","@id":"https:\/\/truusk.store\/sv\/#\/schema\/logo\/image\/","url":"https:\/\/i0.wp.com\/truusk.store\/wp-content\/uploads\/2026\/03\/cropped-TRUUSK.png?fit=2032%2C917&ssl=1","contentUrl":"https:\/\/i0.wp.com\/truusk.store\/wp-content\/uploads\/2026\/03\/cropped-TRUUSK.png?fit=2032%2C917&ssl=1","width":2032,"height":917,"caption":"TRUUSK - Hem, Tr\u00e4dg\u00e5rd & Fritid"},"image":{"@id":"https:\/\/truusk.store\/sv\/#\/schema\/logo\/image\/"}}]}},"jetpack_sharing_enabled":true,"_links":{"self":[{"href":"https:\/\/truusk.store\/sv\/wp-json\/wp\/v2\/product\/97345","targetHints":{"allow":["GET"]}}],"collection":[{"href":"https:\/\/truusk.store\/sv\/wp-json\/wp\/v2\/product"}],"about":[{"href":"https:\/\/truusk.store\/sv\/wp-json\/wp\/v2\/types\/product"}],"wp:featuredmedia":[{"embeddable":true,"href":"https:\/\/truusk.store\/sv\/wp-json\/wp\/v2\/media\/97339"}],"wp:attachment":[{"href":"https:\/\/truusk.store\/sv\/wp-json\/wp\/v2\/media?parent=97345"}],"wp:term":[{"taxonomy":"product_brand","embeddable":true,"href":"https:\/\/truusk.store\/sv\/wp-json\/wp\/v2\/product_brand?post=97345"},{"taxonomy":"product_cat","embeddable":true,"href":"https:\/\/truusk.store\/sv\/wp-json\/wp\/v2\/product_cat?post=97345"},{"taxonomy":"product_tag","embeddable":true,"href":"https:\/\/truusk.store\/sv\/wp-json\/wp\/v2\/product_tag?post=97345"}],"curies":[{"name":"wp","href":"https:\/\/api.w.org\/{rel}","templated":true}]}}