{"id":97362,"date":"2025-12-15T04:32:40","date_gmt":"2025-12-15T03:32:40","guid":{"rendered":"https:\/\/truusk.store\/product\/tunnelvaxthus-4-fonster-med-dragkedja-stalram-robust-presenning-395-x-100-x-80-cm-gron\/"},"modified":"2026-03-12T09:45:32","modified_gmt":"2026-03-12T08:45:32","slug":"truusk-tunnelvaxthus-4-fonster-med-dragkedja-stalram-robust-presenning-395-x-100-x-80-cm-gron","status":"publish","type":"product","link":"https:\/\/truusk.store\/sv\/produkt\/truusk-tunnelvaxthus-4-fonster-med-dragkedja-stalram-robust-presenning-395-x-100-x-80-cm-gron\/","title":{"rendered":"TRUUSK Tunnelv\u00e4xthus &#8211; 4 F\u00f6nster Med Dragkedja &#8211; St\u00e5lram &#8211; Robust Presenning &#8211; 395 X 100 X 80 Cm &#8211; Gr\u00f6n"},"content":{"rendered":"<p>Med detta tomatv\u00e4xthus fr\u00e5n [BRAND NAME] skapar du ett varmt och s\u00e4kert hem f\u00f6r dina favoritv\u00e4xter. Plasttunneln best\u00e5r av en robust st\u00e5lram med en h\u00e5llbar plastduk. Konstruktionen g\u00f6r att den vid behov kan flyttas l\u00e4tt. Samtidigt ger st\u00e5lramen en h\u00f6g stabilitet. Dessutom till\u00e5ter sidod\u00f6rrarna med dragkedja en bekv\u00e4m tillg\u00e5ng till v\u00e4xterna och g\u00f6r det samtidigt m\u00f6jligt att kontrollera ventilationen efter behov.<\/p>\n<p>Beskrivning:<\/p>\n<ul>\n<li> Plasttunnel med solid st\u00e5lram och plastfolie<\/li>\n<li> Idealisk f\u00f6r att f\u00f6rl\u00e4nga v\u00e4xts\u00e4songen och skydda mot v\u00e4derp\u00e5verkan<\/li>\n<li> 4 upprullbara dragkedjed\u00f6rrar p\u00e5 tomatv\u00e4xthuset m\u00f6jligg\u00f6r l\u00e4tt tillg\u00e5ng och god ventilation<\/li>\n<li> L\u00e4tt konstruktion av plastv\u00e4xthuset m\u00f6jligg\u00f6r enkel platsbyte<\/li>\n<li> Plastlederna \u00e4r l\u00e4tta att transportera och montera<\/li>\n<li> Vattenavvisande, transparent plast\u00f6verdrag f\u00f6r l\u00e5ng livsl\u00e4ngd<\/li>\n<li> Enkel montering, inga verktyg kr\u00e4vs<\/li>\n<\/ul>\n<p> Tekniska data:<\/p>\n<ul>\n<li> F\u00e4rg: M\u00f6rkgr\u00f6n<\/li>\n<li> Material: St\u00e5l, PE<\/li>\n<li> Totala dimensioner: 395L x 100B x 80H cm<\/li>\n<li> D\u00f6rr: 80B x 115H cm<\/li>\n<li> Bottenpresskant: 10cm<\/li>\n<li> PE-\u00f6verdrag: 140 g\/m\u00b2<\/li>\n<\/ul>\n<p>Leveransinneh\u00e5ll:<\/p>\n<ul>\n<li>1 x v\u00e4xthus<\/li>\n<li>1 x instruktioner<\/li>\n<\/ul>\n","protected":false},"excerpt":{"rendered":"<p>Med detta tomatv\u00e4xthus fr\u00e5n [BRAND NAME] skapar du ett varmt och s\u00e4kert hem f\u00f6r dina favoritv\u00e4xter. Plasttunneln best\u00e5r av en&#8230;<\/p>\n","protected":false},"featured_media":97346,"template":"","meta":[],"product_brand":[],"product_cat":[1024,858,443],"product_tag":[],"class_list":{"0":"post-97362","1":"product","2":"type-product","3":"status-publish","4":"has-post-thumbnail","6":"product_cat-plastfilm-vaxthus-vaxthus-tradgardsskotsel","7":"product_cat-tradgard-terrass","8":"product_cat-vaxthus-tradgardsskotsel","10":"first","11":"instock","12":"sale","13":"taxable","14":"shipping-taxable","15":"purchasable","16":"product-type-simple"},"yoast_head":"<!-- This site is optimized with the Yoast SEO plugin v25.4 - https:\/\/yoast.com\/wordpress\/plugins\/seo\/ -->\n<title>TRUUSK Tunnelv\u00e4xthus - 4 F\u00f6nster Med Dragkedja - St\u00e5lram - Robust Presenning - 395 X 100 X 80 Cm - Gr\u00f6n - TRUUSK - Hem, Tr\u00e4dg\u00e5rd &amp; Fritid<\/title>\n<meta name=\"robots\" content=\"index, follow, max-snippet:-1, max-image-preview:large, max-video-preview:-1\" \/>\n<link rel=\"canonical\" href=\"https:\/\/truusk.store\/sv\/produkt\/truusk-tunnelvaxthus-4-fonster-med-dragkedja-stalram-robust-presenning-395-x-100-x-80-cm-gron\/\" \/>\n<meta property=\"og:locale\" content=\"sv_SE\" \/>\n<meta property=\"og:type\" content=\"article\" \/>\n<meta property=\"og:title\" content=\"TRUUSK Tunnelv\u00e4xthus - 4 F\u00f6nster Med Dragkedja - St\u00e5lram - Robust Presenning - 395 X 100 X 80 Cm - Gr\u00f6n - TRUUSK - Hem, Tr\u00e4dg\u00e5rd &amp; Fritid\" \/>\n<meta property=\"og:description\" content=\"Med detta tomatv\u00e4xthus fr\u00e5n [BRAND NAME] skapar du ett varmt och s\u00e4kert hem f\u00f6r dina favoritv\u00e4xter. Plasttunneln best\u00e5r av en...\" \/>\n<meta property=\"og:url\" content=\"https:\/\/truusk.store\/sv\/produkt\/truusk-tunnelvaxthus-4-fonster-med-dragkedja-stalram-robust-presenning-395-x-100-x-80-cm-gron\/\" \/>\n<meta property=\"og:site_name\" content=\"TRUUSK - Hem, Tr\u00e4dg\u00e5rd &amp; Fritid\" \/>\n<meta property=\"article:modified_time\" content=\"2026-03-12T08:45:32+00:00\" \/>\n<meta property=\"og:image\" content=\"https:\/\/i0.wp.com\/truusk.se\/wp-content\/uploads\/2025\/12\/tunnelvaxthus-4-fonster-med-dragkedja-stalram-robust-presenning-395-x-100-x-80-cm-gron-1.webp?fit=2000%2C2000&ssl=1\" \/>\n\t<meta property=\"og:image:width\" content=\"2000\" \/>\n\t<meta property=\"og:image:height\" content=\"2000\" \/>\n\t<meta property=\"og:image:type\" content=\"image\/webp\" \/>\n<meta name=\"twitter:card\" content=\"summary_large_image\" \/>\n<meta name=\"twitter:label1\" content=\"Ber\u00e4knad l\u00e4stid\" \/>\n\t<meta name=\"twitter:data1\" content=\"1 minut\" \/>\n<!-- \/ Yoast SEO plugin. -->","yoast_head_json":{"title":"TRUUSK Tunnelv\u00e4xthus - 4 F\u00f6nster Med Dragkedja - St\u00e5lram - Robust Presenning - 395 X 100 X 80 Cm - Gr\u00f6n - TRUUSK - Hem, Tr\u00e4dg\u00e5rd &amp; Fritid","robots":{"index":"index","follow":"follow","max-snippet":"max-snippet:-1","max-image-preview":"max-image-preview:large","max-video-preview":"max-video-preview:-1"},"canonical":"https:\/\/truusk.store\/sv\/produkt\/truusk-tunnelvaxthus-4-fonster-med-dragkedja-stalram-robust-presenning-395-x-100-x-80-cm-gron\/","og_locale":"sv_SE","og_type":"article","og_title":"TRUUSK Tunnelv\u00e4xthus - 4 F\u00f6nster Med Dragkedja - St\u00e5lram - Robust Presenning - 395 X 100 X 80 Cm - Gr\u00f6n - TRUUSK - Hem, Tr\u00e4dg\u00e5rd &amp; Fritid","og_description":"Med detta tomatv\u00e4xthus fr\u00e5n [BRAND NAME] skapar du ett varmt och s\u00e4kert hem f\u00f6r dina favoritv\u00e4xter. Plasttunneln best\u00e5r av en...","og_url":"https:\/\/truusk.store\/sv\/produkt\/truusk-tunnelvaxthus-4-fonster-med-dragkedja-stalram-robust-presenning-395-x-100-x-80-cm-gron\/","og_site_name":"TRUUSK - Hem, Tr\u00e4dg\u00e5rd &amp; Fritid","article_modified_time":"2026-03-12T08:45:32+00:00","og_image":[{"width":2000,"height":2000,"url":"https:\/\/i0.wp.com\/truusk.se\/wp-content\/uploads\/2025\/12\/tunnelvaxthus-4-fonster-med-dragkedja-stalram-robust-presenning-395-x-100-x-80-cm-gron-1.webp?fit=2000%2C2000&ssl=1","type":"image\/webp"}],"twitter_card":"summary_large_image","twitter_misc":{"Ber\u00e4knad l\u00e4stid":"1 minut"},"schema":{"@context":"https:\/\/schema.org","@graph":[{"@type":"WebPage","@id":"https:\/\/truusk.store\/sv\/produkt\/truusk-tunnelvaxthus-4-fonster-med-dragkedja-stalram-robust-presenning-395-x-100-x-80-cm-gron\/","url":"https:\/\/truusk.store\/sv\/produkt\/truusk-tunnelvaxthus-4-fonster-med-dragkedja-stalram-robust-presenning-395-x-100-x-80-cm-gron\/","name":"TRUUSK Tunnelv\u00e4xthus - 4 F\u00f6nster Med Dragkedja - St\u00e5lram - Robust Presenning - 395 X 100 X 80 Cm - Gr\u00f6n - TRUUSK - Hem, Tr\u00e4dg\u00e5rd &amp; Fritid","isPartOf":{"@id":"https:\/\/truusk.store\/sv\/#website"},"primaryImageOfPage":{"@id":"https:\/\/truusk.store\/sv\/produkt\/truusk-tunnelvaxthus-4-fonster-med-dragkedja-stalram-robust-presenning-395-x-100-x-80-cm-gron\/#primaryimage"},"image":{"@id":"https:\/\/truusk.store\/sv\/produkt\/truusk-tunnelvaxthus-4-fonster-med-dragkedja-stalram-robust-presenning-395-x-100-x-80-cm-gron\/#primaryimage"},"thumbnailUrl":"https:\/\/i0.wp.com\/truusk.store\/wp-content\/uploads\/2025\/12\/tunnelvaxthus-4-fonster-med-dragkedja-stalram-robust-presenning-395-x-100-x-80-cm-gron-1.webp?fit=2000%2C2000&ssl=1","datePublished":"2025-12-15T03:32:40+00:00","dateModified":"2026-03-12T08:45:32+00:00","breadcrumb":{"@id":"https:\/\/truusk.store\/sv\/produkt\/truusk-tunnelvaxthus-4-fonster-med-dragkedja-stalram-robust-presenning-395-x-100-x-80-cm-gron\/#breadcrumb"},"inLanguage":"sv-SE","potentialAction":[{"@type":"ReadAction","target":["https:\/\/truusk.store\/sv\/produkt\/truusk-tunnelvaxthus-4-fonster-med-dragkedja-stalram-robust-presenning-395-x-100-x-80-cm-gron\/"]}]},{"@type":"ImageObject","inLanguage":"sv-SE","@id":"https:\/\/truusk.store\/sv\/produkt\/truusk-tunnelvaxthus-4-fonster-med-dragkedja-stalram-robust-presenning-395-x-100-x-80-cm-gron\/#primaryimage","url":"https:\/\/i0.wp.com\/truusk.store\/wp-content\/uploads\/2025\/12\/tunnelvaxthus-4-fonster-med-dragkedja-stalram-robust-presenning-395-x-100-x-80-cm-gron-1.webp?fit=2000%2C2000&ssl=1","contentUrl":"https:\/\/i0.wp.com\/truusk.store\/wp-content\/uploads\/2025\/12\/tunnelvaxthus-4-fonster-med-dragkedja-stalram-robust-presenning-395-x-100-x-80-cm-gron-1.webp?fit=2000%2C2000&ssl=1","width":2000,"height":2000},{"@type":"BreadcrumbList","@id":"https:\/\/truusk.store\/sv\/produkt\/truusk-tunnelvaxthus-4-fonster-med-dragkedja-stalram-robust-presenning-395-x-100-x-80-cm-gron\/#breadcrumb","itemListElement":[{"@type":"ListItem","position":1,"name":"Home","item":"https:\/\/truusk.store\/sv\/"},{"@type":"ListItem","position":2,"name":"Shop","item":"https:\/\/truusk.store\/shop\/"},{"@type":"ListItem","position":3,"name":"TRUUSK Tunnelv\u00e4xthus &#8211; 4 F\u00f6nster Med Dragkedja &#8211; St\u00e5lram &#8211; Robust Presenning &#8211; 395 X 100 X 80 Cm &#8211; Gr\u00f6n"}]},{"@type":"WebSite","@id":"https:\/\/truusk.store\/sv\/#website","url":"https:\/\/truusk.store\/sv\/","name":"TRUUSK - Hem, Tr\u00e4dg\u00e5rd & Fritid","description":"","publisher":{"@id":"https:\/\/truusk.store\/sv\/#organization"},"potentialAction":[{"@type":"SearchAction","target":{"@type":"EntryPoint","urlTemplate":"https:\/\/truusk.store\/sv\/?s={search_term_string}"},"query-input":{"@type":"PropertyValueSpecification","valueRequired":true,"valueName":"search_term_string"}}],"inLanguage":"sv-SE"},{"@type":"Organization","@id":"https:\/\/truusk.store\/sv\/#organization","name":"TRUUSK - Hem, Tr\u00e4dg\u00e5rd & Fritid","url":"https:\/\/truusk.store\/sv\/","logo":{"@type":"ImageObject","inLanguage":"sv-SE","@id":"https:\/\/truusk.store\/sv\/#\/schema\/logo\/image\/","url":"https:\/\/i0.wp.com\/truusk.store\/wp-content\/uploads\/2026\/03\/cropped-TRUUSK.png?fit=2032%2C917&ssl=1","contentUrl":"https:\/\/i0.wp.com\/truusk.store\/wp-content\/uploads\/2026\/03\/cropped-TRUUSK.png?fit=2032%2C917&ssl=1","width":2032,"height":917,"caption":"TRUUSK - Hem, Tr\u00e4dg\u00e5rd & Fritid"},"image":{"@id":"https:\/\/truusk.store\/sv\/#\/schema\/logo\/image\/"}}]}},"jetpack_sharing_enabled":true,"_links":{"self":[{"href":"https:\/\/truusk.store\/sv\/wp-json\/wp\/v2\/product\/97362","targetHints":{"allow":["GET"]}}],"collection":[{"href":"https:\/\/truusk.store\/sv\/wp-json\/wp\/v2\/product"}],"about":[{"href":"https:\/\/truusk.store\/sv\/wp-json\/wp\/v2\/types\/product"}],"wp:featuredmedia":[{"embeddable":true,"href":"https:\/\/truusk.store\/sv\/wp-json\/wp\/v2\/media\/97346"}],"wp:attachment":[{"href":"https:\/\/truusk.store\/sv\/wp-json\/wp\/v2\/media?parent=97362"}],"wp:term":[{"taxonomy":"product_brand","embeddable":true,"href":"https:\/\/truusk.store\/sv\/wp-json\/wp\/v2\/product_brand?post=97362"},{"taxonomy":"product_cat","embeddable":true,"href":"https:\/\/truusk.store\/sv\/wp-json\/wp\/v2\/product_cat?post=97362"},{"taxonomy":"product_tag","embeddable":true,"href":"https:\/\/truusk.store\/sv\/wp-json\/wp\/v2\/product_tag?post=97362"}],"curies":[{"name":"wp","href":"https:\/\/api.w.org\/{rel}","templated":true}]}}