{"id":97365,"date":"2025-12-15T04:32:53","date_gmt":"2025-12-15T03:32:53","guid":{"rendered":"https:\/\/truusk.store\/product\/elektrisk-barnbil-12v-audi-q8-3-5-km-h-fjarrkontroll-stralkastare-musik-rod\/"},"modified":"2026-03-12T09:45:37","modified_gmt":"2026-03-12T08:45:37","slug":"truusk-elektrisk-barnbil-audi-q8-12v-3-5-km-h-fjarrkontroll-stralkastare-musik-rod","status":"publish","type":"product","link":"https:\/\/truusk.store\/sv\/produkt\/truusk-elektrisk-barnbil-audi-q8-12v-3-5-km-h-fjarrkontroll-stralkastare-musik-rod\/","title":{"rendered":"TRUUSK Elektrisk Barnbil Audi Q8 &#8211; 12V &#8211; 3-5 Km\/h &#8211; Fj\u00e4rrkontroll &#8211; Str\u00e5lkastare &#8211; Musik &#8211; R\u00f6d"},"content":{"rendered":"<p>Med [BRAND NAME] 12V Audi Q8 etron Sportback upplever ditt barn of\u00f6rgl\u00f6mliga \u00e4ventyr! Denna licensierade barn-elbil ger din lilla f\u00f6rare friheten att sj\u00e4lv ta ratten eller bekv\u00e4mt styras via fj\u00e4rrkontrollen. Med lysande str\u00e5lkastare, en signalhorn och musik blir varje resa en upplevelse. De fyra fj\u00e4drande hjulen p\u00e5 barnbilen garanterar en mjuk k\u00f6rning p\u00e5 olika underlag och s\u00e4kerhetsb\u00e4ltet ger extra skydd.<\/p>\n<p>Beskrivning:<\/p>\n<ul>\n<li> Sp\u00e4nnande \u00e5kturer i 12V Audi Q8 etron Sportback f\u00f6r barn<\/li>\n<li> Fj\u00e4rrstyrning eller manuella k\u00f6rl\u00e4gen f\u00f6r interaktiv lekgl\u00e4dje<\/li>\n<li> Str\u00e5lkastare, signalhorn och musik i elbilen ger en realistisk k\u00f6rupplevelse<\/li>\n<li> Fj\u00e4dring p\u00e5 alla fyra hjul j\u00e4mnar ut oj\u00e4mnheter<\/li>\n<li> L\u00e4mplig f\u00f6r asfalt, tegel eller betong vid hastigheter p\u00e5 3-5 km\/h<\/li>\n<li> Batteristatusindikator och s\u00e4kerhetsb\u00e4lte i barnets elbil \u00f6kar s\u00e4kerhet och skydd<\/li>\n<li> Montering kr\u00e4vs<\/li>\n<\/ul>\n<p> Tekniska data:<\/p>\n<ul>\n<li> F\u00e4rg: R\u00f6d<\/li>\n<li> Material: Plast, metall<\/li>\n<li> Totala dimensioner: 98L x 49,5B x 43H cm<\/li>\n<li> Sitsstorlek: 32B x 18T cm<\/li>\n<li> Sitth\u00f6jd: 20 cm (fr\u00e5n golvet)<\/li>\n<li> Fj\u00e4rrkontroll: 15 m<\/li>\n<li> Batteri: 12V 4,5AH<\/li>\n<li> Motor: 2 x 12V<\/li>\n<li> Laddningstid: 6-8 timmar (f\u00f6rsta g\u00e5ngen), 8-10 timmar (regelbundet)<\/li>\n<li> Drifttid: 35-45 min<\/li>\n<li> Hastighet: 3-5 km\/h<\/li>\n<li> Registreringsskyltstorlek: 12L x 3B cm<\/li>\n<li> Belastningskapacitet: 30 kg<\/li>\n<li> Rekommenderad \u00e5lder: 3-4 \u00e5r<\/li>\n<li> Sittkapacitet: 1 f\u00f6rare<\/li>\n<li> Not 1: \u00d6vervaka alltid dina barn n\u00e4r de k\u00f6r<\/li>\n<li> Not 2: F\u00f6r fj\u00e4rrkontrollen beh\u00f6vs 2 x 1,5V AA-batterier (ing\u00e5r ej)<\/li>\n<\/ul>\n<p>Leveransinneh\u00e5ll:<\/p>\n<ul>\n<li> 1 x Barn elbil<\/li>\n<li> 1 x Fj\u00e4rrkontroll<\/li>\n<li> 1 x Bruksanvisning<\/li>\n<\/ul>\n","protected":false},"excerpt":{"rendered":"<p>Med [BRAND NAME] 12V Audi Q8 etron Sportback upplever ditt barn of\u00f6rgl\u00f6mliga \u00e4ventyr! Denna licensierade barn-elbil ger din lilla f\u00f6rare&#8230;<\/p>\n","protected":false},"featured_media":97349,"template":"","meta":[],"product_brand":[],"product_cat":[880,610,1066],"product_tag":[],"class_list":{"0":"post-97365","1":"product","2":"type-product","3":"status-publish","4":"has-post-thumbnail","6":"product_cat-baby-barn-2","7":"product_cat-barnfordon","8":"product_cat-barns-elbilar","10":"first","11":"instock","12":"sale","13":"taxable","14":"shipping-taxable","15":"purchasable","16":"product-type-simple"},"yoast_head":"<!-- This site is optimized with the Yoast SEO plugin v25.4 - https:\/\/yoast.com\/wordpress\/plugins\/seo\/ -->\n<title>TRUUSK Elektrisk Barnbil Audi Q8 - 12V - 3-5 Km\/h - Fj\u00e4rrkontroll - Str\u00e5lkastare - Musik - R\u00f6d - TRUUSK - Hem, Tr\u00e4dg\u00e5rd &amp; Fritid<\/title>\n<meta name=\"robots\" content=\"index, follow, max-snippet:-1, max-image-preview:large, max-video-preview:-1\" \/>\n<link rel=\"canonical\" href=\"https:\/\/truusk.store\/sv\/produkt\/truusk-elektrisk-barnbil-audi-q8-12v-3-5-km-h-fjarrkontroll-stralkastare-musik-rod\/\" \/>\n<meta property=\"og:locale\" content=\"sv_SE\" \/>\n<meta property=\"og:type\" content=\"article\" \/>\n<meta property=\"og:title\" content=\"TRUUSK Elektrisk Barnbil Audi Q8 - 12V - 3-5 Km\/h - Fj\u00e4rrkontroll - Str\u00e5lkastare - Musik - R\u00f6d - TRUUSK - Hem, Tr\u00e4dg\u00e5rd &amp; Fritid\" \/>\n<meta property=\"og:description\" content=\"Med [BRAND NAME] 12V Audi Q8 etron Sportback upplever ditt barn of\u00f6rgl\u00f6mliga \u00e4ventyr! Denna licensierade barn-elbil ger din lilla f\u00f6rare...\" \/>\n<meta property=\"og:url\" content=\"https:\/\/truusk.store\/sv\/produkt\/truusk-elektrisk-barnbil-audi-q8-12v-3-5-km-h-fjarrkontroll-stralkastare-musik-rod\/\" \/>\n<meta property=\"og:site_name\" content=\"TRUUSK - Hem, Tr\u00e4dg\u00e5rd &amp; Fritid\" \/>\n<meta property=\"article:modified_time\" content=\"2026-03-12T08:45:37+00:00\" \/>\n<meta property=\"og:image\" content=\"https:\/\/i0.wp.com\/truusk.se\/wp-content\/uploads\/2025\/12\/elektrisk-barnbil-12v-audi-q8-3-5-km-h-fjarrkontroll-stralkastare-musik-rod-1.webp?fit=2000%2C2000&ssl=1\" \/>\n\t<meta property=\"og:image:width\" content=\"2000\" \/>\n\t<meta property=\"og:image:height\" content=\"2000\" \/>\n\t<meta property=\"og:image:type\" content=\"image\/webp\" \/>\n<meta name=\"twitter:card\" content=\"summary_large_image\" \/>\n<meta name=\"twitter:label1\" content=\"Ber\u00e4knad l\u00e4stid\" \/>\n\t<meta name=\"twitter:data1\" content=\"1 minut\" \/>\n<!-- \/ Yoast SEO plugin. -->","yoast_head_json":{"title":"TRUUSK Elektrisk Barnbil Audi Q8 - 12V - 3-5 Km\/h - Fj\u00e4rrkontroll - Str\u00e5lkastare - Musik - R\u00f6d - TRUUSK - Hem, Tr\u00e4dg\u00e5rd &amp; Fritid","robots":{"index":"index","follow":"follow","max-snippet":"max-snippet:-1","max-image-preview":"max-image-preview:large","max-video-preview":"max-video-preview:-1"},"canonical":"https:\/\/truusk.store\/sv\/produkt\/truusk-elektrisk-barnbil-audi-q8-12v-3-5-km-h-fjarrkontroll-stralkastare-musik-rod\/","og_locale":"sv_SE","og_type":"article","og_title":"TRUUSK Elektrisk Barnbil Audi Q8 - 12V - 3-5 Km\/h - Fj\u00e4rrkontroll - Str\u00e5lkastare - Musik - R\u00f6d - TRUUSK - Hem, Tr\u00e4dg\u00e5rd &amp; Fritid","og_description":"Med [BRAND NAME] 12V Audi Q8 etron Sportback upplever ditt barn of\u00f6rgl\u00f6mliga \u00e4ventyr! Denna licensierade barn-elbil ger din lilla f\u00f6rare...","og_url":"https:\/\/truusk.store\/sv\/produkt\/truusk-elektrisk-barnbil-audi-q8-12v-3-5-km-h-fjarrkontroll-stralkastare-musik-rod\/","og_site_name":"TRUUSK - Hem, Tr\u00e4dg\u00e5rd &amp; Fritid","article_modified_time":"2026-03-12T08:45:37+00:00","og_image":[{"width":2000,"height":2000,"url":"https:\/\/i0.wp.com\/truusk.se\/wp-content\/uploads\/2025\/12\/elektrisk-barnbil-12v-audi-q8-3-5-km-h-fjarrkontroll-stralkastare-musik-rod-1.webp?fit=2000%2C2000&ssl=1","type":"image\/webp"}],"twitter_card":"summary_large_image","twitter_misc":{"Ber\u00e4knad l\u00e4stid":"1 minut"},"schema":{"@context":"https:\/\/schema.org","@graph":[{"@type":"WebPage","@id":"https:\/\/truusk.store\/sv\/produkt\/truusk-elektrisk-barnbil-audi-q8-12v-3-5-km-h-fjarrkontroll-stralkastare-musik-rod\/","url":"https:\/\/truusk.store\/sv\/produkt\/truusk-elektrisk-barnbil-audi-q8-12v-3-5-km-h-fjarrkontroll-stralkastare-musik-rod\/","name":"TRUUSK Elektrisk Barnbil Audi Q8 - 12V - 3-5 Km\/h - Fj\u00e4rrkontroll - Str\u00e5lkastare - Musik - R\u00f6d - TRUUSK - Hem, Tr\u00e4dg\u00e5rd &amp; Fritid","isPartOf":{"@id":"https:\/\/truusk.store\/sv\/#website"},"primaryImageOfPage":{"@id":"https:\/\/truusk.store\/sv\/produkt\/truusk-elektrisk-barnbil-audi-q8-12v-3-5-km-h-fjarrkontroll-stralkastare-musik-rod\/#primaryimage"},"image":{"@id":"https:\/\/truusk.store\/sv\/produkt\/truusk-elektrisk-barnbil-audi-q8-12v-3-5-km-h-fjarrkontroll-stralkastare-musik-rod\/#primaryimage"},"thumbnailUrl":"https:\/\/i0.wp.com\/truusk.store\/wp-content\/uploads\/2025\/12\/elektrisk-barnbil-12v-audi-q8-3-5-km-h-fjarrkontroll-stralkastare-musik-rod-1.webp?fit=2000%2C2000&ssl=1","datePublished":"2025-12-15T03:32:53+00:00","dateModified":"2026-03-12T08:45:37+00:00","breadcrumb":{"@id":"https:\/\/truusk.store\/sv\/produkt\/truusk-elektrisk-barnbil-audi-q8-12v-3-5-km-h-fjarrkontroll-stralkastare-musik-rod\/#breadcrumb"},"inLanguage":"sv-SE","potentialAction":[{"@type":"ReadAction","target":["https:\/\/truusk.store\/sv\/produkt\/truusk-elektrisk-barnbil-audi-q8-12v-3-5-km-h-fjarrkontroll-stralkastare-musik-rod\/"]}]},{"@type":"ImageObject","inLanguage":"sv-SE","@id":"https:\/\/truusk.store\/sv\/produkt\/truusk-elektrisk-barnbil-audi-q8-12v-3-5-km-h-fjarrkontroll-stralkastare-musik-rod\/#primaryimage","url":"https:\/\/i0.wp.com\/truusk.store\/wp-content\/uploads\/2025\/12\/elektrisk-barnbil-12v-audi-q8-3-5-km-h-fjarrkontroll-stralkastare-musik-rod-1.webp?fit=2000%2C2000&ssl=1","contentUrl":"https:\/\/i0.wp.com\/truusk.store\/wp-content\/uploads\/2025\/12\/elektrisk-barnbil-12v-audi-q8-3-5-km-h-fjarrkontroll-stralkastare-musik-rod-1.webp?fit=2000%2C2000&ssl=1","width":2000,"height":2000},{"@type":"BreadcrumbList","@id":"https:\/\/truusk.store\/sv\/produkt\/truusk-elektrisk-barnbil-audi-q8-12v-3-5-km-h-fjarrkontroll-stralkastare-musik-rod\/#breadcrumb","itemListElement":[{"@type":"ListItem","position":1,"name":"Home","item":"https:\/\/truusk.store\/sv\/"},{"@type":"ListItem","position":2,"name":"Shop","item":"https:\/\/truusk.store\/shop\/"},{"@type":"ListItem","position":3,"name":"TRUUSK Elektrisk Barnbil Audi Q8 &#8211; 12V &#8211; 3-5 Km\/h &#8211; Fj\u00e4rrkontroll &#8211; Str\u00e5lkastare &#8211; Musik &#8211; R\u00f6d"}]},{"@type":"WebSite","@id":"https:\/\/truusk.store\/sv\/#website","url":"https:\/\/truusk.store\/sv\/","name":"TRUUSK - Hem, Tr\u00e4dg\u00e5rd & Fritid","description":"","publisher":{"@id":"https:\/\/truusk.store\/sv\/#organization"},"potentialAction":[{"@type":"SearchAction","target":{"@type":"EntryPoint","urlTemplate":"https:\/\/truusk.store\/sv\/?s={search_term_string}"},"query-input":{"@type":"PropertyValueSpecification","valueRequired":true,"valueName":"search_term_string"}}],"inLanguage":"sv-SE"},{"@type":"Organization","@id":"https:\/\/truusk.store\/sv\/#organization","name":"TRUUSK - Hem, Tr\u00e4dg\u00e5rd & Fritid","url":"https:\/\/truusk.store\/sv\/","logo":{"@type":"ImageObject","inLanguage":"sv-SE","@id":"https:\/\/truusk.store\/sv\/#\/schema\/logo\/image\/","url":"https:\/\/i0.wp.com\/truusk.store\/wp-content\/uploads\/2026\/03\/cropped-TRUUSK.png?fit=2032%2C917&ssl=1","contentUrl":"https:\/\/i0.wp.com\/truusk.store\/wp-content\/uploads\/2026\/03\/cropped-TRUUSK.png?fit=2032%2C917&ssl=1","width":2032,"height":917,"caption":"TRUUSK - Hem, Tr\u00e4dg\u00e5rd & Fritid"},"image":{"@id":"https:\/\/truusk.store\/sv\/#\/schema\/logo\/image\/"}}]}},"jetpack_sharing_enabled":true,"_links":{"self":[{"href":"https:\/\/truusk.store\/sv\/wp-json\/wp\/v2\/product\/97365","targetHints":{"allow":["GET"]}}],"collection":[{"href":"https:\/\/truusk.store\/sv\/wp-json\/wp\/v2\/product"}],"about":[{"href":"https:\/\/truusk.store\/sv\/wp-json\/wp\/v2\/types\/product"}],"wp:featuredmedia":[{"embeddable":true,"href":"https:\/\/truusk.store\/sv\/wp-json\/wp\/v2\/media\/97349"}],"wp:attachment":[{"href":"https:\/\/truusk.store\/sv\/wp-json\/wp\/v2\/media?parent=97365"}],"wp:term":[{"taxonomy":"product_brand","embeddable":true,"href":"https:\/\/truusk.store\/sv\/wp-json\/wp\/v2\/product_brand?post=97365"},{"taxonomy":"product_cat","embeddable":true,"href":"https:\/\/truusk.store\/sv\/wp-json\/wp\/v2\/product_cat?post=97365"},{"taxonomy":"product_tag","embeddable":true,"href":"https:\/\/truusk.store\/sv\/wp-json\/wp\/v2\/product_tag?post=97365"}],"curies":[{"name":"wp","href":"https:\/\/api.w.org\/{rel}","templated":true}]}}