{"id":97395,"date":"2025-12-15T04:40:24","date_gmt":"2025-12-15T03:40:24","guid":{"rendered":"https:\/\/truusk.store\/product\/hundbadd-hundsoffa-husdjursoffa-eukalyptustra-98-x-67-x-25-cm-bla\/"},"modified":"2026-03-12T08:43:22","modified_gmt":"2026-03-12T07:43:22","slug":"truusk-hundbadd-hundsoffa-eukalyptustra-98-x-67-x-25-cm-bla-for-sma-hundar-och-katter-bekvam-och-stilren","status":"publish","type":"product","link":"https:\/\/truusk.store\/sv\/produkt\/truusk-hundbadd-hundsoffa-eukalyptustra-98-x-67-x-25-cm-bla-for-sma-hundar-och-katter-bekvam-och-stilren\/","title":{"rendered":"TRUUSK Hundb\u00e4dd Hundsoffa &#8211; Eukalyptustr\u00e4 &#8211; 98 x 67 x 25 cm &#8211; Bl\u00e5 &#8211; F\u00f6r sm\u00e5 hundar och katter &#8211; Bekv\u00e4m och stilren"},"content":{"rendered":"<p>Sk\u00e4m bort din fyrbenta v\u00e4n med den eleganta hundsoffan fr\u00e5n [BRAND NAME]! Denna stiliga hundb\u00e4dd erbjuder inte bara en mysig sov- och viloplats, utan ocks\u00e5 en upph\u00f6jd bas som s\u00e4kerst\u00e4ller optimal luftcirkulation och skyddar ditt husdjur fr\u00e5n fukt. Den mjuka, avtagbara kudden p\u00e5 hundstolen ger extra komfort och \u00e4r l\u00e4tt att reng\u00f6ra. Ge din hund den perfekta tillflyktsorten som kombinerar b\u00e5de funktionalitet och stil.<\/p>\n<p>Beskrivning:<\/p>\n<ul>\n<li> Elegant och modern hundsoffa f\u00f6r stilmedvetna husdjurs\u00e4gare<\/li>\n<li> Erbjuder din fyrbenta v\u00e4n en mysig och bekv\u00e4m plats att koppla av<\/li>\n<li> Utrustad med en stoppad kudde som ger ditt husdjur h\u00f6gsta komfort<\/li>\n<li> Kudden p\u00e5 hundsoffan kan tas bort f\u00f6r enkel reng\u00f6ring<\/li>\n<li> Benen p\u00e5 hundstolen \u00e4r gjorda av furu f\u00f6r \u00f6kad stabilitet och h\u00e5llbarhet<\/li>\n<li> L\u00e4mplig f\u00f6r stora hundar med en vikt upp till 30 kg och en kroppsl\u00e4ngd upp till 60 cm<\/li>\n<li> Enkel montering kr\u00e4vs<\/li>\n<\/ul>\n<p> Tekniska data:<\/p>\n<ul>\n<li> F\u00e4rg: Bl\u00e5<\/li>\n<li> Material: Polyester, MDF, skum, furu<\/li>\n<li> Totala dimensioner: 98L x 67B x 25H cm<\/li>\n<li> Sitsdimensioner: 86L x 59B x 14H cm<\/li>\n<li> Ryggst\u00f6dets m\u00e5tt: 7B x 15,5H cm<\/li>\n<li> Armst\u00f6dets m\u00e5tt: 7B x 15,5H cm<\/li>\n<li> Kuddens dimensioner: 86L x 59B x 4,5H cm<\/li>\n<li> F\u00f6tternas h\u00f6jd: 8 cm<\/li>\n<\/ul>\n<p>Leveransinneh\u00e5ll:<\/p>\n<ul>\n<li> 1 x husdjursoffa<\/li>\n<li> 1 x handbok<\/li>\n<\/ul>\n","protected":false},"excerpt":{"rendered":"<p>Sk\u00e4m bort din fyrbenta v\u00e4n med den eleganta hundsoffan fr\u00e5n [BRAND NAME]! Denna stiliga hundb\u00e4dd erbjuder inte bara en mysig&#8230;<\/p>\n","protected":false},"featured_media":97386,"template":"","meta":[],"product_brand":[],"product_cat":[878,576,574],"product_tag":[],"class_list":{"0":"post-97395","1":"product","2":"type-product","3":"status-publish","4":"has-post-thumbnail","6":"product_cat-djurbehov","7":"product_cat-hundsangar-hundsoffor","8":"product_cat-hundtillbehor","10":"first","11":"instock","12":"sale","13":"taxable","14":"shipping-taxable","15":"purchasable","16":"product-type-simple"},"yoast_head":"<!-- This site is optimized with the Yoast SEO plugin v25.4 - https:\/\/yoast.com\/wordpress\/plugins\/seo\/ -->\n<title>TRUUSK Hundb\u00e4dd Hundsoffa - Eukalyptustr\u00e4 - 98 x 67 x 25 cm - Bl\u00e5 - F\u00f6r sm\u00e5 hundar och katter - Bekv\u00e4m och stilren - TRUUSK - Hem, Tr\u00e4dg\u00e5rd &amp; Fritid<\/title>\n<meta name=\"robots\" content=\"index, follow, max-snippet:-1, max-image-preview:large, max-video-preview:-1\" \/>\n<link rel=\"canonical\" href=\"https:\/\/truusk.store\/sv\/produkt\/truusk-hundbadd-hundsoffa-eukalyptustra-98-x-67-x-25-cm-bla-for-sma-hundar-och-katter-bekvam-och-stilren\/\" \/>\n<meta property=\"og:locale\" content=\"sv_SE\" \/>\n<meta property=\"og:type\" content=\"article\" \/>\n<meta property=\"og:title\" content=\"TRUUSK Hundb\u00e4dd Hundsoffa - Eukalyptustr\u00e4 - 98 x 67 x 25 cm - Bl\u00e5 - F\u00f6r sm\u00e5 hundar och katter - Bekv\u00e4m och stilren - TRUUSK - Hem, Tr\u00e4dg\u00e5rd &amp; Fritid\" \/>\n<meta property=\"og:description\" content=\"Sk\u00e4m bort din fyrbenta v\u00e4n med den eleganta hundsoffan fr\u00e5n [BRAND NAME]! Denna stiliga hundb\u00e4dd erbjuder inte bara en mysig...\" \/>\n<meta property=\"og:url\" content=\"https:\/\/truusk.store\/sv\/produkt\/truusk-hundbadd-hundsoffa-eukalyptustra-98-x-67-x-25-cm-bla-for-sma-hundar-och-katter-bekvam-och-stilren\/\" \/>\n<meta property=\"og:site_name\" content=\"TRUUSK - Hem, Tr\u00e4dg\u00e5rd &amp; Fritid\" \/>\n<meta property=\"article:modified_time\" content=\"2026-03-12T07:43:22+00:00\" \/>\n<meta property=\"og:image\" content=\"https:\/\/i0.wp.com\/truusk.se\/wp-content\/uploads\/2025\/12\/hundbadd-hundsoffa-husdjursoffa-eukalyptustra-98-x-67-x-25-cm-bla-1.webp?fit=2000%2C2000&ssl=1\" \/>\n\t<meta property=\"og:image:width\" content=\"2000\" \/>\n\t<meta property=\"og:image:height\" content=\"2000\" \/>\n\t<meta property=\"og:image:type\" content=\"image\/webp\" \/>\n<meta name=\"twitter:card\" content=\"summary_large_image\" \/>\n<meta name=\"twitter:label1\" content=\"Ber\u00e4knad l\u00e4stid\" \/>\n\t<meta name=\"twitter:data1\" content=\"1 minut\" \/>\n<!-- \/ Yoast SEO plugin. -->","yoast_head_json":{"title":"TRUUSK Hundb\u00e4dd Hundsoffa - Eukalyptustr\u00e4 - 98 x 67 x 25 cm - Bl\u00e5 - F\u00f6r sm\u00e5 hundar och katter - Bekv\u00e4m och stilren - TRUUSK - Hem, Tr\u00e4dg\u00e5rd &amp; Fritid","robots":{"index":"index","follow":"follow","max-snippet":"max-snippet:-1","max-image-preview":"max-image-preview:large","max-video-preview":"max-video-preview:-1"},"canonical":"https:\/\/truusk.store\/sv\/produkt\/truusk-hundbadd-hundsoffa-eukalyptustra-98-x-67-x-25-cm-bla-for-sma-hundar-och-katter-bekvam-och-stilren\/","og_locale":"sv_SE","og_type":"article","og_title":"TRUUSK Hundb\u00e4dd Hundsoffa - Eukalyptustr\u00e4 - 98 x 67 x 25 cm - Bl\u00e5 - F\u00f6r sm\u00e5 hundar och katter - Bekv\u00e4m och stilren - TRUUSK - Hem, Tr\u00e4dg\u00e5rd &amp; Fritid","og_description":"Sk\u00e4m bort din fyrbenta v\u00e4n med den eleganta hundsoffan fr\u00e5n [BRAND NAME]! Denna stiliga hundb\u00e4dd erbjuder inte bara en mysig...","og_url":"https:\/\/truusk.store\/sv\/produkt\/truusk-hundbadd-hundsoffa-eukalyptustra-98-x-67-x-25-cm-bla-for-sma-hundar-och-katter-bekvam-och-stilren\/","og_site_name":"TRUUSK - Hem, Tr\u00e4dg\u00e5rd &amp; Fritid","article_modified_time":"2026-03-12T07:43:22+00:00","og_image":[{"width":2000,"height":2000,"url":"https:\/\/i0.wp.com\/truusk.se\/wp-content\/uploads\/2025\/12\/hundbadd-hundsoffa-husdjursoffa-eukalyptustra-98-x-67-x-25-cm-bla-1.webp?fit=2000%2C2000&ssl=1","type":"image\/webp"}],"twitter_card":"summary_large_image","twitter_misc":{"Ber\u00e4knad l\u00e4stid":"1 minut"},"schema":{"@context":"https:\/\/schema.org","@graph":[{"@type":"WebPage","@id":"https:\/\/truusk.store\/sv\/produkt\/truusk-hundbadd-hundsoffa-eukalyptustra-98-x-67-x-25-cm-bla-for-sma-hundar-och-katter-bekvam-och-stilren\/","url":"https:\/\/truusk.store\/sv\/produkt\/truusk-hundbadd-hundsoffa-eukalyptustra-98-x-67-x-25-cm-bla-for-sma-hundar-och-katter-bekvam-och-stilren\/","name":"TRUUSK Hundb\u00e4dd Hundsoffa - Eukalyptustr\u00e4 - 98 x 67 x 25 cm - Bl\u00e5 - F\u00f6r sm\u00e5 hundar och katter - Bekv\u00e4m och stilren - TRUUSK - Hem, Tr\u00e4dg\u00e5rd &amp; Fritid","isPartOf":{"@id":"https:\/\/truusk.store\/sv\/#website"},"primaryImageOfPage":{"@id":"https:\/\/truusk.store\/sv\/produkt\/truusk-hundbadd-hundsoffa-eukalyptustra-98-x-67-x-25-cm-bla-for-sma-hundar-och-katter-bekvam-och-stilren\/#primaryimage"},"image":{"@id":"https:\/\/truusk.store\/sv\/produkt\/truusk-hundbadd-hundsoffa-eukalyptustra-98-x-67-x-25-cm-bla-for-sma-hundar-och-katter-bekvam-och-stilren\/#primaryimage"},"thumbnailUrl":"https:\/\/i0.wp.com\/truusk.store\/wp-content\/uploads\/2025\/12\/hundbadd-hundsoffa-husdjursoffa-eukalyptustra-98-x-67-x-25-cm-bla-1.webp?fit=2000%2C2000&ssl=1","datePublished":"2025-12-15T03:40:24+00:00","dateModified":"2026-03-12T07:43:22+00:00","breadcrumb":{"@id":"https:\/\/truusk.store\/sv\/produkt\/truusk-hundbadd-hundsoffa-eukalyptustra-98-x-67-x-25-cm-bla-for-sma-hundar-och-katter-bekvam-och-stilren\/#breadcrumb"},"inLanguage":"sv-SE","potentialAction":[{"@type":"ReadAction","target":["https:\/\/truusk.store\/sv\/produkt\/truusk-hundbadd-hundsoffa-eukalyptustra-98-x-67-x-25-cm-bla-for-sma-hundar-och-katter-bekvam-och-stilren\/"]}]},{"@type":"ImageObject","inLanguage":"sv-SE","@id":"https:\/\/truusk.store\/sv\/produkt\/truusk-hundbadd-hundsoffa-eukalyptustra-98-x-67-x-25-cm-bla-for-sma-hundar-och-katter-bekvam-och-stilren\/#primaryimage","url":"https:\/\/i0.wp.com\/truusk.store\/wp-content\/uploads\/2025\/12\/hundbadd-hundsoffa-husdjursoffa-eukalyptustra-98-x-67-x-25-cm-bla-1.webp?fit=2000%2C2000&ssl=1","contentUrl":"https:\/\/i0.wp.com\/truusk.store\/wp-content\/uploads\/2025\/12\/hundbadd-hundsoffa-husdjursoffa-eukalyptustra-98-x-67-x-25-cm-bla-1.webp?fit=2000%2C2000&ssl=1","width":2000,"height":2000},{"@type":"BreadcrumbList","@id":"https:\/\/truusk.store\/sv\/produkt\/truusk-hundbadd-hundsoffa-eukalyptustra-98-x-67-x-25-cm-bla-for-sma-hundar-och-katter-bekvam-och-stilren\/#breadcrumb","itemListElement":[{"@type":"ListItem","position":1,"name":"Home","item":"https:\/\/truusk.store\/sv\/"},{"@type":"ListItem","position":2,"name":"Shop","item":"https:\/\/truusk.store\/shop\/"},{"@type":"ListItem","position":3,"name":"TRUUSK Hundb\u00e4dd Hundsoffa &#8211; Eukalyptustr\u00e4 &#8211; 98 x 67 x 25 cm &#8211; Bl\u00e5 &#8211; F\u00f6r sm\u00e5 hundar och katter &#8211; Bekv\u00e4m och stilren"}]},{"@type":"WebSite","@id":"https:\/\/truusk.store\/sv\/#website","url":"https:\/\/truusk.store\/sv\/","name":"TRUUSK - Hem, Tr\u00e4dg\u00e5rd & Fritid","description":"","publisher":{"@id":"https:\/\/truusk.store\/sv\/#organization"},"potentialAction":[{"@type":"SearchAction","target":{"@type":"EntryPoint","urlTemplate":"https:\/\/truusk.store\/sv\/?s={search_term_string}"},"query-input":{"@type":"PropertyValueSpecification","valueRequired":true,"valueName":"search_term_string"}}],"inLanguage":"sv-SE"},{"@type":"Organization","@id":"https:\/\/truusk.store\/sv\/#organization","name":"TRUUSK - Hem, Tr\u00e4dg\u00e5rd & Fritid","url":"https:\/\/truusk.store\/sv\/","logo":{"@type":"ImageObject","inLanguage":"sv-SE","@id":"https:\/\/truusk.store\/sv\/#\/schema\/logo\/image\/","url":"https:\/\/i0.wp.com\/truusk.store\/wp-content\/uploads\/2026\/03\/cropped-TRUUSK.png?fit=2032%2C917&ssl=1","contentUrl":"https:\/\/i0.wp.com\/truusk.store\/wp-content\/uploads\/2026\/03\/cropped-TRUUSK.png?fit=2032%2C917&ssl=1","width":2032,"height":917,"caption":"TRUUSK - Hem, Tr\u00e4dg\u00e5rd & Fritid"},"image":{"@id":"https:\/\/truusk.store\/sv\/#\/schema\/logo\/image\/"}}]}},"jetpack_sharing_enabled":true,"_links":{"self":[{"href":"https:\/\/truusk.store\/sv\/wp-json\/wp\/v2\/product\/97395","targetHints":{"allow":["GET"]}}],"collection":[{"href":"https:\/\/truusk.store\/sv\/wp-json\/wp\/v2\/product"}],"about":[{"href":"https:\/\/truusk.store\/sv\/wp-json\/wp\/v2\/types\/product"}],"wp:featuredmedia":[{"embeddable":true,"href":"https:\/\/truusk.store\/sv\/wp-json\/wp\/v2\/media\/97386"}],"wp:attachment":[{"href":"https:\/\/truusk.store\/sv\/wp-json\/wp\/v2\/media?parent=97395"}],"wp:term":[{"taxonomy":"product_brand","embeddable":true,"href":"https:\/\/truusk.store\/sv\/wp-json\/wp\/v2\/product_brand?post=97395"},{"taxonomy":"product_cat","embeddable":true,"href":"https:\/\/truusk.store\/sv\/wp-json\/wp\/v2\/product_cat?post=97395"},{"taxonomy":"product_tag","embeddable":true,"href":"https:\/\/truusk.store\/sv\/wp-json\/wp\/v2\/product_tag?post=97395"}],"curies":[{"name":"wp","href":"https:\/\/api.w.org\/{rel}","templated":true}]}}