{"id":97427,"date":"2025-12-15T04:43:59","date_gmt":"2025-12-15T03:43:59","guid":{"rendered":"https:\/\/truusk.store\/product\/tv-skap-lowboard-med-2-lador-oppet-fack-for-tv-upp-till-47-tum-98-x-29-x-56-cm-svartmorkgra\/"},"modified":"2026-03-12T08:44:52","modified_gmt":"2026-03-12T07:44:52","slug":"truusk-tv-skap-lowboard-med-2-lador-oppet-fack-for-tv-upp-till-47-tum-98-x-29-x-56-cm-svartmorkgra","status":"publish","type":"product","link":"https:\/\/truusk.store\/sv\/produkt\/truusk-tv-skap-lowboard-med-2-lador-oppet-fack-for-tv-upp-till-47-tum-98-x-29-x-56-cm-svartmorkgra\/","title":{"rendered":"TRUUSK TV-sk\u00e5p Lowboard &#8211; Med 2 L\u00e5dor &#8211; \u00d6ppet Fack &#8211; F\u00f6r TV Upp Till 47 Tum &#8211; 98 X 29 X 56 Cm &#8211; Svart+M\u00f6rkgr\u00e5"},"content":{"rendered":"<p>Ge ditt vardagsrum en modern k\u00e4nsla med [BRAND NAME] Lowboard. Den svarta reliefytan och djupgr\u00e5a l\u00e5dorna skapar en stilfull atmosf\u00e4r f\u00f6r avkopplande TV-kv\u00e4llar. Med gener\u00f6st f\u00f6rvaringsutrymme och robusta material erbjuder TV-bordet plats f\u00f6r utrustning och tillbeh\u00f6r, samtidigt som det b\u00e4r upp till 41 kg. Njut av bekymmersfri stabilitet och ett v\u00e4lorganiserat hem.<\/p>\n<p>Beskrivning:<\/p>\n<ul>\n<li> TV-sk\u00e5pet \u00e4r l\u00e4mpligt f\u00f6r TV-apparater upp till 47 tum och erbjuder en s\u00e4ker placering<\/li>\n<li> Tv\u00e5 l\u00e5dor och ett \u00f6ppet fack erbjuder m\u00e5ngsidig f\u00f6rvaring f\u00f6r dina enheter<\/li>\n<li> L\u00e5dorna p\u00e5 TV-lowboardet kan f\u00e4llas in n\u00e4r de inte anv\u00e4nds f\u00f6r att spara utrymme<\/li>\n<li> St\u00e5lramen p\u00e5 TV-kommoden garanterar h\u00f6g stabilitet och h\u00e5llbarhet<\/li>\n<li> Justerbara fotdynor p\u00e5 TV-br\u00e4dan ger stabilitet p\u00e5 oj\u00e4mnt golv och skyddar mot repor<\/li>\n<li> Den tv\u00e5f\u00e4rgade designen p\u00e5 TV-sk\u00e5pet ger ditt rum en modern touch<\/li>\n<li> Montering kr\u00e4vs<\/li>\n<\/ul>\n<p> Tekniska data:<\/p>\n<ul>\n<li> F\u00e4rg: Svart+M\u00f6rkgr\u00e5<\/li>\n<li> Material: Linne (100% Polyester), St\u00e5l, Sp\u00e5nskiva<\/li>\n<li> Totala dimensioner: 98B x 29T x 56H cm<\/li>\n<li> Hyllans dimensioner: 93B x 27,5T x 22H cm<\/li>\n<li> Inre m\u00e5tt p\u00e5 l\u00e5dorna: 44,5B x 26,7T x 21H cm<\/li>\n<li> B\u00e4rf\u00f6rm\u00e5ga: 41 kg (totalt), 3 kg (l\u00e5da), 20 kg (bordsskiva), 15 kg (hylla)<\/li>\n<li> Obs: L\u00e4mplig f\u00f6r TV-apparater upp till 47 tum<\/li>\n<\/ul>\n<p>Leveransinneh\u00e5ll:<\/p>\n<ul>\n<li> 1 x TV-st\u00e4ll<\/li>\n<li> 1 x Bruksanvisning<\/li>\n<\/ul>\n","protected":false},"excerpt":{"rendered":"<p>Ge ditt vardagsrum en modern k\u00e4nsla med [BRAND NAME] Lowboard. Den svarta reliefytan och djupgr\u00e5a l\u00e5dorna skapar en stilfull atmosf\u00e4r&#8230;<\/p>\n","protected":false},"featured_media":97415,"template":"","meta":[],"product_brand":[],"product_cat":[871,1007,910],"product_tag":[],"class_list":{"0":"post-97427","1":"product","2":"type-product","3":"status-publish","4":"has-post-thumbnail","6":"product_cat-hus-hem","7":"product_cat-tv-mobler","8":"product_cat-vardagsrum","10":"first","11":"instock","12":"sale","13":"taxable","14":"shipping-taxable","15":"purchasable","16":"product-type-simple"},"yoast_head":"<!-- This site is optimized with the Yoast SEO plugin v25.4 - https:\/\/yoast.com\/wordpress\/plugins\/seo\/ -->\n<title>TRUUSK TV-sk\u00e5p Lowboard - Med 2 L\u00e5dor - \u00d6ppet Fack - F\u00f6r TV Upp Till 47 Tum - 98 X 29 X 56 Cm - Svart+M\u00f6rkgr\u00e5 - TRUUSK - Hem, Tr\u00e4dg\u00e5rd &amp; Fritid<\/title>\n<meta name=\"robots\" content=\"index, follow, max-snippet:-1, max-image-preview:large, max-video-preview:-1\" \/>\n<link rel=\"canonical\" href=\"https:\/\/truusk.store\/sv\/produkt\/truusk-tv-skap-lowboard-med-2-lador-oppet-fack-for-tv-upp-till-47-tum-98-x-29-x-56-cm-svartmorkgra\/\" \/>\n<meta property=\"og:locale\" content=\"sv_SE\" \/>\n<meta property=\"og:type\" content=\"article\" \/>\n<meta property=\"og:title\" content=\"TRUUSK TV-sk\u00e5p Lowboard - Med 2 L\u00e5dor - \u00d6ppet Fack - F\u00f6r TV Upp Till 47 Tum - 98 X 29 X 56 Cm - Svart+M\u00f6rkgr\u00e5 - TRUUSK - Hem, Tr\u00e4dg\u00e5rd &amp; Fritid\" \/>\n<meta property=\"og:description\" content=\"Ge ditt vardagsrum en modern k\u00e4nsla med [BRAND NAME] Lowboard. Den svarta reliefytan och djupgr\u00e5a l\u00e5dorna skapar en stilfull atmosf\u00e4r...\" \/>\n<meta property=\"og:url\" content=\"https:\/\/truusk.store\/sv\/produkt\/truusk-tv-skap-lowboard-med-2-lador-oppet-fack-for-tv-upp-till-47-tum-98-x-29-x-56-cm-svartmorkgra\/\" \/>\n<meta property=\"og:site_name\" content=\"TRUUSK - Hem, Tr\u00e4dg\u00e5rd &amp; Fritid\" \/>\n<meta property=\"article:modified_time\" content=\"2026-03-12T07:44:52+00:00\" \/>\n<meta property=\"og:image\" content=\"https:\/\/i0.wp.com\/truusk.se\/wp-content\/uploads\/2025\/12\/tv-skap-lowboard-med-2-lador-oppet-fack-for-tv-upp-till-47-tum-98-x-29-x-56-cm-svartmorkgra-1.webp?fit=2000%2C2000&ssl=1\" \/>\n\t<meta property=\"og:image:width\" content=\"2000\" \/>\n\t<meta property=\"og:image:height\" content=\"2000\" \/>\n\t<meta property=\"og:image:type\" content=\"image\/webp\" \/>\n<meta name=\"twitter:card\" content=\"summary_large_image\" \/>\n<meta name=\"twitter:label1\" content=\"Ber\u00e4knad l\u00e4stid\" \/>\n\t<meta name=\"twitter:data1\" content=\"1 minut\" \/>\n<!-- \/ Yoast SEO plugin. -->","yoast_head_json":{"title":"TRUUSK TV-sk\u00e5p Lowboard - Med 2 L\u00e5dor - \u00d6ppet Fack - F\u00f6r TV Upp Till 47 Tum - 98 X 29 X 56 Cm - Svart+M\u00f6rkgr\u00e5 - TRUUSK - Hem, Tr\u00e4dg\u00e5rd &amp; Fritid","robots":{"index":"index","follow":"follow","max-snippet":"max-snippet:-1","max-image-preview":"max-image-preview:large","max-video-preview":"max-video-preview:-1"},"canonical":"https:\/\/truusk.store\/sv\/produkt\/truusk-tv-skap-lowboard-med-2-lador-oppet-fack-for-tv-upp-till-47-tum-98-x-29-x-56-cm-svartmorkgra\/","og_locale":"sv_SE","og_type":"article","og_title":"TRUUSK TV-sk\u00e5p Lowboard - Med 2 L\u00e5dor - \u00d6ppet Fack - F\u00f6r TV Upp Till 47 Tum - 98 X 29 X 56 Cm - Svart+M\u00f6rkgr\u00e5 - TRUUSK - Hem, Tr\u00e4dg\u00e5rd &amp; Fritid","og_description":"Ge ditt vardagsrum en modern k\u00e4nsla med [BRAND NAME] Lowboard. Den svarta reliefytan och djupgr\u00e5a l\u00e5dorna skapar en stilfull atmosf\u00e4r...","og_url":"https:\/\/truusk.store\/sv\/produkt\/truusk-tv-skap-lowboard-med-2-lador-oppet-fack-for-tv-upp-till-47-tum-98-x-29-x-56-cm-svartmorkgra\/","og_site_name":"TRUUSK - Hem, Tr\u00e4dg\u00e5rd &amp; Fritid","article_modified_time":"2026-03-12T07:44:52+00:00","og_image":[{"width":2000,"height":2000,"url":"https:\/\/i0.wp.com\/truusk.se\/wp-content\/uploads\/2025\/12\/tv-skap-lowboard-med-2-lador-oppet-fack-for-tv-upp-till-47-tum-98-x-29-x-56-cm-svartmorkgra-1.webp?fit=2000%2C2000&ssl=1","type":"image\/webp"}],"twitter_card":"summary_large_image","twitter_misc":{"Ber\u00e4knad l\u00e4stid":"1 minut"},"schema":{"@context":"https:\/\/schema.org","@graph":[{"@type":"WebPage","@id":"https:\/\/truusk.store\/sv\/produkt\/truusk-tv-skap-lowboard-med-2-lador-oppet-fack-for-tv-upp-till-47-tum-98-x-29-x-56-cm-svartmorkgra\/","url":"https:\/\/truusk.store\/sv\/produkt\/truusk-tv-skap-lowboard-med-2-lador-oppet-fack-for-tv-upp-till-47-tum-98-x-29-x-56-cm-svartmorkgra\/","name":"TRUUSK TV-sk\u00e5p Lowboard - Med 2 L\u00e5dor - \u00d6ppet Fack - F\u00f6r TV Upp Till 47 Tum - 98 X 29 X 56 Cm - Svart+M\u00f6rkgr\u00e5 - TRUUSK - Hem, Tr\u00e4dg\u00e5rd &amp; Fritid","isPartOf":{"@id":"https:\/\/truusk.store\/sv\/#website"},"primaryImageOfPage":{"@id":"https:\/\/truusk.store\/sv\/produkt\/truusk-tv-skap-lowboard-med-2-lador-oppet-fack-for-tv-upp-till-47-tum-98-x-29-x-56-cm-svartmorkgra\/#primaryimage"},"image":{"@id":"https:\/\/truusk.store\/sv\/produkt\/truusk-tv-skap-lowboard-med-2-lador-oppet-fack-for-tv-upp-till-47-tum-98-x-29-x-56-cm-svartmorkgra\/#primaryimage"},"thumbnailUrl":"https:\/\/i0.wp.com\/truusk.store\/wp-content\/uploads\/2025\/12\/tv-skap-lowboard-med-2-lador-oppet-fack-for-tv-upp-till-47-tum-98-x-29-x-56-cm-svartmorkgra-1.webp?fit=2000%2C2000&ssl=1","datePublished":"2025-12-15T03:43:59+00:00","dateModified":"2026-03-12T07:44:52+00:00","breadcrumb":{"@id":"https:\/\/truusk.store\/sv\/produkt\/truusk-tv-skap-lowboard-med-2-lador-oppet-fack-for-tv-upp-till-47-tum-98-x-29-x-56-cm-svartmorkgra\/#breadcrumb"},"inLanguage":"sv-SE","potentialAction":[{"@type":"ReadAction","target":["https:\/\/truusk.store\/sv\/produkt\/truusk-tv-skap-lowboard-med-2-lador-oppet-fack-for-tv-upp-till-47-tum-98-x-29-x-56-cm-svartmorkgra\/"]}]},{"@type":"ImageObject","inLanguage":"sv-SE","@id":"https:\/\/truusk.store\/sv\/produkt\/truusk-tv-skap-lowboard-med-2-lador-oppet-fack-for-tv-upp-till-47-tum-98-x-29-x-56-cm-svartmorkgra\/#primaryimage","url":"https:\/\/i0.wp.com\/truusk.store\/wp-content\/uploads\/2025\/12\/tv-skap-lowboard-med-2-lador-oppet-fack-for-tv-upp-till-47-tum-98-x-29-x-56-cm-svartmorkgra-1.webp?fit=2000%2C2000&ssl=1","contentUrl":"https:\/\/i0.wp.com\/truusk.store\/wp-content\/uploads\/2025\/12\/tv-skap-lowboard-med-2-lador-oppet-fack-for-tv-upp-till-47-tum-98-x-29-x-56-cm-svartmorkgra-1.webp?fit=2000%2C2000&ssl=1","width":2000,"height":2000},{"@type":"BreadcrumbList","@id":"https:\/\/truusk.store\/sv\/produkt\/truusk-tv-skap-lowboard-med-2-lador-oppet-fack-for-tv-upp-till-47-tum-98-x-29-x-56-cm-svartmorkgra\/#breadcrumb","itemListElement":[{"@type":"ListItem","position":1,"name":"Home","item":"https:\/\/truusk.store\/sv\/"},{"@type":"ListItem","position":2,"name":"Shop","item":"https:\/\/truusk.store\/shop\/"},{"@type":"ListItem","position":3,"name":"TRUUSK TV-sk\u00e5p Lowboard &#8211; Med 2 L\u00e5dor &#8211; \u00d6ppet Fack &#8211; F\u00f6r TV Upp Till 47 Tum &#8211; 98 X 29 X 56 Cm &#8211; Svart+M\u00f6rkgr\u00e5"}]},{"@type":"WebSite","@id":"https:\/\/truusk.store\/sv\/#website","url":"https:\/\/truusk.store\/sv\/","name":"TRUUSK - Hem, Tr\u00e4dg\u00e5rd & Fritid","description":"","publisher":{"@id":"https:\/\/truusk.store\/sv\/#organization"},"potentialAction":[{"@type":"SearchAction","target":{"@type":"EntryPoint","urlTemplate":"https:\/\/truusk.store\/sv\/?s={search_term_string}"},"query-input":{"@type":"PropertyValueSpecification","valueRequired":true,"valueName":"search_term_string"}}],"inLanguage":"sv-SE"},{"@type":"Organization","@id":"https:\/\/truusk.store\/sv\/#organization","name":"TRUUSK - Hem, Tr\u00e4dg\u00e5rd & Fritid","url":"https:\/\/truusk.store\/sv\/","logo":{"@type":"ImageObject","inLanguage":"sv-SE","@id":"https:\/\/truusk.store\/sv\/#\/schema\/logo\/image\/","url":"https:\/\/i0.wp.com\/truusk.store\/wp-content\/uploads\/2026\/03\/cropped-TRUUSK.png?fit=2032%2C917&ssl=1","contentUrl":"https:\/\/i0.wp.com\/truusk.store\/wp-content\/uploads\/2026\/03\/cropped-TRUUSK.png?fit=2032%2C917&ssl=1","width":2032,"height":917,"caption":"TRUUSK - Hem, Tr\u00e4dg\u00e5rd & Fritid"},"image":{"@id":"https:\/\/truusk.store\/sv\/#\/schema\/logo\/image\/"}}]}},"jetpack_sharing_enabled":true,"_links":{"self":[{"href":"https:\/\/truusk.store\/sv\/wp-json\/wp\/v2\/product\/97427","targetHints":{"allow":["GET"]}}],"collection":[{"href":"https:\/\/truusk.store\/sv\/wp-json\/wp\/v2\/product"}],"about":[{"href":"https:\/\/truusk.store\/sv\/wp-json\/wp\/v2\/types\/product"}],"wp:featuredmedia":[{"embeddable":true,"href":"https:\/\/truusk.store\/sv\/wp-json\/wp\/v2\/media\/97415"}],"wp:attachment":[{"href":"https:\/\/truusk.store\/sv\/wp-json\/wp\/v2\/media?parent=97427"}],"wp:term":[{"taxonomy":"product_brand","embeddable":true,"href":"https:\/\/truusk.store\/sv\/wp-json\/wp\/v2\/product_brand?post=97427"},{"taxonomy":"product_cat","embeddable":true,"href":"https:\/\/truusk.store\/sv\/wp-json\/wp\/v2\/product_cat?post=97427"},{"taxonomy":"product_tag","embeddable":true,"href":"https:\/\/truusk.store\/sv\/wp-json\/wp\/v2\/product_tag?post=97427"}],"curies":[{"name":"wp","href":"https:\/\/api.w.org\/{rel}","templated":true}]}}