{"id":97442,"date":"2025-12-15T04:44:59","date_gmt":"2025-12-15T03:44:59","guid":{"rendered":"https:\/\/truusk.store\/product\/rodmaskin-for-traning-vaggmonterad-traningsutrustning-kabelmaskin-for-hemgym-stal-svart\/"},"modified":"2026-03-12T08:45:26","modified_gmt":"2026-03-12T07:45:26","slug":"truusk-rodmaskin-for-hemgym-vaggmonterad-stalmaskin-svart-traningsutrustning-kabelmaskin-traning","status":"publish","type":"product","link":"https:\/\/truusk.store\/sv\/produkt\/truusk-rodmaskin-for-hemgym-vaggmonterad-stalmaskin-svart-traningsutrustning-kabelmaskin-traning\/","title":{"rendered":"TRUUSK Rodmaskin f\u00f6r Hemgym &#8211; V\u00e4ggmonterad St\u00e5lmaskin &#8211; Svart &#8211; Tr\u00e4ningsutrustning &#8211; Kabelmaskin &#8211; Tr\u00e4ning"},"content":{"rendered":"<p>Sv\u00e5righeter att f\u00e5 plats med ett komplett tr\u00e4ningspass i ett fullt hem? Utnyttja nu den oanv\u00e4nda h\u00f6rnet optimalt! Denna [BRAND NAME] v\u00e4ggmonterade lat dragtorn omvandlar litet utrymme till en personlig tr\u00e4ningsplats. Med denna kompakta kabeldragstation kan du njuta av helkroppstr\u00e4ning &#8211; fr\u00e5n rodd\u00f6vningar till intensiva str\u00e4ckningar. Upplev gymkvalitet och ordning direkt hemma med lat dragmaskinen.<\/p>\n<p>Beskrivning:<\/p>\n<ul>\n<li> Erbjuder olika \u00f6vningar som drag och rodd f\u00f6r att tr\u00e4na hela \u00f6verkroppen<\/li>\n<li> Den kompakta, v\u00e4ggmonterade designen p\u00e5 kabeldragstationen passar perfekt i sm\u00e5 utrymmen eller garage<\/li>\n<li> En 103 cm bred st\u00e5ng och 89 cm r\u00f6relsebana f\u00f6r kabeltornet garanterar en full r\u00f6relseradius<\/li>\n<li> Vikth\u00e5llarna p\u00e5 lat dragmaskinen st\u00f6der upp till 100 kg f\u00f6r din progressiva \u00f6verbelastningstr\u00e4ning<\/li>\n<li> Anpassa din tr\u00e4ning med standard 2,5 cm plattor, s\u00e4kerhetsclips ing\u00e5r<\/li>\n<li> Kan enkelt monteras p\u00e5 betong-, tegel- eller massiva tr\u00e4v\u00e4ggar f\u00f6r en m\u00e5ngsidig installation<\/li>\n<\/ul>\n<p> Tekniska data:<\/p>\n<ul>\n<li> F\u00e4rg: Svart<\/li>\n<li> Material: St\u00e5l<\/li>\n<li> Totala dimensioner: 75L x 16B x 192H cm<\/li>\n<li> Handtagets l\u00e4ngd: 103 cm<\/li>\n<li> Maximal utdragl\u00e4ngd: 89 cm<\/li>\n<li> Diameter p\u00e5 viktplattst\u00e5ngen: 2,5 cm<\/li>\n<li> Maximal vikt p\u00e5 viktplattan: 50 kg (enskilt), 100 kg (b\u00e5da)<\/li>\n<li> Maximal anv\u00e4ndarvikt: 120 kg<\/li>\n<\/ul>\n<p>Leverans inneh\u00e5ller:<\/p>\n<ul>\n<li> 1 x Lat dragmaskin<\/li>\n<li> 1 x Handbok<\/li>\n<\/ul>\n","protected":false},"excerpt":{"rendered":"<p>Sv\u00e5righeter att f\u00e5 plats med ett komplett tr\u00e4ningspass i ett fullt hem? Utnyttja nu den oanv\u00e4nda h\u00f6rnet optimalt! Denna [BRAND&#8230;<\/p>\n","protected":false},"featured_media":97424,"template":"","meta":[],"product_brand":[],"product_cat":[873,647,665],"product_tag":[],"class_list":{"0":"post-97442","1":"product","2":"type-product","3":"status-publish","4":"has-post-thumbnail","6":"product_cat-fitness-styrketraning","7":"product_cat-sport-fritid","8":"product_cat-styrketraning","10":"first","11":"instock","12":"sale","13":"taxable","14":"shipping-taxable","15":"purchasable","16":"product-type-simple"},"yoast_head":"<!-- This site is optimized with the Yoast SEO plugin v25.4 - https:\/\/yoast.com\/wordpress\/plugins\/seo\/ -->\n<title>TRUUSK Rodmaskin f\u00f6r Hemgym - V\u00e4ggmonterad St\u00e5lmaskin - Svart - Tr\u00e4ningsutrustning - Kabelmaskin - Tr\u00e4ning - TRUUSK - Hem, Tr\u00e4dg\u00e5rd &amp; Fritid<\/title>\n<meta name=\"robots\" content=\"index, follow, max-snippet:-1, max-image-preview:large, max-video-preview:-1\" \/>\n<link rel=\"canonical\" href=\"https:\/\/truusk.store\/sv\/produkt\/truusk-rodmaskin-for-hemgym-vaggmonterad-stalmaskin-svart-traningsutrustning-kabelmaskin-traning\/\" \/>\n<meta property=\"og:locale\" content=\"sv_SE\" \/>\n<meta property=\"og:type\" content=\"article\" \/>\n<meta property=\"og:title\" content=\"TRUUSK Rodmaskin f\u00f6r Hemgym - V\u00e4ggmonterad St\u00e5lmaskin - Svart - Tr\u00e4ningsutrustning - Kabelmaskin - Tr\u00e4ning - TRUUSK - Hem, Tr\u00e4dg\u00e5rd &amp; Fritid\" \/>\n<meta property=\"og:description\" content=\"Sv\u00e5righeter att f\u00e5 plats med ett komplett tr\u00e4ningspass i ett fullt hem? Utnyttja nu den oanv\u00e4nda h\u00f6rnet optimalt! Denna [BRAND...\" \/>\n<meta property=\"og:url\" content=\"https:\/\/truusk.store\/sv\/produkt\/truusk-rodmaskin-for-hemgym-vaggmonterad-stalmaskin-svart-traningsutrustning-kabelmaskin-traning\/\" \/>\n<meta property=\"og:site_name\" content=\"TRUUSK - Hem, Tr\u00e4dg\u00e5rd &amp; Fritid\" \/>\n<meta property=\"article:modified_time\" content=\"2026-03-12T07:45:26+00:00\" \/>\n<meta property=\"og:image\" content=\"https:\/\/i0.wp.com\/truusk.se\/wp-content\/uploads\/2025\/12\/rodmaskin-for-traning-vaggmonterad-traningsutrustning-kabelmaskin-for-hemgym-stal-svart-1.webp?fit=2000%2C2000&ssl=1\" \/>\n\t<meta property=\"og:image:width\" content=\"2000\" \/>\n\t<meta property=\"og:image:height\" content=\"2000\" \/>\n\t<meta property=\"og:image:type\" content=\"image\/webp\" \/>\n<meta name=\"twitter:card\" content=\"summary_large_image\" \/>\n<meta name=\"twitter:label1\" content=\"Ber\u00e4knad l\u00e4stid\" \/>\n\t<meta name=\"twitter:data1\" content=\"1 minut\" \/>\n<!-- \/ Yoast SEO plugin. -->","yoast_head_json":{"title":"TRUUSK Rodmaskin f\u00f6r Hemgym - V\u00e4ggmonterad St\u00e5lmaskin - Svart - Tr\u00e4ningsutrustning - Kabelmaskin - Tr\u00e4ning - TRUUSK - Hem, Tr\u00e4dg\u00e5rd &amp; Fritid","robots":{"index":"index","follow":"follow","max-snippet":"max-snippet:-1","max-image-preview":"max-image-preview:large","max-video-preview":"max-video-preview:-1"},"canonical":"https:\/\/truusk.store\/sv\/produkt\/truusk-rodmaskin-for-hemgym-vaggmonterad-stalmaskin-svart-traningsutrustning-kabelmaskin-traning\/","og_locale":"sv_SE","og_type":"article","og_title":"TRUUSK Rodmaskin f\u00f6r Hemgym - V\u00e4ggmonterad St\u00e5lmaskin - Svart - Tr\u00e4ningsutrustning - Kabelmaskin - Tr\u00e4ning - TRUUSK - Hem, Tr\u00e4dg\u00e5rd &amp; Fritid","og_description":"Sv\u00e5righeter att f\u00e5 plats med ett komplett tr\u00e4ningspass i ett fullt hem? Utnyttja nu den oanv\u00e4nda h\u00f6rnet optimalt! Denna [BRAND...","og_url":"https:\/\/truusk.store\/sv\/produkt\/truusk-rodmaskin-for-hemgym-vaggmonterad-stalmaskin-svart-traningsutrustning-kabelmaskin-traning\/","og_site_name":"TRUUSK - Hem, Tr\u00e4dg\u00e5rd &amp; Fritid","article_modified_time":"2026-03-12T07:45:26+00:00","og_image":[{"width":2000,"height":2000,"url":"https:\/\/i0.wp.com\/truusk.se\/wp-content\/uploads\/2025\/12\/rodmaskin-for-traning-vaggmonterad-traningsutrustning-kabelmaskin-for-hemgym-stal-svart-1.webp?fit=2000%2C2000&ssl=1","type":"image\/webp"}],"twitter_card":"summary_large_image","twitter_misc":{"Ber\u00e4knad l\u00e4stid":"1 minut"},"schema":{"@context":"https:\/\/schema.org","@graph":[{"@type":"WebPage","@id":"https:\/\/truusk.store\/sv\/produkt\/truusk-rodmaskin-for-hemgym-vaggmonterad-stalmaskin-svart-traningsutrustning-kabelmaskin-traning\/","url":"https:\/\/truusk.store\/sv\/produkt\/truusk-rodmaskin-for-hemgym-vaggmonterad-stalmaskin-svart-traningsutrustning-kabelmaskin-traning\/","name":"TRUUSK Rodmaskin f\u00f6r Hemgym - V\u00e4ggmonterad St\u00e5lmaskin - Svart - Tr\u00e4ningsutrustning - Kabelmaskin - Tr\u00e4ning - TRUUSK - Hem, Tr\u00e4dg\u00e5rd &amp; Fritid","isPartOf":{"@id":"https:\/\/truusk.store\/sv\/#website"},"primaryImageOfPage":{"@id":"https:\/\/truusk.store\/sv\/produkt\/truusk-rodmaskin-for-hemgym-vaggmonterad-stalmaskin-svart-traningsutrustning-kabelmaskin-traning\/#primaryimage"},"image":{"@id":"https:\/\/truusk.store\/sv\/produkt\/truusk-rodmaskin-for-hemgym-vaggmonterad-stalmaskin-svart-traningsutrustning-kabelmaskin-traning\/#primaryimage"},"thumbnailUrl":"https:\/\/i0.wp.com\/truusk.store\/wp-content\/uploads\/2025\/12\/rodmaskin-for-traning-vaggmonterad-traningsutrustning-kabelmaskin-for-hemgym-stal-svart-1.webp?fit=2000%2C2000&ssl=1","datePublished":"2025-12-15T03:44:59+00:00","dateModified":"2026-03-12T07:45:26+00:00","breadcrumb":{"@id":"https:\/\/truusk.store\/sv\/produkt\/truusk-rodmaskin-for-hemgym-vaggmonterad-stalmaskin-svart-traningsutrustning-kabelmaskin-traning\/#breadcrumb"},"inLanguage":"sv-SE","potentialAction":[{"@type":"ReadAction","target":["https:\/\/truusk.store\/sv\/produkt\/truusk-rodmaskin-for-hemgym-vaggmonterad-stalmaskin-svart-traningsutrustning-kabelmaskin-traning\/"]}]},{"@type":"ImageObject","inLanguage":"sv-SE","@id":"https:\/\/truusk.store\/sv\/produkt\/truusk-rodmaskin-for-hemgym-vaggmonterad-stalmaskin-svart-traningsutrustning-kabelmaskin-traning\/#primaryimage","url":"https:\/\/i0.wp.com\/truusk.store\/wp-content\/uploads\/2025\/12\/rodmaskin-for-traning-vaggmonterad-traningsutrustning-kabelmaskin-for-hemgym-stal-svart-1.webp?fit=2000%2C2000&ssl=1","contentUrl":"https:\/\/i0.wp.com\/truusk.store\/wp-content\/uploads\/2025\/12\/rodmaskin-for-traning-vaggmonterad-traningsutrustning-kabelmaskin-for-hemgym-stal-svart-1.webp?fit=2000%2C2000&ssl=1","width":2000,"height":2000},{"@type":"BreadcrumbList","@id":"https:\/\/truusk.store\/sv\/produkt\/truusk-rodmaskin-for-hemgym-vaggmonterad-stalmaskin-svart-traningsutrustning-kabelmaskin-traning\/#breadcrumb","itemListElement":[{"@type":"ListItem","position":1,"name":"Home","item":"https:\/\/truusk.store\/sv\/"},{"@type":"ListItem","position":2,"name":"Shop","item":"https:\/\/truusk.store\/shop\/"},{"@type":"ListItem","position":3,"name":"TRUUSK Rodmaskin f\u00f6r Hemgym &#8211; V\u00e4ggmonterad St\u00e5lmaskin &#8211; Svart &#8211; Tr\u00e4ningsutrustning &#8211; Kabelmaskin &#8211; Tr\u00e4ning"}]},{"@type":"WebSite","@id":"https:\/\/truusk.store\/sv\/#website","url":"https:\/\/truusk.store\/sv\/","name":"TRUUSK - Hem, Tr\u00e4dg\u00e5rd & Fritid","description":"","publisher":{"@id":"https:\/\/truusk.store\/sv\/#organization"},"potentialAction":[{"@type":"SearchAction","target":{"@type":"EntryPoint","urlTemplate":"https:\/\/truusk.store\/sv\/?s={search_term_string}"},"query-input":{"@type":"PropertyValueSpecification","valueRequired":true,"valueName":"search_term_string"}}],"inLanguage":"sv-SE"},{"@type":"Organization","@id":"https:\/\/truusk.store\/sv\/#organization","name":"TRUUSK - Hem, Tr\u00e4dg\u00e5rd & Fritid","url":"https:\/\/truusk.store\/sv\/","logo":{"@type":"ImageObject","inLanguage":"sv-SE","@id":"https:\/\/truusk.store\/sv\/#\/schema\/logo\/image\/","url":"https:\/\/i0.wp.com\/truusk.store\/wp-content\/uploads\/2026\/03\/cropped-TRUUSK.png?fit=2032%2C917&ssl=1","contentUrl":"https:\/\/i0.wp.com\/truusk.store\/wp-content\/uploads\/2026\/03\/cropped-TRUUSK.png?fit=2032%2C917&ssl=1","width":2032,"height":917,"caption":"TRUUSK - Hem, Tr\u00e4dg\u00e5rd & Fritid"},"image":{"@id":"https:\/\/truusk.store\/sv\/#\/schema\/logo\/image\/"}}]}},"jetpack_sharing_enabled":true,"_links":{"self":[{"href":"https:\/\/truusk.store\/sv\/wp-json\/wp\/v2\/product\/97442","targetHints":{"allow":["GET"]}}],"collection":[{"href":"https:\/\/truusk.store\/sv\/wp-json\/wp\/v2\/product"}],"about":[{"href":"https:\/\/truusk.store\/sv\/wp-json\/wp\/v2\/types\/product"}],"wp:featuredmedia":[{"embeddable":true,"href":"https:\/\/truusk.store\/sv\/wp-json\/wp\/v2\/media\/97424"}],"wp:attachment":[{"href":"https:\/\/truusk.store\/sv\/wp-json\/wp\/v2\/media?parent=97442"}],"wp:term":[{"taxonomy":"product_brand","embeddable":true,"href":"https:\/\/truusk.store\/sv\/wp-json\/wp\/v2\/product_brand?post=97442"},{"taxonomy":"product_cat","embeddable":true,"href":"https:\/\/truusk.store\/sv\/wp-json\/wp\/v2\/product_cat?post=97442"},{"taxonomy":"product_tag","embeddable":true,"href":"https:\/\/truusk.store\/sv\/wp-json\/wp\/v2\/product_tag?post=97442"}],"curies":[{"name":"wp","href":"https:\/\/api.w.org\/{rel}","templated":true}]}}