{"id":9746,"date":"2024-02-13T09:53:44","date_gmt":"2024-02-13T08:53:44","guid":{"rendered":"https:\/\/truusk.store\/product\/smadjursstall-smadjursbur-2-utomhusinhagnader-2-ramper-309-cm-x-79-cm-x-86-cm-natur-gron\/"},"modified":"2026-03-12T08:56:13","modified_gmt":"2026-03-12T07:56:13","slug":"truusk-smadjursstall-smadjursbur-2-utomhusinhagnader-2-ramper-309-cm-x-79-cm-x-86-cm-natur-gron","status":"publish","type":"product","link":"https:\/\/truusk.store\/sv\/produkt\/truusk-smadjursstall-smadjursbur-2-utomhusinhagnader-2-ramper-309-cm-x-79-cm-x-86-cm-natur-gron\/","title":{"rendered":"TRUUSK Sm\u00e5djursstall Sm\u00e5djursbur &#8211; 2 Utomhusinh\u00e4gnader &#8211; 2 Ramper &#8211; 309 cm x 79 cm x 86 cm &#8211; Natur + Gr\u00f6n"},"content":{"rendered":"<p>V\u00e5rt stall erbjuder sm\u00e5 djur ett rymligt utehem. Den \u00e4r enkel att montera, s\u00e4ker tillverkad och utrustad med praktisk \u00e5tkomst f\u00f6r m\u00e4nniskor och djur. Med sina gener\u00f6sa m\u00e5tt erbjuder ditt sm\u00e5djursstall tillr\u00e4ckligt med ledigt utrymme f\u00f6r dina sm\u00e5djur. Ditt sm\u00e5djursstall \u00e4r tillverkat av massivt grantr\u00e4. Basbrickan kan enkelt tas bort f\u00f6r enkel reng\u00f6ring.<\/p>\n<h3>Beskrivning:<\/h3>\n<ul>\n<li>L\u00e4mplig f\u00f6r sm\u00e5 djur som marsvin eller dv\u00e4rgkaniner<\/li>\n<li>Tv\u00e5 v\u00e5ningar f\u00f6rbundna med ramper<\/li>\n<li>\u00d6verv\u00e5ningen \u00e4r utrustad med en nedre l\u00e5da<\/li>\n<li>Den nedre v\u00e5ningen erbjuder dina djur utrymme att springa<\/li>\n<li>Sm\u00e5djursstallet har ett avtagbart tak<\/li>\n<li>Avtagbar bottenplatta ger enkel \u00e5tkomst f\u00f6r reng\u00f6ring<\/li>\n<li>St\u00e4ngsel med galvaniserad tr\u00e5d<\/li>\n<li>Taket \u00e4r t\u00e4ckt med gr\u00f6n takpapp<\/li>\n<li>Enkel och snabb montering<\/li>\n<li>Obs: Ej l\u00e4mplig f\u00f6r l\u00e5ngh\u00e5riga angorakaniner och passar upp till tv\u00e5 kaniner<\/li>\n<\/ul>\n<h3>Teknisk data:<\/h3>\n<ul>\n<li>Material: gran<\/li>\n<li>F\u00e4rg: Naturlig<\/li>\n<li>\u00d6vergripande m\u00e5tt: L309 x B79 x H86cm<\/li>\n<li>Utomhussk\u00e5psm\u00e5tt: L103 x B73 x H59cm<\/li>\n<li>M\u00e5tt p\u00e5 huvudbyggnadsd\u00f6rr: L37,5 x B27,5cm<\/li>\n<li>\u00c5tkomstd\u00f6rrens m\u00e5tt: L21,5 x B31cm<\/li>\n<li>Rampens m\u00e5tt: L16 x B60 cm<\/li>\n<\/ul>\n<h3>Leveransens omfattning:<\/h3>\n<ul>\n<li>1 x sm\u00e5djurshydda<\/li>\n<li>1 x Instruktioner<\/li>\n<\/ul>\n","protected":false},"excerpt":{"rendered":"<p>V\u00e5rt stall erbjuder sm\u00e5 djur ett rymligt utehem. Den \u00e4r enkel att montera, s\u00e4ker tillverkad och utrustad med praktisk \u00e5tkomst&#8230;<\/p>\n","protected":false},"featured_media":9747,"template":"","meta":[],"product_brand":[],"product_cat":[573,598,597],"product_tag":[],"class_list":{"0":"post-9746","1":"product","2":"type-product","3":"status-publish","4":"has-post-thumbnail","6":"product_cat-husdjursmaterial","7":"product_cat-sma-djurstallar","8":"product_cat-sma-djurtillbehor","10":"first","11":"instock","12":"sale","13":"taxable","14":"shipping-taxable","15":"purchasable","16":"product-type-simple"},"yoast_head":"<!-- This site is optimized with the Yoast SEO plugin v25.4 - https:\/\/yoast.com\/wordpress\/plugins\/seo\/ -->\n<title>TRUUSK Sm\u00e5djursstall Sm\u00e5djursbur - 2 Utomhusinh\u00e4gnader - 2 Ramper - 309 cm x 79 cm x 86 cm - Natur + Gr\u00f6n - TRUUSK - Hem, Tr\u00e4dg\u00e5rd &amp; Fritid<\/title>\n<meta name=\"robots\" content=\"index, follow, max-snippet:-1, max-image-preview:large, max-video-preview:-1\" \/>\n<link rel=\"canonical\" href=\"https:\/\/truusk.store\/sv\/produkt\/truusk-smadjursstall-smadjursbur-2-utomhusinhagnader-2-ramper-309-cm-x-79-cm-x-86-cm-natur-gron\/\" \/>\n<meta property=\"og:locale\" content=\"sv_SE\" \/>\n<meta property=\"og:type\" content=\"article\" \/>\n<meta property=\"og:title\" content=\"TRUUSK Sm\u00e5djursstall Sm\u00e5djursbur - 2 Utomhusinh\u00e4gnader - 2 Ramper - 309 cm x 79 cm x 86 cm - Natur + Gr\u00f6n - TRUUSK - Hem, Tr\u00e4dg\u00e5rd &amp; Fritid\" \/>\n<meta property=\"og:description\" content=\"V\u00e5rt stall erbjuder sm\u00e5 djur ett rymligt utehem. Den \u00e4r enkel att montera, s\u00e4ker tillverkad och utrustad med praktisk \u00e5tkomst...\" \/>\n<meta property=\"og:url\" content=\"https:\/\/truusk.store\/sv\/produkt\/truusk-smadjursstall-smadjursbur-2-utomhusinhagnader-2-ramper-309-cm-x-79-cm-x-86-cm-natur-gron\/\" \/>\n<meta property=\"og:site_name\" content=\"TRUUSK - Hem, Tr\u00e4dg\u00e5rd &amp; Fritid\" \/>\n<meta property=\"article:modified_time\" content=\"2026-03-12T07:56:13+00:00\" \/>\n<meta property=\"og:image\" content=\"https:\/\/i0.wp.com\/truusk.se\/wp-content\/uploads\/2024\/02\/smadjursstall-smadjursbur-2-utomhusinhagnader-2-ramper-309-cm-x-79-cm-x-86-cm-natur-gron.webp?fit=800%2C800&ssl=1\" \/>\n\t<meta property=\"og:image:width\" content=\"800\" \/>\n\t<meta property=\"og:image:height\" content=\"800\" \/>\n\t<meta property=\"og:image:type\" content=\"image\/webp\" \/>\n<meta name=\"twitter:card\" content=\"summary_large_image\" \/>\n<meta name=\"twitter:label1\" content=\"Ber\u00e4knad l\u00e4stid\" \/>\n\t<meta name=\"twitter:data1\" content=\"1 minut\" \/>\n<!-- \/ Yoast SEO plugin. -->","yoast_head_json":{"title":"TRUUSK Sm\u00e5djursstall Sm\u00e5djursbur - 2 Utomhusinh\u00e4gnader - 2 Ramper - 309 cm x 79 cm x 86 cm - Natur + Gr\u00f6n - TRUUSK - Hem, Tr\u00e4dg\u00e5rd &amp; Fritid","robots":{"index":"index","follow":"follow","max-snippet":"max-snippet:-1","max-image-preview":"max-image-preview:large","max-video-preview":"max-video-preview:-1"},"canonical":"https:\/\/truusk.store\/sv\/produkt\/truusk-smadjursstall-smadjursbur-2-utomhusinhagnader-2-ramper-309-cm-x-79-cm-x-86-cm-natur-gron\/","og_locale":"sv_SE","og_type":"article","og_title":"TRUUSK Sm\u00e5djursstall Sm\u00e5djursbur - 2 Utomhusinh\u00e4gnader - 2 Ramper - 309 cm x 79 cm x 86 cm - Natur + Gr\u00f6n - TRUUSK - Hem, Tr\u00e4dg\u00e5rd &amp; Fritid","og_description":"V\u00e5rt stall erbjuder sm\u00e5 djur ett rymligt utehem. Den \u00e4r enkel att montera, s\u00e4ker tillverkad och utrustad med praktisk \u00e5tkomst...","og_url":"https:\/\/truusk.store\/sv\/produkt\/truusk-smadjursstall-smadjursbur-2-utomhusinhagnader-2-ramper-309-cm-x-79-cm-x-86-cm-natur-gron\/","og_site_name":"TRUUSK - Hem, Tr\u00e4dg\u00e5rd &amp; Fritid","article_modified_time":"2026-03-12T07:56:13+00:00","og_image":[{"width":800,"height":800,"url":"https:\/\/i0.wp.com\/truusk.se\/wp-content\/uploads\/2024\/02\/smadjursstall-smadjursbur-2-utomhusinhagnader-2-ramper-309-cm-x-79-cm-x-86-cm-natur-gron.webp?fit=800%2C800&ssl=1","type":"image\/webp"}],"twitter_card":"summary_large_image","twitter_misc":{"Ber\u00e4knad l\u00e4stid":"1 minut"},"schema":{"@context":"https:\/\/schema.org","@graph":[{"@type":"WebPage","@id":"https:\/\/truusk.store\/sv\/produkt\/truusk-smadjursstall-smadjursbur-2-utomhusinhagnader-2-ramper-309-cm-x-79-cm-x-86-cm-natur-gron\/","url":"https:\/\/truusk.store\/sv\/produkt\/truusk-smadjursstall-smadjursbur-2-utomhusinhagnader-2-ramper-309-cm-x-79-cm-x-86-cm-natur-gron\/","name":"TRUUSK Sm\u00e5djursstall Sm\u00e5djursbur - 2 Utomhusinh\u00e4gnader - 2 Ramper - 309 cm x 79 cm x 86 cm - Natur + Gr\u00f6n - TRUUSK - Hem, Tr\u00e4dg\u00e5rd &amp; Fritid","isPartOf":{"@id":"https:\/\/truusk.store\/sv\/#website"},"primaryImageOfPage":{"@id":"https:\/\/truusk.store\/sv\/produkt\/truusk-smadjursstall-smadjursbur-2-utomhusinhagnader-2-ramper-309-cm-x-79-cm-x-86-cm-natur-gron\/#primaryimage"},"image":{"@id":"https:\/\/truusk.store\/sv\/produkt\/truusk-smadjursstall-smadjursbur-2-utomhusinhagnader-2-ramper-309-cm-x-79-cm-x-86-cm-natur-gron\/#primaryimage"},"thumbnailUrl":"https:\/\/i0.wp.com\/truusk.store\/wp-content\/uploads\/2024\/02\/smadjursstall-smadjursbur-2-utomhusinhagnader-2-ramper-309-cm-x-79-cm-x-86-cm-natur-gron.webp?fit=800%2C800&ssl=1","datePublished":"2024-02-13T08:53:44+00:00","dateModified":"2026-03-12T07:56:13+00:00","breadcrumb":{"@id":"https:\/\/truusk.store\/sv\/produkt\/truusk-smadjursstall-smadjursbur-2-utomhusinhagnader-2-ramper-309-cm-x-79-cm-x-86-cm-natur-gron\/#breadcrumb"},"inLanguage":"sv-SE","potentialAction":[{"@type":"ReadAction","target":["https:\/\/truusk.store\/sv\/produkt\/truusk-smadjursstall-smadjursbur-2-utomhusinhagnader-2-ramper-309-cm-x-79-cm-x-86-cm-natur-gron\/"]}]},{"@type":"ImageObject","inLanguage":"sv-SE","@id":"https:\/\/truusk.store\/sv\/produkt\/truusk-smadjursstall-smadjursbur-2-utomhusinhagnader-2-ramper-309-cm-x-79-cm-x-86-cm-natur-gron\/#primaryimage","url":"https:\/\/i0.wp.com\/truusk.store\/wp-content\/uploads\/2024\/02\/smadjursstall-smadjursbur-2-utomhusinhagnader-2-ramper-309-cm-x-79-cm-x-86-cm-natur-gron.webp?fit=800%2C800&ssl=1","contentUrl":"https:\/\/i0.wp.com\/truusk.store\/wp-content\/uploads\/2024\/02\/smadjursstall-smadjursbur-2-utomhusinhagnader-2-ramper-309-cm-x-79-cm-x-86-cm-natur-gron.webp?fit=800%2C800&ssl=1","width":800,"height":800,"caption":"Sm\u00e5djursstall Sm\u00e5djursbur, 2 Utomhusinh\u00e4gnader, 2 Ramper, 309 Cm X 79 Cm X 86 Cm, Natur + Gr\u00f6n 1"},{"@type":"BreadcrumbList","@id":"https:\/\/truusk.store\/sv\/produkt\/truusk-smadjursstall-smadjursbur-2-utomhusinhagnader-2-ramper-309-cm-x-79-cm-x-86-cm-natur-gron\/#breadcrumb","itemListElement":[{"@type":"ListItem","position":1,"name":"Home","item":"https:\/\/truusk.store\/sv\/"},{"@type":"ListItem","position":2,"name":"Shop","item":"https:\/\/truusk.store\/shop\/"},{"@type":"ListItem","position":3,"name":"TRUUSK Sm\u00e5djursstall Sm\u00e5djursbur &#8211; 2 Utomhusinh\u00e4gnader &#8211; 2 Ramper &#8211; 309 cm x 79 cm x 86 cm &#8211; Natur + Gr\u00f6n"}]},{"@type":"WebSite","@id":"https:\/\/truusk.store\/sv\/#website","url":"https:\/\/truusk.store\/sv\/","name":"TRUUSK - Hem, Tr\u00e4dg\u00e5rd & Fritid","description":"","publisher":{"@id":"https:\/\/truusk.store\/sv\/#organization"},"potentialAction":[{"@type":"SearchAction","target":{"@type":"EntryPoint","urlTemplate":"https:\/\/truusk.store\/sv\/?s={search_term_string}"},"query-input":{"@type":"PropertyValueSpecification","valueRequired":true,"valueName":"search_term_string"}}],"inLanguage":"sv-SE"},{"@type":"Organization","@id":"https:\/\/truusk.store\/sv\/#organization","name":"TRUUSK - Hem, Tr\u00e4dg\u00e5rd & Fritid","url":"https:\/\/truusk.store\/sv\/","logo":{"@type":"ImageObject","inLanguage":"sv-SE","@id":"https:\/\/truusk.store\/sv\/#\/schema\/logo\/image\/","url":"https:\/\/i0.wp.com\/truusk.store\/wp-content\/uploads\/2026\/03\/cropped-TRUUSK.png?fit=2032%2C917&ssl=1","contentUrl":"https:\/\/i0.wp.com\/truusk.store\/wp-content\/uploads\/2026\/03\/cropped-TRUUSK.png?fit=2032%2C917&ssl=1","width":2032,"height":917,"caption":"TRUUSK - Hem, Tr\u00e4dg\u00e5rd & Fritid"},"image":{"@id":"https:\/\/truusk.store\/sv\/#\/schema\/logo\/image\/"}}]}},"jetpack_sharing_enabled":true,"_links":{"self":[{"href":"https:\/\/truusk.store\/sv\/wp-json\/wp\/v2\/product\/9746","targetHints":{"allow":["GET"]}}],"collection":[{"href":"https:\/\/truusk.store\/sv\/wp-json\/wp\/v2\/product"}],"about":[{"href":"https:\/\/truusk.store\/sv\/wp-json\/wp\/v2\/types\/product"}],"wp:featuredmedia":[{"embeddable":true,"href":"https:\/\/truusk.store\/sv\/wp-json\/wp\/v2\/media\/9747"}],"wp:attachment":[{"href":"https:\/\/truusk.store\/sv\/wp-json\/wp\/v2\/media?parent=9746"}],"wp:term":[{"taxonomy":"product_brand","embeddable":true,"href":"https:\/\/truusk.store\/sv\/wp-json\/wp\/v2\/product_brand?post=9746"},{"taxonomy":"product_cat","embeddable":true,"href":"https:\/\/truusk.store\/sv\/wp-json\/wp\/v2\/product_cat?post=9746"},{"taxonomy":"product_tag","embeddable":true,"href":"https:\/\/truusk.store\/sv\/wp-json\/wp\/v2\/product_tag?post=9746"}],"curies":[{"name":"wp","href":"https:\/\/api.w.org\/{rel}","templated":true}]}}