{"id":97475,"date":"2025-12-15T04:50:05","date_gmt":"2025-12-15T03:50:05","guid":{"rendered":"https:\/\/truusk.store\/product\/60-l-soptunna-med-fotpedal-rostfritt-stal-avfallstunna-med-mjukt-stangande-lock-silverfargad\/"},"modified":"2026-03-12T08:47:09","modified_gmt":"2026-03-12T07:47:09","slug":"truusk-60-l-avfallstunna-med-fotpedal-rostfritt-stal-mjukt-stangande-lock-silverfargad","status":"publish","type":"product","link":"https:\/\/truusk.store\/sv\/produkt\/truusk-60-l-avfallstunna-med-fotpedal-rostfritt-stal-mjukt-stangande-lock-silverfargad\/","title":{"rendered":"TRUUSK 60 L Avfallstunna med Fotpedal &#8211; Rostfritt St\u00e5l &#8211; Mjukt St\u00e4ngande Lock &#8211; Silverf\u00e4rgad"},"content":{"rendered":"<p>St\u00f6rs du av en liten, h\u00f6gljudd soptunna som st\u00f6r ditt k\u00f6ksmilj\u00f6? Frekvent \u00f6verfl\u00f6d och d\u00e5liga lukter g\u00f6r snabbt ditt eleganta utrymme till en stressk\u00e4lla, s\u00e4rskilt n\u00e4r g\u00e4ster \u00e4r n\u00e4rvarande. [BRAND NAME] k\u00f6kssopbeh\u00e5llare \u00e5terst\u00e4ller lugnet. Med en kapacitet p\u00e5 60L hanterar den familjelivet, medan locket f\u00f6rblir \u00f6ppet vid 90\u00b0 f\u00f6r enkel t\u00f6mning. Den mjukt st\u00e4ngande locket p\u00e5 soptunnan avrundar det hela.<\/p>\n<p>Beskrivning:<\/p>\n<ul>\n<li> Stor kapacitet p\u00e5 60 L minskar behovet av frekvent t\u00f6mning, idealiskt f\u00f6r upptagna hush\u00e5ll<\/li>\n<li> Fotdriven trampmekanism med ett mjukt st\u00e4ngande lock garanterar tyst, hygienisk drift<\/li>\n<li> Locket f\u00f6rblir \u00f6ppet vid 90 grader, s\u00e5 att du har h\u00e4nderna fria f\u00f6r andra aktiviteter<\/li>\n<li> Ett inbyggt luktfiltreringsfack i trampsoptunnan h\u00e5ller ditt k\u00f6k fr\u00e4scht och rent<\/li>\n<li> Designen utan inre hink maximerar kapaciteten och f\u00f6renklar reng\u00f6ringen av soptunnan enormt<\/li>\n<li> Fingeravtrycksresistent rostfritt st\u00e5l \u00e4r h\u00e5llbart och l\u00e4tt att reng\u00f6ra<\/li>\n<\/ul>\n<p> Tekniska data:<\/p>\n<ul>\n<li> F\u00e4rg: Silverton+svart<\/li>\n<li> Material: 410 rostfritt st\u00e5l, ABS-plast<\/li>\n<li> Totala dimensioner: 44L x 36B x 66,5H cm<\/li>\n<li> Kapacitet: 60 L<\/li>\n<li> Maximal lock\u00f6ppningsh\u00f6jd: 93 cm<\/li>\n<\/ul>\n<p>Leveransinneh\u00e5ll:<\/p>\n<ul>\n<li> 1 x k\u00f6kssopbeh\u00e5llare<\/li>\n<li> 1 x bruksanvisning<\/li>\n<\/ul>\n","protected":false},"excerpt":{"rendered":"<p>St\u00f6rs du av en liten, h\u00f6gljudd soptunna som st\u00f6r ditt k\u00f6ksmilj\u00f6? Frekvent \u00f6verfl\u00f6d och d\u00e5liga lukter g\u00f6r snabbt ditt eleganta&#8230;<\/p>\n","protected":false},"featured_media":97466,"template":"","meta":[],"product_brand":[],"product_cat":[867,869,870],"product_tag":[],"class_list":{"0":"post-97475","1":"product","2":"type-product","3":"status-publish","4":"has-post-thumbnail","6":"product_cat-byggmarknad","7":"product_cat-rengoring-ordning","8":"product_cat-sopkorgar","10":"first","11":"instock","12":"sale","13":"taxable","14":"shipping-taxable","15":"purchasable","16":"product-type-simple"},"yoast_head":"<!-- This site is optimized with the Yoast SEO plugin v25.4 - https:\/\/yoast.com\/wordpress\/plugins\/seo\/ -->\n<title>TRUUSK 60 L Avfallstunna med Fotpedal - Rostfritt St\u00e5l - Mjukt St\u00e4ngande Lock - Silverf\u00e4rgad - TRUUSK - Hem, Tr\u00e4dg\u00e5rd &amp; Fritid<\/title>\n<meta name=\"robots\" content=\"index, follow, max-snippet:-1, max-image-preview:large, max-video-preview:-1\" \/>\n<link rel=\"canonical\" href=\"https:\/\/truusk.store\/sv\/produkt\/truusk-60-l-avfallstunna-med-fotpedal-rostfritt-stal-mjukt-stangande-lock-silverfargad\/\" \/>\n<meta property=\"og:locale\" content=\"sv_SE\" \/>\n<meta property=\"og:type\" content=\"article\" \/>\n<meta property=\"og:title\" content=\"TRUUSK 60 L Avfallstunna med Fotpedal - Rostfritt St\u00e5l - Mjukt St\u00e4ngande Lock - Silverf\u00e4rgad - TRUUSK - Hem, Tr\u00e4dg\u00e5rd &amp; Fritid\" \/>\n<meta property=\"og:description\" content=\"St\u00f6rs du av en liten, h\u00f6gljudd soptunna som st\u00f6r ditt k\u00f6ksmilj\u00f6? Frekvent \u00f6verfl\u00f6d och d\u00e5liga lukter g\u00f6r snabbt ditt eleganta...\" \/>\n<meta property=\"og:url\" content=\"https:\/\/truusk.store\/sv\/produkt\/truusk-60-l-avfallstunna-med-fotpedal-rostfritt-stal-mjukt-stangande-lock-silverfargad\/\" \/>\n<meta property=\"og:site_name\" content=\"TRUUSK - Hem, Tr\u00e4dg\u00e5rd &amp; Fritid\" \/>\n<meta property=\"article:modified_time\" content=\"2026-03-12T07:47:09+00:00\" \/>\n<meta property=\"og:image\" content=\"https:\/\/i0.wp.com\/truusk.se\/wp-content\/uploads\/2025\/12\/60-l-soptunna-med-fotpedal-rostfritt-stal-avfallstunna-med-mjukt-stangande-lock-silverfargad-1.webp?fit=2000%2C2000&ssl=1\" \/>\n\t<meta property=\"og:image:width\" content=\"2000\" \/>\n\t<meta property=\"og:image:height\" content=\"2000\" \/>\n\t<meta property=\"og:image:type\" content=\"image\/webp\" \/>\n<meta name=\"twitter:card\" content=\"summary_large_image\" \/>\n<meta name=\"twitter:label1\" content=\"Ber\u00e4knad l\u00e4stid\" \/>\n\t<meta name=\"twitter:data1\" content=\"1 minut\" \/>\n<!-- \/ Yoast SEO plugin. -->","yoast_head_json":{"title":"TRUUSK 60 L Avfallstunna med Fotpedal - Rostfritt St\u00e5l - Mjukt St\u00e4ngande Lock - Silverf\u00e4rgad - TRUUSK - Hem, Tr\u00e4dg\u00e5rd &amp; Fritid","robots":{"index":"index","follow":"follow","max-snippet":"max-snippet:-1","max-image-preview":"max-image-preview:large","max-video-preview":"max-video-preview:-1"},"canonical":"https:\/\/truusk.store\/sv\/produkt\/truusk-60-l-avfallstunna-med-fotpedal-rostfritt-stal-mjukt-stangande-lock-silverfargad\/","og_locale":"sv_SE","og_type":"article","og_title":"TRUUSK 60 L Avfallstunna med Fotpedal - Rostfritt St\u00e5l - Mjukt St\u00e4ngande Lock - Silverf\u00e4rgad - TRUUSK - Hem, Tr\u00e4dg\u00e5rd &amp; Fritid","og_description":"St\u00f6rs du av en liten, h\u00f6gljudd soptunna som st\u00f6r ditt k\u00f6ksmilj\u00f6? Frekvent \u00f6verfl\u00f6d och d\u00e5liga lukter g\u00f6r snabbt ditt eleganta...","og_url":"https:\/\/truusk.store\/sv\/produkt\/truusk-60-l-avfallstunna-med-fotpedal-rostfritt-stal-mjukt-stangande-lock-silverfargad\/","og_site_name":"TRUUSK - Hem, Tr\u00e4dg\u00e5rd &amp; Fritid","article_modified_time":"2026-03-12T07:47:09+00:00","og_image":[{"width":2000,"height":2000,"url":"https:\/\/i0.wp.com\/truusk.se\/wp-content\/uploads\/2025\/12\/60-l-soptunna-med-fotpedal-rostfritt-stal-avfallstunna-med-mjukt-stangande-lock-silverfargad-1.webp?fit=2000%2C2000&ssl=1","type":"image\/webp"}],"twitter_card":"summary_large_image","twitter_misc":{"Ber\u00e4knad l\u00e4stid":"1 minut"},"schema":{"@context":"https:\/\/schema.org","@graph":[{"@type":"WebPage","@id":"https:\/\/truusk.store\/sv\/produkt\/truusk-60-l-avfallstunna-med-fotpedal-rostfritt-stal-mjukt-stangande-lock-silverfargad\/","url":"https:\/\/truusk.store\/sv\/produkt\/truusk-60-l-avfallstunna-med-fotpedal-rostfritt-stal-mjukt-stangande-lock-silverfargad\/","name":"TRUUSK 60 L Avfallstunna med Fotpedal - Rostfritt St\u00e5l - Mjukt St\u00e4ngande Lock - Silverf\u00e4rgad - TRUUSK - Hem, Tr\u00e4dg\u00e5rd &amp; Fritid","isPartOf":{"@id":"https:\/\/truusk.store\/sv\/#website"},"primaryImageOfPage":{"@id":"https:\/\/truusk.store\/sv\/produkt\/truusk-60-l-avfallstunna-med-fotpedal-rostfritt-stal-mjukt-stangande-lock-silverfargad\/#primaryimage"},"image":{"@id":"https:\/\/truusk.store\/sv\/produkt\/truusk-60-l-avfallstunna-med-fotpedal-rostfritt-stal-mjukt-stangande-lock-silverfargad\/#primaryimage"},"thumbnailUrl":"https:\/\/i0.wp.com\/truusk.store\/wp-content\/uploads\/2025\/12\/60-l-soptunna-med-fotpedal-rostfritt-stal-avfallstunna-med-mjukt-stangande-lock-silverfargad-1.webp?fit=2000%2C2000&ssl=1","datePublished":"2025-12-15T03:50:05+00:00","dateModified":"2026-03-12T07:47:09+00:00","breadcrumb":{"@id":"https:\/\/truusk.store\/sv\/produkt\/truusk-60-l-avfallstunna-med-fotpedal-rostfritt-stal-mjukt-stangande-lock-silverfargad\/#breadcrumb"},"inLanguage":"sv-SE","potentialAction":[{"@type":"ReadAction","target":["https:\/\/truusk.store\/sv\/produkt\/truusk-60-l-avfallstunna-med-fotpedal-rostfritt-stal-mjukt-stangande-lock-silverfargad\/"]}]},{"@type":"ImageObject","inLanguage":"sv-SE","@id":"https:\/\/truusk.store\/sv\/produkt\/truusk-60-l-avfallstunna-med-fotpedal-rostfritt-stal-mjukt-stangande-lock-silverfargad\/#primaryimage","url":"https:\/\/i0.wp.com\/truusk.store\/wp-content\/uploads\/2025\/12\/60-l-soptunna-med-fotpedal-rostfritt-stal-avfallstunna-med-mjukt-stangande-lock-silverfargad-1.webp?fit=2000%2C2000&ssl=1","contentUrl":"https:\/\/i0.wp.com\/truusk.store\/wp-content\/uploads\/2025\/12\/60-l-soptunna-med-fotpedal-rostfritt-stal-avfallstunna-med-mjukt-stangande-lock-silverfargad-1.webp?fit=2000%2C2000&ssl=1","width":2000,"height":2000},{"@type":"BreadcrumbList","@id":"https:\/\/truusk.store\/sv\/produkt\/truusk-60-l-avfallstunna-med-fotpedal-rostfritt-stal-mjukt-stangande-lock-silverfargad\/#breadcrumb","itemListElement":[{"@type":"ListItem","position":1,"name":"Home","item":"https:\/\/truusk.store\/sv\/"},{"@type":"ListItem","position":2,"name":"Shop","item":"https:\/\/truusk.store\/shop\/"},{"@type":"ListItem","position":3,"name":"TRUUSK 60 L Avfallstunna med Fotpedal &#8211; Rostfritt St\u00e5l &#8211; Mjukt St\u00e4ngande Lock &#8211; Silverf\u00e4rgad"}]},{"@type":"WebSite","@id":"https:\/\/truusk.store\/sv\/#website","url":"https:\/\/truusk.store\/sv\/","name":"TRUUSK - Hem, Tr\u00e4dg\u00e5rd & Fritid","description":"","publisher":{"@id":"https:\/\/truusk.store\/sv\/#organization"},"potentialAction":[{"@type":"SearchAction","target":{"@type":"EntryPoint","urlTemplate":"https:\/\/truusk.store\/sv\/?s={search_term_string}"},"query-input":{"@type":"PropertyValueSpecification","valueRequired":true,"valueName":"search_term_string"}}],"inLanguage":"sv-SE"},{"@type":"Organization","@id":"https:\/\/truusk.store\/sv\/#organization","name":"TRUUSK - Hem, Tr\u00e4dg\u00e5rd & Fritid","url":"https:\/\/truusk.store\/sv\/","logo":{"@type":"ImageObject","inLanguage":"sv-SE","@id":"https:\/\/truusk.store\/sv\/#\/schema\/logo\/image\/","url":"https:\/\/i0.wp.com\/truusk.store\/wp-content\/uploads\/2026\/03\/cropped-TRUUSK.png?fit=2032%2C917&ssl=1","contentUrl":"https:\/\/i0.wp.com\/truusk.store\/wp-content\/uploads\/2026\/03\/cropped-TRUUSK.png?fit=2032%2C917&ssl=1","width":2032,"height":917,"caption":"TRUUSK - Hem, Tr\u00e4dg\u00e5rd & Fritid"},"image":{"@id":"https:\/\/truusk.store\/sv\/#\/schema\/logo\/image\/"}}]}},"jetpack_sharing_enabled":true,"_links":{"self":[{"href":"https:\/\/truusk.store\/sv\/wp-json\/wp\/v2\/product\/97475","targetHints":{"allow":["GET"]}}],"collection":[{"href":"https:\/\/truusk.store\/sv\/wp-json\/wp\/v2\/product"}],"about":[{"href":"https:\/\/truusk.store\/sv\/wp-json\/wp\/v2\/types\/product"}],"wp:featuredmedia":[{"embeddable":true,"href":"https:\/\/truusk.store\/sv\/wp-json\/wp\/v2\/media\/97466"}],"wp:attachment":[{"href":"https:\/\/truusk.store\/sv\/wp-json\/wp\/v2\/media?parent=97475"}],"wp:term":[{"taxonomy":"product_brand","embeddable":true,"href":"https:\/\/truusk.store\/sv\/wp-json\/wp\/v2\/product_brand?post=97475"},{"taxonomy":"product_cat","embeddable":true,"href":"https:\/\/truusk.store\/sv\/wp-json\/wp\/v2\/product_cat?post=97475"},{"taxonomy":"product_tag","embeddable":true,"href":"https:\/\/truusk.store\/sv\/wp-json\/wp\/v2\/product_tag?post=97475"}],"curies":[{"name":"wp","href":"https:\/\/api.w.org\/{rel}","templated":true}]}}