{"id":97485,"date":"2025-12-15T04:51:15","date_gmt":"2025-12-15T03:51:15","guid":{"rendered":"https:\/\/truusk.store\/product\/darttavla-dartboard-set-med-skyddsring-6-dartpilar-med-stalspetsar-sisal-plast-svart\/"},"modified":"2026-03-12T08:48:22","modified_gmt":"2026-03-12T07:48:22","slug":"truusk-darttavla-dartboard-set-med-skyddsring-6-dartpilar-med-stalspetsar-sisal-plast-svart","status":"publish","type":"product","link":"https:\/\/truusk.store\/sv\/produkt\/truusk-darttavla-dartboard-set-med-skyddsring-6-dartpilar-med-stalspetsar-sisal-plast-svart\/","title":{"rendered":"TRUUSK Darttavla Dartboard-set &#8211; Med Skyddsring &#8211; 6 Dartpilar Med St\u00e5lspetsar &#8211; Sisal &#8211; Plast &#8211; Svart"},"content":{"rendered":"<p>St\u00f6rd av f\u00f6rlorade pilar och fl\u00e4ckar p\u00e5 din v\u00e4gg? [BRAND NAME] darttavla med skyddsring m\u00f6jligg\u00f6r stressfritt dartspel. Darttavlaset inkluderar en professionell darttavla, en skyddsring mot vilseledande pilar och 6 st\u00e5ltipspilar f\u00f6r omedelbar start. H\u00e5llbar, elegant och l\u00e4tt att montera, g\u00f6r det varje rum till en inbjudande spelzon, f\u00f6r l\u00e5ngvarig spelgl\u00e4dje.<\/p>\n<p>Beskrivning:<\/p>\n<ul>\n<li> Det kompletta darttavlaset inkluderar en darttavla med borst, en skyddsring och sex darts med st\u00e5ltips<\/li>\n<li> Den 4-delade skyddsringen p\u00e5 Target darttavlan skyddar v\u00e4ggen mot vilseledande pilar<\/li>\n<li> Sj\u00e4lvhelande sisalfiberplatta p\u00e5 Target darttavlan garanterar h\u00e5llbarhet<\/li>\n<li> Enkel montering kr\u00e4vs<\/li>\n<\/ul>\n<p> Tekniska data:<\/p>\n<ul>\n<li> F\u00e4rg: Svart+Vit<\/li>\n<li> Material: Sisal, Plast<\/li>\n<li> Totala dimensioner: 71,5B x 3,8T x 71,5H cm (med skyddsring)<\/li>\n<li> Darttavla diameter: 45,5 cm<\/li>\n<li> Darttavla tjocklek: 3,8 cm<\/li>\n<li> Skyddsring tjocklek: 2,5 cm<\/li>\n<li> Skyddsring bredd: 13 cm<\/li>\n<\/ul>\n<p>Leveransinneh\u00e5ll:<\/p>\n<ul>\n<li> 1 x Darttavla<\/li>\n<li> 6 x St\u00e5ldarts<\/li>\n<li> 4 x Surround-ring-panel<\/li>\n<li> 1 x Bruksanvisning<\/li>\n<\/ul>\n","protected":false},"excerpt":{"rendered":"<p>St\u00f6rd av f\u00f6rlorade pilar och fl\u00e4ckar p\u00e5 din v\u00e4gg? [BRAND NAME] darttavla med skyddsring m\u00f6jligg\u00f6r stressfritt dartspel. Darttavlaset inkluderar en&#8230;<\/p>\n","protected":false},"featured_media":97476,"template":"","meta":[],"product_brand":[],"product_cat":[658,656,647],"product_tag":[],"class_list":{"0":"post-97485","1":"product","2":"type-product","3":"status-publish","4":"has-post-thumbnail","6":"product_cat-elektroniska-darttavlor","7":"product_cat-spel-hobby","8":"product_cat-sport-fritid","10":"first","11":"instock","12":"sale","13":"taxable","14":"shipping-taxable","15":"purchasable","16":"product-type-simple"},"yoast_head":"<!-- This site is optimized with the Yoast SEO plugin v25.4 - https:\/\/yoast.com\/wordpress\/plugins\/seo\/ -->\n<title>TRUUSK Darttavla Dartboard-set - Med Skyddsring - 6 Dartpilar Med St\u00e5lspetsar - Sisal - Plast - Svart - TRUUSK - Hem, Tr\u00e4dg\u00e5rd &amp; Fritid<\/title>\n<meta name=\"robots\" content=\"index, follow, max-snippet:-1, max-image-preview:large, max-video-preview:-1\" \/>\n<link rel=\"canonical\" href=\"https:\/\/truusk.store\/sv\/produkt\/truusk-darttavla-dartboard-set-med-skyddsring-6-dartpilar-med-stalspetsar-sisal-plast-svart\/\" \/>\n<meta property=\"og:locale\" content=\"sv_SE\" \/>\n<meta property=\"og:type\" content=\"article\" \/>\n<meta property=\"og:title\" content=\"TRUUSK Darttavla Dartboard-set - Med Skyddsring - 6 Dartpilar Med St\u00e5lspetsar - Sisal - Plast - Svart - TRUUSK - Hem, Tr\u00e4dg\u00e5rd &amp; Fritid\" \/>\n<meta property=\"og:description\" content=\"St\u00f6rd av f\u00f6rlorade pilar och fl\u00e4ckar p\u00e5 din v\u00e4gg? [BRAND NAME] darttavla med skyddsring m\u00f6jligg\u00f6r stressfritt dartspel. Darttavlaset inkluderar en...\" \/>\n<meta property=\"og:url\" content=\"https:\/\/truusk.store\/sv\/produkt\/truusk-darttavla-dartboard-set-med-skyddsring-6-dartpilar-med-stalspetsar-sisal-plast-svart\/\" \/>\n<meta property=\"og:site_name\" content=\"TRUUSK - Hem, Tr\u00e4dg\u00e5rd &amp; Fritid\" \/>\n<meta property=\"article:modified_time\" content=\"2026-03-12T07:48:22+00:00\" \/>\n<meta property=\"og:image\" content=\"https:\/\/i0.wp.com\/truusk.se\/wp-content\/uploads\/2025\/12\/darttavla-dartboard-set-med-skyddsring-6-dartpilar-med-stalspetsar-sisal-plast-svart-1.webp?fit=2000%2C2000&ssl=1\" \/>\n\t<meta property=\"og:image:width\" content=\"2000\" \/>\n\t<meta property=\"og:image:height\" content=\"2000\" \/>\n\t<meta property=\"og:image:type\" content=\"image\/webp\" \/>\n<meta name=\"twitter:card\" content=\"summary_large_image\" \/>\n<meta name=\"twitter:label1\" content=\"Ber\u00e4knad l\u00e4stid\" \/>\n\t<meta name=\"twitter:data1\" content=\"1 minut\" \/>\n<!-- \/ Yoast SEO plugin. -->","yoast_head_json":{"title":"TRUUSK Darttavla Dartboard-set - Med Skyddsring - 6 Dartpilar Med St\u00e5lspetsar - Sisal - Plast - Svart - TRUUSK - Hem, Tr\u00e4dg\u00e5rd &amp; Fritid","robots":{"index":"index","follow":"follow","max-snippet":"max-snippet:-1","max-image-preview":"max-image-preview:large","max-video-preview":"max-video-preview:-1"},"canonical":"https:\/\/truusk.store\/sv\/produkt\/truusk-darttavla-dartboard-set-med-skyddsring-6-dartpilar-med-stalspetsar-sisal-plast-svart\/","og_locale":"sv_SE","og_type":"article","og_title":"TRUUSK Darttavla Dartboard-set - Med Skyddsring - 6 Dartpilar Med St\u00e5lspetsar - Sisal - Plast - Svart - TRUUSK - Hem, Tr\u00e4dg\u00e5rd &amp; Fritid","og_description":"St\u00f6rd av f\u00f6rlorade pilar och fl\u00e4ckar p\u00e5 din v\u00e4gg? [BRAND NAME] darttavla med skyddsring m\u00f6jligg\u00f6r stressfritt dartspel. Darttavlaset inkluderar en...","og_url":"https:\/\/truusk.store\/sv\/produkt\/truusk-darttavla-dartboard-set-med-skyddsring-6-dartpilar-med-stalspetsar-sisal-plast-svart\/","og_site_name":"TRUUSK - Hem, Tr\u00e4dg\u00e5rd &amp; Fritid","article_modified_time":"2026-03-12T07:48:22+00:00","og_image":[{"width":2000,"height":2000,"url":"https:\/\/i0.wp.com\/truusk.se\/wp-content\/uploads\/2025\/12\/darttavla-dartboard-set-med-skyddsring-6-dartpilar-med-stalspetsar-sisal-plast-svart-1.webp?fit=2000%2C2000&ssl=1","type":"image\/webp"}],"twitter_card":"summary_large_image","twitter_misc":{"Ber\u00e4knad l\u00e4stid":"1 minut"},"schema":{"@context":"https:\/\/schema.org","@graph":[{"@type":"WebPage","@id":"https:\/\/truusk.store\/sv\/produkt\/truusk-darttavla-dartboard-set-med-skyddsring-6-dartpilar-med-stalspetsar-sisal-plast-svart\/","url":"https:\/\/truusk.store\/sv\/produkt\/truusk-darttavla-dartboard-set-med-skyddsring-6-dartpilar-med-stalspetsar-sisal-plast-svart\/","name":"TRUUSK Darttavla Dartboard-set - Med Skyddsring - 6 Dartpilar Med St\u00e5lspetsar - Sisal - Plast - Svart - TRUUSK - Hem, Tr\u00e4dg\u00e5rd &amp; Fritid","isPartOf":{"@id":"https:\/\/truusk.store\/sv\/#website"},"primaryImageOfPage":{"@id":"https:\/\/truusk.store\/sv\/produkt\/truusk-darttavla-dartboard-set-med-skyddsring-6-dartpilar-med-stalspetsar-sisal-plast-svart\/#primaryimage"},"image":{"@id":"https:\/\/truusk.store\/sv\/produkt\/truusk-darttavla-dartboard-set-med-skyddsring-6-dartpilar-med-stalspetsar-sisal-plast-svart\/#primaryimage"},"thumbnailUrl":"https:\/\/i0.wp.com\/truusk.store\/wp-content\/uploads\/2025\/12\/darttavla-dartboard-set-med-skyddsring-6-dartpilar-med-stalspetsar-sisal-plast-svart-1.webp?fit=2000%2C2000&ssl=1","datePublished":"2025-12-15T03:51:15+00:00","dateModified":"2026-03-12T07:48:22+00:00","breadcrumb":{"@id":"https:\/\/truusk.store\/sv\/produkt\/truusk-darttavla-dartboard-set-med-skyddsring-6-dartpilar-med-stalspetsar-sisal-plast-svart\/#breadcrumb"},"inLanguage":"sv-SE","potentialAction":[{"@type":"ReadAction","target":["https:\/\/truusk.store\/sv\/produkt\/truusk-darttavla-dartboard-set-med-skyddsring-6-dartpilar-med-stalspetsar-sisal-plast-svart\/"]}]},{"@type":"ImageObject","inLanguage":"sv-SE","@id":"https:\/\/truusk.store\/sv\/produkt\/truusk-darttavla-dartboard-set-med-skyddsring-6-dartpilar-med-stalspetsar-sisal-plast-svart\/#primaryimage","url":"https:\/\/i0.wp.com\/truusk.store\/wp-content\/uploads\/2025\/12\/darttavla-dartboard-set-med-skyddsring-6-dartpilar-med-stalspetsar-sisal-plast-svart-1.webp?fit=2000%2C2000&ssl=1","contentUrl":"https:\/\/i0.wp.com\/truusk.store\/wp-content\/uploads\/2025\/12\/darttavla-dartboard-set-med-skyddsring-6-dartpilar-med-stalspetsar-sisal-plast-svart-1.webp?fit=2000%2C2000&ssl=1","width":2000,"height":2000},{"@type":"BreadcrumbList","@id":"https:\/\/truusk.store\/sv\/produkt\/truusk-darttavla-dartboard-set-med-skyddsring-6-dartpilar-med-stalspetsar-sisal-plast-svart\/#breadcrumb","itemListElement":[{"@type":"ListItem","position":1,"name":"Home","item":"https:\/\/truusk.store\/sv\/"},{"@type":"ListItem","position":2,"name":"Shop","item":"https:\/\/truusk.store\/shop\/"},{"@type":"ListItem","position":3,"name":"TRUUSK Darttavla Dartboard-set &#8211; Med Skyddsring &#8211; 6 Dartpilar Med St\u00e5lspetsar &#8211; Sisal &#8211; Plast &#8211; Svart"}]},{"@type":"WebSite","@id":"https:\/\/truusk.store\/sv\/#website","url":"https:\/\/truusk.store\/sv\/","name":"TRUUSK - Hem, Tr\u00e4dg\u00e5rd & Fritid","description":"","publisher":{"@id":"https:\/\/truusk.store\/sv\/#organization"},"potentialAction":[{"@type":"SearchAction","target":{"@type":"EntryPoint","urlTemplate":"https:\/\/truusk.store\/sv\/?s={search_term_string}"},"query-input":{"@type":"PropertyValueSpecification","valueRequired":true,"valueName":"search_term_string"}}],"inLanguage":"sv-SE"},{"@type":"Organization","@id":"https:\/\/truusk.store\/sv\/#organization","name":"TRUUSK - Hem, Tr\u00e4dg\u00e5rd & Fritid","url":"https:\/\/truusk.store\/sv\/","logo":{"@type":"ImageObject","inLanguage":"sv-SE","@id":"https:\/\/truusk.store\/sv\/#\/schema\/logo\/image\/","url":"https:\/\/i0.wp.com\/truusk.store\/wp-content\/uploads\/2026\/03\/cropped-TRUUSK.png?fit=2032%2C917&ssl=1","contentUrl":"https:\/\/i0.wp.com\/truusk.store\/wp-content\/uploads\/2026\/03\/cropped-TRUUSK.png?fit=2032%2C917&ssl=1","width":2032,"height":917,"caption":"TRUUSK - Hem, Tr\u00e4dg\u00e5rd & Fritid"},"image":{"@id":"https:\/\/truusk.store\/sv\/#\/schema\/logo\/image\/"}}]}},"jetpack_sharing_enabled":true,"_links":{"self":[{"href":"https:\/\/truusk.store\/sv\/wp-json\/wp\/v2\/product\/97485","targetHints":{"allow":["GET"]}}],"collection":[{"href":"https:\/\/truusk.store\/sv\/wp-json\/wp\/v2\/product"}],"about":[{"href":"https:\/\/truusk.store\/sv\/wp-json\/wp\/v2\/types\/product"}],"wp:featuredmedia":[{"embeddable":true,"href":"https:\/\/truusk.store\/sv\/wp-json\/wp\/v2\/media\/97476"}],"wp:attachment":[{"href":"https:\/\/truusk.store\/sv\/wp-json\/wp\/v2\/media?parent=97485"}],"wp:term":[{"taxonomy":"product_brand","embeddable":true,"href":"https:\/\/truusk.store\/sv\/wp-json\/wp\/v2\/product_brand?post=97485"},{"taxonomy":"product_cat","embeddable":true,"href":"https:\/\/truusk.store\/sv\/wp-json\/wp\/v2\/product_cat?post=97485"},{"taxonomy":"product_tag","embeddable":true,"href":"https:\/\/truusk.store\/sv\/wp-json\/wp\/v2\/product_tag?post=97485"}],"curies":[{"name":"wp","href":"https:\/\/api.w.org\/{rel}","templated":true}]}}