{"id":97495,"date":"2025-12-15T04:52:17","date_gmt":"2025-12-15T03:52:17","guid":{"rendered":"https:\/\/truusk.store\/product\/hantelset-justerbar-vikt-kvadratisk-form-mangsidig-metallkarna-rod\/"},"modified":"2026-03-12T08:48:24","modified_gmt":"2026-03-12T07:48:24","slug":"truusk-justerbar-hantelset-kvadratisk-form-mangsidig-metallkarna-rod","status":"publish","type":"product","link":"https:\/\/truusk.store\/sv\/produkt\/truusk-justerbar-hantelset-kvadratisk-form-mangsidig-metallkarna-rod\/","title":{"rendered":"TRUUSK Justerbar Hantelset &#8211; Kvadratisk Form &#8211; M\u00e5ngsidig &#8211; Metallk\u00e4rna &#8211; R\u00f6d"},"content":{"rendered":"<p>St\u00f6rs du av st\u00e4ndiga avbrott p\u00e5 grund av klumpiga viktbyten och hantlar som rullar iv\u00e4g? [BRAND NAME] justerbara hantelset s\u00e4tter stopp f\u00f6r det. Tack vare snabba viktjusteringar kan du enkelt \u00e4ndra motst\u00e5ndet under intensiva tr\u00e4ningspass. Den unika kvadratiska formen p\u00e5 hantlarna g\u00f6r att de stannar precis d\u00e4r du l\u00e4gger dem, vilket m\u00f6jligg\u00f6r en kontinuerlig och fokuserad tr\u00e4ning.<\/p>\n<p>Beskrivning:<\/p>\n<ul>\n<li> 2,5 kg per hantel ers\u00e4tter fyra, enkelt justerbar fr\u00e5n 1 kg till 2,5 kg<\/li>\n<li> Vikterna kan omedelbart \u00e4ndras med en vridknapp, f\u00f6r oavbrutna HIIT-tr\u00e4ningar<\/li>\n<li> Unik kvadratisk form f\u00f6rhindrar rullning och \u00f6kar s\u00e4kerheten vid golv\u00f6vningar<\/li>\n<li> Halkfritt TPR-handtag ger s\u00e4kert grepp \u00e4ven med svettiga h\u00e4nder<\/li>\n<li> Kompakt design f\u00f6r enkel f\u00f6rvaring, g\u00f6r det till ditt b\u00e4rbara personliga gym<\/li>\n<li> M\u00e5ngsidig f\u00f6r helkroppstr\u00e4ning, idealisk f\u00f6r styrketr\u00e4ning, Pilates och cardio<\/li>\n<li> Solid metallk\u00e4rna med ABS skal av hantelsetet garanterar h\u00e5llbarhet vid l\u00e5ngvarig anv\u00e4ndning<\/li>\n<li> Montering kr\u00e4vs<\/li>\n<\/ul>\n<p> Tekniska data:<\/p>\n<ul>\n<li> &#8211; F\u00e4rg: Rosa<\/li>\n<li> Material: ABS, Metall<\/li>\n<li> M\u00e5tt: 26,6L x 7,5B x 7,5H cm<\/li>\n<li> Plattvikt: 0,25 kg\/stk.<\/li>\n<li> Antal plattor: 12 stk.<\/li>\n<li> Handtag: \u00d83 x 11 cm<\/li>\n<\/ul>\n<p>Leveransinneh\u00e5ll:<\/p>\n<ul>\n<li> 2 x 2,5 kg hantel<\/li>\n<li> 1 x bruksanvisning<\/li>\n<\/ul>\n","protected":false},"excerpt":{"rendered":"<p>St\u00f6rs du av st\u00e4ndiga avbrott p\u00e5 grund av klumpiga viktbyten och hantlar som rullar iv\u00e4g? [BRAND NAME] justerbara hantelset s\u00e4tter&#8230;<\/p>\n","protected":false},"featured_media":97486,"template":"","meta":[],"product_brand":[],"product_cat":[873,668,647],"product_tag":[],"class_list":{"0":"post-97495","1":"product","2":"type-product","3":"status-publish","4":"has-post-thumbnail","6":"product_cat-fitness-styrketraning","7":"product_cat-hantlar","8":"product_cat-sport-fritid","10":"first","11":"instock","12":"sale","13":"taxable","14":"shipping-taxable","15":"purchasable","16":"product-type-simple"},"yoast_head":"<!-- This site is optimized with the Yoast SEO plugin v25.4 - https:\/\/yoast.com\/wordpress\/plugins\/seo\/ -->\n<title>TRUUSK Justerbar Hantelset - Kvadratisk Form - M\u00e5ngsidig - Metallk\u00e4rna - R\u00f6d - TRUUSK - Hem, Tr\u00e4dg\u00e5rd &amp; Fritid<\/title>\n<meta name=\"robots\" content=\"index, follow, max-snippet:-1, max-image-preview:large, max-video-preview:-1\" \/>\n<link rel=\"canonical\" href=\"https:\/\/truusk.store\/sv\/produkt\/truusk-justerbar-hantelset-kvadratisk-form-mangsidig-metallkarna-rod\/\" \/>\n<meta property=\"og:locale\" content=\"sv_SE\" \/>\n<meta property=\"og:type\" content=\"article\" \/>\n<meta property=\"og:title\" content=\"TRUUSK Justerbar Hantelset - Kvadratisk Form - M\u00e5ngsidig - Metallk\u00e4rna - R\u00f6d - TRUUSK - Hem, Tr\u00e4dg\u00e5rd &amp; Fritid\" \/>\n<meta property=\"og:description\" content=\"St\u00f6rs du av st\u00e4ndiga avbrott p\u00e5 grund av klumpiga viktbyten och hantlar som rullar iv\u00e4g? [BRAND NAME] justerbara hantelset s\u00e4tter...\" \/>\n<meta property=\"og:url\" content=\"https:\/\/truusk.store\/sv\/produkt\/truusk-justerbar-hantelset-kvadratisk-form-mangsidig-metallkarna-rod\/\" \/>\n<meta property=\"og:site_name\" content=\"TRUUSK - Hem, Tr\u00e4dg\u00e5rd &amp; Fritid\" \/>\n<meta property=\"article:modified_time\" content=\"2026-03-12T07:48:24+00:00\" \/>\n<meta property=\"og:image\" content=\"https:\/\/i0.wp.com\/truusk.se\/wp-content\/uploads\/2025\/12\/hantelset-justerbar-vikt-kvadratisk-form-mangsidig-metallkarna-rod-1.webp?fit=2000%2C2000&ssl=1\" \/>\n\t<meta property=\"og:image:width\" content=\"2000\" \/>\n\t<meta property=\"og:image:height\" content=\"2000\" \/>\n\t<meta property=\"og:image:type\" content=\"image\/webp\" \/>\n<meta name=\"twitter:card\" content=\"summary_large_image\" \/>\n<meta name=\"twitter:label1\" content=\"Ber\u00e4knad l\u00e4stid\" \/>\n\t<meta name=\"twitter:data1\" content=\"1 minut\" \/>\n<!-- \/ Yoast SEO plugin. -->","yoast_head_json":{"title":"TRUUSK Justerbar Hantelset - Kvadratisk Form - M\u00e5ngsidig - Metallk\u00e4rna - R\u00f6d - TRUUSK - Hem, Tr\u00e4dg\u00e5rd &amp; Fritid","robots":{"index":"index","follow":"follow","max-snippet":"max-snippet:-1","max-image-preview":"max-image-preview:large","max-video-preview":"max-video-preview:-1"},"canonical":"https:\/\/truusk.store\/sv\/produkt\/truusk-justerbar-hantelset-kvadratisk-form-mangsidig-metallkarna-rod\/","og_locale":"sv_SE","og_type":"article","og_title":"TRUUSK Justerbar Hantelset - Kvadratisk Form - M\u00e5ngsidig - Metallk\u00e4rna - R\u00f6d - TRUUSK - Hem, Tr\u00e4dg\u00e5rd &amp; Fritid","og_description":"St\u00f6rs du av st\u00e4ndiga avbrott p\u00e5 grund av klumpiga viktbyten och hantlar som rullar iv\u00e4g? [BRAND NAME] justerbara hantelset s\u00e4tter...","og_url":"https:\/\/truusk.store\/sv\/produkt\/truusk-justerbar-hantelset-kvadratisk-form-mangsidig-metallkarna-rod\/","og_site_name":"TRUUSK - Hem, Tr\u00e4dg\u00e5rd &amp; Fritid","article_modified_time":"2026-03-12T07:48:24+00:00","og_image":[{"width":2000,"height":2000,"url":"https:\/\/i0.wp.com\/truusk.se\/wp-content\/uploads\/2025\/12\/hantelset-justerbar-vikt-kvadratisk-form-mangsidig-metallkarna-rod-1.webp?fit=2000%2C2000&ssl=1","type":"image\/webp"}],"twitter_card":"summary_large_image","twitter_misc":{"Ber\u00e4knad l\u00e4stid":"1 minut"},"schema":{"@context":"https:\/\/schema.org","@graph":[{"@type":"WebPage","@id":"https:\/\/truusk.store\/sv\/produkt\/truusk-justerbar-hantelset-kvadratisk-form-mangsidig-metallkarna-rod\/","url":"https:\/\/truusk.store\/sv\/produkt\/truusk-justerbar-hantelset-kvadratisk-form-mangsidig-metallkarna-rod\/","name":"TRUUSK Justerbar Hantelset - Kvadratisk Form - M\u00e5ngsidig - Metallk\u00e4rna - R\u00f6d - TRUUSK - Hem, Tr\u00e4dg\u00e5rd &amp; Fritid","isPartOf":{"@id":"https:\/\/truusk.store\/sv\/#website"},"primaryImageOfPage":{"@id":"https:\/\/truusk.store\/sv\/produkt\/truusk-justerbar-hantelset-kvadratisk-form-mangsidig-metallkarna-rod\/#primaryimage"},"image":{"@id":"https:\/\/truusk.store\/sv\/produkt\/truusk-justerbar-hantelset-kvadratisk-form-mangsidig-metallkarna-rod\/#primaryimage"},"thumbnailUrl":"https:\/\/i0.wp.com\/truusk.store\/wp-content\/uploads\/2025\/12\/hantelset-justerbar-vikt-kvadratisk-form-mangsidig-metallkarna-rod-1.webp?fit=2000%2C2000&ssl=1","datePublished":"2025-12-15T03:52:17+00:00","dateModified":"2026-03-12T07:48:24+00:00","breadcrumb":{"@id":"https:\/\/truusk.store\/sv\/produkt\/truusk-justerbar-hantelset-kvadratisk-form-mangsidig-metallkarna-rod\/#breadcrumb"},"inLanguage":"sv-SE","potentialAction":[{"@type":"ReadAction","target":["https:\/\/truusk.store\/sv\/produkt\/truusk-justerbar-hantelset-kvadratisk-form-mangsidig-metallkarna-rod\/"]}]},{"@type":"ImageObject","inLanguage":"sv-SE","@id":"https:\/\/truusk.store\/sv\/produkt\/truusk-justerbar-hantelset-kvadratisk-form-mangsidig-metallkarna-rod\/#primaryimage","url":"https:\/\/i0.wp.com\/truusk.store\/wp-content\/uploads\/2025\/12\/hantelset-justerbar-vikt-kvadratisk-form-mangsidig-metallkarna-rod-1.webp?fit=2000%2C2000&ssl=1","contentUrl":"https:\/\/i0.wp.com\/truusk.store\/wp-content\/uploads\/2025\/12\/hantelset-justerbar-vikt-kvadratisk-form-mangsidig-metallkarna-rod-1.webp?fit=2000%2C2000&ssl=1","width":2000,"height":2000},{"@type":"BreadcrumbList","@id":"https:\/\/truusk.store\/sv\/produkt\/truusk-justerbar-hantelset-kvadratisk-form-mangsidig-metallkarna-rod\/#breadcrumb","itemListElement":[{"@type":"ListItem","position":1,"name":"Home","item":"https:\/\/truusk.store\/sv\/"},{"@type":"ListItem","position":2,"name":"Shop","item":"https:\/\/truusk.store\/shop\/"},{"@type":"ListItem","position":3,"name":"TRUUSK Justerbar Hantelset &#8211; Kvadratisk Form &#8211; M\u00e5ngsidig &#8211; Metallk\u00e4rna &#8211; R\u00f6d"}]},{"@type":"WebSite","@id":"https:\/\/truusk.store\/sv\/#website","url":"https:\/\/truusk.store\/sv\/","name":"TRUUSK - Hem, Tr\u00e4dg\u00e5rd & Fritid","description":"","publisher":{"@id":"https:\/\/truusk.store\/sv\/#organization"},"potentialAction":[{"@type":"SearchAction","target":{"@type":"EntryPoint","urlTemplate":"https:\/\/truusk.store\/sv\/?s={search_term_string}"},"query-input":{"@type":"PropertyValueSpecification","valueRequired":true,"valueName":"search_term_string"}}],"inLanguage":"sv-SE"},{"@type":"Organization","@id":"https:\/\/truusk.store\/sv\/#organization","name":"TRUUSK - Hem, Tr\u00e4dg\u00e5rd & Fritid","url":"https:\/\/truusk.store\/sv\/","logo":{"@type":"ImageObject","inLanguage":"sv-SE","@id":"https:\/\/truusk.store\/sv\/#\/schema\/logo\/image\/","url":"https:\/\/i0.wp.com\/truusk.store\/wp-content\/uploads\/2026\/03\/cropped-TRUUSK.png?fit=2032%2C917&ssl=1","contentUrl":"https:\/\/i0.wp.com\/truusk.store\/wp-content\/uploads\/2026\/03\/cropped-TRUUSK.png?fit=2032%2C917&ssl=1","width":2032,"height":917,"caption":"TRUUSK - Hem, Tr\u00e4dg\u00e5rd & Fritid"},"image":{"@id":"https:\/\/truusk.store\/sv\/#\/schema\/logo\/image\/"}}]}},"jetpack_sharing_enabled":true,"_links":{"self":[{"href":"https:\/\/truusk.store\/sv\/wp-json\/wp\/v2\/product\/97495","targetHints":{"allow":["GET"]}}],"collection":[{"href":"https:\/\/truusk.store\/sv\/wp-json\/wp\/v2\/product"}],"about":[{"href":"https:\/\/truusk.store\/sv\/wp-json\/wp\/v2\/types\/product"}],"wp:featuredmedia":[{"embeddable":true,"href":"https:\/\/truusk.store\/sv\/wp-json\/wp\/v2\/media\/97486"}],"wp:attachment":[{"href":"https:\/\/truusk.store\/sv\/wp-json\/wp\/v2\/media?parent=97495"}],"wp:term":[{"taxonomy":"product_brand","embeddable":true,"href":"https:\/\/truusk.store\/sv\/wp-json\/wp\/v2\/product_brand?post=97495"},{"taxonomy":"product_cat","embeddable":true,"href":"https:\/\/truusk.store\/sv\/wp-json\/wp\/v2\/product_cat?post=97495"},{"taxonomy":"product_tag","embeddable":true,"href":"https:\/\/truusk.store\/sv\/wp-json\/wp\/v2\/product_tag?post=97495"}],"curies":[{"name":"wp","href":"https:\/\/api.w.org\/{rel}","templated":true}]}}