{"id":97511,"date":"2025-12-15T04:53:41","date_gmt":"2025-12-15T03:53:41","guid":{"rendered":"https:\/\/truusk.store\/product\/hopfallbart-kladstall-med-justerbara-vingar-skohallare-rostfritt-stal-1565-x-68-x-192-cm-silver\/"},"modified":"2026-03-12T08:48:34","modified_gmt":"2026-03-12T07:48:34","slug":"truusk-hopfallbart-kladstall-justerbara-vingar-skohallare-rostfritt-stal-1565-x-68-x-192-cm-silver","status":"publish","type":"product","link":"https:\/\/truusk.store\/sv\/produkt\/truusk-hopfallbart-kladstall-justerbara-vingar-skohallare-rostfritt-stal-1565-x-68-x-192-cm-silver\/","title":{"rendered":"TRUUSK Hopf\u00e4llbart Kl\u00e4dst\u00e4ll &#8211; Justerbara Vingar &#8211; Skoh\u00e5llare &#8211; Rostfritt St\u00e5l &#8211; 156,5 x 68 x 192 cm &#8211; Silver"},"content":{"rendered":"<p>St\u00f6rd av kaotiska tv\u00e4ttdagar med kl\u00e4der utspridda \u00f6verallt? R\u00e4dslan f\u00f6r en instabil st\u00e4llning som kollapsar under vikten av v\u00e5ta handdukar kan vara p\u00e5frestande. [BRAND NAME] tv\u00e4ttst\u00e4llningen med robust rostfritt st\u00e5lram ger lugn och ro. Torkst\u00e4llningen erbjuder utdragbara, h\u00f6jdjusterbara vingar och en hopf\u00e4llbar design f\u00f6r platsbesparande f\u00f6rvaring, torkar effektivt allt fr\u00e5n underkl\u00e4der till aftonkl\u00e4nningar och h\u00e5ller din l\u00e4genhet st\u00e4dad.<\/p>\n<p>Beskrivning:<\/p>\n<ul>\n<li> Tv\u00e4ttst\u00e4llningen erbjuder flera zoner med gott om utrymme f\u00f6r att h\u00e5lla din familjs tv\u00e4tt organiserad<\/li>\n<li> Vingarna p\u00e5 torkst\u00e4llningen kan justeras till fyra olika h\u00f6jder, idealiskt f\u00f6r torkning av l\u00e5nga kl\u00e4nningar<\/li>\n<li> Tillverkad av robust rostfritt st\u00e5l, kan detta stativ p\u00e5 vingtv\u00e4ttst\u00e4llningen b\u00e4ra upp till 15 kg<\/li>\n<li> Kan f\u00e4llas ihop till en smal profil, vilket underl\u00e4ttar kompakt f\u00f6rvaring<\/li>\n<li> Torkst\u00e4llningen levereras helt monterad och \u00e4r redo att anv\u00e4ndas direkt<\/li>\n<\/ul>\n<p> Tekniska specifikationer:<\/p>\n<ul>\n<li> F\u00e4rg: Silverton<\/li>\n<li> Material: Rostfritt st\u00e5l, plast<\/li>\n<li> Totala dimensioner: 156,5L x 68B x 192H cm<\/li>\n<li> Hopf\u00e4llbar storlek: 108L x 68B x 8H cm<\/li>\n<li> Maximal belastning: 15 kg<\/li>\n<\/ul>\n<p>Leveransinneh\u00e5ll:<\/p>\n<ul>\n<li> 1 x Tv\u00e4ttst\u00e4llning<\/li>\n<li> 1 x Bruksanvisning<\/li>\n<\/ul>\n","protected":false},"excerpt":{"rendered":"<p>St\u00f6rd av kaotiska tv\u00e4ttdagar med kl\u00e4der utspridda \u00f6verallt? R\u00e4dslan f\u00f6r en instabil st\u00e4llning som kollapsar under vikten av v\u00e5ta handdukar&#8230;<\/p>\n","protected":false},"featured_media":97496,"template":"","meta":[],"product_brand":[],"product_cat":[915,871,916],"product_tag":[],"class_list":{"0":"post-97511","1":"product","2":"type-product","3":"status-publish","4":"has-post-thumbnail","6":"product_cat-badrum","7":"product_cat-hus-hem","8":"product_cat-tvattstallningar","10":"first","11":"instock","12":"sale","13":"taxable","14":"shipping-taxable","15":"purchasable","16":"product-type-simple"},"yoast_head":"<!-- This site is optimized with the Yoast SEO plugin v25.4 - https:\/\/yoast.com\/wordpress\/plugins\/seo\/ -->\n<title>TRUUSK Hopf\u00e4llbart Kl\u00e4dst\u00e4ll - Justerbara Vingar - Skoh\u00e5llare - Rostfritt St\u00e5l - 156,5 x 68 x 192 cm - Silver - TRUUSK - Hem, Tr\u00e4dg\u00e5rd &amp; Fritid<\/title>\n<meta name=\"robots\" content=\"index, follow, max-snippet:-1, max-image-preview:large, max-video-preview:-1\" \/>\n<link rel=\"canonical\" href=\"https:\/\/truusk.store\/sv\/produkt\/truusk-hopfallbart-kladstall-justerbara-vingar-skohallare-rostfritt-stal-1565-x-68-x-192-cm-silver\/\" \/>\n<meta property=\"og:locale\" content=\"sv_SE\" \/>\n<meta property=\"og:type\" content=\"article\" \/>\n<meta property=\"og:title\" content=\"TRUUSK Hopf\u00e4llbart Kl\u00e4dst\u00e4ll - Justerbara Vingar - Skoh\u00e5llare - Rostfritt St\u00e5l - 156,5 x 68 x 192 cm - Silver - TRUUSK - Hem, Tr\u00e4dg\u00e5rd &amp; Fritid\" \/>\n<meta property=\"og:description\" content=\"St\u00f6rd av kaotiska tv\u00e4ttdagar med kl\u00e4der utspridda \u00f6verallt? R\u00e4dslan f\u00f6r en instabil st\u00e4llning som kollapsar under vikten av v\u00e5ta handdukar...\" \/>\n<meta property=\"og:url\" content=\"https:\/\/truusk.store\/sv\/produkt\/truusk-hopfallbart-kladstall-justerbara-vingar-skohallare-rostfritt-stal-1565-x-68-x-192-cm-silver\/\" \/>\n<meta property=\"og:site_name\" content=\"TRUUSK - Hem, Tr\u00e4dg\u00e5rd &amp; Fritid\" \/>\n<meta property=\"article:modified_time\" content=\"2026-03-12T07:48:34+00:00\" \/>\n<meta property=\"og:image\" content=\"https:\/\/i0.wp.com\/truusk.se\/wp-content\/uploads\/2025\/12\/hopfallbart-kladstall-med-justerbara-vingar-skohallare-rostfritt-stal-1565-x-68-x-192-cm-silver-1.webp?fit=2000%2C2000&ssl=1\" \/>\n\t<meta property=\"og:image:width\" content=\"2000\" \/>\n\t<meta property=\"og:image:height\" content=\"2000\" \/>\n\t<meta property=\"og:image:type\" content=\"image\/webp\" \/>\n<meta name=\"twitter:card\" content=\"summary_large_image\" \/>\n<meta name=\"twitter:label1\" content=\"Ber\u00e4knad l\u00e4stid\" \/>\n\t<meta name=\"twitter:data1\" content=\"1 minut\" \/>\n<!-- \/ Yoast SEO plugin. -->","yoast_head_json":{"title":"TRUUSK Hopf\u00e4llbart Kl\u00e4dst\u00e4ll - Justerbara Vingar - Skoh\u00e5llare - Rostfritt St\u00e5l - 156,5 x 68 x 192 cm - Silver - TRUUSK - Hem, Tr\u00e4dg\u00e5rd &amp; Fritid","robots":{"index":"index","follow":"follow","max-snippet":"max-snippet:-1","max-image-preview":"max-image-preview:large","max-video-preview":"max-video-preview:-1"},"canonical":"https:\/\/truusk.store\/sv\/produkt\/truusk-hopfallbart-kladstall-justerbara-vingar-skohallare-rostfritt-stal-1565-x-68-x-192-cm-silver\/","og_locale":"sv_SE","og_type":"article","og_title":"TRUUSK Hopf\u00e4llbart Kl\u00e4dst\u00e4ll - Justerbara Vingar - Skoh\u00e5llare - Rostfritt St\u00e5l - 156,5 x 68 x 192 cm - Silver - TRUUSK - Hem, Tr\u00e4dg\u00e5rd &amp; Fritid","og_description":"St\u00f6rd av kaotiska tv\u00e4ttdagar med kl\u00e4der utspridda \u00f6verallt? R\u00e4dslan f\u00f6r en instabil st\u00e4llning som kollapsar under vikten av v\u00e5ta handdukar...","og_url":"https:\/\/truusk.store\/sv\/produkt\/truusk-hopfallbart-kladstall-justerbara-vingar-skohallare-rostfritt-stal-1565-x-68-x-192-cm-silver\/","og_site_name":"TRUUSK - Hem, Tr\u00e4dg\u00e5rd &amp; Fritid","article_modified_time":"2026-03-12T07:48:34+00:00","og_image":[{"width":2000,"height":2000,"url":"https:\/\/i0.wp.com\/truusk.se\/wp-content\/uploads\/2025\/12\/hopfallbart-kladstall-med-justerbara-vingar-skohallare-rostfritt-stal-1565-x-68-x-192-cm-silver-1.webp?fit=2000%2C2000&ssl=1","type":"image\/webp"}],"twitter_card":"summary_large_image","twitter_misc":{"Ber\u00e4knad l\u00e4stid":"1 minut"},"schema":{"@context":"https:\/\/schema.org","@graph":[{"@type":"WebPage","@id":"https:\/\/truusk.store\/sv\/produkt\/truusk-hopfallbart-kladstall-justerbara-vingar-skohallare-rostfritt-stal-1565-x-68-x-192-cm-silver\/","url":"https:\/\/truusk.store\/sv\/produkt\/truusk-hopfallbart-kladstall-justerbara-vingar-skohallare-rostfritt-stal-1565-x-68-x-192-cm-silver\/","name":"TRUUSK Hopf\u00e4llbart Kl\u00e4dst\u00e4ll - Justerbara Vingar - Skoh\u00e5llare - Rostfritt St\u00e5l - 156,5 x 68 x 192 cm - Silver - TRUUSK - Hem, Tr\u00e4dg\u00e5rd &amp; Fritid","isPartOf":{"@id":"https:\/\/truusk.store\/sv\/#website"},"primaryImageOfPage":{"@id":"https:\/\/truusk.store\/sv\/produkt\/truusk-hopfallbart-kladstall-justerbara-vingar-skohallare-rostfritt-stal-1565-x-68-x-192-cm-silver\/#primaryimage"},"image":{"@id":"https:\/\/truusk.store\/sv\/produkt\/truusk-hopfallbart-kladstall-justerbara-vingar-skohallare-rostfritt-stal-1565-x-68-x-192-cm-silver\/#primaryimage"},"thumbnailUrl":"https:\/\/i0.wp.com\/truusk.store\/wp-content\/uploads\/2025\/12\/hopfallbart-kladstall-med-justerbara-vingar-skohallare-rostfritt-stal-1565-x-68-x-192-cm-silver-1.webp?fit=2000%2C2000&ssl=1","datePublished":"2025-12-15T03:53:41+00:00","dateModified":"2026-03-12T07:48:34+00:00","breadcrumb":{"@id":"https:\/\/truusk.store\/sv\/produkt\/truusk-hopfallbart-kladstall-justerbara-vingar-skohallare-rostfritt-stal-1565-x-68-x-192-cm-silver\/#breadcrumb"},"inLanguage":"sv-SE","potentialAction":[{"@type":"ReadAction","target":["https:\/\/truusk.store\/sv\/produkt\/truusk-hopfallbart-kladstall-justerbara-vingar-skohallare-rostfritt-stal-1565-x-68-x-192-cm-silver\/"]}]},{"@type":"ImageObject","inLanguage":"sv-SE","@id":"https:\/\/truusk.store\/sv\/produkt\/truusk-hopfallbart-kladstall-justerbara-vingar-skohallare-rostfritt-stal-1565-x-68-x-192-cm-silver\/#primaryimage","url":"https:\/\/i0.wp.com\/truusk.store\/wp-content\/uploads\/2025\/12\/hopfallbart-kladstall-med-justerbara-vingar-skohallare-rostfritt-stal-1565-x-68-x-192-cm-silver-1.webp?fit=2000%2C2000&ssl=1","contentUrl":"https:\/\/i0.wp.com\/truusk.store\/wp-content\/uploads\/2025\/12\/hopfallbart-kladstall-med-justerbara-vingar-skohallare-rostfritt-stal-1565-x-68-x-192-cm-silver-1.webp?fit=2000%2C2000&ssl=1","width":2000,"height":2000},{"@type":"BreadcrumbList","@id":"https:\/\/truusk.store\/sv\/produkt\/truusk-hopfallbart-kladstall-justerbara-vingar-skohallare-rostfritt-stal-1565-x-68-x-192-cm-silver\/#breadcrumb","itemListElement":[{"@type":"ListItem","position":1,"name":"Home","item":"https:\/\/truusk.store\/sv\/"},{"@type":"ListItem","position":2,"name":"Shop","item":"https:\/\/truusk.store\/shop\/"},{"@type":"ListItem","position":3,"name":"TRUUSK Hopf\u00e4llbart Kl\u00e4dst\u00e4ll &#8211; Justerbara Vingar &#8211; Skoh\u00e5llare &#8211; Rostfritt St\u00e5l &#8211; 156,5 x 68 x 192 cm &#8211; Silver"}]},{"@type":"WebSite","@id":"https:\/\/truusk.store\/sv\/#website","url":"https:\/\/truusk.store\/sv\/","name":"TRUUSK - Hem, Tr\u00e4dg\u00e5rd & Fritid","description":"","publisher":{"@id":"https:\/\/truusk.store\/sv\/#organization"},"potentialAction":[{"@type":"SearchAction","target":{"@type":"EntryPoint","urlTemplate":"https:\/\/truusk.store\/sv\/?s={search_term_string}"},"query-input":{"@type":"PropertyValueSpecification","valueRequired":true,"valueName":"search_term_string"}}],"inLanguage":"sv-SE"},{"@type":"Organization","@id":"https:\/\/truusk.store\/sv\/#organization","name":"TRUUSK - Hem, Tr\u00e4dg\u00e5rd & Fritid","url":"https:\/\/truusk.store\/sv\/","logo":{"@type":"ImageObject","inLanguage":"sv-SE","@id":"https:\/\/truusk.store\/sv\/#\/schema\/logo\/image\/","url":"https:\/\/i0.wp.com\/truusk.store\/wp-content\/uploads\/2026\/03\/cropped-TRUUSK.png?fit=2032%2C917&ssl=1","contentUrl":"https:\/\/i0.wp.com\/truusk.store\/wp-content\/uploads\/2026\/03\/cropped-TRUUSK.png?fit=2032%2C917&ssl=1","width":2032,"height":917,"caption":"TRUUSK - Hem, Tr\u00e4dg\u00e5rd & Fritid"},"image":{"@id":"https:\/\/truusk.store\/sv\/#\/schema\/logo\/image\/"}}]}},"jetpack_sharing_enabled":true,"_links":{"self":[{"href":"https:\/\/truusk.store\/sv\/wp-json\/wp\/v2\/product\/97511","targetHints":{"allow":["GET"]}}],"collection":[{"href":"https:\/\/truusk.store\/sv\/wp-json\/wp\/v2\/product"}],"about":[{"href":"https:\/\/truusk.store\/sv\/wp-json\/wp\/v2\/types\/product"}],"wp:featuredmedia":[{"embeddable":true,"href":"https:\/\/truusk.store\/sv\/wp-json\/wp\/v2\/media\/97496"}],"wp:attachment":[{"href":"https:\/\/truusk.store\/sv\/wp-json\/wp\/v2\/media?parent=97511"}],"wp:term":[{"taxonomy":"product_brand","embeddable":true,"href":"https:\/\/truusk.store\/sv\/wp-json\/wp\/v2\/product_brand?post=97511"},{"taxonomy":"product_cat","embeddable":true,"href":"https:\/\/truusk.store\/sv\/wp-json\/wp\/v2\/product_cat?post=97511"},{"taxonomy":"product_tag","embeddable":true,"href":"https:\/\/truusk.store\/sv\/wp-json\/wp\/v2\/product_tag?post=97511"}],"curies":[{"name":"wp","href":"https:\/\/api.w.org\/{rel}","templated":true}]}}