{"id":97515,"date":"2025-12-15T04:54:00","date_gmt":"2025-12-15T03:54:00","guid":{"rendered":"https:\/\/truusk.store\/product\/traningsmaskin-justerbar-metallror-pedaler-hopfallbar-rod\/"},"modified":"2026-03-12T08:48:35","modified_gmt":"2026-03-12T07:48:35","slug":"truusk-traningsmaskin-justerbar-metallror-pedaler-hopfallbar-rod","status":"publish","type":"product","link":"https:\/\/truusk.store\/sv\/produkt\/truusk-traningsmaskin-justerbar-metallror-pedaler-hopfallbar-rod\/","title":{"rendered":"TRUUSK Tr\u00e4ningsmaskin &#8211; Justerbar &#8211; Metallr\u00f6r &#8211; Pedaler &#8211; Hopf\u00e4llbar &#8211; R\u00f6d"},"content":{"rendered":"<p>Det [BRAND NAME] Total Crunch helkroppstr\u00e4ningsutrustning &#8211; Din kompletta mag- och helkroppstr\u00e4nare. Den \u00e4r designad f\u00f6r att strama upp armar, ben, mage och rumpa i en enda r\u00f6relse, och m\u00f6jligg\u00f6r snabb kalorif\u00f6rbr\u00e4nning utan komplexa \u00f6vningar. Den justerbara sitsen anpassar sig till varje anv\u00e4ndare, medan den solida metallramen och de halkfria pedalerna garanterar stabila, s\u00e4kra tr\u00e4ningspass. L\u00e4tt att f\u00e4lla ihop, perfekt f\u00f6r tr\u00e5nga utrymmen och daglig tr\u00e4ning hemma.<\/p>\n<p>Beskrivning:<\/p>\n<ul>\n<li> Sitsen kan justeras 20 cm fram\u00e5t och bak\u00e5t f\u00f6r en bekv\u00e4m passform<\/li>\n<li> Tillverkad av solida metallr\u00f6r, b\u00e4r Total Crunch upp till 100 kg f\u00f6r en stabil tr\u00e4ning<\/li>\n<li> Halkfria pedaler och mjuka handtag p\u00e5 Total Crunch ger ett s\u00e4kert och bekv\u00e4mt grepp<\/li>\n<li> L\u00e4tt att f\u00e4lla ihop f\u00f6r kompakt f\u00f6rvaring, perfekt f\u00f6r hemmet<\/li>\n<li> Tr\u00e4nar dina magmuskler, ben, armar och rumpmuskler i en flytande r\u00f6relse<\/li>\n<li> Denna Total Crunch tr\u00e4ningsutrustning erbjuder en mjuk, ledv\u00e4nlig r\u00f6relse med l\u00e5g belastning<\/li>\n<li> Ingen montering kr\u00e4vs<\/li>\n<\/ul>\n<p> Tekniska data:<\/p>\n<ul>\n<li> F\u00e4rg: R\u00f6d<\/li>\n<li> Material: Metall, plast<\/li>\n<li> Totala dimensioner: 57B x 105D x 115H cm<\/li>\n<li> F\u00e4llda dimensioner: 35B x 57D x 153H cm<\/li>\n<li> Sitsm\u00e5tt: 31L x 20B x 4,5D cm<\/li>\n<li> Pedalm\u00e5tt: 12L x 10B cm<\/li>\n<li> Handtagsl\u00e4ngd: \u00d83,5 x 48L cm<\/li>\n<li> B\u00e4rkapacitet: 100 kg<\/li>\n<\/ul>\n<p>Leveransinneh\u00e5ll:<\/p>\n<ul>\n<li> 1 x Total Crunch tr\u00e4ningsutrustning<\/li>\n<li> 1 x Bruksanvisning<\/li>\n<\/ul>\n","protected":false},"excerpt":{"rendered":"<p>Det [BRAND NAME] Total Crunch helkroppstr\u00e4ningsutrustning &#8211; Din kompletta mag- och helkroppstr\u00e4nare. Den \u00e4r designad f\u00f6r att strama upp armar,&#8230;<\/p>\n","protected":false},"featured_media":97500,"template":"","meta":[],"product_brand":[],"product_cat":[891,873,647],"product_tag":[],"class_list":{"0":"post-97515","1":"product","2":"type-product","3":"status-publish","4":"has-post-thumbnail","6":"product_cat-ergometer-hemtranare","7":"product_cat-fitness-styrketraning","8":"product_cat-sport-fritid","10":"first","11":"instock","12":"sale","13":"taxable","14":"shipping-taxable","15":"purchasable","16":"product-type-simple"},"yoast_head":"<!-- This site is optimized with the Yoast SEO plugin v25.4 - https:\/\/yoast.com\/wordpress\/plugins\/seo\/ -->\n<title>TRUUSK Tr\u00e4ningsmaskin - Justerbar - Metallr\u00f6r - Pedaler - Hopf\u00e4llbar - R\u00f6d - TRUUSK - Hem, Tr\u00e4dg\u00e5rd &amp; Fritid<\/title>\n<meta name=\"robots\" content=\"index, follow, max-snippet:-1, max-image-preview:large, max-video-preview:-1\" \/>\n<link rel=\"canonical\" href=\"https:\/\/truusk.store\/sv\/produkt\/truusk-traningsmaskin-justerbar-metallror-pedaler-hopfallbar-rod\/\" \/>\n<meta property=\"og:locale\" content=\"sv_SE\" \/>\n<meta property=\"og:type\" content=\"article\" \/>\n<meta property=\"og:title\" content=\"TRUUSK Tr\u00e4ningsmaskin - Justerbar - Metallr\u00f6r - Pedaler - Hopf\u00e4llbar - R\u00f6d - TRUUSK - Hem, Tr\u00e4dg\u00e5rd &amp; Fritid\" \/>\n<meta property=\"og:description\" content=\"Det [BRAND NAME] Total Crunch helkroppstr\u00e4ningsutrustning &#8211; Din kompletta mag- och helkroppstr\u00e4nare. Den \u00e4r designad f\u00f6r att strama upp armar,...\" \/>\n<meta property=\"og:url\" content=\"https:\/\/truusk.store\/sv\/produkt\/truusk-traningsmaskin-justerbar-metallror-pedaler-hopfallbar-rod\/\" \/>\n<meta property=\"og:site_name\" content=\"TRUUSK - Hem, Tr\u00e4dg\u00e5rd &amp; Fritid\" \/>\n<meta property=\"article:modified_time\" content=\"2026-03-12T07:48:35+00:00\" \/>\n<meta property=\"og:image\" content=\"https:\/\/i0.wp.com\/truusk.se\/wp-content\/uploads\/2025\/12\/traningsmaskin-justerbar-metallror-pedaler-hopfallbar-rod-1.webp?fit=2000%2C2000&ssl=1\" \/>\n\t<meta property=\"og:image:width\" content=\"2000\" \/>\n\t<meta property=\"og:image:height\" content=\"2000\" \/>\n\t<meta property=\"og:image:type\" content=\"image\/webp\" \/>\n<meta name=\"twitter:card\" content=\"summary_large_image\" \/>\n<meta name=\"twitter:label1\" content=\"Ber\u00e4knad l\u00e4stid\" \/>\n\t<meta name=\"twitter:data1\" content=\"1 minut\" \/>\n<!-- \/ Yoast SEO plugin. -->","yoast_head_json":{"title":"TRUUSK Tr\u00e4ningsmaskin - Justerbar - Metallr\u00f6r - Pedaler - Hopf\u00e4llbar - R\u00f6d - TRUUSK - Hem, Tr\u00e4dg\u00e5rd &amp; Fritid","robots":{"index":"index","follow":"follow","max-snippet":"max-snippet:-1","max-image-preview":"max-image-preview:large","max-video-preview":"max-video-preview:-1"},"canonical":"https:\/\/truusk.store\/sv\/produkt\/truusk-traningsmaskin-justerbar-metallror-pedaler-hopfallbar-rod\/","og_locale":"sv_SE","og_type":"article","og_title":"TRUUSK Tr\u00e4ningsmaskin - Justerbar - Metallr\u00f6r - Pedaler - Hopf\u00e4llbar - R\u00f6d - TRUUSK - Hem, Tr\u00e4dg\u00e5rd &amp; Fritid","og_description":"Det [BRAND NAME] Total Crunch helkroppstr\u00e4ningsutrustning &#8211; Din kompletta mag- och helkroppstr\u00e4nare. Den \u00e4r designad f\u00f6r att strama upp armar,...","og_url":"https:\/\/truusk.store\/sv\/produkt\/truusk-traningsmaskin-justerbar-metallror-pedaler-hopfallbar-rod\/","og_site_name":"TRUUSK - Hem, Tr\u00e4dg\u00e5rd &amp; Fritid","article_modified_time":"2026-03-12T07:48:35+00:00","og_image":[{"width":2000,"height":2000,"url":"https:\/\/i0.wp.com\/truusk.se\/wp-content\/uploads\/2025\/12\/traningsmaskin-justerbar-metallror-pedaler-hopfallbar-rod-1.webp?fit=2000%2C2000&ssl=1","type":"image\/webp"}],"twitter_card":"summary_large_image","twitter_misc":{"Ber\u00e4knad l\u00e4stid":"1 minut"},"schema":{"@context":"https:\/\/schema.org","@graph":[{"@type":"WebPage","@id":"https:\/\/truusk.store\/sv\/produkt\/truusk-traningsmaskin-justerbar-metallror-pedaler-hopfallbar-rod\/","url":"https:\/\/truusk.store\/sv\/produkt\/truusk-traningsmaskin-justerbar-metallror-pedaler-hopfallbar-rod\/","name":"TRUUSK Tr\u00e4ningsmaskin - Justerbar - Metallr\u00f6r - Pedaler - Hopf\u00e4llbar - R\u00f6d - TRUUSK - Hem, Tr\u00e4dg\u00e5rd &amp; Fritid","isPartOf":{"@id":"https:\/\/truusk.store\/sv\/#website"},"primaryImageOfPage":{"@id":"https:\/\/truusk.store\/sv\/produkt\/truusk-traningsmaskin-justerbar-metallror-pedaler-hopfallbar-rod\/#primaryimage"},"image":{"@id":"https:\/\/truusk.store\/sv\/produkt\/truusk-traningsmaskin-justerbar-metallror-pedaler-hopfallbar-rod\/#primaryimage"},"thumbnailUrl":"https:\/\/i0.wp.com\/truusk.store\/wp-content\/uploads\/2025\/12\/traningsmaskin-justerbar-metallror-pedaler-hopfallbar-rod-1.webp?fit=2000%2C2000&ssl=1","datePublished":"2025-12-15T03:54:00+00:00","dateModified":"2026-03-12T07:48:35+00:00","breadcrumb":{"@id":"https:\/\/truusk.store\/sv\/produkt\/truusk-traningsmaskin-justerbar-metallror-pedaler-hopfallbar-rod\/#breadcrumb"},"inLanguage":"sv-SE","potentialAction":[{"@type":"ReadAction","target":["https:\/\/truusk.store\/sv\/produkt\/truusk-traningsmaskin-justerbar-metallror-pedaler-hopfallbar-rod\/"]}]},{"@type":"ImageObject","inLanguage":"sv-SE","@id":"https:\/\/truusk.store\/sv\/produkt\/truusk-traningsmaskin-justerbar-metallror-pedaler-hopfallbar-rod\/#primaryimage","url":"https:\/\/i0.wp.com\/truusk.store\/wp-content\/uploads\/2025\/12\/traningsmaskin-justerbar-metallror-pedaler-hopfallbar-rod-1.webp?fit=2000%2C2000&ssl=1","contentUrl":"https:\/\/i0.wp.com\/truusk.store\/wp-content\/uploads\/2025\/12\/traningsmaskin-justerbar-metallror-pedaler-hopfallbar-rod-1.webp?fit=2000%2C2000&ssl=1","width":2000,"height":2000},{"@type":"BreadcrumbList","@id":"https:\/\/truusk.store\/sv\/produkt\/truusk-traningsmaskin-justerbar-metallror-pedaler-hopfallbar-rod\/#breadcrumb","itemListElement":[{"@type":"ListItem","position":1,"name":"Home","item":"https:\/\/truusk.store\/sv\/"},{"@type":"ListItem","position":2,"name":"Shop","item":"https:\/\/truusk.store\/shop\/"},{"@type":"ListItem","position":3,"name":"TRUUSK Tr\u00e4ningsmaskin &#8211; Justerbar &#8211; Metallr\u00f6r &#8211; Pedaler &#8211; Hopf\u00e4llbar &#8211; R\u00f6d"}]},{"@type":"WebSite","@id":"https:\/\/truusk.store\/sv\/#website","url":"https:\/\/truusk.store\/sv\/","name":"TRUUSK - Hem, Tr\u00e4dg\u00e5rd & Fritid","description":"","publisher":{"@id":"https:\/\/truusk.store\/sv\/#organization"},"potentialAction":[{"@type":"SearchAction","target":{"@type":"EntryPoint","urlTemplate":"https:\/\/truusk.store\/sv\/?s={search_term_string}"},"query-input":{"@type":"PropertyValueSpecification","valueRequired":true,"valueName":"search_term_string"}}],"inLanguage":"sv-SE"},{"@type":"Organization","@id":"https:\/\/truusk.store\/sv\/#organization","name":"TRUUSK - Hem, Tr\u00e4dg\u00e5rd & Fritid","url":"https:\/\/truusk.store\/sv\/","logo":{"@type":"ImageObject","inLanguage":"sv-SE","@id":"https:\/\/truusk.store\/sv\/#\/schema\/logo\/image\/","url":"https:\/\/i0.wp.com\/truusk.store\/wp-content\/uploads\/2026\/03\/cropped-TRUUSK.png?fit=2032%2C917&ssl=1","contentUrl":"https:\/\/i0.wp.com\/truusk.store\/wp-content\/uploads\/2026\/03\/cropped-TRUUSK.png?fit=2032%2C917&ssl=1","width":2032,"height":917,"caption":"TRUUSK - Hem, Tr\u00e4dg\u00e5rd & Fritid"},"image":{"@id":"https:\/\/truusk.store\/sv\/#\/schema\/logo\/image\/"}}]}},"jetpack_sharing_enabled":true,"_links":{"self":[{"href":"https:\/\/truusk.store\/sv\/wp-json\/wp\/v2\/product\/97515","targetHints":{"allow":["GET"]}}],"collection":[{"href":"https:\/\/truusk.store\/sv\/wp-json\/wp\/v2\/product"}],"about":[{"href":"https:\/\/truusk.store\/sv\/wp-json\/wp\/v2\/types\/product"}],"wp:featuredmedia":[{"embeddable":true,"href":"https:\/\/truusk.store\/sv\/wp-json\/wp\/v2\/media\/97500"}],"wp:attachment":[{"href":"https:\/\/truusk.store\/sv\/wp-json\/wp\/v2\/media?parent=97515"}],"wp:term":[{"taxonomy":"product_brand","embeddable":true,"href":"https:\/\/truusk.store\/sv\/wp-json\/wp\/v2\/product_brand?post=97515"},{"taxonomy":"product_cat","embeddable":true,"href":"https:\/\/truusk.store\/sv\/wp-json\/wp\/v2\/product_cat?post=97515"},{"taxonomy":"product_tag","embeddable":true,"href":"https:\/\/truusk.store\/sv\/wp-json\/wp\/v2\/product_tag?post=97515"}],"curies":[{"name":"wp","href":"https:\/\/api.w.org\/{rel}","templated":true}]}}