{"id":97535,"date":"2025-12-15T04:56:07","date_gmt":"2025-12-15T03:56:07","guid":{"rendered":"https:\/\/truusk.store\/product\/slangvinda-med-indragningsmekanism-165-m-lang-slang-vaggmontering-rodsvart\/"},"modified":"2026-03-12T08:48:39","modified_gmt":"2026-03-12T07:48:39","slug":"truusk-slangvinda-med-indragningsmekanism-165-m-lang-slang-vaggmontering-rodsvart","status":"publish","type":"product","link":"https:\/\/truusk.store\/sv\/produkt\/truusk-slangvinda-med-indragningsmekanism-165-m-lang-slang-vaggmontering-rodsvart\/","title":{"rendered":"TRUUSK Slangvinda med Indragningsmekanism &#8211; 16,5 M L\u00e5ng Slang &#8211; V\u00e4ggmontering &#8211; R\u00f6d+Svart"},"content":{"rendered":"<p>K\u00e4mpar du med trassliga slangar som skapar snubbelrisker och irritation i ditt garage? [BRAND NAME] luftslangrulle ser till att h\u00e5lla ordning och s\u00e4kerhet genom att automatiskt rulla upp den 15 m l\u00e5nga slangen. Luftledningen p\u00e5 slangrullen kan l\u00e5sas vid valfri l\u00e4ngd, och tack vare den 180-graders sv\u00e4ngbara f\u00e4stet kan du enkelt n\u00e5 varje h\u00f6rn av din verkstad.<\/p>\n<p>Beskrivning:<\/p>\n<ul>\n<li> Dra f\u00f6rsiktigt f\u00f6r att dra in den 16,5 m l\u00e5nga slangen och h\u00e5lla din verkstad snygg<\/li>\n<li> Slangen p\u00e5 tryckluftsslangrullen kan l\u00e5sas vid valfri l\u00e4ngd f\u00f6r en stabil, kontrollerad och ryckfri anv\u00e4ndning<\/li>\n<li> Ett 180\u00b0 sv\u00e4ngbart f\u00e4ste ger bred t\u00e4ckning och f\u00f6rhindrar att slangen trasslar sig<\/li>\n<li> Har en total l\u00e4ngd p\u00e5 16,5 m, l\u00e4mplig f\u00f6r verkst\u00e4der och garage<\/li>\n<li> En kraftfull utg\u00e5ng p\u00e5 10 Bar ger h\u00f6g effektivitet f\u00f6r dina tryckluftsverktyg<\/li>\n<li> Den 3\/8 tum r\u00f6da plastslangen p\u00e5 slangrullen \u00f6kar synligheten och d\u00e4rmed s\u00e4kerheten<\/li>\n<li> Levereras med alla n\u00f6dv\u00e4ndiga anslutningar f\u00f6r snabb installation och omedelbar anv\u00e4ndning<\/li>\n<\/ul>\n<p> Tekniska data:<\/p>\n<ul>\n<li> F\u00e4rg: Svart+R\u00f6d<\/li>\n<li> Material: Plast<\/li>\n<li> Totala dimensioner: 37L x 20B x 36H cm<\/li>\n<li> Slangl\u00e4ngd: 15 m + 1,5 m<\/li>\n<li> Slangstorlek: 9,5 x 15,8 mm (3\/8&#8243;)<\/li>\n<li> Arbetstemperatur: 10\u201350 \u00b0C<\/li>\n<li> Anslutningsstorlek: BSPT 1\/4 tum<\/li>\n<li> Arbetstryck: 10 Bar<\/li>\n<\/ul>\n<p>Ing\u00e5r:<\/p>\n<ul>\n<li> 1 x Slangrulle<\/li>\n<li> 1 x Manual<\/li>\n<\/ul>\n","protected":false},"excerpt":{"rendered":"<p>K\u00e4mpar du med trassliga slangar som skapar snubbelrisker och irritation i ditt garage? [BRAND NAME] luftslangrulle ser till att h\u00e5lla&#8230;<\/p>\n","protected":false},"featured_media":97526,"template":"","meta":[],"product_brand":[],"product_cat":[858,449,443],"product_tag":[],"class_list":{"0":"post-97535","1":"product","2":"type-product","3":"status-publish","4":"has-post-thumbnail","6":"product_cat-tradgard-terrass","7":"product_cat-tradgardsslangar","8":"product_cat-vaxthus-tradgardsskotsel","10":"first","11":"instock","12":"sale","13":"taxable","14":"shipping-taxable","15":"purchasable","16":"product-type-simple"},"yoast_head":"<!-- This site is optimized with the Yoast SEO plugin v25.4 - https:\/\/yoast.com\/wordpress\/plugins\/seo\/ -->\n<title>TRUUSK Slangvinda med Indragningsmekanism - 16,5 M L\u00e5ng Slang - V\u00e4ggmontering - R\u00f6d+Svart - TRUUSK - Hem, Tr\u00e4dg\u00e5rd &amp; Fritid<\/title>\n<meta name=\"robots\" content=\"index, follow, max-snippet:-1, max-image-preview:large, max-video-preview:-1\" \/>\n<link rel=\"canonical\" href=\"https:\/\/truusk.store\/sv\/produkt\/truusk-slangvinda-med-indragningsmekanism-165-m-lang-slang-vaggmontering-rodsvart\/\" \/>\n<meta property=\"og:locale\" content=\"sv_SE\" \/>\n<meta property=\"og:type\" content=\"article\" \/>\n<meta property=\"og:title\" content=\"TRUUSK Slangvinda med Indragningsmekanism - 16,5 M L\u00e5ng Slang - V\u00e4ggmontering - R\u00f6d+Svart - TRUUSK - Hem, Tr\u00e4dg\u00e5rd &amp; Fritid\" \/>\n<meta property=\"og:description\" content=\"K\u00e4mpar du med trassliga slangar som skapar snubbelrisker och irritation i ditt garage? [BRAND NAME] luftslangrulle ser till att h\u00e5lla...\" \/>\n<meta property=\"og:url\" content=\"https:\/\/truusk.store\/sv\/produkt\/truusk-slangvinda-med-indragningsmekanism-165-m-lang-slang-vaggmontering-rodsvart\/\" \/>\n<meta property=\"og:site_name\" content=\"TRUUSK - Hem, Tr\u00e4dg\u00e5rd &amp; Fritid\" \/>\n<meta property=\"article:modified_time\" content=\"2026-03-12T07:48:39+00:00\" \/>\n<meta property=\"og:image\" content=\"https:\/\/i0.wp.com\/truusk.se\/wp-content\/uploads\/2025\/12\/slangvinda-med-indragningsmekanism-165-m-lang-slang-vaggmontering-rodsvart-1.webp?fit=2000%2C2000&ssl=1\" \/>\n\t<meta property=\"og:image:width\" content=\"2000\" \/>\n\t<meta property=\"og:image:height\" content=\"2000\" \/>\n\t<meta property=\"og:image:type\" content=\"image\/webp\" \/>\n<meta name=\"twitter:card\" content=\"summary_large_image\" \/>\n<meta name=\"twitter:label1\" content=\"Ber\u00e4knad l\u00e4stid\" \/>\n\t<meta name=\"twitter:data1\" content=\"1 minut\" \/>\n<!-- \/ Yoast SEO plugin. -->","yoast_head_json":{"title":"TRUUSK Slangvinda med Indragningsmekanism - 16,5 M L\u00e5ng Slang - V\u00e4ggmontering - R\u00f6d+Svart - TRUUSK - Hem, Tr\u00e4dg\u00e5rd &amp; Fritid","robots":{"index":"index","follow":"follow","max-snippet":"max-snippet:-1","max-image-preview":"max-image-preview:large","max-video-preview":"max-video-preview:-1"},"canonical":"https:\/\/truusk.store\/sv\/produkt\/truusk-slangvinda-med-indragningsmekanism-165-m-lang-slang-vaggmontering-rodsvart\/","og_locale":"sv_SE","og_type":"article","og_title":"TRUUSK Slangvinda med Indragningsmekanism - 16,5 M L\u00e5ng Slang - V\u00e4ggmontering - R\u00f6d+Svart - TRUUSK - Hem, Tr\u00e4dg\u00e5rd &amp; Fritid","og_description":"K\u00e4mpar du med trassliga slangar som skapar snubbelrisker och irritation i ditt garage? [BRAND NAME] luftslangrulle ser till att h\u00e5lla...","og_url":"https:\/\/truusk.store\/sv\/produkt\/truusk-slangvinda-med-indragningsmekanism-165-m-lang-slang-vaggmontering-rodsvart\/","og_site_name":"TRUUSK - Hem, Tr\u00e4dg\u00e5rd &amp; Fritid","article_modified_time":"2026-03-12T07:48:39+00:00","og_image":[{"width":2000,"height":2000,"url":"https:\/\/i0.wp.com\/truusk.se\/wp-content\/uploads\/2025\/12\/slangvinda-med-indragningsmekanism-165-m-lang-slang-vaggmontering-rodsvart-1.webp?fit=2000%2C2000&ssl=1","type":"image\/webp"}],"twitter_card":"summary_large_image","twitter_misc":{"Ber\u00e4knad l\u00e4stid":"1 minut"},"schema":{"@context":"https:\/\/schema.org","@graph":[{"@type":"WebPage","@id":"https:\/\/truusk.store\/sv\/produkt\/truusk-slangvinda-med-indragningsmekanism-165-m-lang-slang-vaggmontering-rodsvart\/","url":"https:\/\/truusk.store\/sv\/produkt\/truusk-slangvinda-med-indragningsmekanism-165-m-lang-slang-vaggmontering-rodsvart\/","name":"TRUUSK Slangvinda med Indragningsmekanism - 16,5 M L\u00e5ng Slang - V\u00e4ggmontering - R\u00f6d+Svart - TRUUSK - Hem, Tr\u00e4dg\u00e5rd &amp; Fritid","isPartOf":{"@id":"https:\/\/truusk.store\/sv\/#website"},"primaryImageOfPage":{"@id":"https:\/\/truusk.store\/sv\/produkt\/truusk-slangvinda-med-indragningsmekanism-165-m-lang-slang-vaggmontering-rodsvart\/#primaryimage"},"image":{"@id":"https:\/\/truusk.store\/sv\/produkt\/truusk-slangvinda-med-indragningsmekanism-165-m-lang-slang-vaggmontering-rodsvart\/#primaryimage"},"thumbnailUrl":"https:\/\/i0.wp.com\/truusk.store\/wp-content\/uploads\/2025\/12\/slangvinda-med-indragningsmekanism-165-m-lang-slang-vaggmontering-rodsvart-1.webp?fit=2000%2C2000&ssl=1","datePublished":"2025-12-15T03:56:07+00:00","dateModified":"2026-03-12T07:48:39+00:00","breadcrumb":{"@id":"https:\/\/truusk.store\/sv\/produkt\/truusk-slangvinda-med-indragningsmekanism-165-m-lang-slang-vaggmontering-rodsvart\/#breadcrumb"},"inLanguage":"sv-SE","potentialAction":[{"@type":"ReadAction","target":["https:\/\/truusk.store\/sv\/produkt\/truusk-slangvinda-med-indragningsmekanism-165-m-lang-slang-vaggmontering-rodsvart\/"]}]},{"@type":"ImageObject","inLanguage":"sv-SE","@id":"https:\/\/truusk.store\/sv\/produkt\/truusk-slangvinda-med-indragningsmekanism-165-m-lang-slang-vaggmontering-rodsvart\/#primaryimage","url":"https:\/\/i0.wp.com\/truusk.store\/wp-content\/uploads\/2025\/12\/slangvinda-med-indragningsmekanism-165-m-lang-slang-vaggmontering-rodsvart-1.webp?fit=2000%2C2000&ssl=1","contentUrl":"https:\/\/i0.wp.com\/truusk.store\/wp-content\/uploads\/2025\/12\/slangvinda-med-indragningsmekanism-165-m-lang-slang-vaggmontering-rodsvart-1.webp?fit=2000%2C2000&ssl=1","width":2000,"height":2000},{"@type":"BreadcrumbList","@id":"https:\/\/truusk.store\/sv\/produkt\/truusk-slangvinda-med-indragningsmekanism-165-m-lang-slang-vaggmontering-rodsvart\/#breadcrumb","itemListElement":[{"@type":"ListItem","position":1,"name":"Home","item":"https:\/\/truusk.store\/sv\/"},{"@type":"ListItem","position":2,"name":"Shop","item":"https:\/\/truusk.store\/shop\/"},{"@type":"ListItem","position":3,"name":"TRUUSK Slangvinda med Indragningsmekanism &#8211; 16,5 M L\u00e5ng Slang &#8211; V\u00e4ggmontering &#8211; R\u00f6d+Svart"}]},{"@type":"WebSite","@id":"https:\/\/truusk.store\/sv\/#website","url":"https:\/\/truusk.store\/sv\/","name":"TRUUSK - Hem, Tr\u00e4dg\u00e5rd & Fritid","description":"","publisher":{"@id":"https:\/\/truusk.store\/sv\/#organization"},"potentialAction":[{"@type":"SearchAction","target":{"@type":"EntryPoint","urlTemplate":"https:\/\/truusk.store\/sv\/?s={search_term_string}"},"query-input":{"@type":"PropertyValueSpecification","valueRequired":true,"valueName":"search_term_string"}}],"inLanguage":"sv-SE"},{"@type":"Organization","@id":"https:\/\/truusk.store\/sv\/#organization","name":"TRUUSK - Hem, Tr\u00e4dg\u00e5rd & Fritid","url":"https:\/\/truusk.store\/sv\/","logo":{"@type":"ImageObject","inLanguage":"sv-SE","@id":"https:\/\/truusk.store\/sv\/#\/schema\/logo\/image\/","url":"https:\/\/i0.wp.com\/truusk.store\/wp-content\/uploads\/2026\/03\/cropped-TRUUSK.png?fit=2032%2C917&ssl=1","contentUrl":"https:\/\/i0.wp.com\/truusk.store\/wp-content\/uploads\/2026\/03\/cropped-TRUUSK.png?fit=2032%2C917&ssl=1","width":2032,"height":917,"caption":"TRUUSK - Hem, Tr\u00e4dg\u00e5rd & Fritid"},"image":{"@id":"https:\/\/truusk.store\/sv\/#\/schema\/logo\/image\/"}}]}},"jetpack_sharing_enabled":true,"_links":{"self":[{"href":"https:\/\/truusk.store\/sv\/wp-json\/wp\/v2\/product\/97535","targetHints":{"allow":["GET"]}}],"collection":[{"href":"https:\/\/truusk.store\/sv\/wp-json\/wp\/v2\/product"}],"about":[{"href":"https:\/\/truusk.store\/sv\/wp-json\/wp\/v2\/types\/product"}],"wp:featuredmedia":[{"embeddable":true,"href":"https:\/\/truusk.store\/sv\/wp-json\/wp\/v2\/media\/97526"}],"wp:attachment":[{"href":"https:\/\/truusk.store\/sv\/wp-json\/wp\/v2\/media?parent=97535"}],"wp:term":[{"taxonomy":"product_brand","embeddable":true,"href":"https:\/\/truusk.store\/sv\/wp-json\/wp\/v2\/product_brand?post=97535"},{"taxonomy":"product_cat","embeddable":true,"href":"https:\/\/truusk.store\/sv\/wp-json\/wp\/v2\/product_cat?post=97535"},{"taxonomy":"product_tag","embeddable":true,"href":"https:\/\/truusk.store\/sv\/wp-json\/wp\/v2\/product_tag?post=97535"}],"curies":[{"name":"wp","href":"https:\/\/api.w.org\/{rel}","templated":true}]}}