{"id":97547,"date":"2025-12-15T04:57:13","date_gmt":"2025-12-15T03:57:13","guid":{"rendered":"https:\/\/truusk.store\/product\/3-sits-soffa-mjuk-skumstruktur-breda-armstod-2-kuddar-corduroyoverdrag-beige\/"},"modified":"2026-03-12T08:48:39","modified_gmt":"2026-03-12T07:48:39","slug":"truusk-3-sits-soffa-mjuk-skumstruktur-breda-armstod-2-kuddar-corduroyoverdrag-beige","status":"publish","type":"product","link":"https:\/\/truusk.store\/sv\/produkt\/truusk-3-sits-soffa-mjuk-skumstruktur-breda-armstod-2-kuddar-corduroyoverdrag-beige\/","title":{"rendered":"TRUUSK 3-sits Soffa &#8211; Mjuk Skumstruktur &#8211; Breda Armst\u00f6d &#8211; 2 Kuddar &#8211; Corduroy\u00f6verdrag &#8211; Beige"},"content":{"rendered":"<p>Lider du av tr\u00e5nga kv\u00e4llar p\u00e5 en kvav soffa? Efter l\u00e5nga dagar f\u00f6rtj\u00e4nar man en verkligt avkopplande tillflyktsort, utan att k\u00e4nna sig obekv\u00e4m. [BRAND NAME] 3-sits soffa g\u00f6r ditt vardagsrum till en oas av v\u00e4lbefinnande. Dess gener\u00f6sa design och mjuka manchester med st\u00f6djande kuddar lovar l\u00e5ngvarig, tryckavlastande komfort. Slappna av p\u00e5 denna soffa och l\u00e5t din dagliga stress f\u00f6rsvinna i fullst\u00e4ndig komfort.<\/p>\n<p>Beskrivning:<\/p>\n<ul>\n<li> Tjock, h\u00f6gdensitet, h\u00f6gelastisk skumstoppning med tv\u00e5 kuddar ger st\u00f6djande komfort<\/li>\n<li> Extra djup sittplats p\u00e5 3-sits soffan ger gott om utrymme f\u00f6r avkoppling<\/li>\n<li> Kl\u00e4dd med mjuk, andningsbar manchester f\u00f6r ett stilfullt, texturerat utseende<\/li>\n<li> Snabb montering p\u00e5 cirka fem minuter<\/li>\n<li> Breda armst\u00f6d p\u00e5 soffan kan anv\u00e4ndas som f\u00f6rvaring<\/li>\n<li> Kudd\u00f6verdragen \u00e4r f\u00f6rsedda med dragkedjor och \u00e4r l\u00e4tta att reng\u00f6ra<\/li>\n<\/ul>\n<p> Tekniska specifikationer:<\/p>\n<ul>\n<li> F\u00e4rg: Beige<\/li>\n<li> Material: Manchester, skum (100% polyester)<\/li>\n<li> Totala dimensioner: 202B x 90T x 76H cm<\/li>\n<li> Sittstorlek: 154B x 65T x 41H cm<\/li>\n<li> Ryggkuddstorlek: 153B x 71L cm<\/li>\n<li> Tjocklek: 41 cm (sits), 23 cm (rygg)<\/li>\n<li> Armst\u00f6dsm\u00e5tt: 90L x 24B x 22H cm<\/li>\n<li> Maximal belastning: 330 kg<\/li>\n<li> OBS: L\u00e5t det &#8221;andas&#8221; i 72 timmar s\u00e5 att soffan kan anta sin fullst\u00e4ndiga form<\/li>\n<\/ul>\n<p>Leverans inneh\u00e5ller:<\/p>\n<ul>\n<li> 1 x 3-sits soffa<\/li>\n<li> 2 x dekorativa kuddar<\/li>\n<li> 1 x handbok<\/li>\n<\/ul>\n","protected":false},"excerpt":{"rendered":"<p>Lider du av tr\u00e5nga kv\u00e4llar p\u00e5 en kvav soffa? Efter l\u00e5nga dagar f\u00f6rtj\u00e4nar man en verkligt avkopplande tillflyktsort, utan att&#8230;<\/p>\n","protected":false},"featured_media":97536,"template":"","meta":[],"product_brand":[],"product_cat":[1011,871,937,910],"product_tag":[],"class_list":{"0":"post-97547","1":"product","2":"type-product","3":"status-publish","4":"has-post-thumbnail","6":"product_cat-dreisitzer","7":"product_cat-hus-hem","8":"product_cat-soffor","9":"product_cat-vardagsrum","11":"first","12":"instock","13":"sale","14":"taxable","15":"shipping-taxable","16":"purchasable","17":"product-type-simple"},"yoast_head":"<!-- This site is optimized with the Yoast SEO plugin v25.4 - https:\/\/yoast.com\/wordpress\/plugins\/seo\/ -->\n<title>TRUUSK 3-sits Soffa - Mjuk Skumstruktur - Breda Armst\u00f6d - 2 Kuddar - Corduroy\u00f6verdrag - Beige - TRUUSK - Hem, Tr\u00e4dg\u00e5rd &amp; Fritid<\/title>\n<meta name=\"robots\" content=\"index, follow, max-snippet:-1, max-image-preview:large, max-video-preview:-1\" \/>\n<link rel=\"canonical\" href=\"https:\/\/truusk.store\/sv\/produkt\/truusk-3-sits-soffa-mjuk-skumstruktur-breda-armstod-2-kuddar-corduroyoverdrag-beige\/\" \/>\n<meta property=\"og:locale\" content=\"sv_SE\" \/>\n<meta property=\"og:type\" content=\"article\" \/>\n<meta property=\"og:title\" content=\"TRUUSK 3-sits Soffa - Mjuk Skumstruktur - Breda Armst\u00f6d - 2 Kuddar - Corduroy\u00f6verdrag - Beige - TRUUSK - Hem, Tr\u00e4dg\u00e5rd &amp; Fritid\" \/>\n<meta property=\"og:description\" content=\"Lider du av tr\u00e5nga kv\u00e4llar p\u00e5 en kvav soffa? Efter l\u00e5nga dagar f\u00f6rtj\u00e4nar man en verkligt avkopplande tillflyktsort, utan att...\" \/>\n<meta property=\"og:url\" content=\"https:\/\/truusk.store\/sv\/produkt\/truusk-3-sits-soffa-mjuk-skumstruktur-breda-armstod-2-kuddar-corduroyoverdrag-beige\/\" \/>\n<meta property=\"og:site_name\" content=\"TRUUSK - Hem, Tr\u00e4dg\u00e5rd &amp; Fritid\" \/>\n<meta property=\"article:modified_time\" content=\"2026-03-12T07:48:39+00:00\" \/>\n<meta property=\"og:image\" content=\"https:\/\/i0.wp.com\/truusk.se\/wp-content\/uploads\/2025\/12\/3-sits-soffa-mjuk-skumstruktur-breda-armstod-2-kuddar-corduroyoverdrag-beige-1.webp?fit=2000%2C2000&ssl=1\" \/>\n\t<meta property=\"og:image:width\" content=\"2000\" \/>\n\t<meta property=\"og:image:height\" content=\"2000\" \/>\n\t<meta property=\"og:image:type\" content=\"image\/webp\" \/>\n<meta name=\"twitter:card\" content=\"summary_large_image\" \/>\n<meta name=\"twitter:label1\" content=\"Ber\u00e4knad l\u00e4stid\" \/>\n\t<meta name=\"twitter:data1\" content=\"1 minut\" \/>\n<!-- \/ Yoast SEO plugin. -->","yoast_head_json":{"title":"TRUUSK 3-sits Soffa - Mjuk Skumstruktur - Breda Armst\u00f6d - 2 Kuddar - Corduroy\u00f6verdrag - Beige - TRUUSK - Hem, Tr\u00e4dg\u00e5rd &amp; Fritid","robots":{"index":"index","follow":"follow","max-snippet":"max-snippet:-1","max-image-preview":"max-image-preview:large","max-video-preview":"max-video-preview:-1"},"canonical":"https:\/\/truusk.store\/sv\/produkt\/truusk-3-sits-soffa-mjuk-skumstruktur-breda-armstod-2-kuddar-corduroyoverdrag-beige\/","og_locale":"sv_SE","og_type":"article","og_title":"TRUUSK 3-sits Soffa - Mjuk Skumstruktur - Breda Armst\u00f6d - 2 Kuddar - Corduroy\u00f6verdrag - Beige - TRUUSK - Hem, Tr\u00e4dg\u00e5rd &amp; Fritid","og_description":"Lider du av tr\u00e5nga kv\u00e4llar p\u00e5 en kvav soffa? Efter l\u00e5nga dagar f\u00f6rtj\u00e4nar man en verkligt avkopplande tillflyktsort, utan att...","og_url":"https:\/\/truusk.store\/sv\/produkt\/truusk-3-sits-soffa-mjuk-skumstruktur-breda-armstod-2-kuddar-corduroyoverdrag-beige\/","og_site_name":"TRUUSK - Hem, Tr\u00e4dg\u00e5rd &amp; Fritid","article_modified_time":"2026-03-12T07:48:39+00:00","og_image":[{"width":2000,"height":2000,"url":"https:\/\/i0.wp.com\/truusk.se\/wp-content\/uploads\/2025\/12\/3-sits-soffa-mjuk-skumstruktur-breda-armstod-2-kuddar-corduroyoverdrag-beige-1.webp?fit=2000%2C2000&ssl=1","type":"image\/webp"}],"twitter_card":"summary_large_image","twitter_misc":{"Ber\u00e4knad l\u00e4stid":"1 minut"},"schema":{"@context":"https:\/\/schema.org","@graph":[{"@type":"WebPage","@id":"https:\/\/truusk.store\/sv\/produkt\/truusk-3-sits-soffa-mjuk-skumstruktur-breda-armstod-2-kuddar-corduroyoverdrag-beige\/","url":"https:\/\/truusk.store\/sv\/produkt\/truusk-3-sits-soffa-mjuk-skumstruktur-breda-armstod-2-kuddar-corduroyoverdrag-beige\/","name":"TRUUSK 3-sits Soffa - Mjuk Skumstruktur - Breda Armst\u00f6d - 2 Kuddar - Corduroy\u00f6verdrag - Beige - TRUUSK - Hem, Tr\u00e4dg\u00e5rd &amp; Fritid","isPartOf":{"@id":"https:\/\/truusk.store\/sv\/#website"},"primaryImageOfPage":{"@id":"https:\/\/truusk.store\/sv\/produkt\/truusk-3-sits-soffa-mjuk-skumstruktur-breda-armstod-2-kuddar-corduroyoverdrag-beige\/#primaryimage"},"image":{"@id":"https:\/\/truusk.store\/sv\/produkt\/truusk-3-sits-soffa-mjuk-skumstruktur-breda-armstod-2-kuddar-corduroyoverdrag-beige\/#primaryimage"},"thumbnailUrl":"https:\/\/i0.wp.com\/truusk.store\/wp-content\/uploads\/2025\/12\/3-sits-soffa-mjuk-skumstruktur-breda-armstod-2-kuddar-corduroyoverdrag-beige-1.webp?fit=2000%2C2000&ssl=1","datePublished":"2025-12-15T03:57:13+00:00","dateModified":"2026-03-12T07:48:39+00:00","breadcrumb":{"@id":"https:\/\/truusk.store\/sv\/produkt\/truusk-3-sits-soffa-mjuk-skumstruktur-breda-armstod-2-kuddar-corduroyoverdrag-beige\/#breadcrumb"},"inLanguage":"sv-SE","potentialAction":[{"@type":"ReadAction","target":["https:\/\/truusk.store\/sv\/produkt\/truusk-3-sits-soffa-mjuk-skumstruktur-breda-armstod-2-kuddar-corduroyoverdrag-beige\/"]}]},{"@type":"ImageObject","inLanguage":"sv-SE","@id":"https:\/\/truusk.store\/sv\/produkt\/truusk-3-sits-soffa-mjuk-skumstruktur-breda-armstod-2-kuddar-corduroyoverdrag-beige\/#primaryimage","url":"https:\/\/i0.wp.com\/truusk.store\/wp-content\/uploads\/2025\/12\/3-sits-soffa-mjuk-skumstruktur-breda-armstod-2-kuddar-corduroyoverdrag-beige-1.webp?fit=2000%2C2000&ssl=1","contentUrl":"https:\/\/i0.wp.com\/truusk.store\/wp-content\/uploads\/2025\/12\/3-sits-soffa-mjuk-skumstruktur-breda-armstod-2-kuddar-corduroyoverdrag-beige-1.webp?fit=2000%2C2000&ssl=1","width":2000,"height":2000},{"@type":"BreadcrumbList","@id":"https:\/\/truusk.store\/sv\/produkt\/truusk-3-sits-soffa-mjuk-skumstruktur-breda-armstod-2-kuddar-corduroyoverdrag-beige\/#breadcrumb","itemListElement":[{"@type":"ListItem","position":1,"name":"Home","item":"https:\/\/truusk.store\/sv\/"},{"@type":"ListItem","position":2,"name":"Shop","item":"https:\/\/truusk.store\/shop\/"},{"@type":"ListItem","position":3,"name":"TRUUSK 3-sits Soffa &#8211; Mjuk Skumstruktur &#8211; Breda Armst\u00f6d &#8211; 2 Kuddar &#8211; Corduroy\u00f6verdrag &#8211; Beige"}]},{"@type":"WebSite","@id":"https:\/\/truusk.store\/sv\/#website","url":"https:\/\/truusk.store\/sv\/","name":"TRUUSK - Hem, Tr\u00e4dg\u00e5rd & Fritid","description":"","publisher":{"@id":"https:\/\/truusk.store\/sv\/#organization"},"potentialAction":[{"@type":"SearchAction","target":{"@type":"EntryPoint","urlTemplate":"https:\/\/truusk.store\/sv\/?s={search_term_string}"},"query-input":{"@type":"PropertyValueSpecification","valueRequired":true,"valueName":"search_term_string"}}],"inLanguage":"sv-SE"},{"@type":"Organization","@id":"https:\/\/truusk.store\/sv\/#organization","name":"TRUUSK - Hem, Tr\u00e4dg\u00e5rd & Fritid","url":"https:\/\/truusk.store\/sv\/","logo":{"@type":"ImageObject","inLanguage":"sv-SE","@id":"https:\/\/truusk.store\/sv\/#\/schema\/logo\/image\/","url":"https:\/\/i0.wp.com\/truusk.store\/wp-content\/uploads\/2026\/03\/cropped-TRUUSK.png?fit=2032%2C917&ssl=1","contentUrl":"https:\/\/i0.wp.com\/truusk.store\/wp-content\/uploads\/2026\/03\/cropped-TRUUSK.png?fit=2032%2C917&ssl=1","width":2032,"height":917,"caption":"TRUUSK - Hem, Tr\u00e4dg\u00e5rd & Fritid"},"image":{"@id":"https:\/\/truusk.store\/sv\/#\/schema\/logo\/image\/"}}]}},"jetpack_sharing_enabled":true,"_links":{"self":[{"href":"https:\/\/truusk.store\/sv\/wp-json\/wp\/v2\/product\/97547","targetHints":{"allow":["GET"]}}],"collection":[{"href":"https:\/\/truusk.store\/sv\/wp-json\/wp\/v2\/product"}],"about":[{"href":"https:\/\/truusk.store\/sv\/wp-json\/wp\/v2\/types\/product"}],"wp:featuredmedia":[{"embeddable":true,"href":"https:\/\/truusk.store\/sv\/wp-json\/wp\/v2\/media\/97536"}],"wp:attachment":[{"href":"https:\/\/truusk.store\/sv\/wp-json\/wp\/v2\/media?parent=97547"}],"wp:term":[{"taxonomy":"product_brand","embeddable":true,"href":"https:\/\/truusk.store\/sv\/wp-json\/wp\/v2\/product_brand?post=97547"},{"taxonomy":"product_cat","embeddable":true,"href":"https:\/\/truusk.store\/sv\/wp-json\/wp\/v2\/product_cat?post=97547"},{"taxonomy":"product_tag","embeddable":true,"href":"https:\/\/truusk.store\/sv\/wp-json\/wp\/v2\/product_tag?post=97547"}],"curies":[{"name":"wp","href":"https:\/\/api.w.org\/{rel}","templated":true}]}}