{"id":97555,"date":"2025-12-15T04:57:55","date_gmt":"2025-12-15T03:57:55","guid":{"rendered":"https:\/\/truusk.store\/product\/bokhylla-forvaringshylla-med-3-nivaer-hjul-leksakshylla-for-sovrum-69-x-26-x-108-cm-vit\/"},"modified":"2026-03-12T08:48:40","modified_gmt":"2026-03-12T07:48:40","slug":"truusk-bokhylla-med-hjul-forvaringshylla-med-3-nivaer-leksakshylla-for-sovrum-69-x-26-x-108-cm-vit","status":"publish","type":"product","link":"https:\/\/truusk.store\/sv\/produkt\/truusk-bokhylla-med-hjul-forvaringshylla-med-3-nivaer-leksakshylla-for-sovrum-69-x-26-x-108-cm-vit\/","title":{"rendered":"TRUUSK Bokhylla Med Hjul &#8211; F\u00f6rvaringshylla Med 3 Niv\u00e5er &#8211; Leksakshylla f\u00f6r Sovrum &#8211; 69 x 26 x 108 cm &#8211; Vit"},"content":{"rendered":"<p>K\u00e4mpar du med bokh\u00f6gar som orsakar oordning och flyttstress? F\u00f6rest\u00e4ll dig dina utspridda l\u00e4smaterial som g\u00f6r ditt hem kaotiskt och stressigt. [BRAND NAME] bokhylla \u00e4r den idealiska l\u00f6sningen. Denna smala hylla rullar mjukt p\u00e5 sl\u00e4ta hjul fr\u00e5n arbetsrummet till vardagsrummet, medan dess stabila metallram s\u00e4kert och ordentligt f\u00f6rvarar dina favoritb\u00f6cker och d\u00e4rmed skapar bekv\u00e4mlighet och lugn i ditt utrymme.<\/p>\n<p>Beskrivning:<\/p>\n<ul>\n<li> Tillverkad av f\u00f6rtjockat helmetall f\u00f6r stabilitet och l\u00e5ng livsl\u00e4ngd<\/li>\n<li> Hyllan har fyra sv\u00e4ngbara hjul, tv\u00e5 av dem l\u00e5sbara, f\u00f6r enkel och s\u00e4ker r\u00f6relse<\/li>\n<li> Bokhyllan erbjuder tre rymliga niv\u00e5er f\u00f6r organiserad, l\u00e4ttillg\u00e4nglig f\u00f6rvaring<\/li>\n<li> Hyllans smala design maximerar lagring i sm\u00e5 utrymmen och tr\u00e5nga h\u00f6rn<\/li>\n<li> K\u00e4nnetecknas av en minimalistisk vit stil som elegant passar in i alla heminredningar<\/li>\n<li> Fungerar som en bokhylla eller rullande serveringsvagn<\/li>\n<li> Montering kr\u00e4vs<\/li>\n<\/ul>\n<p> Tekniska specifikationer:<\/p>\n<ul>\n<li> F\u00e4rg: Vit<\/li>\n<li> Material: Metall, plast<\/li>\n<li> Totala dimensioner: 69L x 26B x 108H cm<\/li>\n<li> Hyllans dimensioner: (mitten\/\u00f6vre) 66B x 25T x 33H cm<\/li>\n<li> Nedre hyllstorlek: 66B x 17T x 33H cm<\/li>\n<li> H\u00f6jd fr\u00e5n golv till underkant: 8 cm<\/li>\n<li> Hjuldiameter: 5 cm<\/li>\n<li> B\u00e4rkapacitet: 15 kg (totalt), 5 kg (per hylla)<\/li>\n<\/ul>\n<p>Leverans inneh\u00e5ller:<\/p>\n<ul>\n<li> 1 x bokhylla<\/li>\n<li> 1 x bruksanvisning<\/li>\n<\/ul>\n","protected":false},"excerpt":{"rendered":"<p>K\u00e4mpar du med bokh\u00f6gar som orsakar oordning och flyttstress? F\u00f6rest\u00e4ll dig dina utspridda l\u00e4smaterial som g\u00f6r ditt hem kaotiskt och&#8230;<\/p>\n","protected":false},"featured_media":97543,"template":"","meta":[],"product_brand":[],"product_cat":[977,872,871],"product_tag":[],"class_list":{"0":"post-97555","1":"product","2":"type-product","3":"status-publish","4":"has-post-thumbnail","6":"product_cat-bok-staende-hyllor","7":"product_cat-hemmakontor-arbetsplats","8":"product_cat-hus-hem","10":"first","11":"instock","12":"sale","13":"taxable","14":"shipping-taxable","15":"purchasable","16":"product-type-simple"},"yoast_head":"<!-- This site is optimized with the Yoast SEO plugin v25.4 - https:\/\/yoast.com\/wordpress\/plugins\/seo\/ -->\n<title>TRUUSK Bokhylla Med Hjul - F\u00f6rvaringshylla Med 3 Niv\u00e5er - Leksakshylla f\u00f6r Sovrum - 69 x 26 x 108 cm - Vit - TRUUSK - Hem, Tr\u00e4dg\u00e5rd &amp; Fritid<\/title>\n<meta name=\"robots\" content=\"index, follow, max-snippet:-1, max-image-preview:large, max-video-preview:-1\" \/>\n<link rel=\"canonical\" href=\"https:\/\/truusk.store\/sv\/produkt\/truusk-bokhylla-med-hjul-forvaringshylla-med-3-nivaer-leksakshylla-for-sovrum-69-x-26-x-108-cm-vit\/\" \/>\n<meta property=\"og:locale\" content=\"sv_SE\" \/>\n<meta property=\"og:type\" content=\"article\" \/>\n<meta property=\"og:title\" content=\"TRUUSK Bokhylla Med Hjul - F\u00f6rvaringshylla Med 3 Niv\u00e5er - Leksakshylla f\u00f6r Sovrum - 69 x 26 x 108 cm - Vit - TRUUSK - Hem, Tr\u00e4dg\u00e5rd &amp; Fritid\" \/>\n<meta property=\"og:description\" content=\"K\u00e4mpar du med bokh\u00f6gar som orsakar oordning och flyttstress? F\u00f6rest\u00e4ll dig dina utspridda l\u00e4smaterial som g\u00f6r ditt hem kaotiskt och...\" \/>\n<meta property=\"og:url\" content=\"https:\/\/truusk.store\/sv\/produkt\/truusk-bokhylla-med-hjul-forvaringshylla-med-3-nivaer-leksakshylla-for-sovrum-69-x-26-x-108-cm-vit\/\" \/>\n<meta property=\"og:site_name\" content=\"TRUUSK - Hem, Tr\u00e4dg\u00e5rd &amp; Fritid\" \/>\n<meta property=\"article:modified_time\" content=\"2026-03-12T07:48:40+00:00\" \/>\n<meta property=\"og:image\" content=\"https:\/\/i0.wp.com\/truusk.se\/wp-content\/uploads\/2025\/12\/bokhylla-forvaringshylla-med-3-nivaer-hjul-leksakshylla-for-sovrum-69-x-26-x-108-cm-vit-1.webp?fit=2000%2C2000&ssl=1\" \/>\n\t<meta property=\"og:image:width\" content=\"2000\" \/>\n\t<meta property=\"og:image:height\" content=\"2000\" \/>\n\t<meta property=\"og:image:type\" content=\"image\/webp\" \/>\n<meta name=\"twitter:card\" content=\"summary_large_image\" \/>\n<meta name=\"twitter:label1\" content=\"Ber\u00e4knad l\u00e4stid\" \/>\n\t<meta name=\"twitter:data1\" content=\"1 minut\" \/>\n<!-- \/ Yoast SEO plugin. -->","yoast_head_json":{"title":"TRUUSK Bokhylla Med Hjul - F\u00f6rvaringshylla Med 3 Niv\u00e5er - Leksakshylla f\u00f6r Sovrum - 69 x 26 x 108 cm - Vit - TRUUSK - Hem, Tr\u00e4dg\u00e5rd &amp; Fritid","robots":{"index":"index","follow":"follow","max-snippet":"max-snippet:-1","max-image-preview":"max-image-preview:large","max-video-preview":"max-video-preview:-1"},"canonical":"https:\/\/truusk.store\/sv\/produkt\/truusk-bokhylla-med-hjul-forvaringshylla-med-3-nivaer-leksakshylla-for-sovrum-69-x-26-x-108-cm-vit\/","og_locale":"sv_SE","og_type":"article","og_title":"TRUUSK Bokhylla Med Hjul - F\u00f6rvaringshylla Med 3 Niv\u00e5er - Leksakshylla f\u00f6r Sovrum - 69 x 26 x 108 cm - Vit - TRUUSK - Hem, Tr\u00e4dg\u00e5rd &amp; Fritid","og_description":"K\u00e4mpar du med bokh\u00f6gar som orsakar oordning och flyttstress? F\u00f6rest\u00e4ll dig dina utspridda l\u00e4smaterial som g\u00f6r ditt hem kaotiskt och...","og_url":"https:\/\/truusk.store\/sv\/produkt\/truusk-bokhylla-med-hjul-forvaringshylla-med-3-nivaer-leksakshylla-for-sovrum-69-x-26-x-108-cm-vit\/","og_site_name":"TRUUSK - Hem, Tr\u00e4dg\u00e5rd &amp; Fritid","article_modified_time":"2026-03-12T07:48:40+00:00","og_image":[{"width":2000,"height":2000,"url":"https:\/\/i0.wp.com\/truusk.se\/wp-content\/uploads\/2025\/12\/bokhylla-forvaringshylla-med-3-nivaer-hjul-leksakshylla-for-sovrum-69-x-26-x-108-cm-vit-1.webp?fit=2000%2C2000&ssl=1","type":"image\/webp"}],"twitter_card":"summary_large_image","twitter_misc":{"Ber\u00e4knad l\u00e4stid":"1 minut"},"schema":{"@context":"https:\/\/schema.org","@graph":[{"@type":"WebPage","@id":"https:\/\/truusk.store\/sv\/produkt\/truusk-bokhylla-med-hjul-forvaringshylla-med-3-nivaer-leksakshylla-for-sovrum-69-x-26-x-108-cm-vit\/","url":"https:\/\/truusk.store\/sv\/produkt\/truusk-bokhylla-med-hjul-forvaringshylla-med-3-nivaer-leksakshylla-for-sovrum-69-x-26-x-108-cm-vit\/","name":"TRUUSK Bokhylla Med Hjul - F\u00f6rvaringshylla Med 3 Niv\u00e5er - Leksakshylla f\u00f6r Sovrum - 69 x 26 x 108 cm - Vit - TRUUSK - Hem, Tr\u00e4dg\u00e5rd &amp; Fritid","isPartOf":{"@id":"https:\/\/truusk.store\/sv\/#website"},"primaryImageOfPage":{"@id":"https:\/\/truusk.store\/sv\/produkt\/truusk-bokhylla-med-hjul-forvaringshylla-med-3-nivaer-leksakshylla-for-sovrum-69-x-26-x-108-cm-vit\/#primaryimage"},"image":{"@id":"https:\/\/truusk.store\/sv\/produkt\/truusk-bokhylla-med-hjul-forvaringshylla-med-3-nivaer-leksakshylla-for-sovrum-69-x-26-x-108-cm-vit\/#primaryimage"},"thumbnailUrl":"https:\/\/i0.wp.com\/truusk.store\/wp-content\/uploads\/2025\/12\/bokhylla-forvaringshylla-med-3-nivaer-hjul-leksakshylla-for-sovrum-69-x-26-x-108-cm-vit-1.webp?fit=2000%2C2000&ssl=1","datePublished":"2025-12-15T03:57:55+00:00","dateModified":"2026-03-12T07:48:40+00:00","breadcrumb":{"@id":"https:\/\/truusk.store\/sv\/produkt\/truusk-bokhylla-med-hjul-forvaringshylla-med-3-nivaer-leksakshylla-for-sovrum-69-x-26-x-108-cm-vit\/#breadcrumb"},"inLanguage":"sv-SE","potentialAction":[{"@type":"ReadAction","target":["https:\/\/truusk.store\/sv\/produkt\/truusk-bokhylla-med-hjul-forvaringshylla-med-3-nivaer-leksakshylla-for-sovrum-69-x-26-x-108-cm-vit\/"]}]},{"@type":"ImageObject","inLanguage":"sv-SE","@id":"https:\/\/truusk.store\/sv\/produkt\/truusk-bokhylla-med-hjul-forvaringshylla-med-3-nivaer-leksakshylla-for-sovrum-69-x-26-x-108-cm-vit\/#primaryimage","url":"https:\/\/i0.wp.com\/truusk.store\/wp-content\/uploads\/2025\/12\/bokhylla-forvaringshylla-med-3-nivaer-hjul-leksakshylla-for-sovrum-69-x-26-x-108-cm-vit-1.webp?fit=2000%2C2000&ssl=1","contentUrl":"https:\/\/i0.wp.com\/truusk.store\/wp-content\/uploads\/2025\/12\/bokhylla-forvaringshylla-med-3-nivaer-hjul-leksakshylla-for-sovrum-69-x-26-x-108-cm-vit-1.webp?fit=2000%2C2000&ssl=1","width":2000,"height":2000},{"@type":"BreadcrumbList","@id":"https:\/\/truusk.store\/sv\/produkt\/truusk-bokhylla-med-hjul-forvaringshylla-med-3-nivaer-leksakshylla-for-sovrum-69-x-26-x-108-cm-vit\/#breadcrumb","itemListElement":[{"@type":"ListItem","position":1,"name":"Home","item":"https:\/\/truusk.store\/sv\/"},{"@type":"ListItem","position":2,"name":"Shop","item":"https:\/\/truusk.store\/shop\/"},{"@type":"ListItem","position":3,"name":"TRUUSK Bokhylla Med Hjul &#8211; F\u00f6rvaringshylla Med 3 Niv\u00e5er &#8211; Leksakshylla f\u00f6r Sovrum &#8211; 69 x 26 x 108 cm &#8211; Vit"}]},{"@type":"WebSite","@id":"https:\/\/truusk.store\/sv\/#website","url":"https:\/\/truusk.store\/sv\/","name":"TRUUSK - Hem, Tr\u00e4dg\u00e5rd & Fritid","description":"","publisher":{"@id":"https:\/\/truusk.store\/sv\/#organization"},"potentialAction":[{"@type":"SearchAction","target":{"@type":"EntryPoint","urlTemplate":"https:\/\/truusk.store\/sv\/?s={search_term_string}"},"query-input":{"@type":"PropertyValueSpecification","valueRequired":true,"valueName":"search_term_string"}}],"inLanguage":"sv-SE"},{"@type":"Organization","@id":"https:\/\/truusk.store\/sv\/#organization","name":"TRUUSK - Hem, Tr\u00e4dg\u00e5rd & Fritid","url":"https:\/\/truusk.store\/sv\/","logo":{"@type":"ImageObject","inLanguage":"sv-SE","@id":"https:\/\/truusk.store\/sv\/#\/schema\/logo\/image\/","url":"https:\/\/i0.wp.com\/truusk.store\/wp-content\/uploads\/2026\/03\/cropped-TRUUSK.png?fit=2032%2C917&ssl=1","contentUrl":"https:\/\/i0.wp.com\/truusk.store\/wp-content\/uploads\/2026\/03\/cropped-TRUUSK.png?fit=2032%2C917&ssl=1","width":2032,"height":917,"caption":"TRUUSK - Hem, Tr\u00e4dg\u00e5rd & Fritid"},"image":{"@id":"https:\/\/truusk.store\/sv\/#\/schema\/logo\/image\/"}}]}},"jetpack_sharing_enabled":true,"_links":{"self":[{"href":"https:\/\/truusk.store\/sv\/wp-json\/wp\/v2\/product\/97555","targetHints":{"allow":["GET"]}}],"collection":[{"href":"https:\/\/truusk.store\/sv\/wp-json\/wp\/v2\/product"}],"about":[{"href":"https:\/\/truusk.store\/sv\/wp-json\/wp\/v2\/types\/product"}],"wp:featuredmedia":[{"embeddable":true,"href":"https:\/\/truusk.store\/sv\/wp-json\/wp\/v2\/media\/97543"}],"wp:attachment":[{"href":"https:\/\/truusk.store\/sv\/wp-json\/wp\/v2\/media?parent=97555"}],"wp:term":[{"taxonomy":"product_brand","embeddable":true,"href":"https:\/\/truusk.store\/sv\/wp-json\/wp\/v2\/product_brand?post=97555"},{"taxonomy":"product_cat","embeddable":true,"href":"https:\/\/truusk.store\/sv\/wp-json\/wp\/v2\/product_cat?post=97555"},{"taxonomy":"product_tag","embeddable":true,"href":"https:\/\/truusk.store\/sv\/wp-json\/wp\/v2\/product_tag?post=97555"}],"curies":[{"name":"wp","href":"https:\/\/api.w.org\/{rel}","templated":true}]}}