{"id":97568,"date":"2025-12-15T04:59:09","date_gmt":"2025-12-15T03:59:09","guid":{"rendered":"https:\/\/truusk.store\/product\/tvattstallning-1565-m-torklangd-hopfallbar-statorkare-med-2-nivaer-justerbara-vingar-vingtvattstallning-vit\/"},"modified":"2026-03-12T08:48:41","modified_gmt":"2026-03-12T07:48:41","slug":"truusk-hopfallbar-torkstallning-1565-m-torklangd-2-nivaer-justerbara-vingar-vit","status":"publish","type":"product","link":"https:\/\/truusk.store\/sv\/produkt\/truusk-hopfallbar-torkstallning-1565-m-torklangd-2-nivaer-justerbara-vingar-vit\/","title":{"rendered":"TRUUSK Hopf\u00e4llbar Torkst\u00e4llning &#8211; 1,565 M Torkl\u00e4ngd &#8211; 2 Niv\u00e5er &#8211; Justerbara Vingar &#8211; Vit"},"content":{"rendered":"<p>St\u00f6rd av kaotiska tv\u00e4ttdagar d\u00e4r kl\u00e4der h\u00e4nger \u00f6verallt? R\u00e4dslan f\u00f6r ett instabilt st\u00e4ll som kollapsar under vikten av v\u00e5ta handdukar \u00e4r p\u00e5frestande. [BRAND NAME] tv\u00e4ttst\u00e4ll garanterar s\u00e4kerhet tack vare dess robusta, pulverlackerade metallram. Med sina gener\u00f6sa, justerbara vingar och det hopf\u00e4llbara designen som m\u00f6jligg\u00f6r l\u00e4tt f\u00f6rvaring, torkar st\u00e4llningen allt fr\u00e5n sm\u00e5 delar till l\u00e5nga kl\u00e4nningar.<\/p>\n<p>Beskrivning:<\/p>\n<ul>\n<li> Tv\u00e4ttst\u00e4llet erbjuder gener\u00f6st utrymme f\u00f6r att torka flera kl\u00e4desplagg samtidigt<\/li>\n<li> Vingarna p\u00e5 vingtv\u00e4ttst\u00e4llet kan justeras till fyra olika h\u00f6jder, perfekt f\u00f6r att torka l\u00e5nga kl\u00e4nningar<\/li>\n<li> Tillverkad av en pulverlackerad metallram, b\u00e4r detta st\u00e4ll upp till 15 kg<\/li>\n<li> Kan f\u00e4llas ihop till en smal profil, vilket underl\u00e4ttar kompakt f\u00f6rvaring<\/li>\n<li> Halkfria f\u00f6tter p\u00e5 vingtv\u00e4ttst\u00e4llet h\u00e5ller ramen stabil och skyddar dina golv<\/li>\n<li> Levereras helt monterad och \u00e4r redo att anv\u00e4ndas direkt<\/li>\n<\/ul>\n<p> Tekniska data:<\/p>\n<ul>\n<li> F\u00e4rg: Vit<\/li>\n<li> Material: Metall, plast<\/li>\n<li> Totala dimensioner: 156,5L x 61,5B x 97H cm<\/li>\n<li> Hopf\u00e4lld storlek: 106L x 61B x 8H cm<\/li>\n<li> Maximal belastning: 15 kg<\/li>\n<\/ul>\n<p>Leveransinneh\u00e5ll:<\/p>\n<ul>\n<li> 1 x Tv\u00e4ttst\u00e4ll<\/li>\n<li> 1 x Bruksanvisning<\/li>\n<\/ul>\n","protected":false},"excerpt":{"rendered":"<p>St\u00f6rd av kaotiska tv\u00e4ttdagar d\u00e4r kl\u00e4der h\u00e4nger \u00f6verallt? R\u00e4dslan f\u00f6r ett instabilt st\u00e4ll som kollapsar under vikten av v\u00e5ta handdukar&#8230;<\/p>\n","protected":false},"featured_media":97556,"template":"","meta":[],"product_brand":[],"product_cat":[915,871,916],"product_tag":[],"class_list":{"0":"post-97568","1":"product","2":"type-product","3":"status-publish","4":"has-post-thumbnail","6":"product_cat-badrum","7":"product_cat-hus-hem","8":"product_cat-tvattstallningar","10":"first","11":"instock","12":"sale","13":"taxable","14":"shipping-taxable","15":"purchasable","16":"product-type-simple"},"yoast_head":"<!-- This site is optimized with the Yoast SEO plugin v25.4 - https:\/\/yoast.com\/wordpress\/plugins\/seo\/ -->\n<title>TRUUSK Hopf\u00e4llbar Torkst\u00e4llning - 1,565 M Torkl\u00e4ngd - 2 Niv\u00e5er - Justerbara Vingar - Vit - TRUUSK - Hem, Tr\u00e4dg\u00e5rd &amp; Fritid<\/title>\n<meta name=\"robots\" content=\"index, follow, max-snippet:-1, max-image-preview:large, max-video-preview:-1\" \/>\n<link rel=\"canonical\" href=\"https:\/\/truusk.store\/sv\/produkt\/truusk-hopfallbar-torkstallning-1565-m-torklangd-2-nivaer-justerbara-vingar-vit\/\" \/>\n<meta property=\"og:locale\" content=\"sv_SE\" \/>\n<meta property=\"og:type\" content=\"article\" \/>\n<meta property=\"og:title\" content=\"TRUUSK Hopf\u00e4llbar Torkst\u00e4llning - 1,565 M Torkl\u00e4ngd - 2 Niv\u00e5er - Justerbara Vingar - Vit - TRUUSK - Hem, Tr\u00e4dg\u00e5rd &amp; Fritid\" \/>\n<meta property=\"og:description\" content=\"St\u00f6rd av kaotiska tv\u00e4ttdagar d\u00e4r kl\u00e4der h\u00e4nger \u00f6verallt? R\u00e4dslan f\u00f6r ett instabilt st\u00e4ll som kollapsar under vikten av v\u00e5ta handdukar...\" \/>\n<meta property=\"og:url\" content=\"https:\/\/truusk.store\/sv\/produkt\/truusk-hopfallbar-torkstallning-1565-m-torklangd-2-nivaer-justerbara-vingar-vit\/\" \/>\n<meta property=\"og:site_name\" content=\"TRUUSK - Hem, Tr\u00e4dg\u00e5rd &amp; Fritid\" \/>\n<meta property=\"article:modified_time\" content=\"2026-03-12T07:48:41+00:00\" \/>\n<meta property=\"og:image\" content=\"https:\/\/i0.wp.com\/truusk.se\/wp-content\/uploads\/2025\/12\/tvattstallning-1565-m-torklangd-hopfallbar-statorkare-med-2-nivaer-justerbara-vingar-vingtvattstallning-vit-1.webp?fit=2000%2C2000&ssl=1\" \/>\n\t<meta property=\"og:image:width\" content=\"2000\" \/>\n\t<meta property=\"og:image:height\" content=\"2000\" \/>\n\t<meta property=\"og:image:type\" content=\"image\/webp\" \/>\n<meta name=\"twitter:card\" content=\"summary_large_image\" \/>\n<meta name=\"twitter:label1\" content=\"Ber\u00e4knad l\u00e4stid\" \/>\n\t<meta name=\"twitter:data1\" content=\"1 minut\" \/>\n<!-- \/ Yoast SEO plugin. -->","yoast_head_json":{"title":"TRUUSK Hopf\u00e4llbar Torkst\u00e4llning - 1,565 M Torkl\u00e4ngd - 2 Niv\u00e5er - Justerbara Vingar - Vit - TRUUSK - Hem, Tr\u00e4dg\u00e5rd &amp; Fritid","robots":{"index":"index","follow":"follow","max-snippet":"max-snippet:-1","max-image-preview":"max-image-preview:large","max-video-preview":"max-video-preview:-1"},"canonical":"https:\/\/truusk.store\/sv\/produkt\/truusk-hopfallbar-torkstallning-1565-m-torklangd-2-nivaer-justerbara-vingar-vit\/","og_locale":"sv_SE","og_type":"article","og_title":"TRUUSK Hopf\u00e4llbar Torkst\u00e4llning - 1,565 M Torkl\u00e4ngd - 2 Niv\u00e5er - Justerbara Vingar - Vit - TRUUSK - Hem, Tr\u00e4dg\u00e5rd &amp; Fritid","og_description":"St\u00f6rd av kaotiska tv\u00e4ttdagar d\u00e4r kl\u00e4der h\u00e4nger \u00f6verallt? R\u00e4dslan f\u00f6r ett instabilt st\u00e4ll som kollapsar under vikten av v\u00e5ta handdukar...","og_url":"https:\/\/truusk.store\/sv\/produkt\/truusk-hopfallbar-torkstallning-1565-m-torklangd-2-nivaer-justerbara-vingar-vit\/","og_site_name":"TRUUSK - Hem, Tr\u00e4dg\u00e5rd &amp; Fritid","article_modified_time":"2026-03-12T07:48:41+00:00","og_image":[{"width":2000,"height":2000,"url":"https:\/\/i0.wp.com\/truusk.se\/wp-content\/uploads\/2025\/12\/tvattstallning-1565-m-torklangd-hopfallbar-statorkare-med-2-nivaer-justerbara-vingar-vingtvattstallning-vit-1.webp?fit=2000%2C2000&ssl=1","type":"image\/webp"}],"twitter_card":"summary_large_image","twitter_misc":{"Ber\u00e4knad l\u00e4stid":"1 minut"},"schema":{"@context":"https:\/\/schema.org","@graph":[{"@type":"WebPage","@id":"https:\/\/truusk.store\/sv\/produkt\/truusk-hopfallbar-torkstallning-1565-m-torklangd-2-nivaer-justerbara-vingar-vit\/","url":"https:\/\/truusk.store\/sv\/produkt\/truusk-hopfallbar-torkstallning-1565-m-torklangd-2-nivaer-justerbara-vingar-vit\/","name":"TRUUSK Hopf\u00e4llbar Torkst\u00e4llning - 1,565 M Torkl\u00e4ngd - 2 Niv\u00e5er - Justerbara Vingar - Vit - TRUUSK - Hem, Tr\u00e4dg\u00e5rd &amp; Fritid","isPartOf":{"@id":"https:\/\/truusk.store\/sv\/#website"},"primaryImageOfPage":{"@id":"https:\/\/truusk.store\/sv\/produkt\/truusk-hopfallbar-torkstallning-1565-m-torklangd-2-nivaer-justerbara-vingar-vit\/#primaryimage"},"image":{"@id":"https:\/\/truusk.store\/sv\/produkt\/truusk-hopfallbar-torkstallning-1565-m-torklangd-2-nivaer-justerbara-vingar-vit\/#primaryimage"},"thumbnailUrl":"https:\/\/i0.wp.com\/truusk.store\/wp-content\/uploads\/2025\/12\/tvattstallning-1565-m-torklangd-hopfallbar-statorkare-med-2-nivaer-justerbara-vingar-vingtvattstallning-vit-1.webp?fit=2000%2C2000&ssl=1","datePublished":"2025-12-15T03:59:09+00:00","dateModified":"2026-03-12T07:48:41+00:00","breadcrumb":{"@id":"https:\/\/truusk.store\/sv\/produkt\/truusk-hopfallbar-torkstallning-1565-m-torklangd-2-nivaer-justerbara-vingar-vit\/#breadcrumb"},"inLanguage":"sv-SE","potentialAction":[{"@type":"ReadAction","target":["https:\/\/truusk.store\/sv\/produkt\/truusk-hopfallbar-torkstallning-1565-m-torklangd-2-nivaer-justerbara-vingar-vit\/"]}]},{"@type":"ImageObject","inLanguage":"sv-SE","@id":"https:\/\/truusk.store\/sv\/produkt\/truusk-hopfallbar-torkstallning-1565-m-torklangd-2-nivaer-justerbara-vingar-vit\/#primaryimage","url":"https:\/\/i0.wp.com\/truusk.store\/wp-content\/uploads\/2025\/12\/tvattstallning-1565-m-torklangd-hopfallbar-statorkare-med-2-nivaer-justerbara-vingar-vingtvattstallning-vit-1.webp?fit=2000%2C2000&ssl=1","contentUrl":"https:\/\/i0.wp.com\/truusk.store\/wp-content\/uploads\/2025\/12\/tvattstallning-1565-m-torklangd-hopfallbar-statorkare-med-2-nivaer-justerbara-vingar-vingtvattstallning-vit-1.webp?fit=2000%2C2000&ssl=1","width":2000,"height":2000},{"@type":"BreadcrumbList","@id":"https:\/\/truusk.store\/sv\/produkt\/truusk-hopfallbar-torkstallning-1565-m-torklangd-2-nivaer-justerbara-vingar-vit\/#breadcrumb","itemListElement":[{"@type":"ListItem","position":1,"name":"Home","item":"https:\/\/truusk.store\/sv\/"},{"@type":"ListItem","position":2,"name":"Shop","item":"https:\/\/truusk.store\/shop\/"},{"@type":"ListItem","position":3,"name":"TRUUSK Hopf\u00e4llbar Torkst\u00e4llning &#8211; 1,565 M Torkl\u00e4ngd &#8211; 2 Niv\u00e5er &#8211; Justerbara Vingar &#8211; Vit"}]},{"@type":"WebSite","@id":"https:\/\/truusk.store\/sv\/#website","url":"https:\/\/truusk.store\/sv\/","name":"TRUUSK - Hem, Tr\u00e4dg\u00e5rd & Fritid","description":"","publisher":{"@id":"https:\/\/truusk.store\/sv\/#organization"},"potentialAction":[{"@type":"SearchAction","target":{"@type":"EntryPoint","urlTemplate":"https:\/\/truusk.store\/sv\/?s={search_term_string}"},"query-input":{"@type":"PropertyValueSpecification","valueRequired":true,"valueName":"search_term_string"}}],"inLanguage":"sv-SE"},{"@type":"Organization","@id":"https:\/\/truusk.store\/sv\/#organization","name":"TRUUSK - Hem, Tr\u00e4dg\u00e5rd & Fritid","url":"https:\/\/truusk.store\/sv\/","logo":{"@type":"ImageObject","inLanguage":"sv-SE","@id":"https:\/\/truusk.store\/sv\/#\/schema\/logo\/image\/","url":"https:\/\/i0.wp.com\/truusk.store\/wp-content\/uploads\/2026\/03\/cropped-TRUUSK.png?fit=2032%2C917&ssl=1","contentUrl":"https:\/\/i0.wp.com\/truusk.store\/wp-content\/uploads\/2026\/03\/cropped-TRUUSK.png?fit=2032%2C917&ssl=1","width":2032,"height":917,"caption":"TRUUSK - Hem, Tr\u00e4dg\u00e5rd & Fritid"},"image":{"@id":"https:\/\/truusk.store\/sv\/#\/schema\/logo\/image\/"}}]}},"jetpack_sharing_enabled":true,"_links":{"self":[{"href":"https:\/\/truusk.store\/sv\/wp-json\/wp\/v2\/product\/97568","targetHints":{"allow":["GET"]}}],"collection":[{"href":"https:\/\/truusk.store\/sv\/wp-json\/wp\/v2\/product"}],"about":[{"href":"https:\/\/truusk.store\/sv\/wp-json\/wp\/v2\/types\/product"}],"wp:featuredmedia":[{"embeddable":true,"href":"https:\/\/truusk.store\/sv\/wp-json\/wp\/v2\/media\/97556"}],"wp:attachment":[{"href":"https:\/\/truusk.store\/sv\/wp-json\/wp\/v2\/media?parent=97568"}],"wp:term":[{"taxonomy":"product_brand","embeddable":true,"href":"https:\/\/truusk.store\/sv\/wp-json\/wp\/v2\/product_brand?post=97568"},{"taxonomy":"product_cat","embeddable":true,"href":"https:\/\/truusk.store\/sv\/wp-json\/wp\/v2\/product_cat?post=97568"},{"taxonomy":"product_tag","embeddable":true,"href":"https:\/\/truusk.store\/sv\/wp-json\/wp\/v2\/product_tag?post=97568"}],"curies":[{"name":"wp","href":"https:\/\/api.w.org\/{rel}","templated":true}]}}