{"id":97575,"date":"2025-12-15T04:59:51","date_gmt":"2025-12-15T03:59:51","guid":{"rendered":"https:\/\/truusk.store\/product\/3-i-1-soffstol-med-sangfunktion-liggstol-justerbar-ryggstod-boktraben-kuddar-gra\/"},"modified":"2026-03-12T08:48:43","modified_gmt":"2026-03-12T07:48:43","slug":"truusk-3-i-1-soffstol-med-sangfunktion-liggstol-justerbar-ryggstod-boktraben-kuddar-gra","status":"publish","type":"product","link":"https:\/\/truusk.store\/sv\/produkt\/truusk-3-i-1-soffstol-med-sangfunktion-liggstol-justerbar-ryggstod-boktraben-kuddar-gra\/","title":{"rendered":"TRUUSK 3-i-1 Soffstol Med S\u00e4ngfunktion &#8211; Liggstol &#8211; Justerbar Ryggst\u00f6d &#8211; Boktr\u00e4ben &#8211; Kuddar &#8211; Gr\u00e5"},"content":{"rendered":"<p>Platsproblem med \u00f6vernattande g\u00e4ster? En obekv\u00e4m stol eller en luftmadrass r\u00e4cker ofta inte f\u00f6r en mysig vistelse. [BRAND NAME] sovstolen f\u00f6rvandlas enkelt fr\u00e5n en elegant stol till en bekv\u00e4m s\u00e4ng med mjuk, st\u00f6djande stoppning och g\u00f6r ditt arbets- eller vardagsrum till en mysig g\u00e4stomr\u00e5de d\u00e4r alla sover bra.<\/p>\n<p>Beskrivning:<\/p>\n<ul>\n<li> Enkel omvandling mellan en stol, en liggstol eller en tillf\u00e4llig s\u00e4ng genom klick-klack-systemet, utrymmesbesparande<\/li>\n<li> Bred armst\u00f6dsl\u00f6s stolsits och l\u00e5ng s\u00e4ng erbjuder mycket utrymme<\/li>\n<li> Tjock dubbelskiktstoppning av sovstolen med h\u00f6gdensitet och h\u00f6gelastisk skum. Ett extra kudde ger utm\u00e4rkt st\u00f6d<\/li>\n<li> Kl\u00e4dd med hudv\u00e4nligt tyg i jute-look, f\u00f6r andningsbar komfort<\/li>\n<li> Hitta din personliga avkopplingsplats med den trestegs justerbara ryggst\u00f6det<\/li>\n<li> Sovstolens ben av boktr\u00e4 f\u00f6r stabilitet<\/li>\n<li> Monteringen kr\u00e4vs<\/li>\n<\/ul>\n<p> Tekniska data:<\/p>\n<ul>\n<li> F\u00e4rg: Gr\u00e5<\/li>\n<li> Material: Tyg i linne-look (100% polyester), skum, boktr\u00e4<\/li>\n<li> Totala soffdimensioner: 95B x 90D x 80H cm<\/li>\n<li> Totala s\u00e4ngdimensioner: 191L x 95B x 28H cm<\/li>\n<li> Sitsstorlek: 95B x 51D x 44H cm<\/li>\n<li> Ryggst\u00f6dets storlek: 95B x 38L cm<\/li>\n<li> Tjocklek: 30 cm (sits), 14 cm (rygg)<\/li>\n<li> Liggytans storlek: 191L x 95B x 14D cm<\/li>\n<li> Maximal belastning: 120 kg<\/li>\n<\/ul>\n<p>Leveransinneh\u00e5ll:<\/p>\n<ul>\n<li> 1 x sovstol<\/li>\n<li> 1 x bruksanvisning<\/li>\n<li>Viktigt: Vi levererar artikeln kostnadsfritt till trottoarkanten. Var v\u00e4nlig och se till att adressen och telefonnumret \u00e4r korrekt.<\/li>\n<\/ul>\n","protected":false},"excerpt":{"rendered":"<p>Platsproblem med \u00f6vernattande g\u00e4ster? En obekv\u00e4m stol eller en luftmadrass r\u00e4cker ofta inte f\u00f6r en mysig vistelse. [BRAND NAME] sovstolen&#8230;<\/p>\n","protected":false},"featured_media":97563,"template":"","meta":[],"product_brand":[],"product_cat":[521,871,951,910],"product_tag":[],"class_list":{"0":"post-97575","1":"product","2":"type-product","3":"status-publish","4":"has-post-thumbnail","6":"product_cat-fatolj","7":"product_cat-hus-hem","8":"product_cat-schlafsessel","9":"product_cat-vardagsrum","11":"first","12":"instock","13":"sale","14":"taxable","15":"shipping-taxable","16":"purchasable","17":"product-type-simple"},"yoast_head":"<!-- This site is optimized with the Yoast SEO plugin v25.4 - https:\/\/yoast.com\/wordpress\/plugins\/seo\/ -->\n<title>TRUUSK 3-i-1 Soffstol Med S\u00e4ngfunktion - Liggstol - Justerbar Ryggst\u00f6d - Boktr\u00e4ben - Kuddar - Gr\u00e5 - TRUUSK - Hem, Tr\u00e4dg\u00e5rd &amp; Fritid<\/title>\n<meta name=\"robots\" content=\"index, follow, max-snippet:-1, max-image-preview:large, max-video-preview:-1\" \/>\n<link rel=\"canonical\" href=\"https:\/\/truusk.store\/sv\/produkt\/truusk-3-i-1-soffstol-med-sangfunktion-liggstol-justerbar-ryggstod-boktraben-kuddar-gra\/\" \/>\n<meta property=\"og:locale\" content=\"sv_SE\" \/>\n<meta property=\"og:type\" content=\"article\" \/>\n<meta property=\"og:title\" content=\"TRUUSK 3-i-1 Soffstol Med S\u00e4ngfunktion - Liggstol - Justerbar Ryggst\u00f6d - Boktr\u00e4ben - Kuddar - Gr\u00e5 - TRUUSK - Hem, Tr\u00e4dg\u00e5rd &amp; Fritid\" \/>\n<meta property=\"og:description\" content=\"Platsproblem med \u00f6vernattande g\u00e4ster? En obekv\u00e4m stol eller en luftmadrass r\u00e4cker ofta inte f\u00f6r en mysig vistelse. [BRAND NAME] sovstolen...\" \/>\n<meta property=\"og:url\" content=\"https:\/\/truusk.store\/sv\/produkt\/truusk-3-i-1-soffstol-med-sangfunktion-liggstol-justerbar-ryggstod-boktraben-kuddar-gra\/\" \/>\n<meta property=\"og:site_name\" content=\"TRUUSK - Hem, Tr\u00e4dg\u00e5rd &amp; Fritid\" \/>\n<meta property=\"article:modified_time\" content=\"2026-03-12T07:48:43+00:00\" \/>\n<meta property=\"og:image\" content=\"https:\/\/i0.wp.com\/truusk.se\/wp-content\/uploads\/2025\/12\/3-i-1-soffstol-med-sangfunktion-liggstol-justerbar-ryggstod-boktraben-kuddar-gra-1.webp?fit=2000%2C2000&ssl=1\" \/>\n\t<meta property=\"og:image:width\" content=\"2000\" \/>\n\t<meta property=\"og:image:height\" content=\"2000\" \/>\n\t<meta property=\"og:image:type\" content=\"image\/webp\" \/>\n<meta name=\"twitter:card\" content=\"summary_large_image\" \/>\n<meta name=\"twitter:label1\" content=\"Ber\u00e4knad l\u00e4stid\" \/>\n\t<meta name=\"twitter:data1\" content=\"1 minut\" \/>\n<!-- \/ Yoast SEO plugin. -->","yoast_head_json":{"title":"TRUUSK 3-i-1 Soffstol Med S\u00e4ngfunktion - Liggstol - Justerbar Ryggst\u00f6d - Boktr\u00e4ben - Kuddar - Gr\u00e5 - TRUUSK - Hem, Tr\u00e4dg\u00e5rd &amp; Fritid","robots":{"index":"index","follow":"follow","max-snippet":"max-snippet:-1","max-image-preview":"max-image-preview:large","max-video-preview":"max-video-preview:-1"},"canonical":"https:\/\/truusk.store\/sv\/produkt\/truusk-3-i-1-soffstol-med-sangfunktion-liggstol-justerbar-ryggstod-boktraben-kuddar-gra\/","og_locale":"sv_SE","og_type":"article","og_title":"TRUUSK 3-i-1 Soffstol Med S\u00e4ngfunktion - Liggstol - Justerbar Ryggst\u00f6d - Boktr\u00e4ben - Kuddar - Gr\u00e5 - TRUUSK - Hem, Tr\u00e4dg\u00e5rd &amp; Fritid","og_description":"Platsproblem med \u00f6vernattande g\u00e4ster? En obekv\u00e4m stol eller en luftmadrass r\u00e4cker ofta inte f\u00f6r en mysig vistelse. [BRAND NAME] sovstolen...","og_url":"https:\/\/truusk.store\/sv\/produkt\/truusk-3-i-1-soffstol-med-sangfunktion-liggstol-justerbar-ryggstod-boktraben-kuddar-gra\/","og_site_name":"TRUUSK - Hem, Tr\u00e4dg\u00e5rd &amp; Fritid","article_modified_time":"2026-03-12T07:48:43+00:00","og_image":[{"width":2000,"height":2000,"url":"https:\/\/i0.wp.com\/truusk.se\/wp-content\/uploads\/2025\/12\/3-i-1-soffstol-med-sangfunktion-liggstol-justerbar-ryggstod-boktraben-kuddar-gra-1.webp?fit=2000%2C2000&ssl=1","type":"image\/webp"}],"twitter_card":"summary_large_image","twitter_misc":{"Ber\u00e4knad l\u00e4stid":"1 minut"},"schema":{"@context":"https:\/\/schema.org","@graph":[{"@type":"WebPage","@id":"https:\/\/truusk.store\/sv\/produkt\/truusk-3-i-1-soffstol-med-sangfunktion-liggstol-justerbar-ryggstod-boktraben-kuddar-gra\/","url":"https:\/\/truusk.store\/sv\/produkt\/truusk-3-i-1-soffstol-med-sangfunktion-liggstol-justerbar-ryggstod-boktraben-kuddar-gra\/","name":"TRUUSK 3-i-1 Soffstol Med S\u00e4ngfunktion - Liggstol - Justerbar Ryggst\u00f6d - Boktr\u00e4ben - Kuddar - Gr\u00e5 - TRUUSK - Hem, Tr\u00e4dg\u00e5rd &amp; Fritid","isPartOf":{"@id":"https:\/\/truusk.store\/sv\/#website"},"primaryImageOfPage":{"@id":"https:\/\/truusk.store\/sv\/produkt\/truusk-3-i-1-soffstol-med-sangfunktion-liggstol-justerbar-ryggstod-boktraben-kuddar-gra\/#primaryimage"},"image":{"@id":"https:\/\/truusk.store\/sv\/produkt\/truusk-3-i-1-soffstol-med-sangfunktion-liggstol-justerbar-ryggstod-boktraben-kuddar-gra\/#primaryimage"},"thumbnailUrl":"https:\/\/i0.wp.com\/truusk.store\/wp-content\/uploads\/2025\/12\/3-i-1-soffstol-med-sangfunktion-liggstol-justerbar-ryggstod-boktraben-kuddar-gra-1.webp?fit=2000%2C2000&ssl=1","datePublished":"2025-12-15T03:59:51+00:00","dateModified":"2026-03-12T07:48:43+00:00","breadcrumb":{"@id":"https:\/\/truusk.store\/sv\/produkt\/truusk-3-i-1-soffstol-med-sangfunktion-liggstol-justerbar-ryggstod-boktraben-kuddar-gra\/#breadcrumb"},"inLanguage":"sv-SE","potentialAction":[{"@type":"ReadAction","target":["https:\/\/truusk.store\/sv\/produkt\/truusk-3-i-1-soffstol-med-sangfunktion-liggstol-justerbar-ryggstod-boktraben-kuddar-gra\/"]}]},{"@type":"ImageObject","inLanguage":"sv-SE","@id":"https:\/\/truusk.store\/sv\/produkt\/truusk-3-i-1-soffstol-med-sangfunktion-liggstol-justerbar-ryggstod-boktraben-kuddar-gra\/#primaryimage","url":"https:\/\/i0.wp.com\/truusk.store\/wp-content\/uploads\/2025\/12\/3-i-1-soffstol-med-sangfunktion-liggstol-justerbar-ryggstod-boktraben-kuddar-gra-1.webp?fit=2000%2C2000&ssl=1","contentUrl":"https:\/\/i0.wp.com\/truusk.store\/wp-content\/uploads\/2025\/12\/3-i-1-soffstol-med-sangfunktion-liggstol-justerbar-ryggstod-boktraben-kuddar-gra-1.webp?fit=2000%2C2000&ssl=1","width":2000,"height":2000},{"@type":"BreadcrumbList","@id":"https:\/\/truusk.store\/sv\/produkt\/truusk-3-i-1-soffstol-med-sangfunktion-liggstol-justerbar-ryggstod-boktraben-kuddar-gra\/#breadcrumb","itemListElement":[{"@type":"ListItem","position":1,"name":"Home","item":"https:\/\/truusk.store\/sv\/"},{"@type":"ListItem","position":2,"name":"Shop","item":"https:\/\/truusk.store\/shop\/"},{"@type":"ListItem","position":3,"name":"TRUUSK 3-i-1 Soffstol Med S\u00e4ngfunktion &#8211; Liggstol &#8211; Justerbar Ryggst\u00f6d &#8211; Boktr\u00e4ben &#8211; Kuddar &#8211; Gr\u00e5"}]},{"@type":"WebSite","@id":"https:\/\/truusk.store\/sv\/#website","url":"https:\/\/truusk.store\/sv\/","name":"TRUUSK - Hem, Tr\u00e4dg\u00e5rd & Fritid","description":"","publisher":{"@id":"https:\/\/truusk.store\/sv\/#organization"},"potentialAction":[{"@type":"SearchAction","target":{"@type":"EntryPoint","urlTemplate":"https:\/\/truusk.store\/sv\/?s={search_term_string}"},"query-input":{"@type":"PropertyValueSpecification","valueRequired":true,"valueName":"search_term_string"}}],"inLanguage":"sv-SE"},{"@type":"Organization","@id":"https:\/\/truusk.store\/sv\/#organization","name":"TRUUSK - Hem, Tr\u00e4dg\u00e5rd & Fritid","url":"https:\/\/truusk.store\/sv\/","logo":{"@type":"ImageObject","inLanguage":"sv-SE","@id":"https:\/\/truusk.store\/sv\/#\/schema\/logo\/image\/","url":"https:\/\/i0.wp.com\/truusk.store\/wp-content\/uploads\/2026\/03\/cropped-TRUUSK.png?fit=2032%2C917&ssl=1","contentUrl":"https:\/\/i0.wp.com\/truusk.store\/wp-content\/uploads\/2026\/03\/cropped-TRUUSK.png?fit=2032%2C917&ssl=1","width":2032,"height":917,"caption":"TRUUSK - Hem, Tr\u00e4dg\u00e5rd & Fritid"},"image":{"@id":"https:\/\/truusk.store\/sv\/#\/schema\/logo\/image\/"}}]}},"jetpack_sharing_enabled":true,"_links":{"self":[{"href":"https:\/\/truusk.store\/sv\/wp-json\/wp\/v2\/product\/97575","targetHints":{"allow":["GET"]}}],"collection":[{"href":"https:\/\/truusk.store\/sv\/wp-json\/wp\/v2\/product"}],"about":[{"href":"https:\/\/truusk.store\/sv\/wp-json\/wp\/v2\/types\/product"}],"wp:featuredmedia":[{"embeddable":true,"href":"https:\/\/truusk.store\/sv\/wp-json\/wp\/v2\/media\/97563"}],"wp:attachment":[{"href":"https:\/\/truusk.store\/sv\/wp-json\/wp\/v2\/media?parent=97575"}],"wp:term":[{"taxonomy":"product_brand","embeddable":true,"href":"https:\/\/truusk.store\/sv\/wp-json\/wp\/v2\/product_brand?post=97575"},{"taxonomy":"product_cat","embeddable":true,"href":"https:\/\/truusk.store\/sv\/wp-json\/wp\/v2\/product_cat?post=97575"},{"taxonomy":"product_tag","embeddable":true,"href":"https:\/\/truusk.store\/sv\/wp-json\/wp\/v2\/product_tag?post=97575"}],"curies":[{"name":"wp","href":"https:\/\/api.w.org\/{rel}","templated":true}]}}