{"id":97601,"date":"2025-12-15T05:02:24","date_gmt":"2025-12-15T04:02:24","guid":{"rendered":"https:\/\/truusk.store\/product\/sidobord-c-formad-serveringsvagn-4-hjul-3-fack-40-x-30-x-69-cm-svart\/"},"modified":"2026-03-12T08:48:47","modified_gmt":"2026-03-12T07:48:47","slug":"truusk-sidobord-c-formad-serveringsvagn-4-hjul-3-fack-40-x-30-x-69-cm-svart","status":"publish","type":"product","link":"https:\/\/truusk.store\/sv\/produkt\/truusk-sidobord-c-formad-serveringsvagn-4-hjul-3-fack-40-x-30-x-69-cm-svart\/","title":{"rendered":"TRUUSK Sidobord &#8211; C-formad Serveringsvagn &#8211; 4 Hjul &#8211; 3 Fack &#8211; 40 x 30 x 69 cm &#8211; Svart"},"content":{"rendered":"<p>Uppt\u00e4ck m\u00e5ngsidigheten hos [BRAND NAME] serveringsvagn &#8211; ett C-format underverk som enkelt hittar sin plats bredvid din soffa eller s\u00e4ng. Med tre praktiska fack och en extra hylla erbjuder den perfekt organisation f\u00f6r dina n\u00f6dv\u00e4ndigheter, alltid inom r\u00e4ckh\u00e5ll. Tack vare de fyra hjulen, varav tv\u00e5 \u00e4r utrustade med bromsar, kan vagnen enkelt flyttas eller s\u00e4kert fixeras. Idealisk som nattbord, sidobord eller mysig f\u00f6ljeslagare f\u00f6r din l\u00e4sh\u00f6rna.<\/p>\n<p>Beskrivning:<\/p>\n<ul>\n<li> Det C-formade designen passar bekv\u00e4mt runt m\u00f6bler f\u00f6r \u00f6kad komfort<\/li>\n<li> Kan anv\u00e4ndas vertikalt eller horisontellt<\/li>\n<li> Tre fack och en hylla organiserar dina saker effektivt<\/li>\n<li> Fyra hjul, varav tv\u00e5 med bromsar, f\u00f6rb\u00e4ttrar r\u00f6rligheten i ditt hem<\/li>\n<li> Halkfria filtkuddar f\u00f6rhindrar repor p\u00e5 golv<\/li>\n<li> Tillverkad av robust sp\u00e5nskiva f\u00f6r h\u00e5llbarhet<\/li>\n<li> Montering kr\u00e4vs<\/li>\n<\/ul>\n<p> Tekniska specifikationer:<\/p>\n<ul>\n<li> F\u00e4rg: Svart<\/li>\n<li> Material: Sp\u00e5nskiva<\/li>\n<li> Totala dimensioner: 40B x 30T x 69H cm<\/li>\n<li> Storlek \u00f6ppet fack: 37B x 30T x 8,3H cm (\u00f6vre), 14B x 30T x 25H cm (mitten\/under)<\/li>\n<li> Storlek nedre hylla: 22B x 30T x 52H cm<\/li>\n<li> Avst\u00e5nd fr\u00e5n golvet till underkant: 5 cm<\/li>\n<li> B\u00e4rkapacitet: 19 kg (totalt), 10 kg (\u00f6vre), 3 kg (hylla)<\/li>\n<\/ul>\n<p>Leverans inneh\u00e5ller:<\/p>\n<ul>\n<li> 1 x sidobord<\/li>\n<li> 1 x bruksanvisning<\/li>\n<\/ul>\n","protected":false},"excerpt":{"rendered":"<p>Uppt\u00e4ck m\u00e5ngsidigheten hos [BRAND NAME] serveringsvagn &#8211; ett C-format underverk som enkelt hittar sin plats bredvid din soffa eller s\u00e4ng&#8230;.<\/p>\n","protected":false},"featured_media":97586,"template":"","meta":[],"product_brand":[],"product_cat":[871,957,910],"product_tag":[],"class_list":{"0":"post-97601","1":"product","2":"type-product","3":"status-publish","4":"has-post-thumbnail","6":"product_cat-hus-hem","7":"product_cat-sidobord","8":"product_cat-vardagsrum","10":"first","11":"instock","12":"sale","13":"taxable","14":"shipping-taxable","15":"purchasable","16":"product-type-simple"},"yoast_head":"<!-- This site is optimized with the Yoast SEO plugin v25.4 - https:\/\/yoast.com\/wordpress\/plugins\/seo\/ -->\n<title>TRUUSK Sidobord - C-formad Serveringsvagn - 4 Hjul - 3 Fack - 40 x 30 x 69 cm - Svart - TRUUSK - Hem, Tr\u00e4dg\u00e5rd &amp; Fritid<\/title>\n<meta name=\"robots\" content=\"index, follow, max-snippet:-1, max-image-preview:large, max-video-preview:-1\" \/>\n<link rel=\"canonical\" href=\"https:\/\/truusk.store\/sv\/produkt\/truusk-sidobord-c-formad-serveringsvagn-4-hjul-3-fack-40-x-30-x-69-cm-svart\/\" \/>\n<meta property=\"og:locale\" content=\"sv_SE\" \/>\n<meta property=\"og:type\" content=\"article\" \/>\n<meta property=\"og:title\" content=\"TRUUSK Sidobord - C-formad Serveringsvagn - 4 Hjul - 3 Fack - 40 x 30 x 69 cm - Svart - TRUUSK - Hem, Tr\u00e4dg\u00e5rd &amp; Fritid\" \/>\n<meta property=\"og:description\" content=\"Uppt\u00e4ck m\u00e5ngsidigheten hos [BRAND NAME] serveringsvagn &#8211; ett C-format underverk som enkelt hittar sin plats bredvid din soffa eller s\u00e4ng....\" \/>\n<meta property=\"og:url\" content=\"https:\/\/truusk.store\/sv\/produkt\/truusk-sidobord-c-formad-serveringsvagn-4-hjul-3-fack-40-x-30-x-69-cm-svart\/\" \/>\n<meta property=\"og:site_name\" content=\"TRUUSK - Hem, Tr\u00e4dg\u00e5rd &amp; Fritid\" \/>\n<meta property=\"article:modified_time\" content=\"2026-03-12T07:48:47+00:00\" \/>\n<meta property=\"og:image\" content=\"https:\/\/i0.wp.com\/truusk.se\/wp-content\/uploads\/2025\/12\/sidobord-c-formad-serveringsvagn-4-hjul-3-fack-40-x-30-x-69-cm-svart-1.webp?fit=2000%2C2000&ssl=1\" \/>\n\t<meta property=\"og:image:width\" content=\"2000\" \/>\n\t<meta property=\"og:image:height\" content=\"2000\" \/>\n\t<meta property=\"og:image:type\" content=\"image\/webp\" \/>\n<meta name=\"twitter:card\" content=\"summary_large_image\" \/>\n<meta name=\"twitter:label1\" content=\"Ber\u00e4knad l\u00e4stid\" \/>\n\t<meta name=\"twitter:data1\" content=\"1 minut\" \/>\n<!-- \/ Yoast SEO plugin. -->","yoast_head_json":{"title":"TRUUSK Sidobord - C-formad Serveringsvagn - 4 Hjul - 3 Fack - 40 x 30 x 69 cm - Svart - TRUUSK - Hem, Tr\u00e4dg\u00e5rd &amp; Fritid","robots":{"index":"index","follow":"follow","max-snippet":"max-snippet:-1","max-image-preview":"max-image-preview:large","max-video-preview":"max-video-preview:-1"},"canonical":"https:\/\/truusk.store\/sv\/produkt\/truusk-sidobord-c-formad-serveringsvagn-4-hjul-3-fack-40-x-30-x-69-cm-svart\/","og_locale":"sv_SE","og_type":"article","og_title":"TRUUSK Sidobord - C-formad Serveringsvagn - 4 Hjul - 3 Fack - 40 x 30 x 69 cm - Svart - TRUUSK - Hem, Tr\u00e4dg\u00e5rd &amp; Fritid","og_description":"Uppt\u00e4ck m\u00e5ngsidigheten hos [BRAND NAME] serveringsvagn &#8211; ett C-format underverk som enkelt hittar sin plats bredvid din soffa eller s\u00e4ng....","og_url":"https:\/\/truusk.store\/sv\/produkt\/truusk-sidobord-c-formad-serveringsvagn-4-hjul-3-fack-40-x-30-x-69-cm-svart\/","og_site_name":"TRUUSK - Hem, Tr\u00e4dg\u00e5rd &amp; Fritid","article_modified_time":"2026-03-12T07:48:47+00:00","og_image":[{"width":2000,"height":2000,"url":"https:\/\/i0.wp.com\/truusk.se\/wp-content\/uploads\/2025\/12\/sidobord-c-formad-serveringsvagn-4-hjul-3-fack-40-x-30-x-69-cm-svart-1.webp?fit=2000%2C2000&ssl=1","type":"image\/webp"}],"twitter_card":"summary_large_image","twitter_misc":{"Ber\u00e4knad l\u00e4stid":"1 minut"},"schema":{"@context":"https:\/\/schema.org","@graph":[{"@type":"WebPage","@id":"https:\/\/truusk.store\/sv\/produkt\/truusk-sidobord-c-formad-serveringsvagn-4-hjul-3-fack-40-x-30-x-69-cm-svart\/","url":"https:\/\/truusk.store\/sv\/produkt\/truusk-sidobord-c-formad-serveringsvagn-4-hjul-3-fack-40-x-30-x-69-cm-svart\/","name":"TRUUSK Sidobord - C-formad Serveringsvagn - 4 Hjul - 3 Fack - 40 x 30 x 69 cm - Svart - TRUUSK - Hem, Tr\u00e4dg\u00e5rd &amp; Fritid","isPartOf":{"@id":"https:\/\/truusk.store\/sv\/#website"},"primaryImageOfPage":{"@id":"https:\/\/truusk.store\/sv\/produkt\/truusk-sidobord-c-formad-serveringsvagn-4-hjul-3-fack-40-x-30-x-69-cm-svart\/#primaryimage"},"image":{"@id":"https:\/\/truusk.store\/sv\/produkt\/truusk-sidobord-c-formad-serveringsvagn-4-hjul-3-fack-40-x-30-x-69-cm-svart\/#primaryimage"},"thumbnailUrl":"https:\/\/i0.wp.com\/truusk.store\/wp-content\/uploads\/2025\/12\/sidobord-c-formad-serveringsvagn-4-hjul-3-fack-40-x-30-x-69-cm-svart-1.webp?fit=2000%2C2000&ssl=1","datePublished":"2025-12-15T04:02:24+00:00","dateModified":"2026-03-12T07:48:47+00:00","breadcrumb":{"@id":"https:\/\/truusk.store\/sv\/produkt\/truusk-sidobord-c-formad-serveringsvagn-4-hjul-3-fack-40-x-30-x-69-cm-svart\/#breadcrumb"},"inLanguage":"sv-SE","potentialAction":[{"@type":"ReadAction","target":["https:\/\/truusk.store\/sv\/produkt\/truusk-sidobord-c-formad-serveringsvagn-4-hjul-3-fack-40-x-30-x-69-cm-svart\/"]}]},{"@type":"ImageObject","inLanguage":"sv-SE","@id":"https:\/\/truusk.store\/sv\/produkt\/truusk-sidobord-c-formad-serveringsvagn-4-hjul-3-fack-40-x-30-x-69-cm-svart\/#primaryimage","url":"https:\/\/i0.wp.com\/truusk.store\/wp-content\/uploads\/2025\/12\/sidobord-c-formad-serveringsvagn-4-hjul-3-fack-40-x-30-x-69-cm-svart-1.webp?fit=2000%2C2000&ssl=1","contentUrl":"https:\/\/i0.wp.com\/truusk.store\/wp-content\/uploads\/2025\/12\/sidobord-c-formad-serveringsvagn-4-hjul-3-fack-40-x-30-x-69-cm-svart-1.webp?fit=2000%2C2000&ssl=1","width":2000,"height":2000},{"@type":"BreadcrumbList","@id":"https:\/\/truusk.store\/sv\/produkt\/truusk-sidobord-c-formad-serveringsvagn-4-hjul-3-fack-40-x-30-x-69-cm-svart\/#breadcrumb","itemListElement":[{"@type":"ListItem","position":1,"name":"Home","item":"https:\/\/truusk.store\/sv\/"},{"@type":"ListItem","position":2,"name":"Shop","item":"https:\/\/truusk.store\/shop\/"},{"@type":"ListItem","position":3,"name":"TRUUSK Sidobord &#8211; C-formad Serveringsvagn &#8211; 4 Hjul &#8211; 3 Fack &#8211; 40 x 30 x 69 cm &#8211; Svart"}]},{"@type":"WebSite","@id":"https:\/\/truusk.store\/sv\/#website","url":"https:\/\/truusk.store\/sv\/","name":"TRUUSK - Hem, Tr\u00e4dg\u00e5rd & Fritid","description":"","publisher":{"@id":"https:\/\/truusk.store\/sv\/#organization"},"potentialAction":[{"@type":"SearchAction","target":{"@type":"EntryPoint","urlTemplate":"https:\/\/truusk.store\/sv\/?s={search_term_string}"},"query-input":{"@type":"PropertyValueSpecification","valueRequired":true,"valueName":"search_term_string"}}],"inLanguage":"sv-SE"},{"@type":"Organization","@id":"https:\/\/truusk.store\/sv\/#organization","name":"TRUUSK - Hem, Tr\u00e4dg\u00e5rd & Fritid","url":"https:\/\/truusk.store\/sv\/","logo":{"@type":"ImageObject","inLanguage":"sv-SE","@id":"https:\/\/truusk.store\/sv\/#\/schema\/logo\/image\/","url":"https:\/\/i0.wp.com\/truusk.store\/wp-content\/uploads\/2026\/03\/cropped-TRUUSK.png?fit=2032%2C917&ssl=1","contentUrl":"https:\/\/i0.wp.com\/truusk.store\/wp-content\/uploads\/2026\/03\/cropped-TRUUSK.png?fit=2032%2C917&ssl=1","width":2032,"height":917,"caption":"TRUUSK - Hem, Tr\u00e4dg\u00e5rd & Fritid"},"image":{"@id":"https:\/\/truusk.store\/sv\/#\/schema\/logo\/image\/"}}]}},"jetpack_sharing_enabled":true,"_links":{"self":[{"href":"https:\/\/truusk.store\/sv\/wp-json\/wp\/v2\/product\/97601","targetHints":{"allow":["GET"]}}],"collection":[{"href":"https:\/\/truusk.store\/sv\/wp-json\/wp\/v2\/product"}],"about":[{"href":"https:\/\/truusk.store\/sv\/wp-json\/wp\/v2\/types\/product"}],"wp:featuredmedia":[{"embeddable":true,"href":"https:\/\/truusk.store\/sv\/wp-json\/wp\/v2\/media\/97586"}],"wp:attachment":[{"href":"https:\/\/truusk.store\/sv\/wp-json\/wp\/v2\/media?parent=97601"}],"wp:term":[{"taxonomy":"product_brand","embeddable":true,"href":"https:\/\/truusk.store\/sv\/wp-json\/wp\/v2\/product_brand?post=97601"},{"taxonomy":"product_cat","embeddable":true,"href":"https:\/\/truusk.store\/sv\/wp-json\/wp\/v2\/product_cat?post=97601"},{"taxonomy":"product_tag","embeddable":true,"href":"https:\/\/truusk.store\/sv\/wp-json\/wp\/v2\/product_tag?post=97601"}],"curies":[{"name":"wp","href":"https:\/\/api.w.org\/{rel}","templated":true}]}}