{"id":97605,"date":"2025-12-15T05:02:48","date_gmt":"2025-12-15T04:02:48","guid":{"rendered":"https:\/\/truusk.store\/product\/barstol-bistrostol-med-forvaringsutrymme-svangbar-barstol-hojdjusterbar-koksstol-med-sammetoverdrag-39x39x65-cm-gra\/"},"modified":"2026-03-12T08:48:47","modified_gmt":"2026-03-12T07:48:47","slug":"truusk-svangbar-barstol-med-forvaringsutrymme-hojdjusterbar-koksstol-sammetoverdrag-39x39x65-cm-gra","status":"publish","type":"product","link":"https:\/\/truusk.store\/sv\/produkt\/truusk-svangbar-barstol-med-forvaringsutrymme-hojdjusterbar-koksstol-sammetoverdrag-39x39x65-cm-gra\/","title":{"rendered":"TRUUSK Sv\u00e4ngbar Barstol med F\u00f6rvaringsutrymme &#8211; H\u00f6jdjusterbar K\u00f6ksstol &#8211; Sammet\u00f6verdrag &#8211; 39x39x65 cm &#8211; Gr\u00e5"},"content":{"rendered":"<p>Njut av ultimat komfort med [BRAND NAME] barstol, kl\u00e4dd i en sammetsmjuk tyg och vadderad med 15 cm skum f\u00f6r utm\u00e4rkt st\u00f6d. G\u00f6m dina redskap i det hemliga f\u00f6rvaringsutrymmet under s\u00e4tet. Barstolens h\u00f6jd \u00e4r justerbar och kan enkelt anpassas till olika bardiskh\u00f6jder och m\u00f6jligg\u00f6r smidiga 360\u00b0-samtal. Perfekt f\u00f6r moderna milj\u00f6er som vill kombinera elegans och funktionalitet.<\/p>\n<p>Beskrivning:<\/p>\n<ul>\n<li> Kl\u00e4dd i ett mjukt, sammetliknande tyg f\u00f6r lyxig komfort<\/li>\n<li> Barstolens h\u00f6gdensitetsskum ger starkt st\u00f6d och beh\u00e5ller s\u00e4tets form<\/li>\n<li> Barstolens justerbara h\u00f6jd lyfter f\u00f6r att avsl\u00f6ja dolt f\u00f6rvaringsutrymme f\u00f6r f\u00f6rem\u00e5l<\/li>\n<li> H\u00f6jden \u00e4r justerbar fr\u00e5n 49-65 cm och passar till olika bartabeller<\/li>\n<li> Mjuk 360\u00b0 rotation av barstolen \u00f6kar samtalsv\u00e4nligheten<\/li>\n<li> Diskret quiltad design av den justerbara h\u00f6jden p\u00e5 barstolen kompletterar moderna k\u00f6k, matsalar eller omkl\u00e4dningsrum<\/li>\n<li> Monteras p\u00e5 bara 10 minuter f\u00f6r omedelbar anv\u00e4ndning<\/li>\n<li> Robust st\u00e5lbas med en halkfri gummiring f\u00f6r f\u00f6rb\u00e4ttrad stabilitet och golvskydd<\/li>\n<\/ul>\n<p> Tekniska data:<\/p>\n<ul>\n<li> F\u00e4rg: Gr\u00e5+Silverton<\/li>\n<li> Material: Sammet (100% Polyester), skum, flerskiktsplatta, st\u00e5l<\/li>\n<li> Totala dimensioner: 39B x 39D x 49-65H cm<\/li>\n<li> Sitsstorlek: 39B x 39D x 49-65H cm<\/li>\n<li> Sitsens tjocklek: 15 cm<\/li>\n<li> F\u00f6rvaringsutrymmets storlek: 35B x 35D x 8,5H cm<\/li>\n<li> Basdiameter: \u00d838,5 cm<\/li>\n<li> Passar f\u00f6r bardiskh\u00f6jd: 80-99 cm<\/li>\n<li> B\u00e4rkapacitet: 120 kg<\/li>\n<\/ul>\n<p>Leveransinneh\u00e5ll:<\/p>\n<ul>\n<li> 1 x Barstol<\/li>\n<li> 1 x Bruksanvisning<\/li>\n<\/ul>\n","protected":false},"excerpt":{"rendered":"<p>Njut av ultimat komfort med [BRAND NAME] barstol, kl\u00e4dd i en sammetsmjuk tyg och vadderad med 15 cm skum f\u00f6r&#8230;<\/p>\n","protected":false},"featured_media":97590,"template":"","meta":[],"product_brand":[],"product_cat":[643,871,889],"product_tag":[],"class_list":{"0":"post-97605","1":"product","2":"type-product","3":"status-publish","4":"has-post-thumbnail","6":"product_cat-barnstolar","7":"product_cat-hus-hem","8":"product_cat-kok-matsal","10":"first","11":"instock","12":"sale","13":"taxable","14":"shipping-taxable","15":"purchasable","16":"product-type-simple"},"yoast_head":"<!-- This site is optimized with the Yoast SEO plugin v25.4 - https:\/\/yoast.com\/wordpress\/plugins\/seo\/ -->\n<title>TRUUSK Sv\u00e4ngbar Barstol med F\u00f6rvaringsutrymme - H\u00f6jdjusterbar K\u00f6ksstol - Sammet\u00f6verdrag - 39x39x65 cm - Gr\u00e5 - TRUUSK - Hem, Tr\u00e4dg\u00e5rd &amp; Fritid<\/title>\n<meta name=\"robots\" content=\"index, follow, max-snippet:-1, max-image-preview:large, max-video-preview:-1\" \/>\n<link rel=\"canonical\" href=\"https:\/\/truusk.store\/sv\/produkt\/truusk-svangbar-barstol-med-forvaringsutrymme-hojdjusterbar-koksstol-sammetoverdrag-39x39x65-cm-gra\/\" \/>\n<meta property=\"og:locale\" content=\"sv_SE\" \/>\n<meta property=\"og:type\" content=\"article\" \/>\n<meta property=\"og:title\" content=\"TRUUSK Sv\u00e4ngbar Barstol med F\u00f6rvaringsutrymme - H\u00f6jdjusterbar K\u00f6ksstol - Sammet\u00f6verdrag - 39x39x65 cm - Gr\u00e5 - TRUUSK - Hem, Tr\u00e4dg\u00e5rd &amp; Fritid\" \/>\n<meta property=\"og:description\" content=\"Njut av ultimat komfort med [BRAND NAME] barstol, kl\u00e4dd i en sammetsmjuk tyg och vadderad med 15 cm skum f\u00f6r...\" \/>\n<meta property=\"og:url\" content=\"https:\/\/truusk.store\/sv\/produkt\/truusk-svangbar-barstol-med-forvaringsutrymme-hojdjusterbar-koksstol-sammetoverdrag-39x39x65-cm-gra\/\" \/>\n<meta property=\"og:site_name\" content=\"TRUUSK - Hem, Tr\u00e4dg\u00e5rd &amp; Fritid\" \/>\n<meta property=\"article:modified_time\" content=\"2026-03-12T07:48:47+00:00\" \/>\n<meta property=\"og:image\" content=\"https:\/\/i0.wp.com\/truusk.se\/wp-content\/uploads\/2025\/12\/barstol-bistrostol-med-forvaringsutrymme-svangbar-barstol-hojdjusterbar-koksstol-med-sammetoverdrag-39x39x65-cm-gra-1.webp?fit=2000%2C2000&ssl=1\" \/>\n\t<meta property=\"og:image:width\" content=\"2000\" \/>\n\t<meta property=\"og:image:height\" content=\"2000\" \/>\n\t<meta property=\"og:image:type\" content=\"image\/webp\" \/>\n<meta name=\"twitter:card\" content=\"summary_large_image\" \/>\n<meta name=\"twitter:label1\" content=\"Ber\u00e4knad l\u00e4stid\" \/>\n\t<meta name=\"twitter:data1\" content=\"1 minut\" \/>\n<!-- \/ Yoast SEO plugin. -->","yoast_head_json":{"title":"TRUUSK Sv\u00e4ngbar Barstol med F\u00f6rvaringsutrymme - H\u00f6jdjusterbar K\u00f6ksstol - Sammet\u00f6verdrag - 39x39x65 cm - Gr\u00e5 - TRUUSK - Hem, Tr\u00e4dg\u00e5rd &amp; Fritid","robots":{"index":"index","follow":"follow","max-snippet":"max-snippet:-1","max-image-preview":"max-image-preview:large","max-video-preview":"max-video-preview:-1"},"canonical":"https:\/\/truusk.store\/sv\/produkt\/truusk-svangbar-barstol-med-forvaringsutrymme-hojdjusterbar-koksstol-sammetoverdrag-39x39x65-cm-gra\/","og_locale":"sv_SE","og_type":"article","og_title":"TRUUSK Sv\u00e4ngbar Barstol med F\u00f6rvaringsutrymme - H\u00f6jdjusterbar K\u00f6ksstol - Sammet\u00f6verdrag - 39x39x65 cm - Gr\u00e5 - TRUUSK - Hem, Tr\u00e4dg\u00e5rd &amp; Fritid","og_description":"Njut av ultimat komfort med [BRAND NAME] barstol, kl\u00e4dd i en sammetsmjuk tyg och vadderad med 15 cm skum f\u00f6r...","og_url":"https:\/\/truusk.store\/sv\/produkt\/truusk-svangbar-barstol-med-forvaringsutrymme-hojdjusterbar-koksstol-sammetoverdrag-39x39x65-cm-gra\/","og_site_name":"TRUUSK - Hem, Tr\u00e4dg\u00e5rd &amp; Fritid","article_modified_time":"2026-03-12T07:48:47+00:00","og_image":[{"width":2000,"height":2000,"url":"https:\/\/i0.wp.com\/truusk.se\/wp-content\/uploads\/2025\/12\/barstol-bistrostol-med-forvaringsutrymme-svangbar-barstol-hojdjusterbar-koksstol-med-sammetoverdrag-39x39x65-cm-gra-1.webp?fit=2000%2C2000&ssl=1","type":"image\/webp"}],"twitter_card":"summary_large_image","twitter_misc":{"Ber\u00e4knad l\u00e4stid":"1 minut"},"schema":{"@context":"https:\/\/schema.org","@graph":[{"@type":"WebPage","@id":"https:\/\/truusk.store\/sv\/produkt\/truusk-svangbar-barstol-med-forvaringsutrymme-hojdjusterbar-koksstol-sammetoverdrag-39x39x65-cm-gra\/","url":"https:\/\/truusk.store\/sv\/produkt\/truusk-svangbar-barstol-med-forvaringsutrymme-hojdjusterbar-koksstol-sammetoverdrag-39x39x65-cm-gra\/","name":"TRUUSK Sv\u00e4ngbar Barstol med F\u00f6rvaringsutrymme - H\u00f6jdjusterbar K\u00f6ksstol - Sammet\u00f6verdrag - 39x39x65 cm - Gr\u00e5 - TRUUSK - Hem, Tr\u00e4dg\u00e5rd &amp; Fritid","isPartOf":{"@id":"https:\/\/truusk.store\/sv\/#website"},"primaryImageOfPage":{"@id":"https:\/\/truusk.store\/sv\/produkt\/truusk-svangbar-barstol-med-forvaringsutrymme-hojdjusterbar-koksstol-sammetoverdrag-39x39x65-cm-gra\/#primaryimage"},"image":{"@id":"https:\/\/truusk.store\/sv\/produkt\/truusk-svangbar-barstol-med-forvaringsutrymme-hojdjusterbar-koksstol-sammetoverdrag-39x39x65-cm-gra\/#primaryimage"},"thumbnailUrl":"https:\/\/i0.wp.com\/truusk.store\/wp-content\/uploads\/2025\/12\/barstol-bistrostol-med-forvaringsutrymme-svangbar-barstol-hojdjusterbar-koksstol-med-sammetoverdrag-39x39x65-cm-gra-1.webp?fit=2000%2C2000&ssl=1","datePublished":"2025-12-15T04:02:48+00:00","dateModified":"2026-03-12T07:48:47+00:00","breadcrumb":{"@id":"https:\/\/truusk.store\/sv\/produkt\/truusk-svangbar-barstol-med-forvaringsutrymme-hojdjusterbar-koksstol-sammetoverdrag-39x39x65-cm-gra\/#breadcrumb"},"inLanguage":"sv-SE","potentialAction":[{"@type":"ReadAction","target":["https:\/\/truusk.store\/sv\/produkt\/truusk-svangbar-barstol-med-forvaringsutrymme-hojdjusterbar-koksstol-sammetoverdrag-39x39x65-cm-gra\/"]}]},{"@type":"ImageObject","inLanguage":"sv-SE","@id":"https:\/\/truusk.store\/sv\/produkt\/truusk-svangbar-barstol-med-forvaringsutrymme-hojdjusterbar-koksstol-sammetoverdrag-39x39x65-cm-gra\/#primaryimage","url":"https:\/\/i0.wp.com\/truusk.store\/wp-content\/uploads\/2025\/12\/barstol-bistrostol-med-forvaringsutrymme-svangbar-barstol-hojdjusterbar-koksstol-med-sammetoverdrag-39x39x65-cm-gra-1.webp?fit=2000%2C2000&ssl=1","contentUrl":"https:\/\/i0.wp.com\/truusk.store\/wp-content\/uploads\/2025\/12\/barstol-bistrostol-med-forvaringsutrymme-svangbar-barstol-hojdjusterbar-koksstol-med-sammetoverdrag-39x39x65-cm-gra-1.webp?fit=2000%2C2000&ssl=1","width":2000,"height":2000},{"@type":"BreadcrumbList","@id":"https:\/\/truusk.store\/sv\/produkt\/truusk-svangbar-barstol-med-forvaringsutrymme-hojdjusterbar-koksstol-sammetoverdrag-39x39x65-cm-gra\/#breadcrumb","itemListElement":[{"@type":"ListItem","position":1,"name":"Home","item":"https:\/\/truusk.store\/sv\/"},{"@type":"ListItem","position":2,"name":"Shop","item":"https:\/\/truusk.store\/shop\/"},{"@type":"ListItem","position":3,"name":"TRUUSK Sv\u00e4ngbar Barstol med F\u00f6rvaringsutrymme &#8211; H\u00f6jdjusterbar K\u00f6ksstol &#8211; Sammet\u00f6verdrag &#8211; 39x39x65 cm &#8211; Gr\u00e5"}]},{"@type":"WebSite","@id":"https:\/\/truusk.store\/sv\/#website","url":"https:\/\/truusk.store\/sv\/","name":"TRUUSK - Hem, Tr\u00e4dg\u00e5rd & Fritid","description":"","publisher":{"@id":"https:\/\/truusk.store\/sv\/#organization"},"potentialAction":[{"@type":"SearchAction","target":{"@type":"EntryPoint","urlTemplate":"https:\/\/truusk.store\/sv\/?s={search_term_string}"},"query-input":{"@type":"PropertyValueSpecification","valueRequired":true,"valueName":"search_term_string"}}],"inLanguage":"sv-SE"},{"@type":"Organization","@id":"https:\/\/truusk.store\/sv\/#organization","name":"TRUUSK - Hem, Tr\u00e4dg\u00e5rd & Fritid","url":"https:\/\/truusk.store\/sv\/","logo":{"@type":"ImageObject","inLanguage":"sv-SE","@id":"https:\/\/truusk.store\/sv\/#\/schema\/logo\/image\/","url":"https:\/\/i0.wp.com\/truusk.store\/wp-content\/uploads\/2026\/03\/cropped-TRUUSK.png?fit=2032%2C917&ssl=1","contentUrl":"https:\/\/i0.wp.com\/truusk.store\/wp-content\/uploads\/2026\/03\/cropped-TRUUSK.png?fit=2032%2C917&ssl=1","width":2032,"height":917,"caption":"TRUUSK - Hem, Tr\u00e4dg\u00e5rd & Fritid"},"image":{"@id":"https:\/\/truusk.store\/sv\/#\/schema\/logo\/image\/"}}]}},"jetpack_sharing_enabled":true,"_links":{"self":[{"href":"https:\/\/truusk.store\/sv\/wp-json\/wp\/v2\/product\/97605","targetHints":{"allow":["GET"]}}],"collection":[{"href":"https:\/\/truusk.store\/sv\/wp-json\/wp\/v2\/product"}],"about":[{"href":"https:\/\/truusk.store\/sv\/wp-json\/wp\/v2\/types\/product"}],"wp:featuredmedia":[{"embeddable":true,"href":"https:\/\/truusk.store\/sv\/wp-json\/wp\/v2\/media\/97590"}],"wp:attachment":[{"href":"https:\/\/truusk.store\/sv\/wp-json\/wp\/v2\/media?parent=97605"}],"wp:term":[{"taxonomy":"product_brand","embeddable":true,"href":"https:\/\/truusk.store\/sv\/wp-json\/wp\/v2\/product_brand?post=97605"},{"taxonomy":"product_cat","embeddable":true,"href":"https:\/\/truusk.store\/sv\/wp-json\/wp\/v2\/product_cat?post=97605"},{"taxonomy":"product_tag","embeddable":true,"href":"https:\/\/truusk.store\/sv\/wp-json\/wp\/v2\/product_tag?post=97605"}],"curies":[{"name":"wp","href":"https:\/\/api.w.org\/{rel}","templated":true}]}}