{"id":97636,"date":"2025-12-15T05:05:53","date_gmt":"2025-12-15T04:05:53","guid":{"rendered":"https:\/\/truusk.store\/product\/utomhus-kattstuga-trahus-for-katter-flera-ingangar-fonster-vattentat-60-x-60-x-88-cm-vit\/"},"modified":"2026-03-12T08:48:52","modified_gmt":"2026-03-12T07:48:52","slug":"truusk-utomhus-kattstuga-trahus-for-katter-flera-ingangar-fonster-vattentat-60-x-60-x-88-cm-vit","status":"publish","type":"product","link":"https:\/\/truusk.store\/sv\/produkt\/truusk-utomhus-kattstuga-trahus-for-katter-flera-ingangar-fonster-vattentat-60-x-60-x-88-cm-vit\/","title":{"rendered":"TRUUSK Utomhus Kattstuga &#8211; Tr\u00e4hus f\u00f6r Katter &#8211; Flera Ing\u00e5ngar &#8211; F\u00f6nster &#8211; Vattent\u00e4t &#8211; 60 x 60 x 88 cm &#8211; Vit"},"content":{"rendered":"<p>Skapa ett varmt och skyddat utomhusomr\u00e5de f\u00f6r din katt med detta tv\u00e5v\u00e5nings [BRAND NAME] katt hus. Aluminiumisoleringen ger komfort \u00e5ret runt. Det vattent\u00e4ta taket, plastklaffarna och den upph\u00f6jda botten skyddar effektivt mot fukt och vind. Tillverkat av massivt tr\u00e4 och utrustat med tv\u00e5 uppf\u00e4llbara d\u00f6rrar, kan detta utomhus katt hus b\u00e4ra upp till 5 kg och \u00e4r idealiskt f\u00f6r utekatter eller str\u00f6vande katter.<\/p>\n<p>Beskrivning:<\/p>\n<ul>\n<li> Tv\u00e5v\u00e5ningsdesign med flera ing\u00e5ngar m\u00f6jligg\u00f6r kl\u00e4ttring, vila och utforskning f\u00f6r katter<\/li>\n<li> Aluminiumisolering h\u00e5ller katter varma p\u00e5 vintern och svala p\u00e5 sommaren<\/li>\n<li> Vattenavvisande tak, plastklaff och 5 cm upph\u00f6jd bas skyddar mot fukt<\/li>\n<li> Robust ram av grantr\u00e4 med s\u00e4ker f\u00e4rg kan b\u00e4ra husdjur upp till 5 kg<\/li>\n<li> \u00d6ppningsbara d\u00f6rrar m\u00f6jligg\u00f6r enkel tillg\u00e5ng och reng\u00f6ring<\/li>\n<li> Montering kr\u00e4vs<\/li>\n<\/ul>\n<p> Tekniska data:<\/p>\n<ul>\n<li> F\u00e4rg: Gr\u00e5+Vit<\/li>\n<li> Material: Grantr\u00e4, Aluminium<\/li>\n<li> Totala dimensioner: 60L x 60B x 88H cm<\/li>\n<li> Katt hus: 53L x 53B x 80H cm<\/li>\n<li> Inre dimensioner: 49L x 49B x 77H cm<\/li>\n<li> Katt d\u00f6rr: 46,5B x 29H cm<\/li>\n<li> Ing\u00e5ng: 14,5B x 19H cm<\/li>\n<li> Akrylf\u00f6nster: 15L x 14B cm<\/li>\n<li> Innerd\u00f6rr\u00f6ppning: 18L x 18B cm<\/li>\n<li> Hoppplattform: 27L x 12B x 7H cm, 27L x 12B x 40H cm<\/li>\n<li> H\u00f6jd fr\u00e5n marken: 5H cm<\/li>\n<\/ul>\n<p>Leveransinneh\u00e5ll:<\/p>\n<ul>\n<li> 1 x Utomhus katt hus<\/li>\n<li> 1 x Bruksanvisning<\/li>\n<\/ul>\n","protected":false},"excerpt":{"rendered":"<p>Skapa ett varmt och skyddat utomhusomr\u00e5de f\u00f6r din katt med detta tv\u00e5v\u00e5nings [BRAND NAME] katt hus. Aluminiumisoleringen ger komfort \u00e5ret&#8230;<\/p>\n","protected":false},"featured_media":97625,"template":"","meta":[],"product_brand":[],"product_cat":[895,1000,588],"product_tag":[],"class_list":{"0":"post-97636","1":"product","2":"type-product","3":"status-publish","4":"has-post-thumbnail","6":"product_cat-djurutrustning","7":"product_cat-kattstugor","8":"product_cat-katttillbehor","10":"first","11":"instock","12":"sale","13":"taxable","14":"shipping-taxable","15":"purchasable","16":"product-type-simple"},"yoast_head":"<!-- This site is optimized with the Yoast SEO plugin v25.4 - https:\/\/yoast.com\/wordpress\/plugins\/seo\/ -->\n<title>TRUUSK Utomhus Kattstuga - Tr\u00e4hus f\u00f6r Katter - Flera Ing\u00e5ngar - F\u00f6nster - Vattent\u00e4t - 60 x 60 x 88 cm - Vit - TRUUSK - Hem, Tr\u00e4dg\u00e5rd &amp; Fritid<\/title>\n<meta name=\"robots\" content=\"index, follow, max-snippet:-1, max-image-preview:large, max-video-preview:-1\" \/>\n<link rel=\"canonical\" href=\"https:\/\/truusk.store\/sv\/produkt\/truusk-utomhus-kattstuga-trahus-for-katter-flera-ingangar-fonster-vattentat-60-x-60-x-88-cm-vit\/\" \/>\n<meta property=\"og:locale\" content=\"sv_SE\" \/>\n<meta property=\"og:type\" content=\"article\" \/>\n<meta property=\"og:title\" content=\"TRUUSK Utomhus Kattstuga - Tr\u00e4hus f\u00f6r Katter - Flera Ing\u00e5ngar - F\u00f6nster - Vattent\u00e4t - 60 x 60 x 88 cm - Vit - TRUUSK - Hem, Tr\u00e4dg\u00e5rd &amp; Fritid\" \/>\n<meta property=\"og:description\" content=\"Skapa ett varmt och skyddat utomhusomr\u00e5de f\u00f6r din katt med detta tv\u00e5v\u00e5nings [BRAND NAME] katt hus. Aluminiumisoleringen ger komfort \u00e5ret...\" \/>\n<meta property=\"og:url\" content=\"https:\/\/truusk.store\/sv\/produkt\/truusk-utomhus-kattstuga-trahus-for-katter-flera-ingangar-fonster-vattentat-60-x-60-x-88-cm-vit\/\" \/>\n<meta property=\"og:site_name\" content=\"TRUUSK - Hem, Tr\u00e4dg\u00e5rd &amp; Fritid\" \/>\n<meta property=\"article:modified_time\" content=\"2026-03-12T07:48:52+00:00\" \/>\n<meta property=\"og:image\" content=\"https:\/\/i0.wp.com\/truusk.se\/wp-content\/uploads\/2025\/12\/utomhus-kattstuga-trahus-for-katter-flera-ingangar-fonster-vattentat-60-x-60-x-88-cm-vit-1.webp?fit=2000%2C2000&ssl=1\" \/>\n\t<meta property=\"og:image:width\" content=\"2000\" \/>\n\t<meta property=\"og:image:height\" content=\"2000\" \/>\n\t<meta property=\"og:image:type\" content=\"image\/webp\" \/>\n<meta name=\"twitter:card\" content=\"summary_large_image\" \/>\n<meta name=\"twitter:label1\" content=\"Ber\u00e4knad l\u00e4stid\" \/>\n\t<meta name=\"twitter:data1\" content=\"1 minut\" \/>\n<!-- \/ Yoast SEO plugin. -->","yoast_head_json":{"title":"TRUUSK Utomhus Kattstuga - Tr\u00e4hus f\u00f6r Katter - Flera Ing\u00e5ngar - F\u00f6nster - Vattent\u00e4t - 60 x 60 x 88 cm - Vit - TRUUSK - Hem, Tr\u00e4dg\u00e5rd &amp; Fritid","robots":{"index":"index","follow":"follow","max-snippet":"max-snippet:-1","max-image-preview":"max-image-preview:large","max-video-preview":"max-video-preview:-1"},"canonical":"https:\/\/truusk.store\/sv\/produkt\/truusk-utomhus-kattstuga-trahus-for-katter-flera-ingangar-fonster-vattentat-60-x-60-x-88-cm-vit\/","og_locale":"sv_SE","og_type":"article","og_title":"TRUUSK Utomhus Kattstuga - Tr\u00e4hus f\u00f6r Katter - Flera Ing\u00e5ngar - F\u00f6nster - Vattent\u00e4t - 60 x 60 x 88 cm - Vit - TRUUSK - Hem, Tr\u00e4dg\u00e5rd &amp; Fritid","og_description":"Skapa ett varmt och skyddat utomhusomr\u00e5de f\u00f6r din katt med detta tv\u00e5v\u00e5nings [BRAND NAME] katt hus. Aluminiumisoleringen ger komfort \u00e5ret...","og_url":"https:\/\/truusk.store\/sv\/produkt\/truusk-utomhus-kattstuga-trahus-for-katter-flera-ingangar-fonster-vattentat-60-x-60-x-88-cm-vit\/","og_site_name":"TRUUSK - Hem, Tr\u00e4dg\u00e5rd &amp; Fritid","article_modified_time":"2026-03-12T07:48:52+00:00","og_image":[{"width":2000,"height":2000,"url":"https:\/\/i0.wp.com\/truusk.se\/wp-content\/uploads\/2025\/12\/utomhus-kattstuga-trahus-for-katter-flera-ingangar-fonster-vattentat-60-x-60-x-88-cm-vit-1.webp?fit=2000%2C2000&ssl=1","type":"image\/webp"}],"twitter_card":"summary_large_image","twitter_misc":{"Ber\u00e4knad l\u00e4stid":"1 minut"},"schema":{"@context":"https:\/\/schema.org","@graph":[{"@type":"WebPage","@id":"https:\/\/truusk.store\/sv\/produkt\/truusk-utomhus-kattstuga-trahus-for-katter-flera-ingangar-fonster-vattentat-60-x-60-x-88-cm-vit\/","url":"https:\/\/truusk.store\/sv\/produkt\/truusk-utomhus-kattstuga-trahus-for-katter-flera-ingangar-fonster-vattentat-60-x-60-x-88-cm-vit\/","name":"TRUUSK Utomhus Kattstuga - Tr\u00e4hus f\u00f6r Katter - Flera Ing\u00e5ngar - F\u00f6nster - Vattent\u00e4t - 60 x 60 x 88 cm - Vit - TRUUSK - Hem, Tr\u00e4dg\u00e5rd &amp; Fritid","isPartOf":{"@id":"https:\/\/truusk.store\/sv\/#website"},"primaryImageOfPage":{"@id":"https:\/\/truusk.store\/sv\/produkt\/truusk-utomhus-kattstuga-trahus-for-katter-flera-ingangar-fonster-vattentat-60-x-60-x-88-cm-vit\/#primaryimage"},"image":{"@id":"https:\/\/truusk.store\/sv\/produkt\/truusk-utomhus-kattstuga-trahus-for-katter-flera-ingangar-fonster-vattentat-60-x-60-x-88-cm-vit\/#primaryimage"},"thumbnailUrl":"https:\/\/i0.wp.com\/truusk.store\/wp-content\/uploads\/2025\/12\/utomhus-kattstuga-trahus-for-katter-flera-ingangar-fonster-vattentat-60-x-60-x-88-cm-vit-1.webp?fit=2000%2C2000&ssl=1","datePublished":"2025-12-15T04:05:53+00:00","dateModified":"2026-03-12T07:48:52+00:00","breadcrumb":{"@id":"https:\/\/truusk.store\/sv\/produkt\/truusk-utomhus-kattstuga-trahus-for-katter-flera-ingangar-fonster-vattentat-60-x-60-x-88-cm-vit\/#breadcrumb"},"inLanguage":"sv-SE","potentialAction":[{"@type":"ReadAction","target":["https:\/\/truusk.store\/sv\/produkt\/truusk-utomhus-kattstuga-trahus-for-katter-flera-ingangar-fonster-vattentat-60-x-60-x-88-cm-vit\/"]}]},{"@type":"ImageObject","inLanguage":"sv-SE","@id":"https:\/\/truusk.store\/sv\/produkt\/truusk-utomhus-kattstuga-trahus-for-katter-flera-ingangar-fonster-vattentat-60-x-60-x-88-cm-vit\/#primaryimage","url":"https:\/\/i0.wp.com\/truusk.store\/wp-content\/uploads\/2025\/12\/utomhus-kattstuga-trahus-for-katter-flera-ingangar-fonster-vattentat-60-x-60-x-88-cm-vit-1.webp?fit=2000%2C2000&ssl=1","contentUrl":"https:\/\/i0.wp.com\/truusk.store\/wp-content\/uploads\/2025\/12\/utomhus-kattstuga-trahus-for-katter-flera-ingangar-fonster-vattentat-60-x-60-x-88-cm-vit-1.webp?fit=2000%2C2000&ssl=1","width":2000,"height":2000},{"@type":"BreadcrumbList","@id":"https:\/\/truusk.store\/sv\/produkt\/truusk-utomhus-kattstuga-trahus-for-katter-flera-ingangar-fonster-vattentat-60-x-60-x-88-cm-vit\/#breadcrumb","itemListElement":[{"@type":"ListItem","position":1,"name":"Home","item":"https:\/\/truusk.store\/sv\/"},{"@type":"ListItem","position":2,"name":"Shop","item":"https:\/\/truusk.store\/shop\/"},{"@type":"ListItem","position":3,"name":"TRUUSK Utomhus Kattstuga &#8211; Tr\u00e4hus f\u00f6r Katter &#8211; Flera Ing\u00e5ngar &#8211; F\u00f6nster &#8211; Vattent\u00e4t &#8211; 60 x 60 x 88 cm &#8211; Vit"}]},{"@type":"WebSite","@id":"https:\/\/truusk.store\/sv\/#website","url":"https:\/\/truusk.store\/sv\/","name":"TRUUSK - Hem, Tr\u00e4dg\u00e5rd & Fritid","description":"","publisher":{"@id":"https:\/\/truusk.store\/sv\/#organization"},"potentialAction":[{"@type":"SearchAction","target":{"@type":"EntryPoint","urlTemplate":"https:\/\/truusk.store\/sv\/?s={search_term_string}"},"query-input":{"@type":"PropertyValueSpecification","valueRequired":true,"valueName":"search_term_string"}}],"inLanguage":"sv-SE"},{"@type":"Organization","@id":"https:\/\/truusk.store\/sv\/#organization","name":"TRUUSK - Hem, Tr\u00e4dg\u00e5rd & Fritid","url":"https:\/\/truusk.store\/sv\/","logo":{"@type":"ImageObject","inLanguage":"sv-SE","@id":"https:\/\/truusk.store\/sv\/#\/schema\/logo\/image\/","url":"https:\/\/i0.wp.com\/truusk.store\/wp-content\/uploads\/2026\/03\/cropped-TRUUSK.png?fit=2032%2C917&ssl=1","contentUrl":"https:\/\/i0.wp.com\/truusk.store\/wp-content\/uploads\/2026\/03\/cropped-TRUUSK.png?fit=2032%2C917&ssl=1","width":2032,"height":917,"caption":"TRUUSK - Hem, Tr\u00e4dg\u00e5rd & Fritid"},"image":{"@id":"https:\/\/truusk.store\/sv\/#\/schema\/logo\/image\/"}}]}},"jetpack_sharing_enabled":true,"_links":{"self":[{"href":"https:\/\/truusk.store\/sv\/wp-json\/wp\/v2\/product\/97636","targetHints":{"allow":["GET"]}}],"collection":[{"href":"https:\/\/truusk.store\/sv\/wp-json\/wp\/v2\/product"}],"about":[{"href":"https:\/\/truusk.store\/sv\/wp-json\/wp\/v2\/types\/product"}],"wp:featuredmedia":[{"embeddable":true,"href":"https:\/\/truusk.store\/sv\/wp-json\/wp\/v2\/media\/97625"}],"wp:attachment":[{"href":"https:\/\/truusk.store\/sv\/wp-json\/wp\/v2\/media?parent=97636"}],"wp:term":[{"taxonomy":"product_brand","embeddable":true,"href":"https:\/\/truusk.store\/sv\/wp-json\/wp\/v2\/product_brand?post=97636"},{"taxonomy":"product_cat","embeddable":true,"href":"https:\/\/truusk.store\/sv\/wp-json\/wp\/v2\/product_cat?post=97636"},{"taxonomy":"product_tag","embeddable":true,"href":"https:\/\/truusk.store\/sv\/wp-json\/wp\/v2\/product_tag?post=97636"}],"curies":[{"name":"wp","href":"https:\/\/api.w.org\/{rel}","templated":true}]}}