{"id":97655,"date":"2025-12-15T05:07:45","date_gmt":"2025-12-15T04:07:45","guid":{"rendered":"https:\/\/truusk.store\/product\/2-pack-vagg-hyllor-15-kg-barkapacitet-for-vaggmontering-stal-svart\/"},"modified":"2026-03-12T08:48:55","modified_gmt":"2026-03-12T07:48:55","slug":"truusk-2-pack-vagghyllor-15-kg-barkapacitet-for-vaggmontering-stal-svart","status":"publish","type":"product","link":"https:\/\/truusk.store\/sv\/produkt\/truusk-2-pack-vagghyllor-15-kg-barkapacitet-for-vaggmontering-stal-svart\/","title":{"rendered":"TRUUSK 2-pack V\u00e4gghyllor &#8211; 15 kg b\u00e4rkapacitet &#8211; F\u00f6r v\u00e4ggmontering &#8211; St\u00e5l &#8211; Svart"},"content":{"rendered":"<p>St\u00f6rd av tomma v\u00e4ggar och ostabila hyllor? Dina v\u00e4rdefulla dekorationsartiklar f\u00f6rtj\u00e4nar en plats av \u00e4ra, inte en f\u00f6rvaringsl\u00e5da. Skapa en s\u00e4ker och personlig utst\u00e4llning med [BRAND NAME] v\u00e4gghyllor. Detta set med tv\u00e5 olika storlekar g\u00f6r att du kan inreda din egen galleri. De helt st\u00e5ltillverkade flytande hyllorna ger den n\u00f6dv\u00e4ndiga stabiliteten f\u00f6r att b\u00e4ra dina f\u00f6rem\u00e5l och f\u00f6rvandla ditt utrymme till ett dj\u00e4rvt konstverk.<\/p>\n<p>Beskrivning:<\/p>\n<ul>\n<li> Set med tv\u00e5 flytande hyllor i olika storlekar, som kan anv\u00e4ndas tillsammans eller separat f\u00f6r flexibel anv\u00e4ndning<\/li>\n<li> Tillverkad av robust st\u00e5l, b\u00e4r s\u00e4kert f\u00f6rem\u00e5l upp till 15 kg<\/li>\n<li> K\u00e4nnetecknas av en geometrisk, modern design som omedelbart uppgraderar din heminredning<\/li>\n<li> M\u00e5ngsidigt anv\u00e4ndbar i vardagsrum, sovrum, k\u00f6k, korridorer, arbetsrum och mer<\/li>\n<li> V\u00e4ggmonterad design sparar golvutrymme<\/li>\n<li> Enkel montering och installation kr\u00e4vs<\/li>\n<\/ul>\n<p> Tekniska data:<\/p>\n<ul>\n<li> F\u00e4rg: Svart<\/li>\n<li> Material: St\u00e5l<\/li>\n<li> Totala dimensioner: 60B x 12T x 21H cm (Stor), 40B x 12T x 19H cm (Liten)<\/li>\n<li> Hyllstorlek: 57,2B x 12T x 18,5H cm (Stor), 37,2B x 12T x 16,5H cm (Liten)<\/li>\n<li> Maximal belastning: 15 kg (per hylla)<\/li>\n<\/ul>\n<p>Leverans inneh\u00e5ller:<\/p>\n<ul>\n<li> 2 x flytande hyllor<\/li>\n<li> 1 x bruksanvisning<\/li>\n<\/ul>\n","protected":false},"excerpt":{"rendered":"<p>St\u00f6rd av tomma v\u00e4ggar och ostabila hyllor? Dina v\u00e4rdefulla dekorationsartiklar f\u00f6rtj\u00e4nar en plats av \u00e4ra, inte en f\u00f6rvaringsl\u00e5da. Skapa en&#8230;<\/p>\n","protected":false},"featured_media":97645,"template":"","meta":[],"product_brand":[],"product_cat":[977,872,871],"product_tag":[],"class_list":{"0":"post-97655","1":"product","2":"type-product","3":"status-publish","4":"has-post-thumbnail","6":"product_cat-bok-staende-hyllor","7":"product_cat-hemmakontor-arbetsplats","8":"product_cat-hus-hem","10":"first","11":"instock","12":"sale","13":"taxable","14":"shipping-taxable","15":"purchasable","16":"product-type-simple"},"yoast_head":"<!-- This site is optimized with the Yoast SEO plugin v25.4 - https:\/\/yoast.com\/wordpress\/plugins\/seo\/ -->\n<title>TRUUSK 2-pack V\u00e4gghyllor - 15 kg b\u00e4rkapacitet - F\u00f6r v\u00e4ggmontering - St\u00e5l - Svart - TRUUSK - Hem, Tr\u00e4dg\u00e5rd &amp; Fritid<\/title>\n<meta name=\"robots\" content=\"index, follow, max-snippet:-1, max-image-preview:large, max-video-preview:-1\" \/>\n<link rel=\"canonical\" href=\"https:\/\/truusk.store\/sv\/produkt\/truusk-2-pack-vagghyllor-15-kg-barkapacitet-for-vaggmontering-stal-svart\/\" \/>\n<meta property=\"og:locale\" content=\"sv_SE\" \/>\n<meta property=\"og:type\" content=\"article\" \/>\n<meta property=\"og:title\" content=\"TRUUSK 2-pack V\u00e4gghyllor - 15 kg b\u00e4rkapacitet - F\u00f6r v\u00e4ggmontering - St\u00e5l - Svart - TRUUSK - Hem, Tr\u00e4dg\u00e5rd &amp; Fritid\" \/>\n<meta property=\"og:description\" content=\"St\u00f6rd av tomma v\u00e4ggar och ostabila hyllor? Dina v\u00e4rdefulla dekorationsartiklar f\u00f6rtj\u00e4nar en plats av \u00e4ra, inte en f\u00f6rvaringsl\u00e5da. Skapa en...\" \/>\n<meta property=\"og:url\" content=\"https:\/\/truusk.store\/sv\/produkt\/truusk-2-pack-vagghyllor-15-kg-barkapacitet-for-vaggmontering-stal-svart\/\" \/>\n<meta property=\"og:site_name\" content=\"TRUUSK - Hem, Tr\u00e4dg\u00e5rd &amp; Fritid\" \/>\n<meta property=\"article:modified_time\" content=\"2026-03-12T07:48:55+00:00\" \/>\n<meta property=\"og:image\" content=\"https:\/\/i0.wp.com\/truusk.se\/wp-content\/uploads\/2025\/12\/2-pack-vagg-hyllor-15-kg-barkapacitet-for-vaggmontering-stal-svart-1.webp?fit=2000%2C2000&ssl=1\" \/>\n\t<meta property=\"og:image:width\" content=\"2000\" \/>\n\t<meta property=\"og:image:height\" content=\"2000\" \/>\n\t<meta property=\"og:image:type\" content=\"image\/webp\" \/>\n<meta name=\"twitter:card\" content=\"summary_large_image\" \/>\n<meta name=\"twitter:label1\" content=\"Ber\u00e4knad l\u00e4stid\" \/>\n\t<meta name=\"twitter:data1\" content=\"1 minut\" \/>\n<!-- \/ Yoast SEO plugin. -->","yoast_head_json":{"title":"TRUUSK 2-pack V\u00e4gghyllor - 15 kg b\u00e4rkapacitet - F\u00f6r v\u00e4ggmontering - St\u00e5l - Svart - TRUUSK - Hem, Tr\u00e4dg\u00e5rd &amp; Fritid","robots":{"index":"index","follow":"follow","max-snippet":"max-snippet:-1","max-image-preview":"max-image-preview:large","max-video-preview":"max-video-preview:-1"},"canonical":"https:\/\/truusk.store\/sv\/produkt\/truusk-2-pack-vagghyllor-15-kg-barkapacitet-for-vaggmontering-stal-svart\/","og_locale":"sv_SE","og_type":"article","og_title":"TRUUSK 2-pack V\u00e4gghyllor - 15 kg b\u00e4rkapacitet - F\u00f6r v\u00e4ggmontering - St\u00e5l - Svart - TRUUSK - Hem, Tr\u00e4dg\u00e5rd &amp; Fritid","og_description":"St\u00f6rd av tomma v\u00e4ggar och ostabila hyllor? Dina v\u00e4rdefulla dekorationsartiklar f\u00f6rtj\u00e4nar en plats av \u00e4ra, inte en f\u00f6rvaringsl\u00e5da. Skapa en...","og_url":"https:\/\/truusk.store\/sv\/produkt\/truusk-2-pack-vagghyllor-15-kg-barkapacitet-for-vaggmontering-stal-svart\/","og_site_name":"TRUUSK - Hem, Tr\u00e4dg\u00e5rd &amp; Fritid","article_modified_time":"2026-03-12T07:48:55+00:00","og_image":[{"width":2000,"height":2000,"url":"https:\/\/i0.wp.com\/truusk.se\/wp-content\/uploads\/2025\/12\/2-pack-vagg-hyllor-15-kg-barkapacitet-for-vaggmontering-stal-svart-1.webp?fit=2000%2C2000&ssl=1","type":"image\/webp"}],"twitter_card":"summary_large_image","twitter_misc":{"Ber\u00e4knad l\u00e4stid":"1 minut"},"schema":{"@context":"https:\/\/schema.org","@graph":[{"@type":"WebPage","@id":"https:\/\/truusk.store\/sv\/produkt\/truusk-2-pack-vagghyllor-15-kg-barkapacitet-for-vaggmontering-stal-svart\/","url":"https:\/\/truusk.store\/sv\/produkt\/truusk-2-pack-vagghyllor-15-kg-barkapacitet-for-vaggmontering-stal-svart\/","name":"TRUUSK 2-pack V\u00e4gghyllor - 15 kg b\u00e4rkapacitet - F\u00f6r v\u00e4ggmontering - St\u00e5l - Svart - TRUUSK - Hem, Tr\u00e4dg\u00e5rd &amp; Fritid","isPartOf":{"@id":"https:\/\/truusk.store\/sv\/#website"},"primaryImageOfPage":{"@id":"https:\/\/truusk.store\/sv\/produkt\/truusk-2-pack-vagghyllor-15-kg-barkapacitet-for-vaggmontering-stal-svart\/#primaryimage"},"image":{"@id":"https:\/\/truusk.store\/sv\/produkt\/truusk-2-pack-vagghyllor-15-kg-barkapacitet-for-vaggmontering-stal-svart\/#primaryimage"},"thumbnailUrl":"https:\/\/i0.wp.com\/truusk.store\/wp-content\/uploads\/2025\/12\/2-pack-vagg-hyllor-15-kg-barkapacitet-for-vaggmontering-stal-svart-1.webp?fit=2000%2C2000&ssl=1","datePublished":"2025-12-15T04:07:45+00:00","dateModified":"2026-03-12T07:48:55+00:00","breadcrumb":{"@id":"https:\/\/truusk.store\/sv\/produkt\/truusk-2-pack-vagghyllor-15-kg-barkapacitet-for-vaggmontering-stal-svart\/#breadcrumb"},"inLanguage":"sv-SE","potentialAction":[{"@type":"ReadAction","target":["https:\/\/truusk.store\/sv\/produkt\/truusk-2-pack-vagghyllor-15-kg-barkapacitet-for-vaggmontering-stal-svart\/"]}]},{"@type":"ImageObject","inLanguage":"sv-SE","@id":"https:\/\/truusk.store\/sv\/produkt\/truusk-2-pack-vagghyllor-15-kg-barkapacitet-for-vaggmontering-stal-svart\/#primaryimage","url":"https:\/\/i0.wp.com\/truusk.store\/wp-content\/uploads\/2025\/12\/2-pack-vagg-hyllor-15-kg-barkapacitet-for-vaggmontering-stal-svart-1.webp?fit=2000%2C2000&ssl=1","contentUrl":"https:\/\/i0.wp.com\/truusk.store\/wp-content\/uploads\/2025\/12\/2-pack-vagg-hyllor-15-kg-barkapacitet-for-vaggmontering-stal-svart-1.webp?fit=2000%2C2000&ssl=1","width":2000,"height":2000},{"@type":"BreadcrumbList","@id":"https:\/\/truusk.store\/sv\/produkt\/truusk-2-pack-vagghyllor-15-kg-barkapacitet-for-vaggmontering-stal-svart\/#breadcrumb","itemListElement":[{"@type":"ListItem","position":1,"name":"Home","item":"https:\/\/truusk.store\/sv\/"},{"@type":"ListItem","position":2,"name":"Shop","item":"https:\/\/truusk.store\/shop\/"},{"@type":"ListItem","position":3,"name":"TRUUSK 2-pack V\u00e4gghyllor &#8211; 15 kg b\u00e4rkapacitet &#8211; F\u00f6r v\u00e4ggmontering &#8211; St\u00e5l &#8211; Svart"}]},{"@type":"WebSite","@id":"https:\/\/truusk.store\/sv\/#website","url":"https:\/\/truusk.store\/sv\/","name":"TRUUSK - Hem, Tr\u00e4dg\u00e5rd & Fritid","description":"","publisher":{"@id":"https:\/\/truusk.store\/sv\/#organization"},"potentialAction":[{"@type":"SearchAction","target":{"@type":"EntryPoint","urlTemplate":"https:\/\/truusk.store\/sv\/?s={search_term_string}"},"query-input":{"@type":"PropertyValueSpecification","valueRequired":true,"valueName":"search_term_string"}}],"inLanguage":"sv-SE"},{"@type":"Organization","@id":"https:\/\/truusk.store\/sv\/#organization","name":"TRUUSK - Hem, Tr\u00e4dg\u00e5rd & Fritid","url":"https:\/\/truusk.store\/sv\/","logo":{"@type":"ImageObject","inLanguage":"sv-SE","@id":"https:\/\/truusk.store\/sv\/#\/schema\/logo\/image\/","url":"https:\/\/i0.wp.com\/truusk.store\/wp-content\/uploads\/2026\/03\/cropped-TRUUSK.png?fit=2032%2C917&ssl=1","contentUrl":"https:\/\/i0.wp.com\/truusk.store\/wp-content\/uploads\/2026\/03\/cropped-TRUUSK.png?fit=2032%2C917&ssl=1","width":2032,"height":917,"caption":"TRUUSK - Hem, Tr\u00e4dg\u00e5rd & Fritid"},"image":{"@id":"https:\/\/truusk.store\/sv\/#\/schema\/logo\/image\/"}}]}},"jetpack_sharing_enabled":true,"_links":{"self":[{"href":"https:\/\/truusk.store\/sv\/wp-json\/wp\/v2\/product\/97655","targetHints":{"allow":["GET"]}}],"collection":[{"href":"https:\/\/truusk.store\/sv\/wp-json\/wp\/v2\/product"}],"about":[{"href":"https:\/\/truusk.store\/sv\/wp-json\/wp\/v2\/types\/product"}],"wp:featuredmedia":[{"embeddable":true,"href":"https:\/\/truusk.store\/sv\/wp-json\/wp\/v2\/media\/97645"}],"wp:attachment":[{"href":"https:\/\/truusk.store\/sv\/wp-json\/wp\/v2\/media?parent=97655"}],"wp:term":[{"taxonomy":"product_brand","embeddable":true,"href":"https:\/\/truusk.store\/sv\/wp-json\/wp\/v2\/product_brand?post=97655"},{"taxonomy":"product_cat","embeddable":true,"href":"https:\/\/truusk.store\/sv\/wp-json\/wp\/v2\/product_cat?post=97655"},{"taxonomy":"product_tag","embeddable":true,"href":"https:\/\/truusk.store\/sv\/wp-json\/wp\/v2\/product_tag?post=97655"}],"curies":[{"name":"wp","href":"https:\/\/api.w.org\/{rel}","templated":true}]}}