{"id":9768,"date":"2024-02-13T09:54:18","date_gmt":"2024-02-13T08:54:18","guid":{"rendered":"https:\/\/truusk.store\/product\/tradgardssoffbord-sidobord-tradgardsbord-soffbord-metall-svart-uteplats-45-x-45-x-50-cm\/"},"modified":"2026-03-12T08:56:14","modified_gmt":"2026-03-12T07:56:14","slug":"truusk-tradgardssoffbord-sidobord-metall-svart-uteplats-45-x-45-x-50-cm","status":"publish","type":"product","link":"https:\/\/truusk.store\/sv\/produkt\/truusk-tradgardssoffbord-sidobord-metall-svart-uteplats-45-x-45-x-50-cm\/","title":{"rendered":"TRUUSK Tr\u00e4dg\u00e5rdssoffbord &#8211; Sidobord &#8211; Metall &#8211; Svart &#8211; Uteplats &#8211; 45 x 45 x 50 cm"},"content":{"rendered":"<p>L\u00e4gg till best\u00e5ende sk\u00f6nhet, stil och elegans till din omgivning med denna viktiga del av alla utomhuslivsutrymmen. V\u00e5rt uteplatsbalkongbord \u00e4r byggt f\u00f6r alla typer av milj\u00f6er och \u00e4r tillr\u00e4ckligt vackert f\u00f6r att anv\u00e4ndas inomhus, men gjort i traditionen av fina europeiska m\u00e5ltider utomhus. Kombinera den med v\u00e5ra matchande stolar s\u00e5 att du och en v\u00e4n alltid har en plats att koppla av med en ny kopp kaffe eller te.<\/p>\n<h3>Beskrivning:<\/h3>\n<ul>\n<li>Solid metallkonstruktion f\u00f6r anv\u00e4ndning \u00e5ret runt<\/li>\n<li>Mesh-stil bordsskiva f\u00f6r snacks, drinkar eller en bok<\/li>\n<li>B\u00e4ttre vattendr\u00e4nering under regniga dagar, l\u00e4tt att reng\u00f6ra<\/li>\n<li>L\u00e4tt men robust och h\u00e5llbar f\u00f6r utomhusbruk<\/li>\n<li>Kan kombineras med v\u00e5ra matchande st\u00e5l<\/li>\n<li>Halkfri fotdesign f\u00f6r \u00f6kad stabilitet<\/li>\n<li>Enkel montering kr\u00e4vs<\/li>\n<\/ul>\n<h3>Teknisk data:<\/h3>\n<ul>\n<li>Material: metall<\/li>\n<li>\u00d6vergripande m\u00e5tt: L45 x B45 x H50 cm<\/li>\n<li>Max lastkapacitet: 30 kg<\/li>\n<li>Nettovikt: 4 kg<\/li>\n<li>Svart f\u00e4rg<\/li>\n<\/ul>\n<h3>Leveransens omfattning:<\/h3>\n<ul>\n<li>1 x Soffbord<\/li>\n<li>1 x Monteringsanvisning<\/li>\n<\/ul>\n","protected":false},"excerpt":{"rendered":"<p>L\u00e4gg till best\u00e5ende sk\u00f6nhet, stil och elegans till din omgivning med denna viktiga del av alla utomhuslivsutrymmen. V\u00e5rt uteplatsbalkongbord \u00e4r&#8230;<\/p>\n","protected":false},"featured_media":9769,"template":"","meta":[],"product_brand":[],"product_cat":[485,505,501],"product_tag":[],"class_list":{"0":"post-9768","1":"product","2":"type-product","3":"status-publish","4":"has-post-thumbnail","6":"product_cat-hus-bo","7":"product_cat-soffa-och-sidobord","8":"product_cat-tabeller","10":"first","11":"instock","12":"sale","13":"taxable","14":"shipping-taxable","15":"purchasable","16":"product-type-simple"},"yoast_head":"<!-- This site is optimized with the Yoast SEO plugin v25.4 - https:\/\/yoast.com\/wordpress\/plugins\/seo\/ -->\n<title>TRUUSK Tr\u00e4dg\u00e5rdssoffbord - Sidobord - Metall - Svart - Uteplats - 45 x 45 x 50 cm - TRUUSK - Hem, Tr\u00e4dg\u00e5rd &amp; Fritid<\/title>\n<meta name=\"robots\" content=\"index, follow, max-snippet:-1, max-image-preview:large, max-video-preview:-1\" \/>\n<link rel=\"canonical\" href=\"https:\/\/truusk.store\/sv\/produkt\/truusk-tradgardssoffbord-sidobord-metall-svart-uteplats-45-x-45-x-50-cm\/\" \/>\n<meta property=\"og:locale\" content=\"sv_SE\" \/>\n<meta property=\"og:type\" content=\"article\" \/>\n<meta property=\"og:title\" content=\"TRUUSK Tr\u00e4dg\u00e5rdssoffbord - Sidobord - Metall - Svart - Uteplats - 45 x 45 x 50 cm - TRUUSK - Hem, Tr\u00e4dg\u00e5rd &amp; Fritid\" \/>\n<meta property=\"og:description\" content=\"L\u00e4gg till best\u00e5ende sk\u00f6nhet, stil och elegans till din omgivning med denna viktiga del av alla utomhuslivsutrymmen. V\u00e5rt uteplatsbalkongbord \u00e4r...\" \/>\n<meta property=\"og:url\" content=\"https:\/\/truusk.store\/sv\/produkt\/truusk-tradgardssoffbord-sidobord-metall-svart-uteplats-45-x-45-x-50-cm\/\" \/>\n<meta property=\"og:site_name\" content=\"TRUUSK - Hem, Tr\u00e4dg\u00e5rd &amp; Fritid\" \/>\n<meta property=\"article:modified_time\" content=\"2026-03-12T07:56:14+00:00\" \/>\n<meta property=\"og:image\" content=\"https:\/\/i0.wp.com\/truusk.se\/wp-content\/uploads\/2024\/02\/tradgardssoffbord-sidobord-tradgardsbord-soffbord-metall-svart-uteplats-45-x-45-x-50-cm.webp?fit=800%2C800&ssl=1\" \/>\n\t<meta property=\"og:image:width\" content=\"800\" \/>\n\t<meta property=\"og:image:height\" content=\"800\" \/>\n\t<meta property=\"og:image:type\" content=\"image\/webp\" \/>\n<meta name=\"twitter:card\" content=\"summary_large_image\" \/>\n<meta name=\"twitter:label1\" content=\"Ber\u00e4knad l\u00e4stid\" \/>\n\t<meta name=\"twitter:data1\" content=\"1 minut\" \/>\n<!-- \/ Yoast SEO plugin. -->","yoast_head_json":{"title":"TRUUSK Tr\u00e4dg\u00e5rdssoffbord - Sidobord - Metall - Svart - Uteplats - 45 x 45 x 50 cm - TRUUSK - Hem, Tr\u00e4dg\u00e5rd &amp; Fritid","robots":{"index":"index","follow":"follow","max-snippet":"max-snippet:-1","max-image-preview":"max-image-preview:large","max-video-preview":"max-video-preview:-1"},"canonical":"https:\/\/truusk.store\/sv\/produkt\/truusk-tradgardssoffbord-sidobord-metall-svart-uteplats-45-x-45-x-50-cm\/","og_locale":"sv_SE","og_type":"article","og_title":"TRUUSK Tr\u00e4dg\u00e5rdssoffbord - Sidobord - Metall - Svart - Uteplats - 45 x 45 x 50 cm - TRUUSK - Hem, Tr\u00e4dg\u00e5rd &amp; Fritid","og_description":"L\u00e4gg till best\u00e5ende sk\u00f6nhet, stil och elegans till din omgivning med denna viktiga del av alla utomhuslivsutrymmen. V\u00e5rt uteplatsbalkongbord \u00e4r...","og_url":"https:\/\/truusk.store\/sv\/produkt\/truusk-tradgardssoffbord-sidobord-metall-svart-uteplats-45-x-45-x-50-cm\/","og_site_name":"TRUUSK - Hem, Tr\u00e4dg\u00e5rd &amp; Fritid","article_modified_time":"2026-03-12T07:56:14+00:00","og_image":[{"width":800,"height":800,"url":"https:\/\/i0.wp.com\/truusk.se\/wp-content\/uploads\/2024\/02\/tradgardssoffbord-sidobord-tradgardsbord-soffbord-metall-svart-uteplats-45-x-45-x-50-cm.webp?fit=800%2C800&ssl=1","type":"image\/webp"}],"twitter_card":"summary_large_image","twitter_misc":{"Ber\u00e4knad l\u00e4stid":"1 minut"},"schema":{"@context":"https:\/\/schema.org","@graph":[{"@type":"WebPage","@id":"https:\/\/truusk.store\/sv\/produkt\/truusk-tradgardssoffbord-sidobord-metall-svart-uteplats-45-x-45-x-50-cm\/","url":"https:\/\/truusk.store\/sv\/produkt\/truusk-tradgardssoffbord-sidobord-metall-svart-uteplats-45-x-45-x-50-cm\/","name":"TRUUSK Tr\u00e4dg\u00e5rdssoffbord - Sidobord - Metall - Svart - Uteplats - 45 x 45 x 50 cm - TRUUSK - Hem, Tr\u00e4dg\u00e5rd &amp; Fritid","isPartOf":{"@id":"https:\/\/truusk.store\/sv\/#website"},"primaryImageOfPage":{"@id":"https:\/\/truusk.store\/sv\/produkt\/truusk-tradgardssoffbord-sidobord-metall-svart-uteplats-45-x-45-x-50-cm\/#primaryimage"},"image":{"@id":"https:\/\/truusk.store\/sv\/produkt\/truusk-tradgardssoffbord-sidobord-metall-svart-uteplats-45-x-45-x-50-cm\/#primaryimage"},"thumbnailUrl":"https:\/\/i0.wp.com\/truusk.store\/wp-content\/uploads\/2024\/02\/tradgardssoffbord-sidobord-tradgardsbord-soffbord-metall-svart-uteplats-45-x-45-x-50-cm.webp?fit=800%2C800&ssl=1","datePublished":"2024-02-13T08:54:18+00:00","dateModified":"2026-03-12T07:56:14+00:00","breadcrumb":{"@id":"https:\/\/truusk.store\/sv\/produkt\/truusk-tradgardssoffbord-sidobord-metall-svart-uteplats-45-x-45-x-50-cm\/#breadcrumb"},"inLanguage":"sv-SE","potentialAction":[{"@type":"ReadAction","target":["https:\/\/truusk.store\/sv\/produkt\/truusk-tradgardssoffbord-sidobord-metall-svart-uteplats-45-x-45-x-50-cm\/"]}]},{"@type":"ImageObject","inLanguage":"sv-SE","@id":"https:\/\/truusk.store\/sv\/produkt\/truusk-tradgardssoffbord-sidobord-metall-svart-uteplats-45-x-45-x-50-cm\/#primaryimage","url":"https:\/\/i0.wp.com\/truusk.store\/wp-content\/uploads\/2024\/02\/tradgardssoffbord-sidobord-tradgardsbord-soffbord-metall-svart-uteplats-45-x-45-x-50-cm.webp?fit=800%2C800&ssl=1","contentUrl":"https:\/\/i0.wp.com\/truusk.store\/wp-content\/uploads\/2024\/02\/tradgardssoffbord-sidobord-tradgardsbord-soffbord-metall-svart-uteplats-45-x-45-x-50-cm.webp?fit=800%2C800&ssl=1","width":800,"height":800,"caption":"Tr\u00e4dg\u00e5rdssoffbord, Sidobord, Tr\u00e4dg\u00e5rdsbord, Soffbord, Metall, Svart, Uteplats, 45 X 45 X 50 Cm 1"},{"@type":"BreadcrumbList","@id":"https:\/\/truusk.store\/sv\/produkt\/truusk-tradgardssoffbord-sidobord-metall-svart-uteplats-45-x-45-x-50-cm\/#breadcrumb","itemListElement":[{"@type":"ListItem","position":1,"name":"Home","item":"https:\/\/truusk.store\/sv\/"},{"@type":"ListItem","position":2,"name":"Shop","item":"https:\/\/truusk.store\/shop\/"},{"@type":"ListItem","position":3,"name":"TRUUSK Tr\u00e4dg\u00e5rdssoffbord &#8211; Sidobord &#8211; Metall &#8211; Svart &#8211; Uteplats &#8211; 45 x 45 x 50 cm"}]},{"@type":"WebSite","@id":"https:\/\/truusk.store\/sv\/#website","url":"https:\/\/truusk.store\/sv\/","name":"TRUUSK - Hem, Tr\u00e4dg\u00e5rd & Fritid","description":"","publisher":{"@id":"https:\/\/truusk.store\/sv\/#organization"},"potentialAction":[{"@type":"SearchAction","target":{"@type":"EntryPoint","urlTemplate":"https:\/\/truusk.store\/sv\/?s={search_term_string}"},"query-input":{"@type":"PropertyValueSpecification","valueRequired":true,"valueName":"search_term_string"}}],"inLanguage":"sv-SE"},{"@type":"Organization","@id":"https:\/\/truusk.store\/sv\/#organization","name":"TRUUSK - Hem, Tr\u00e4dg\u00e5rd & Fritid","url":"https:\/\/truusk.store\/sv\/","logo":{"@type":"ImageObject","inLanguage":"sv-SE","@id":"https:\/\/truusk.store\/sv\/#\/schema\/logo\/image\/","url":"https:\/\/i0.wp.com\/truusk.store\/wp-content\/uploads\/2026\/03\/cropped-TRUUSK.png?fit=2032%2C917&ssl=1","contentUrl":"https:\/\/i0.wp.com\/truusk.store\/wp-content\/uploads\/2026\/03\/cropped-TRUUSK.png?fit=2032%2C917&ssl=1","width":2032,"height":917,"caption":"TRUUSK - Hem, Tr\u00e4dg\u00e5rd & Fritid"},"image":{"@id":"https:\/\/truusk.store\/sv\/#\/schema\/logo\/image\/"}}]}},"jetpack_sharing_enabled":true,"_links":{"self":[{"href":"https:\/\/truusk.store\/sv\/wp-json\/wp\/v2\/product\/9768","targetHints":{"allow":["GET"]}}],"collection":[{"href":"https:\/\/truusk.store\/sv\/wp-json\/wp\/v2\/product"}],"about":[{"href":"https:\/\/truusk.store\/sv\/wp-json\/wp\/v2\/types\/product"}],"wp:featuredmedia":[{"embeddable":true,"href":"https:\/\/truusk.store\/sv\/wp-json\/wp\/v2\/media\/9769"}],"wp:attachment":[{"href":"https:\/\/truusk.store\/sv\/wp-json\/wp\/v2\/media?parent=9768"}],"wp:term":[{"taxonomy":"product_brand","embeddable":true,"href":"https:\/\/truusk.store\/sv\/wp-json\/wp\/v2\/product_brand?post=9768"},{"taxonomy":"product_cat","embeddable":true,"href":"https:\/\/truusk.store\/sv\/wp-json\/wp\/v2\/product_cat?post=9768"},{"taxonomy":"product_tag","embeddable":true,"href":"https:\/\/truusk.store\/sv\/wp-json\/wp\/v2\/product_tag?post=9768"}],"curies":[{"name":"wp","href":"https:\/\/api.w.org\/{rel}","templated":true}]}}