{"id":97695,"date":"2025-12-15T05:11:49","date_gmt":"2025-12-15T04:11:49","guid":{"rendered":"https:\/\/truusk.store\/product\/2-pack-6-niva-bokhylla-stalram-for-vardagsrum-kontor-sovrum-rustikt-brun\/"},"modified":"2026-03-12T08:48:57","modified_gmt":"2026-03-12T07:48:57","slug":"truusk-2-pack-bokhylla-6-nivaer-stalram-for-vardagsrum-kontor-sovrum-rustikt-brun","status":"publish","type":"product","link":"https:\/\/truusk.store\/sv\/produkt\/truusk-2-pack-bokhylla-6-nivaer-stalram-for-vardagsrum-kontor-sovrum-rustikt-brun\/","title":{"rendered":"TRUUSK 2-pack Bokhylla &#8211; 6 niv\u00e5er &#8211; St\u00e5lram &#8211; F\u00f6r Vardagsrum, Kontor, Sovrum &#8211; Rustikt Brun"},"content":{"rendered":"<p>Lider du av instabila hyllor och tr\u00e5kiga designer? Dina v\u00e4rdefulla b\u00f6cker, dekorationer och samlarf\u00f6rem\u00e5l f\u00f6rtj\u00e4nar en stabil, ordnad bokhylla. Den smala [BRAND NAME] 6-v\u00e5nings bokhyllan med en robust ram av kolst\u00e5l erbjuder en fast, stabil bas. Dess kompakta design erbjuder optimalt lagringsutrymme och de gener\u00f6sa niv\u00e5erna presenterar dina objekt stilfullt, vilket ger varje rum personlighet och elegans.<\/p>\n<p>Beskrivning:<\/p>\n<ul>\n<li> Sex rymliga niv\u00e5er p\u00e5 bokhyllan erbjuder gott om utrymme f\u00f6r b\u00f6cker och dekorationer<\/li>\n<li> Set med 2 bokhyllor f\u00f6r flexibel placering i ditt hem<\/li>\n<li> Snygg industriell design l\u00e4gger till stil och karakt\u00e4r i varje rum<\/li>\n<li> Stabil ram av kolst\u00e5l med X-f\u00f6rst\u00e4rkning garanterar stabilitet och h\u00e5llbarhet.<\/li>\n<li> Anti-tip remmar och justerbara f\u00f6tter \u00f6kar s\u00e4kerheten och skyddar golvet.<\/li>\n<li> Melamin-sp\u00e5nskiva \u00e4r h\u00e5llbar och l\u00e4tt att reng\u00f6ra<\/li>\n<li> M\u00e5ngsidig design fungerar som bokhylla, utst\u00e4llningsst\u00e4ll eller v\u00e4xtst\u00e4ll<\/li>\n<li> Levereras med tydliga instruktioner och m\u00e4rkta delar f\u00f6r snabb, enkel montering<\/li>\n<\/ul>\n<p> Tekniska specifikationer:<\/p>\n<ul>\n<li> F\u00e4rg: Rustik brun<\/li>\n<li> Material: Kolst\u00e5l, sp\u00e5nskiva<\/li>\n<li> Totala dimensioner: 30B x 30T x 174,5H cm<\/li>\n<li> Storlek p\u00e5 varje hyllplan: 27B x 30T x 32H cm<\/li>\n<li> B\u00e4rkapacitet: 25 kg (totalt), 5 kg (per hyllplan)<\/li>\n<\/ul>\n<p>Leverans inneh\u00e5ller:<\/p>\n<ul>\n<li> 1 x bokhylla<\/li>\n<li> 1 x bruksanvisning<\/li>\n<\/ul>\n","protected":false},"excerpt":{"rendered":"<p>Lider du av instabila hyllor och tr\u00e5kiga designer? Dina v\u00e4rdefulla b\u00f6cker, dekorationer och samlarf\u00f6rem\u00e5l f\u00f6rtj\u00e4nar en stabil, ordnad bokhylla. Den&#8230;<\/p>\n","protected":false},"featured_media":97683,"template":"","meta":[],"product_brand":[],"product_cat":[977,872,871],"product_tag":[],"class_list":{"0":"post-97695","1":"product","2":"type-product","3":"status-publish","4":"has-post-thumbnail","6":"product_cat-bok-staende-hyllor","7":"product_cat-hemmakontor-arbetsplats","8":"product_cat-hus-hem","10":"first","11":"instock","12":"sale","13":"taxable","14":"shipping-taxable","15":"purchasable","16":"product-type-simple"},"yoast_head":"<!-- This site is optimized with the Yoast SEO plugin v25.4 - https:\/\/yoast.com\/wordpress\/plugins\/seo\/ -->\n<title>TRUUSK 2-pack Bokhylla - 6 niv\u00e5er - St\u00e5lram - F\u00f6r Vardagsrum, Kontor, Sovrum - Rustikt Brun - TRUUSK - Hem, Tr\u00e4dg\u00e5rd &amp; Fritid<\/title>\n<meta name=\"robots\" content=\"index, follow, max-snippet:-1, max-image-preview:large, max-video-preview:-1\" \/>\n<link rel=\"canonical\" href=\"https:\/\/truusk.store\/sv\/produkt\/truusk-2-pack-bokhylla-6-nivaer-stalram-for-vardagsrum-kontor-sovrum-rustikt-brun\/\" \/>\n<meta property=\"og:locale\" content=\"sv_SE\" \/>\n<meta property=\"og:type\" content=\"article\" \/>\n<meta property=\"og:title\" content=\"TRUUSK 2-pack Bokhylla - 6 niv\u00e5er - St\u00e5lram - F\u00f6r Vardagsrum, Kontor, Sovrum - Rustikt Brun - TRUUSK - Hem, Tr\u00e4dg\u00e5rd &amp; Fritid\" \/>\n<meta property=\"og:description\" content=\"Lider du av instabila hyllor och tr\u00e5kiga designer? Dina v\u00e4rdefulla b\u00f6cker, dekorationer och samlarf\u00f6rem\u00e5l f\u00f6rtj\u00e4nar en stabil, ordnad bokhylla. Den...\" \/>\n<meta property=\"og:url\" content=\"https:\/\/truusk.store\/sv\/produkt\/truusk-2-pack-bokhylla-6-nivaer-stalram-for-vardagsrum-kontor-sovrum-rustikt-brun\/\" \/>\n<meta property=\"og:site_name\" content=\"TRUUSK - Hem, Tr\u00e4dg\u00e5rd &amp; Fritid\" \/>\n<meta property=\"article:modified_time\" content=\"2026-03-12T07:48:57+00:00\" \/>\n<meta property=\"og:image\" content=\"https:\/\/i0.wp.com\/truusk.se\/wp-content\/uploads\/2025\/12\/2-pack-6-niva-bokhylla-stalram-for-vardagsrum-kontor-sovrum-rustikt-brun-1.webp?fit=2000%2C2000&ssl=1\" \/>\n\t<meta property=\"og:image:width\" content=\"2000\" \/>\n\t<meta property=\"og:image:height\" content=\"2000\" \/>\n\t<meta property=\"og:image:type\" content=\"image\/webp\" \/>\n<meta name=\"twitter:card\" content=\"summary_large_image\" \/>\n<meta name=\"twitter:label1\" content=\"Ber\u00e4knad l\u00e4stid\" \/>\n\t<meta name=\"twitter:data1\" content=\"1 minut\" \/>\n<!-- \/ Yoast SEO plugin. -->","yoast_head_json":{"title":"TRUUSK 2-pack Bokhylla - 6 niv\u00e5er - St\u00e5lram - F\u00f6r Vardagsrum, Kontor, Sovrum - Rustikt Brun - TRUUSK - Hem, Tr\u00e4dg\u00e5rd &amp; Fritid","robots":{"index":"index","follow":"follow","max-snippet":"max-snippet:-1","max-image-preview":"max-image-preview:large","max-video-preview":"max-video-preview:-1"},"canonical":"https:\/\/truusk.store\/sv\/produkt\/truusk-2-pack-bokhylla-6-nivaer-stalram-for-vardagsrum-kontor-sovrum-rustikt-brun\/","og_locale":"sv_SE","og_type":"article","og_title":"TRUUSK 2-pack Bokhylla - 6 niv\u00e5er - St\u00e5lram - F\u00f6r Vardagsrum, Kontor, Sovrum - Rustikt Brun - TRUUSK - Hem, Tr\u00e4dg\u00e5rd &amp; Fritid","og_description":"Lider du av instabila hyllor och tr\u00e5kiga designer? Dina v\u00e4rdefulla b\u00f6cker, dekorationer och samlarf\u00f6rem\u00e5l f\u00f6rtj\u00e4nar en stabil, ordnad bokhylla. Den...","og_url":"https:\/\/truusk.store\/sv\/produkt\/truusk-2-pack-bokhylla-6-nivaer-stalram-for-vardagsrum-kontor-sovrum-rustikt-brun\/","og_site_name":"TRUUSK - Hem, Tr\u00e4dg\u00e5rd &amp; Fritid","article_modified_time":"2026-03-12T07:48:57+00:00","og_image":[{"width":2000,"height":2000,"url":"https:\/\/i0.wp.com\/truusk.se\/wp-content\/uploads\/2025\/12\/2-pack-6-niva-bokhylla-stalram-for-vardagsrum-kontor-sovrum-rustikt-brun-1.webp?fit=2000%2C2000&ssl=1","type":"image\/webp"}],"twitter_card":"summary_large_image","twitter_misc":{"Ber\u00e4knad l\u00e4stid":"1 minut"},"schema":{"@context":"https:\/\/schema.org","@graph":[{"@type":"WebPage","@id":"https:\/\/truusk.store\/sv\/produkt\/truusk-2-pack-bokhylla-6-nivaer-stalram-for-vardagsrum-kontor-sovrum-rustikt-brun\/","url":"https:\/\/truusk.store\/sv\/produkt\/truusk-2-pack-bokhylla-6-nivaer-stalram-for-vardagsrum-kontor-sovrum-rustikt-brun\/","name":"TRUUSK 2-pack Bokhylla - 6 niv\u00e5er - St\u00e5lram - F\u00f6r Vardagsrum, Kontor, Sovrum - Rustikt Brun - TRUUSK - Hem, Tr\u00e4dg\u00e5rd &amp; Fritid","isPartOf":{"@id":"https:\/\/truusk.store\/sv\/#website"},"primaryImageOfPage":{"@id":"https:\/\/truusk.store\/sv\/produkt\/truusk-2-pack-bokhylla-6-nivaer-stalram-for-vardagsrum-kontor-sovrum-rustikt-brun\/#primaryimage"},"image":{"@id":"https:\/\/truusk.store\/sv\/produkt\/truusk-2-pack-bokhylla-6-nivaer-stalram-for-vardagsrum-kontor-sovrum-rustikt-brun\/#primaryimage"},"thumbnailUrl":"https:\/\/i0.wp.com\/truusk.store\/wp-content\/uploads\/2025\/12\/2-pack-6-niva-bokhylla-stalram-for-vardagsrum-kontor-sovrum-rustikt-brun-1.webp?fit=2000%2C2000&ssl=1","datePublished":"2025-12-15T04:11:49+00:00","dateModified":"2026-03-12T07:48:57+00:00","breadcrumb":{"@id":"https:\/\/truusk.store\/sv\/produkt\/truusk-2-pack-bokhylla-6-nivaer-stalram-for-vardagsrum-kontor-sovrum-rustikt-brun\/#breadcrumb"},"inLanguage":"sv-SE","potentialAction":[{"@type":"ReadAction","target":["https:\/\/truusk.store\/sv\/produkt\/truusk-2-pack-bokhylla-6-nivaer-stalram-for-vardagsrum-kontor-sovrum-rustikt-brun\/"]}]},{"@type":"ImageObject","inLanguage":"sv-SE","@id":"https:\/\/truusk.store\/sv\/produkt\/truusk-2-pack-bokhylla-6-nivaer-stalram-for-vardagsrum-kontor-sovrum-rustikt-brun\/#primaryimage","url":"https:\/\/i0.wp.com\/truusk.store\/wp-content\/uploads\/2025\/12\/2-pack-6-niva-bokhylla-stalram-for-vardagsrum-kontor-sovrum-rustikt-brun-1.webp?fit=2000%2C2000&ssl=1","contentUrl":"https:\/\/i0.wp.com\/truusk.store\/wp-content\/uploads\/2025\/12\/2-pack-6-niva-bokhylla-stalram-for-vardagsrum-kontor-sovrum-rustikt-brun-1.webp?fit=2000%2C2000&ssl=1","width":2000,"height":2000},{"@type":"BreadcrumbList","@id":"https:\/\/truusk.store\/sv\/produkt\/truusk-2-pack-bokhylla-6-nivaer-stalram-for-vardagsrum-kontor-sovrum-rustikt-brun\/#breadcrumb","itemListElement":[{"@type":"ListItem","position":1,"name":"Home","item":"https:\/\/truusk.store\/sv\/"},{"@type":"ListItem","position":2,"name":"Shop","item":"https:\/\/truusk.store\/shop\/"},{"@type":"ListItem","position":3,"name":"TRUUSK 2-pack Bokhylla &#8211; 6 niv\u00e5er &#8211; St\u00e5lram &#8211; F\u00f6r Vardagsrum, Kontor, Sovrum &#8211; Rustikt Brun"}]},{"@type":"WebSite","@id":"https:\/\/truusk.store\/sv\/#website","url":"https:\/\/truusk.store\/sv\/","name":"TRUUSK - Hem, Tr\u00e4dg\u00e5rd & Fritid","description":"","publisher":{"@id":"https:\/\/truusk.store\/sv\/#organization"},"potentialAction":[{"@type":"SearchAction","target":{"@type":"EntryPoint","urlTemplate":"https:\/\/truusk.store\/sv\/?s={search_term_string}"},"query-input":{"@type":"PropertyValueSpecification","valueRequired":true,"valueName":"search_term_string"}}],"inLanguage":"sv-SE"},{"@type":"Organization","@id":"https:\/\/truusk.store\/sv\/#organization","name":"TRUUSK - Hem, Tr\u00e4dg\u00e5rd & Fritid","url":"https:\/\/truusk.store\/sv\/","logo":{"@type":"ImageObject","inLanguage":"sv-SE","@id":"https:\/\/truusk.store\/sv\/#\/schema\/logo\/image\/","url":"https:\/\/i0.wp.com\/truusk.store\/wp-content\/uploads\/2026\/03\/cropped-TRUUSK.png?fit=2032%2C917&ssl=1","contentUrl":"https:\/\/i0.wp.com\/truusk.store\/wp-content\/uploads\/2026\/03\/cropped-TRUUSK.png?fit=2032%2C917&ssl=1","width":2032,"height":917,"caption":"TRUUSK - Hem, Tr\u00e4dg\u00e5rd & Fritid"},"image":{"@id":"https:\/\/truusk.store\/sv\/#\/schema\/logo\/image\/"}}]}},"jetpack_sharing_enabled":true,"_links":{"self":[{"href":"https:\/\/truusk.store\/sv\/wp-json\/wp\/v2\/product\/97695","targetHints":{"allow":["GET"]}}],"collection":[{"href":"https:\/\/truusk.store\/sv\/wp-json\/wp\/v2\/product"}],"about":[{"href":"https:\/\/truusk.store\/sv\/wp-json\/wp\/v2\/types\/product"}],"wp:featuredmedia":[{"embeddable":true,"href":"https:\/\/truusk.store\/sv\/wp-json\/wp\/v2\/media\/97683"}],"wp:attachment":[{"href":"https:\/\/truusk.store\/sv\/wp-json\/wp\/v2\/media?parent=97695"}],"wp:term":[{"taxonomy":"product_brand","embeddable":true,"href":"https:\/\/truusk.store\/sv\/wp-json\/wp\/v2\/product_brand?post=97695"},{"taxonomy":"product_cat","embeddable":true,"href":"https:\/\/truusk.store\/sv\/wp-json\/wp\/v2\/product_cat?post=97695"},{"taxonomy":"product_tag","embeddable":true,"href":"https:\/\/truusk.store\/sv\/wp-json\/wp\/v2\/product_tag?post=97695"}],"curies":[{"name":"wp","href":"https:\/\/api.w.org\/{rel}","templated":true}]}}