{"id":97706,"date":"2025-12-15T05:12:41","date_gmt":"2025-12-15T04:12:41","guid":{"rendered":"https:\/\/truusk.store\/product\/200-cm-tv-bank-for-tv-apparater-upp-till-90-tum-2-klafffack-oppet-fack-lada-8-ben-spanskiva-vit\/"},"modified":"2026-03-12T08:48:58","modified_gmt":"2026-03-12T07:48:58","slug":"truusk-tv-bank-200-cm-for-tv-apparater-upp-till-90-tum-2-klafffack-oppet-fack-lada-8-ben-vit-spanskiva","status":"publish","type":"product","link":"https:\/\/truusk.store\/sv\/produkt\/truusk-tv-bank-200-cm-for-tv-apparater-upp-till-90-tum-2-klafffack-oppet-fack-lada-8-ben-vit-spanskiva\/","title":{"rendered":"TRUUSK TV-b\u00e4nk 200 cm &#8211; F\u00f6r TV-apparater upp till 90 tum &#8211; 2 klafffack &#8211; \u00f6ppet fack &#8211; l\u00e5da &#8211; 8 ben &#8211; vit &#8211; Sp\u00e5nskiva"},"content":{"rendered":"<p>Njut av avkopplande kv\u00e4llar, med allt p\u00e5 sin plats. [BRAND NAME] TV-b\u00e4nken med tv\u00e5 f\u00e4llbara fack, en l\u00e5da och ett \u00f6ppet fack h\u00e5ller ordning p\u00e5 konsoler och tillbeh\u00f6r. Den 200 cm breda ytan rymmer TV-apparater upp till 90 tum. Tysta soft-close g\u00e5ngj\u00e4rn p\u00e5 TV-b\u00e4nken bevarar lugnet, medan ett vitt h\u00f6lje, naturtr\u00e4 och svarta detaljer ger ett modernt, varmt utseende till vardagsrummet.<\/p>\n<p>Beskrivning:<\/p>\n<ul>\n<li> Tv\u00e5 nedf\u00e4llbara sk\u00e5p, en l\u00e5da och ett \u00f6ppet fack h\u00e5ller konsoler och spel ordnade<\/li>\n<li> 200 cm topp passar f\u00f6r TV-apparater upp till 90 tum, f\u00f6r en uppslukande tittarupplevelse<\/li>\n<li> Mjukt st\u00e4ngande g\u00e5ngj\u00e4rn p\u00e5 TV-sk\u00e5pet ger ett tyst, mjukt st\u00e4ngande f\u00f6r lugna kv\u00e4llar<\/li>\n<li> Vit kropp med naturligt tr\u00e4effektcentrum och svarta handtag l\u00e4gger till v\u00e4rme och modern kontrast<\/li>\n<li> FSC-certifierad sp\u00e5nskiva ger styrka, s\u00e4kerhet och h\u00e5llbarhet<\/li>\n<li> \u00c5tta ben p\u00e5 TV-b\u00e4nken med halkskyddspads garanterar stabilitet och skydd f\u00f6r golvet<\/li>\n<li> 12 cm utrymme underl\u00e4ttar f\u00f6r st\u00e4droboten att glida under<\/li>\n<li> Montering kr\u00e4vs<\/li>\n<\/ul>\n<p> Tekniska data:<\/p>\n<ul>\n<li> F\u00e4rg: Vit+Natur<\/li>\n<li> Material: Sp\u00e5nskiva<\/li>\n<li> Totala dimensioner: 200B x 35T x 45H cm<\/li>\n<li> Inre storlek p\u00e5 l\u00e5dan: 62B x 23,8T x 8,3H cm<\/li>\n<li> Storlek p\u00e5 det \u00f6ppna facket: 66,9B x 33,3T x 13,5H cm<\/li>\n<li> Inre storlek p\u00e5 sk\u00e5pet: 61,9B x 32,3T x 30H cm<\/li>\n<li> H\u00f6jd fr\u00e5n golvet till golvet: 12 cm<\/li>\n<li> Maximal belastning: 40 kg (totalt), 20 kg (\u00f6vre), 5 kg (hylla\/l\u00e5da)<\/li>\n<li> L\u00e4mplig TV-storlek: upp till 90 tum<\/li>\n<\/ul>\n<p>Leveransinneh\u00e5ll:<\/p>\n<ul>\n<li> 1 x TV-st\u00e4ll<\/li>\n<li> 1 x Bruksanvisning<\/li>\n<\/ul>\n","protected":false},"excerpt":{"rendered":"<p>Njut av avkopplande kv\u00e4llar, med allt p\u00e5 sin plats. [BRAND NAME] TV-b\u00e4nken med tv\u00e5 f\u00e4llbara fack, en l\u00e5da och ett&#8230;<\/p>\n","protected":false},"featured_media":97696,"template":"","meta":[],"product_brand":[],"product_cat":[871,1007,910],"product_tag":[],"class_list":{"0":"post-97706","1":"product","2":"type-product","3":"status-publish","4":"has-post-thumbnail","6":"product_cat-hus-hem","7":"product_cat-tv-mobler","8":"product_cat-vardagsrum","10":"first","11":"instock","12":"sale","13":"taxable","14":"shipping-taxable","15":"purchasable","16":"product-type-simple"},"yoast_head":"<!-- This site is optimized with the Yoast SEO plugin v25.4 - https:\/\/yoast.com\/wordpress\/plugins\/seo\/ -->\n<title>TRUUSK TV-b\u00e4nk 200 cm - F\u00f6r TV-apparater upp till 90 tum - 2 klafffack - \u00f6ppet fack - l\u00e5da - 8 ben - vit - Sp\u00e5nskiva - TRUUSK - Hem, Tr\u00e4dg\u00e5rd &amp; Fritid<\/title>\n<meta name=\"robots\" content=\"index, follow, max-snippet:-1, max-image-preview:large, max-video-preview:-1\" \/>\n<link rel=\"canonical\" href=\"https:\/\/truusk.store\/sv\/produkt\/truusk-tv-bank-200-cm-for-tv-apparater-upp-till-90-tum-2-klafffack-oppet-fack-lada-8-ben-vit-spanskiva\/\" \/>\n<meta property=\"og:locale\" content=\"sv_SE\" \/>\n<meta property=\"og:type\" content=\"article\" \/>\n<meta property=\"og:title\" content=\"TRUUSK TV-b\u00e4nk 200 cm - F\u00f6r TV-apparater upp till 90 tum - 2 klafffack - \u00f6ppet fack - l\u00e5da - 8 ben - vit - Sp\u00e5nskiva - TRUUSK - Hem, Tr\u00e4dg\u00e5rd &amp; Fritid\" \/>\n<meta property=\"og:description\" content=\"Njut av avkopplande kv\u00e4llar, med allt p\u00e5 sin plats. [BRAND NAME] TV-b\u00e4nken med tv\u00e5 f\u00e4llbara fack, en l\u00e5da och ett...\" \/>\n<meta property=\"og:url\" content=\"https:\/\/truusk.store\/sv\/produkt\/truusk-tv-bank-200-cm-for-tv-apparater-upp-till-90-tum-2-klafffack-oppet-fack-lada-8-ben-vit-spanskiva\/\" \/>\n<meta property=\"og:site_name\" content=\"TRUUSK - Hem, Tr\u00e4dg\u00e5rd &amp; Fritid\" \/>\n<meta property=\"article:modified_time\" content=\"2026-03-12T07:48:58+00:00\" \/>\n<meta property=\"og:image\" content=\"https:\/\/i0.wp.com\/truusk.se\/wp-content\/uploads\/2025\/12\/200-cm-tv-bank-for-tv-apparater-upp-till-90-tum-2-klafffack-oppet-fack-lada-8-ben-spanskiva-vit-1.webp?fit=2000%2C2000&ssl=1\" \/>\n\t<meta property=\"og:image:width\" content=\"2000\" \/>\n\t<meta property=\"og:image:height\" content=\"2000\" \/>\n\t<meta property=\"og:image:type\" content=\"image\/webp\" \/>\n<meta name=\"twitter:card\" content=\"summary_large_image\" \/>\n<meta name=\"twitter:label1\" content=\"Ber\u00e4knad l\u00e4stid\" \/>\n\t<meta name=\"twitter:data1\" content=\"1 minut\" \/>\n<!-- \/ Yoast SEO plugin. -->","yoast_head_json":{"title":"TRUUSK TV-b\u00e4nk 200 cm - F\u00f6r TV-apparater upp till 90 tum - 2 klafffack - \u00f6ppet fack - l\u00e5da - 8 ben - vit - Sp\u00e5nskiva - TRUUSK - Hem, Tr\u00e4dg\u00e5rd &amp; Fritid","robots":{"index":"index","follow":"follow","max-snippet":"max-snippet:-1","max-image-preview":"max-image-preview:large","max-video-preview":"max-video-preview:-1"},"canonical":"https:\/\/truusk.store\/sv\/produkt\/truusk-tv-bank-200-cm-for-tv-apparater-upp-till-90-tum-2-klafffack-oppet-fack-lada-8-ben-vit-spanskiva\/","og_locale":"sv_SE","og_type":"article","og_title":"TRUUSK TV-b\u00e4nk 200 cm - F\u00f6r TV-apparater upp till 90 tum - 2 klafffack - \u00f6ppet fack - l\u00e5da - 8 ben - vit - Sp\u00e5nskiva - TRUUSK - Hem, Tr\u00e4dg\u00e5rd &amp; Fritid","og_description":"Njut av avkopplande kv\u00e4llar, med allt p\u00e5 sin plats. [BRAND NAME] TV-b\u00e4nken med tv\u00e5 f\u00e4llbara fack, en l\u00e5da och ett...","og_url":"https:\/\/truusk.store\/sv\/produkt\/truusk-tv-bank-200-cm-for-tv-apparater-upp-till-90-tum-2-klafffack-oppet-fack-lada-8-ben-vit-spanskiva\/","og_site_name":"TRUUSK - Hem, Tr\u00e4dg\u00e5rd &amp; Fritid","article_modified_time":"2026-03-12T07:48:58+00:00","og_image":[{"width":2000,"height":2000,"url":"https:\/\/i0.wp.com\/truusk.se\/wp-content\/uploads\/2025\/12\/200-cm-tv-bank-for-tv-apparater-upp-till-90-tum-2-klafffack-oppet-fack-lada-8-ben-spanskiva-vit-1.webp?fit=2000%2C2000&ssl=1","type":"image\/webp"}],"twitter_card":"summary_large_image","twitter_misc":{"Ber\u00e4knad l\u00e4stid":"1 minut"},"schema":{"@context":"https:\/\/schema.org","@graph":[{"@type":"WebPage","@id":"https:\/\/truusk.store\/sv\/produkt\/truusk-tv-bank-200-cm-for-tv-apparater-upp-till-90-tum-2-klafffack-oppet-fack-lada-8-ben-vit-spanskiva\/","url":"https:\/\/truusk.store\/sv\/produkt\/truusk-tv-bank-200-cm-for-tv-apparater-upp-till-90-tum-2-klafffack-oppet-fack-lada-8-ben-vit-spanskiva\/","name":"TRUUSK TV-b\u00e4nk 200 cm - F\u00f6r TV-apparater upp till 90 tum - 2 klafffack - \u00f6ppet fack - l\u00e5da - 8 ben - vit - Sp\u00e5nskiva - TRUUSK - Hem, Tr\u00e4dg\u00e5rd &amp; Fritid","isPartOf":{"@id":"https:\/\/truusk.store\/sv\/#website"},"primaryImageOfPage":{"@id":"https:\/\/truusk.store\/sv\/produkt\/truusk-tv-bank-200-cm-for-tv-apparater-upp-till-90-tum-2-klafffack-oppet-fack-lada-8-ben-vit-spanskiva\/#primaryimage"},"image":{"@id":"https:\/\/truusk.store\/sv\/produkt\/truusk-tv-bank-200-cm-for-tv-apparater-upp-till-90-tum-2-klafffack-oppet-fack-lada-8-ben-vit-spanskiva\/#primaryimage"},"thumbnailUrl":"https:\/\/i0.wp.com\/truusk.store\/wp-content\/uploads\/2025\/12\/200-cm-tv-bank-for-tv-apparater-upp-till-90-tum-2-klafffack-oppet-fack-lada-8-ben-spanskiva-vit-1.webp?fit=2000%2C2000&ssl=1","datePublished":"2025-12-15T04:12:41+00:00","dateModified":"2026-03-12T07:48:58+00:00","breadcrumb":{"@id":"https:\/\/truusk.store\/sv\/produkt\/truusk-tv-bank-200-cm-for-tv-apparater-upp-till-90-tum-2-klafffack-oppet-fack-lada-8-ben-vit-spanskiva\/#breadcrumb"},"inLanguage":"sv-SE","potentialAction":[{"@type":"ReadAction","target":["https:\/\/truusk.store\/sv\/produkt\/truusk-tv-bank-200-cm-for-tv-apparater-upp-till-90-tum-2-klafffack-oppet-fack-lada-8-ben-vit-spanskiva\/"]}]},{"@type":"ImageObject","inLanguage":"sv-SE","@id":"https:\/\/truusk.store\/sv\/produkt\/truusk-tv-bank-200-cm-for-tv-apparater-upp-till-90-tum-2-klafffack-oppet-fack-lada-8-ben-vit-spanskiva\/#primaryimage","url":"https:\/\/i0.wp.com\/truusk.store\/wp-content\/uploads\/2025\/12\/200-cm-tv-bank-for-tv-apparater-upp-till-90-tum-2-klafffack-oppet-fack-lada-8-ben-spanskiva-vit-1.webp?fit=2000%2C2000&ssl=1","contentUrl":"https:\/\/i0.wp.com\/truusk.store\/wp-content\/uploads\/2025\/12\/200-cm-tv-bank-for-tv-apparater-upp-till-90-tum-2-klafffack-oppet-fack-lada-8-ben-spanskiva-vit-1.webp?fit=2000%2C2000&ssl=1","width":2000,"height":2000},{"@type":"BreadcrumbList","@id":"https:\/\/truusk.store\/sv\/produkt\/truusk-tv-bank-200-cm-for-tv-apparater-upp-till-90-tum-2-klafffack-oppet-fack-lada-8-ben-vit-spanskiva\/#breadcrumb","itemListElement":[{"@type":"ListItem","position":1,"name":"Home","item":"https:\/\/truusk.store\/sv\/"},{"@type":"ListItem","position":2,"name":"Shop","item":"https:\/\/truusk.store\/shop\/"},{"@type":"ListItem","position":3,"name":"TRUUSK TV-b\u00e4nk 200 cm &#8211; F\u00f6r TV-apparater upp till 90 tum &#8211; 2 klafffack &#8211; \u00f6ppet fack &#8211; l\u00e5da &#8211; 8 ben &#8211; vit &#8211; Sp\u00e5nskiva"}]},{"@type":"WebSite","@id":"https:\/\/truusk.store\/sv\/#website","url":"https:\/\/truusk.store\/sv\/","name":"TRUUSK - Hem, Tr\u00e4dg\u00e5rd & Fritid","description":"","publisher":{"@id":"https:\/\/truusk.store\/sv\/#organization"},"potentialAction":[{"@type":"SearchAction","target":{"@type":"EntryPoint","urlTemplate":"https:\/\/truusk.store\/sv\/?s={search_term_string}"},"query-input":{"@type":"PropertyValueSpecification","valueRequired":true,"valueName":"search_term_string"}}],"inLanguage":"sv-SE"},{"@type":"Organization","@id":"https:\/\/truusk.store\/sv\/#organization","name":"TRUUSK - Hem, Tr\u00e4dg\u00e5rd & Fritid","url":"https:\/\/truusk.store\/sv\/","logo":{"@type":"ImageObject","inLanguage":"sv-SE","@id":"https:\/\/truusk.store\/sv\/#\/schema\/logo\/image\/","url":"https:\/\/i0.wp.com\/truusk.store\/wp-content\/uploads\/2026\/03\/cropped-TRUUSK.png?fit=2032%2C917&ssl=1","contentUrl":"https:\/\/i0.wp.com\/truusk.store\/wp-content\/uploads\/2026\/03\/cropped-TRUUSK.png?fit=2032%2C917&ssl=1","width":2032,"height":917,"caption":"TRUUSK - Hem, Tr\u00e4dg\u00e5rd & Fritid"},"image":{"@id":"https:\/\/truusk.store\/sv\/#\/schema\/logo\/image\/"}}]}},"jetpack_sharing_enabled":true,"_links":{"self":[{"href":"https:\/\/truusk.store\/sv\/wp-json\/wp\/v2\/product\/97706","targetHints":{"allow":["GET"]}}],"collection":[{"href":"https:\/\/truusk.store\/sv\/wp-json\/wp\/v2\/product"}],"about":[{"href":"https:\/\/truusk.store\/sv\/wp-json\/wp\/v2\/types\/product"}],"wp:featuredmedia":[{"embeddable":true,"href":"https:\/\/truusk.store\/sv\/wp-json\/wp\/v2\/media\/97696"}],"wp:attachment":[{"href":"https:\/\/truusk.store\/sv\/wp-json\/wp\/v2\/media?parent=97706"}],"wp:term":[{"taxonomy":"product_brand","embeddable":true,"href":"https:\/\/truusk.store\/sv\/wp-json\/wp\/v2\/product_brand?post=97706"},{"taxonomy":"product_cat","embeddable":true,"href":"https:\/\/truusk.store\/sv\/wp-json\/wp\/v2\/product_cat?post=97706"},{"taxonomy":"product_tag","embeddable":true,"href":"https:\/\/truusk.store\/sv\/wp-json\/wp\/v2\/product_tag?post=97706"}],"curies":[{"name":"wp","href":"https:\/\/api.w.org\/{rel}","templated":true}]}}