{"id":97715,"date":"2025-12-15T05:13:32","date_gmt":"2025-12-15T04:13:32","guid":{"rendered":"https:\/\/truusk.store\/product\/byra-med-5-lador-ladskap-for-klader-och-redskap-spanskiva-vit\/"},"modified":"2026-03-12T08:49:00","modified_gmt":"2026-03-12T07:49:00","slug":"truusk-byra-med-5-lador-ladskap-for-klader-och-redskap-vit-spanskiva-forvaringsmobel-modern-design-hog-kvalitet","status":"publish","type":"product","link":"https:\/\/truusk.store\/sv\/produkt\/truusk-byra-med-5-lador-ladskap-for-klader-och-redskap-vit-spanskiva-forvaringsmobel-modern-design-hog-kvalitet\/","title":{"rendered":"TRUUSK Byr\u00e5 Med 5 L\u00e5dor &#8211; L\u00e5dsk\u00e5p F\u00f6r Kl\u00e4der Och Redskap &#8211; Vit Sp\u00e5nskiva &#8211; F\u00f6rvaringsm\u00f6bel &#8211; Modern Design &#8211; H\u00f6g Kvalitet"},"content":{"rendered":"<p>[BRAND NAME] byr\u00e5n ger ordning med fem stora l\u00e5dor d\u00e4r kl\u00e4der och vardagsf\u00f6rem\u00e5l kan f\u00f6rvaras snyggt. Med sin enkla vita lack och silverhandtag ger den ljus till varje rum. Tack vare sin smala design passar den s\u00f6ml\u00f6st bredvid s\u00e4ngen, soffan eller i hallen och g\u00f6r sm\u00e5 h\u00f6rn till praktiskt utnyttjade, stilfulla omr\u00e5den.<\/p>\n<p>Beskrivning:<\/p>\n<ul>\n<li> Fem rymliga l\u00e5dor i byr\u00e5n h\u00e5ller kl\u00e4der och n\u00f6dv\u00e4ndigheter \u00f6versiktliga och l\u00e4ttillg\u00e4ngliga<\/li>\n<li> Den sl\u00e4ta vita ytan p\u00e5 byr\u00e5n ger ljus och elegans till varje rumsdekoration<\/li>\n<li> Eleganta handtag i silverlook ger en modern accent och \u00e4r l\u00e4tta att greppa<\/li>\n<li> FSC-certifierade sp\u00e5nskivor representerar h\u00e5llbar utveckling<\/li>\n<li> Tipp-s\u00e4kringar och halkfria fotdynor ger extra s\u00e4kerhet f\u00f6r familjen<\/li>\n<li> Smalt profil passar l\u00e4tt in i sovrum, korridorer eller vardagsrum<\/li>\n<li> Montering kr\u00e4vs<\/li>\n<\/ul>\n<p> Tekniska data:<\/p>\n<ul>\n<li> F\u00e4rg: Vit<\/li>\n<li> Material: Sp\u00e5nskiva<\/li>\n<li> Totala dimensioner: 40B x 35T x 85H cm<\/li>\n<li> Inre storlek p\u00e5 l\u00e5da: 32,5B x 28,7T x 8,3H cm<\/li>\n<li> Maximal belastning: 30 kg (totalt), 5 kg (\u00f6vre\/l\u00e5da)<\/li>\n<\/ul>\n<p>Leveransinneh\u00e5ll:<\/p>\n<ul>\n<li> 1 x Byr\u00e5<\/li>\n<li> 1 x Handbok<\/li>\n<\/ul>\n","protected":false},"excerpt":{"rendered":"<p>[BRAND NAME] byr\u00e5n ger ordning med fem stora l\u00e5dor d\u00e4r kl\u00e4der och vardagsf\u00f6rem\u00e5l kan f\u00f6rvaras snyggt. Med sin enkla vita&#8230;<\/p>\n","protected":false},"featured_media":97705,"template":"","meta":[],"product_brand":[],"product_cat":[956,871,910],"product_tag":[],"class_list":{"0":"post-97715","1":"product","2":"type-product","3":"status-publish","4":"has-post-thumbnail","6":"product_cat-byraer-sideboards","7":"product_cat-hus-hem","8":"product_cat-vardagsrum","10":"first","11":"instock","12":"sale","13":"taxable","14":"shipping-taxable","15":"purchasable","16":"product-type-simple"},"yoast_head":"<!-- This site is optimized with the Yoast SEO plugin v25.4 - https:\/\/yoast.com\/wordpress\/plugins\/seo\/ -->\n<title>TRUUSK Byr\u00e5 Med 5 L\u00e5dor - L\u00e5dsk\u00e5p F\u00f6r Kl\u00e4der Och Redskap - Vit Sp\u00e5nskiva - F\u00f6rvaringsm\u00f6bel - Modern Design - H\u00f6g Kvalitet - TRUUSK - Hem, Tr\u00e4dg\u00e5rd &amp; Fritid<\/title>\n<meta name=\"robots\" content=\"index, follow, max-snippet:-1, max-image-preview:large, max-video-preview:-1\" \/>\n<link rel=\"canonical\" href=\"https:\/\/truusk.store\/sv\/produkt\/truusk-byra-med-5-lador-ladskap-for-klader-och-redskap-vit-spanskiva-forvaringsmobel-modern-design-hog-kvalitet\/\" \/>\n<meta property=\"og:locale\" content=\"sv_SE\" \/>\n<meta property=\"og:type\" content=\"article\" \/>\n<meta property=\"og:title\" content=\"TRUUSK Byr\u00e5 Med 5 L\u00e5dor - L\u00e5dsk\u00e5p F\u00f6r Kl\u00e4der Och Redskap - Vit Sp\u00e5nskiva - F\u00f6rvaringsm\u00f6bel - Modern Design - H\u00f6g Kvalitet - TRUUSK - Hem, Tr\u00e4dg\u00e5rd &amp; Fritid\" \/>\n<meta property=\"og:description\" content=\"[BRAND NAME] byr\u00e5n ger ordning med fem stora l\u00e5dor d\u00e4r kl\u00e4der och vardagsf\u00f6rem\u00e5l kan f\u00f6rvaras snyggt. Med sin enkla vita...\" \/>\n<meta property=\"og:url\" content=\"https:\/\/truusk.store\/sv\/produkt\/truusk-byra-med-5-lador-ladskap-for-klader-och-redskap-vit-spanskiva-forvaringsmobel-modern-design-hog-kvalitet\/\" \/>\n<meta property=\"og:site_name\" content=\"TRUUSK - Hem, Tr\u00e4dg\u00e5rd &amp; Fritid\" \/>\n<meta property=\"article:modified_time\" content=\"2026-03-12T07:49:00+00:00\" \/>\n<meta property=\"og:image\" content=\"https:\/\/i0.wp.com\/truusk.se\/wp-content\/uploads\/2025\/12\/byra-med-5-lador-ladskap-for-klader-och-redskap-spanskiva-vit-1.webp?fit=2000%2C2000&ssl=1\" \/>\n\t<meta property=\"og:image:width\" content=\"2000\" \/>\n\t<meta property=\"og:image:height\" content=\"2000\" \/>\n\t<meta property=\"og:image:type\" content=\"image\/webp\" \/>\n<meta name=\"twitter:card\" content=\"summary_large_image\" \/>\n<meta name=\"twitter:label1\" content=\"Ber\u00e4knad l\u00e4stid\" \/>\n\t<meta name=\"twitter:data1\" content=\"1 minut\" \/>\n<!-- \/ Yoast SEO plugin. -->","yoast_head_json":{"title":"TRUUSK Byr\u00e5 Med 5 L\u00e5dor - L\u00e5dsk\u00e5p F\u00f6r Kl\u00e4der Och Redskap - Vit Sp\u00e5nskiva - F\u00f6rvaringsm\u00f6bel - Modern Design - H\u00f6g Kvalitet - TRUUSK - Hem, Tr\u00e4dg\u00e5rd &amp; Fritid","robots":{"index":"index","follow":"follow","max-snippet":"max-snippet:-1","max-image-preview":"max-image-preview:large","max-video-preview":"max-video-preview:-1"},"canonical":"https:\/\/truusk.store\/sv\/produkt\/truusk-byra-med-5-lador-ladskap-for-klader-och-redskap-vit-spanskiva-forvaringsmobel-modern-design-hog-kvalitet\/","og_locale":"sv_SE","og_type":"article","og_title":"TRUUSK Byr\u00e5 Med 5 L\u00e5dor - L\u00e5dsk\u00e5p F\u00f6r Kl\u00e4der Och Redskap - Vit Sp\u00e5nskiva - F\u00f6rvaringsm\u00f6bel - Modern Design - H\u00f6g Kvalitet - TRUUSK - Hem, Tr\u00e4dg\u00e5rd &amp; Fritid","og_description":"[BRAND NAME] byr\u00e5n ger ordning med fem stora l\u00e5dor d\u00e4r kl\u00e4der och vardagsf\u00f6rem\u00e5l kan f\u00f6rvaras snyggt. Med sin enkla vita...","og_url":"https:\/\/truusk.store\/sv\/produkt\/truusk-byra-med-5-lador-ladskap-for-klader-och-redskap-vit-spanskiva-forvaringsmobel-modern-design-hog-kvalitet\/","og_site_name":"TRUUSK - Hem, Tr\u00e4dg\u00e5rd &amp; Fritid","article_modified_time":"2026-03-12T07:49:00+00:00","og_image":[{"width":2000,"height":2000,"url":"https:\/\/i0.wp.com\/truusk.se\/wp-content\/uploads\/2025\/12\/byra-med-5-lador-ladskap-for-klader-och-redskap-spanskiva-vit-1.webp?fit=2000%2C2000&ssl=1","type":"image\/webp"}],"twitter_card":"summary_large_image","twitter_misc":{"Ber\u00e4knad l\u00e4stid":"1 minut"},"schema":{"@context":"https:\/\/schema.org","@graph":[{"@type":"WebPage","@id":"https:\/\/truusk.store\/sv\/produkt\/truusk-byra-med-5-lador-ladskap-for-klader-och-redskap-vit-spanskiva-forvaringsmobel-modern-design-hog-kvalitet\/","url":"https:\/\/truusk.store\/sv\/produkt\/truusk-byra-med-5-lador-ladskap-for-klader-och-redskap-vit-spanskiva-forvaringsmobel-modern-design-hog-kvalitet\/","name":"TRUUSK Byr\u00e5 Med 5 L\u00e5dor - L\u00e5dsk\u00e5p F\u00f6r Kl\u00e4der Och Redskap - Vit Sp\u00e5nskiva - F\u00f6rvaringsm\u00f6bel - Modern Design - H\u00f6g Kvalitet - TRUUSK - Hem, Tr\u00e4dg\u00e5rd &amp; Fritid","isPartOf":{"@id":"https:\/\/truusk.store\/sv\/#website"},"primaryImageOfPage":{"@id":"https:\/\/truusk.store\/sv\/produkt\/truusk-byra-med-5-lador-ladskap-for-klader-och-redskap-vit-spanskiva-forvaringsmobel-modern-design-hog-kvalitet\/#primaryimage"},"image":{"@id":"https:\/\/truusk.store\/sv\/produkt\/truusk-byra-med-5-lador-ladskap-for-klader-och-redskap-vit-spanskiva-forvaringsmobel-modern-design-hog-kvalitet\/#primaryimage"},"thumbnailUrl":"https:\/\/i0.wp.com\/truusk.store\/wp-content\/uploads\/2025\/12\/byra-med-5-lador-ladskap-for-klader-och-redskap-spanskiva-vit-1.webp?fit=2000%2C2000&ssl=1","datePublished":"2025-12-15T04:13:32+00:00","dateModified":"2026-03-12T07:49:00+00:00","breadcrumb":{"@id":"https:\/\/truusk.store\/sv\/produkt\/truusk-byra-med-5-lador-ladskap-for-klader-och-redskap-vit-spanskiva-forvaringsmobel-modern-design-hog-kvalitet\/#breadcrumb"},"inLanguage":"sv-SE","potentialAction":[{"@type":"ReadAction","target":["https:\/\/truusk.store\/sv\/produkt\/truusk-byra-med-5-lador-ladskap-for-klader-och-redskap-vit-spanskiva-forvaringsmobel-modern-design-hog-kvalitet\/"]}]},{"@type":"ImageObject","inLanguage":"sv-SE","@id":"https:\/\/truusk.store\/sv\/produkt\/truusk-byra-med-5-lador-ladskap-for-klader-och-redskap-vit-spanskiva-forvaringsmobel-modern-design-hog-kvalitet\/#primaryimage","url":"https:\/\/i0.wp.com\/truusk.store\/wp-content\/uploads\/2025\/12\/byra-med-5-lador-ladskap-for-klader-och-redskap-spanskiva-vit-1.webp?fit=2000%2C2000&ssl=1","contentUrl":"https:\/\/i0.wp.com\/truusk.store\/wp-content\/uploads\/2025\/12\/byra-med-5-lador-ladskap-for-klader-och-redskap-spanskiva-vit-1.webp?fit=2000%2C2000&ssl=1","width":2000,"height":2000},{"@type":"BreadcrumbList","@id":"https:\/\/truusk.store\/sv\/produkt\/truusk-byra-med-5-lador-ladskap-for-klader-och-redskap-vit-spanskiva-forvaringsmobel-modern-design-hog-kvalitet\/#breadcrumb","itemListElement":[{"@type":"ListItem","position":1,"name":"Home","item":"https:\/\/truusk.store\/sv\/"},{"@type":"ListItem","position":2,"name":"Shop","item":"https:\/\/truusk.store\/shop\/"},{"@type":"ListItem","position":3,"name":"TRUUSK Byr\u00e5 Med 5 L\u00e5dor &#8211; L\u00e5dsk\u00e5p F\u00f6r Kl\u00e4der Och Redskap &#8211; Vit Sp\u00e5nskiva &#8211; F\u00f6rvaringsm\u00f6bel &#8211; Modern Design &#8211; H\u00f6g Kvalitet"}]},{"@type":"WebSite","@id":"https:\/\/truusk.store\/sv\/#website","url":"https:\/\/truusk.store\/sv\/","name":"TRUUSK - Hem, Tr\u00e4dg\u00e5rd & Fritid","description":"","publisher":{"@id":"https:\/\/truusk.store\/sv\/#organization"},"potentialAction":[{"@type":"SearchAction","target":{"@type":"EntryPoint","urlTemplate":"https:\/\/truusk.store\/sv\/?s={search_term_string}"},"query-input":{"@type":"PropertyValueSpecification","valueRequired":true,"valueName":"search_term_string"}}],"inLanguage":"sv-SE"},{"@type":"Organization","@id":"https:\/\/truusk.store\/sv\/#organization","name":"TRUUSK - Hem, Tr\u00e4dg\u00e5rd & Fritid","url":"https:\/\/truusk.store\/sv\/","logo":{"@type":"ImageObject","inLanguage":"sv-SE","@id":"https:\/\/truusk.store\/sv\/#\/schema\/logo\/image\/","url":"https:\/\/i0.wp.com\/truusk.store\/wp-content\/uploads\/2026\/03\/cropped-TRUUSK.png?fit=2032%2C917&ssl=1","contentUrl":"https:\/\/i0.wp.com\/truusk.store\/wp-content\/uploads\/2026\/03\/cropped-TRUUSK.png?fit=2032%2C917&ssl=1","width":2032,"height":917,"caption":"TRUUSK - Hem, Tr\u00e4dg\u00e5rd & Fritid"},"image":{"@id":"https:\/\/truusk.store\/sv\/#\/schema\/logo\/image\/"}}]}},"jetpack_sharing_enabled":true,"_links":{"self":[{"href":"https:\/\/truusk.store\/sv\/wp-json\/wp\/v2\/product\/97715","targetHints":{"allow":["GET"]}}],"collection":[{"href":"https:\/\/truusk.store\/sv\/wp-json\/wp\/v2\/product"}],"about":[{"href":"https:\/\/truusk.store\/sv\/wp-json\/wp\/v2\/types\/product"}],"wp:featuredmedia":[{"embeddable":true,"href":"https:\/\/truusk.store\/sv\/wp-json\/wp\/v2\/media\/97705"}],"wp:attachment":[{"href":"https:\/\/truusk.store\/sv\/wp-json\/wp\/v2\/media?parent=97715"}],"wp:term":[{"taxonomy":"product_brand","embeddable":true,"href":"https:\/\/truusk.store\/sv\/wp-json\/wp\/v2\/product_brand?post=97715"},{"taxonomy":"product_cat","embeddable":true,"href":"https:\/\/truusk.store\/sv\/wp-json\/wp\/v2\/product_cat?post=97715"},{"taxonomy":"product_tag","embeddable":true,"href":"https:\/\/truusk.store\/sv\/wp-json\/wp\/v2\/product_tag?post=97715"}],"curies":[{"name":"wp","href":"https:\/\/api.w.org\/{rel}","templated":true}]}}