{"id":97735,"date":"2025-12-15T05:15:32","date_gmt":"2025-12-15T04:15:32","guid":{"rendered":"https:\/\/truusk.store\/product\/2-pack-nattduksbord-vaggmonterad-design-lada-for-sovrum-spanskiva-vit\/"},"modified":"2026-03-12T08:49:02","modified_gmt":"2026-03-12T07:49:02","slug":"truusk-2-pack-nattduksbord-vaggmonterad-design-lada-for-sovrum-spanskiva-vit","status":"publish","type":"product","link":"https:\/\/truusk.store\/sv\/produkt\/truusk-2-pack-nattduksbord-vaggmonterad-design-lada-for-sovrum-spanskiva-vit\/","title":{"rendered":"TRUUSK 2-pack Nattduksbord &#8211; V\u00e4ggmonterad Design &#8211; L\u00e5da &#8211; F\u00f6r Sovrum &#8211; Sp\u00e5nskiva &#8211; Vit"},"content":{"rendered":"<p>F\u00f6renkla och organisera dina sovrutiner med [BRAND NAME] set med tv\u00e5 nattduksbord. V\u00e4ggmonteringen av nattduksbordet skapar mer golvyta och ger ditt sovrum ett st\u00e4dat utseende. Varje nattduksbord har en hylla f\u00f6r n\u00f6dv\u00e4ndiga f\u00f6rem\u00e5l och en l\u00e5da f\u00f6r att d\u00f6lja oordning. Den h\u00f6gblanka vita fronten reflekterar ljus och ger ditt rum en fr\u00e4sch, modern k\u00e4nsla varje dag.<\/p>\n<p>Beskrivning:<\/p>\n<ul>\n<li> Set med tv\u00e5 flytande nattduksbord ger balans och stil till ditt sovrum<\/li>\n<li> V\u00e4ggmonterad design av nattduksbordet skapar fri golvyta f\u00f6r ett l\u00e4ttare, mer st\u00e4dat utseende<\/li>\n<li> De \u00f6vre hyllorna p\u00e5 nattduksbordet ger plats f\u00f6r mobiltelefoner, b\u00f6cker eller ett glas vatten<\/li>\n<li> L\u00e5dorna p\u00e5 nattduksbordet h\u00e5ller oordningen dold och ger en snygg, organiserad f\u00f6rvaring vid s\u00e4ngen<\/li>\n<li> H\u00f6gblanka vita paneler p\u00e5 sidobordet reflekterar ljuset och f\u00f6rst\u00e4rker den moderna sovrumsdekorationen<\/li>\n<li> FSC-certifierad sp\u00e5nskiva representerar h\u00e5llbar utveckling<\/li>\n<li> Montering kr\u00e4vs<\/li>\n<\/ul>\n<p> Tekniska specifikationer:<\/p>\n<ul>\n<li> F\u00e4rg: Vit<\/li>\n<li> Material: Sp\u00e5nskiva<\/li>\n<li> Totala dimensioner: 40B x 30T x 14H cm<\/li>\n<li> Inre l\u00e5dstorlek: 32B x 23,7T x 8,3H cm<\/li>\n<li> Maximal belastning: 3 kg (\u00f6vre\/l\u00e5da), 6 kg (totalt)<\/li>\n<\/ul>\n<p>Leveransinneh\u00e5ll:<\/p>\n<ul>\n<li> 2 x Nattduksbord<\/li>\n<li> 1 x Handbok<\/li>\n<\/ul>\n","protected":false},"excerpt":{"rendered":"<p>F\u00f6renkla och organisera dina sovrutiner med [BRAND NAME] set med tv\u00e5 nattduksbord. V\u00e4ggmonteringen av nattduksbordet skapar mer golvyta och ger&#8230;<\/p>\n","protected":false},"featured_media":97725,"template":"","meta":[],"product_brand":[],"product_cat":[871,506,897],"product_tag":[],"class_list":{"0":"post-97735","1":"product","2":"type-product","3":"status-publish","4":"has-post-thumbnail","6":"product_cat-hus-hem","7":"product_cat-nattduksbord","8":"product_cat-sovrum","10":"first","11":"instock","12":"sale","13":"taxable","14":"shipping-taxable","15":"purchasable","16":"product-type-simple"},"yoast_head":"<!-- This site is optimized with the Yoast SEO plugin v25.4 - https:\/\/yoast.com\/wordpress\/plugins\/seo\/ -->\n<title>TRUUSK 2-pack Nattduksbord - V\u00e4ggmonterad Design - L\u00e5da - F\u00f6r Sovrum - Sp\u00e5nskiva - Vit - TRUUSK - Hem, Tr\u00e4dg\u00e5rd &amp; Fritid<\/title>\n<meta name=\"robots\" content=\"index, follow, max-snippet:-1, max-image-preview:large, max-video-preview:-1\" \/>\n<link rel=\"canonical\" href=\"https:\/\/truusk.store\/sv\/produkt\/truusk-2-pack-nattduksbord-vaggmonterad-design-lada-for-sovrum-spanskiva-vit\/\" \/>\n<meta property=\"og:locale\" content=\"sv_SE\" \/>\n<meta property=\"og:type\" content=\"article\" \/>\n<meta property=\"og:title\" content=\"TRUUSK 2-pack Nattduksbord - V\u00e4ggmonterad Design - L\u00e5da - F\u00f6r Sovrum - Sp\u00e5nskiva - Vit - TRUUSK - Hem, Tr\u00e4dg\u00e5rd &amp; Fritid\" \/>\n<meta property=\"og:description\" content=\"F\u00f6renkla och organisera dina sovrutiner med [BRAND NAME] set med tv\u00e5 nattduksbord. V\u00e4ggmonteringen av nattduksbordet skapar mer golvyta och ger...\" \/>\n<meta property=\"og:url\" content=\"https:\/\/truusk.store\/sv\/produkt\/truusk-2-pack-nattduksbord-vaggmonterad-design-lada-for-sovrum-spanskiva-vit\/\" \/>\n<meta property=\"og:site_name\" content=\"TRUUSK - Hem, Tr\u00e4dg\u00e5rd &amp; Fritid\" \/>\n<meta property=\"article:modified_time\" content=\"2026-03-12T07:49:02+00:00\" \/>\n<meta property=\"og:image\" content=\"https:\/\/i0.wp.com\/truusk.se\/wp-content\/uploads\/2025\/12\/2-pack-nattduksbord-vaggmonterad-design-lada-for-sovrum-spanskiva-vit-1.webp?fit=2000%2C2000&ssl=1\" \/>\n\t<meta property=\"og:image:width\" content=\"2000\" \/>\n\t<meta property=\"og:image:height\" content=\"2000\" \/>\n\t<meta property=\"og:image:type\" content=\"image\/webp\" \/>\n<meta name=\"twitter:card\" content=\"summary_large_image\" \/>\n<meta name=\"twitter:label1\" content=\"Ber\u00e4knad l\u00e4stid\" \/>\n\t<meta name=\"twitter:data1\" content=\"1 minut\" \/>\n<!-- \/ Yoast SEO plugin. -->","yoast_head_json":{"title":"TRUUSK 2-pack Nattduksbord - V\u00e4ggmonterad Design - L\u00e5da - F\u00f6r Sovrum - Sp\u00e5nskiva - Vit - TRUUSK - Hem, Tr\u00e4dg\u00e5rd &amp; Fritid","robots":{"index":"index","follow":"follow","max-snippet":"max-snippet:-1","max-image-preview":"max-image-preview:large","max-video-preview":"max-video-preview:-1"},"canonical":"https:\/\/truusk.store\/sv\/produkt\/truusk-2-pack-nattduksbord-vaggmonterad-design-lada-for-sovrum-spanskiva-vit\/","og_locale":"sv_SE","og_type":"article","og_title":"TRUUSK 2-pack Nattduksbord - V\u00e4ggmonterad Design - L\u00e5da - F\u00f6r Sovrum - Sp\u00e5nskiva - Vit - TRUUSK - Hem, Tr\u00e4dg\u00e5rd &amp; Fritid","og_description":"F\u00f6renkla och organisera dina sovrutiner med [BRAND NAME] set med tv\u00e5 nattduksbord. V\u00e4ggmonteringen av nattduksbordet skapar mer golvyta och ger...","og_url":"https:\/\/truusk.store\/sv\/produkt\/truusk-2-pack-nattduksbord-vaggmonterad-design-lada-for-sovrum-spanskiva-vit\/","og_site_name":"TRUUSK - Hem, Tr\u00e4dg\u00e5rd &amp; Fritid","article_modified_time":"2026-03-12T07:49:02+00:00","og_image":[{"width":2000,"height":2000,"url":"https:\/\/i0.wp.com\/truusk.se\/wp-content\/uploads\/2025\/12\/2-pack-nattduksbord-vaggmonterad-design-lada-for-sovrum-spanskiva-vit-1.webp?fit=2000%2C2000&ssl=1","type":"image\/webp"}],"twitter_card":"summary_large_image","twitter_misc":{"Ber\u00e4knad l\u00e4stid":"1 minut"},"schema":{"@context":"https:\/\/schema.org","@graph":[{"@type":"WebPage","@id":"https:\/\/truusk.store\/sv\/produkt\/truusk-2-pack-nattduksbord-vaggmonterad-design-lada-for-sovrum-spanskiva-vit\/","url":"https:\/\/truusk.store\/sv\/produkt\/truusk-2-pack-nattduksbord-vaggmonterad-design-lada-for-sovrum-spanskiva-vit\/","name":"TRUUSK 2-pack Nattduksbord - V\u00e4ggmonterad Design - L\u00e5da - F\u00f6r Sovrum - Sp\u00e5nskiva - Vit - TRUUSK - Hem, Tr\u00e4dg\u00e5rd &amp; Fritid","isPartOf":{"@id":"https:\/\/truusk.store\/sv\/#website"},"primaryImageOfPage":{"@id":"https:\/\/truusk.store\/sv\/produkt\/truusk-2-pack-nattduksbord-vaggmonterad-design-lada-for-sovrum-spanskiva-vit\/#primaryimage"},"image":{"@id":"https:\/\/truusk.store\/sv\/produkt\/truusk-2-pack-nattduksbord-vaggmonterad-design-lada-for-sovrum-spanskiva-vit\/#primaryimage"},"thumbnailUrl":"https:\/\/i0.wp.com\/truusk.store\/wp-content\/uploads\/2025\/12\/2-pack-nattduksbord-vaggmonterad-design-lada-for-sovrum-spanskiva-vit-1.webp?fit=2000%2C2000&ssl=1","datePublished":"2025-12-15T04:15:32+00:00","dateModified":"2026-03-12T07:49:02+00:00","breadcrumb":{"@id":"https:\/\/truusk.store\/sv\/produkt\/truusk-2-pack-nattduksbord-vaggmonterad-design-lada-for-sovrum-spanskiva-vit\/#breadcrumb"},"inLanguage":"sv-SE","potentialAction":[{"@type":"ReadAction","target":["https:\/\/truusk.store\/sv\/produkt\/truusk-2-pack-nattduksbord-vaggmonterad-design-lada-for-sovrum-spanskiva-vit\/"]}]},{"@type":"ImageObject","inLanguage":"sv-SE","@id":"https:\/\/truusk.store\/sv\/produkt\/truusk-2-pack-nattduksbord-vaggmonterad-design-lada-for-sovrum-spanskiva-vit\/#primaryimage","url":"https:\/\/i0.wp.com\/truusk.store\/wp-content\/uploads\/2025\/12\/2-pack-nattduksbord-vaggmonterad-design-lada-for-sovrum-spanskiva-vit-1.webp?fit=2000%2C2000&ssl=1","contentUrl":"https:\/\/i0.wp.com\/truusk.store\/wp-content\/uploads\/2025\/12\/2-pack-nattduksbord-vaggmonterad-design-lada-for-sovrum-spanskiva-vit-1.webp?fit=2000%2C2000&ssl=1","width":2000,"height":2000},{"@type":"BreadcrumbList","@id":"https:\/\/truusk.store\/sv\/produkt\/truusk-2-pack-nattduksbord-vaggmonterad-design-lada-for-sovrum-spanskiva-vit\/#breadcrumb","itemListElement":[{"@type":"ListItem","position":1,"name":"Home","item":"https:\/\/truusk.store\/sv\/"},{"@type":"ListItem","position":2,"name":"Shop","item":"https:\/\/truusk.store\/shop\/"},{"@type":"ListItem","position":3,"name":"TRUUSK 2-pack Nattduksbord &#8211; V\u00e4ggmonterad Design &#8211; L\u00e5da &#8211; F\u00f6r Sovrum &#8211; Sp\u00e5nskiva &#8211; Vit"}]},{"@type":"WebSite","@id":"https:\/\/truusk.store\/sv\/#website","url":"https:\/\/truusk.store\/sv\/","name":"TRUUSK - Hem, Tr\u00e4dg\u00e5rd & Fritid","description":"","publisher":{"@id":"https:\/\/truusk.store\/sv\/#organization"},"potentialAction":[{"@type":"SearchAction","target":{"@type":"EntryPoint","urlTemplate":"https:\/\/truusk.store\/sv\/?s={search_term_string}"},"query-input":{"@type":"PropertyValueSpecification","valueRequired":true,"valueName":"search_term_string"}}],"inLanguage":"sv-SE"},{"@type":"Organization","@id":"https:\/\/truusk.store\/sv\/#organization","name":"TRUUSK - Hem, Tr\u00e4dg\u00e5rd & Fritid","url":"https:\/\/truusk.store\/sv\/","logo":{"@type":"ImageObject","inLanguage":"sv-SE","@id":"https:\/\/truusk.store\/sv\/#\/schema\/logo\/image\/","url":"https:\/\/i0.wp.com\/truusk.store\/wp-content\/uploads\/2026\/03\/cropped-TRUUSK.png?fit=2032%2C917&ssl=1","contentUrl":"https:\/\/i0.wp.com\/truusk.store\/wp-content\/uploads\/2026\/03\/cropped-TRUUSK.png?fit=2032%2C917&ssl=1","width":2032,"height":917,"caption":"TRUUSK - Hem, Tr\u00e4dg\u00e5rd & Fritid"},"image":{"@id":"https:\/\/truusk.store\/sv\/#\/schema\/logo\/image\/"}}]}},"jetpack_sharing_enabled":true,"_links":{"self":[{"href":"https:\/\/truusk.store\/sv\/wp-json\/wp\/v2\/product\/97735","targetHints":{"allow":["GET"]}}],"collection":[{"href":"https:\/\/truusk.store\/sv\/wp-json\/wp\/v2\/product"}],"about":[{"href":"https:\/\/truusk.store\/sv\/wp-json\/wp\/v2\/types\/product"}],"wp:featuredmedia":[{"embeddable":true,"href":"https:\/\/truusk.store\/sv\/wp-json\/wp\/v2\/media\/97725"}],"wp:attachment":[{"href":"https:\/\/truusk.store\/sv\/wp-json\/wp\/v2\/media?parent=97735"}],"wp:term":[{"taxonomy":"product_brand","embeddable":true,"href":"https:\/\/truusk.store\/sv\/wp-json\/wp\/v2\/product_brand?post=97735"},{"taxonomy":"product_cat","embeddable":true,"href":"https:\/\/truusk.store\/sv\/wp-json\/wp\/v2\/product_cat?post=97735"},{"taxonomy":"product_tag","embeddable":true,"href":"https:\/\/truusk.store\/sv\/wp-json\/wp\/v2\/product_tag?post=97735"}],"curies":[{"name":"wp","href":"https:\/\/api.w.org\/{rel}","templated":true}]}}