{"id":97745,"date":"2025-12-15T05:16:44","date_gmt":"2025-12-15T04:16:44","guid":{"rendered":"https:\/\/truusk.store\/product\/flytande-tv-skap-vaggmontering-3-lador-mycket-forvaringsutrymme-180-cm-spanskiva-vit\/"},"modified":"2026-03-12T08:49:03","modified_gmt":"2026-03-12T07:49:03","slug":"truusk-flytande-tv-skap-vaggmontering-3-lador-mycket-forvaringsutrymme-180-cm-spanskiva-vit","status":"publish","type":"product","link":"https:\/\/truusk.store\/sv\/produkt\/truusk-flytande-tv-skap-vaggmontering-3-lador-mycket-forvaringsutrymme-180-cm-spanskiva-vit\/","title":{"rendered":"TRUUSK Flytande TV-sk\u00e5p &#8211; V\u00e4ggmontering &#8211; 3 L\u00e5dor &#8211; Mycket F\u00f6rvaringsutrymme &#8211; 180 Cm &#8211; Sp\u00e5nskiva &#8211; Vit"},"content":{"rendered":"<p>Ett \u00f6verfullt vardagsrum kan p\u00e5verka avkopplingen. [BRAND NAME] TV-sk\u00e5pet skapar ett \u00f6ppet, st\u00e4dat utrymme genom att h\u00e5lla golvet fritt och allt snyggt undanstoppat. Tre f\u00e4llbara fack i TV-bordet d\u00f6ljer fj\u00e4rrkontroller och konsoler, medan den 180 cm breda ytan b\u00e4r TV-apparater upp till 82 tum. Med soft-close g\u00e5ngj\u00e4rn och gl\u00e4nsande vita d\u00f6rrar ger det tyst elegans och modern ljusstyrka i vardagen.<\/p>\n<p>Beskrivning:<\/p>\n<ul>\n<li> Det v\u00e4ggmonterade designen p\u00e5 TV-sk\u00e5pet skapar utrymme p\u00e5 golvet f\u00f6r ett rent, \u00f6ppet vardagsrum<\/li>\n<li> Tre nedf\u00e4llbara sk\u00e5p h\u00e5ller fj\u00e4rrkontroller, konsoler och filmer snyggt dolda<\/li>\n<li> Den 180 cm breda ytan passar f\u00f6r TV-apparater upp till 82 tum, f\u00f6r att skapa den perfekta underh\u00e5llningsh\u00f6rnan<\/li>\n<li> Soft-close g\u00e5ngj\u00e4rn ger ett tyst och mjukt st\u00e4ngande f\u00f6r ett fredligt hem<\/li>\n<li> H\u00f6gglansvita d\u00f6rrar lyser upp rummet med modern elegans<\/li>\n<li> Den l\u00e4tt att reng\u00f6ra melaminytan h\u00e5ller ditt TV-sk\u00e5p fr\u00e4scht och fl\u00e4ckfritt<\/li>\n<li> Tillverkad av FSC-certifierad sp\u00e5nskiva f\u00f6r tillf\u00f6rlitlighet och h\u00e5llbarhet<\/li>\n<li> Montering kr\u00e4vs<\/li>\n<\/ul>\n<p> Tekniska data:<\/p>\n<ul>\n<li> F\u00e4rg: Vit<\/li>\n<li> Material: Sp\u00e5nskiva<\/li>\n<li> Totala dimensioner: 180B x 31,5D x 29,8H cm<\/li>\n<li> Inre dimensioner av sk\u00e5pet: 57,3B x 28,3D x 25,3H cm<\/li>\n<li> Maximal belastning: 30 kg (totalt), 15 kg (ovan)<\/li>\n<li> L\u00e4mplig TV-storlek: Upp till 82 tum<\/li>\n<\/ul>\n<p>Leverans inneh\u00e5ller:<\/p>\n<ul>\n<li> 1 x flytande TV-b\u00e4nk<\/li>\n<li> 1 x bruksanvisning<\/li>\n<\/ul>\n","protected":false},"excerpt":{"rendered":"<p>Ett \u00f6verfullt vardagsrum kan p\u00e5verka avkopplingen. [BRAND NAME] TV-sk\u00e5pet skapar ett \u00f6ppet, st\u00e4dat utrymme genom att h\u00e5lla golvet fritt och&#8230;<\/p>\n","protected":false},"featured_media":97736,"template":"","meta":[],"product_brand":[],"product_cat":[871,1007,910],"product_tag":[],"class_list":{"0":"post-97745","1":"product","2":"type-product","3":"status-publish","4":"has-post-thumbnail","6":"product_cat-hus-hem","7":"product_cat-tv-mobler","8":"product_cat-vardagsrum","10":"first","11":"instock","12":"sale","13":"taxable","14":"shipping-taxable","15":"purchasable","16":"product-type-simple"},"yoast_head":"<!-- This site is optimized with the Yoast SEO plugin v25.4 - https:\/\/yoast.com\/wordpress\/plugins\/seo\/ -->\n<title>TRUUSK Flytande TV-sk\u00e5p - V\u00e4ggmontering - 3 L\u00e5dor - Mycket F\u00f6rvaringsutrymme - 180 Cm - Sp\u00e5nskiva - Vit - TRUUSK - Hem, Tr\u00e4dg\u00e5rd &amp; Fritid<\/title>\n<meta name=\"robots\" content=\"index, follow, max-snippet:-1, max-image-preview:large, max-video-preview:-1\" \/>\n<link rel=\"canonical\" href=\"https:\/\/truusk.store\/sv\/produkt\/truusk-flytande-tv-skap-vaggmontering-3-lador-mycket-forvaringsutrymme-180-cm-spanskiva-vit\/\" \/>\n<meta property=\"og:locale\" content=\"sv_SE\" \/>\n<meta property=\"og:type\" content=\"article\" \/>\n<meta property=\"og:title\" content=\"TRUUSK Flytande TV-sk\u00e5p - V\u00e4ggmontering - 3 L\u00e5dor - Mycket F\u00f6rvaringsutrymme - 180 Cm - Sp\u00e5nskiva - Vit - TRUUSK - Hem, Tr\u00e4dg\u00e5rd &amp; Fritid\" \/>\n<meta property=\"og:description\" content=\"Ett \u00f6verfullt vardagsrum kan p\u00e5verka avkopplingen. [BRAND NAME] TV-sk\u00e5pet skapar ett \u00f6ppet, st\u00e4dat utrymme genom att h\u00e5lla golvet fritt och...\" \/>\n<meta property=\"og:url\" content=\"https:\/\/truusk.store\/sv\/produkt\/truusk-flytande-tv-skap-vaggmontering-3-lador-mycket-forvaringsutrymme-180-cm-spanskiva-vit\/\" \/>\n<meta property=\"og:site_name\" content=\"TRUUSK - Hem, Tr\u00e4dg\u00e5rd &amp; Fritid\" \/>\n<meta property=\"article:modified_time\" content=\"2026-03-12T07:49:03+00:00\" \/>\n<meta property=\"og:image\" content=\"https:\/\/i0.wp.com\/truusk.se\/wp-content\/uploads\/2025\/12\/flytande-tv-skap-vaggmontering-3-lador-mycket-forvaringsutrymme-180-cm-spanskiva-vit-1.webp?fit=2000%2C2000&ssl=1\" \/>\n\t<meta property=\"og:image:width\" content=\"2000\" \/>\n\t<meta property=\"og:image:height\" content=\"2000\" \/>\n\t<meta property=\"og:image:type\" content=\"image\/webp\" \/>\n<meta name=\"twitter:card\" content=\"summary_large_image\" \/>\n<meta name=\"twitter:label1\" content=\"Ber\u00e4knad l\u00e4stid\" \/>\n\t<meta name=\"twitter:data1\" content=\"1 minut\" \/>\n<!-- \/ Yoast SEO plugin. -->","yoast_head_json":{"title":"TRUUSK Flytande TV-sk\u00e5p - V\u00e4ggmontering - 3 L\u00e5dor - Mycket F\u00f6rvaringsutrymme - 180 Cm - Sp\u00e5nskiva - Vit - TRUUSK - Hem, Tr\u00e4dg\u00e5rd &amp; Fritid","robots":{"index":"index","follow":"follow","max-snippet":"max-snippet:-1","max-image-preview":"max-image-preview:large","max-video-preview":"max-video-preview:-1"},"canonical":"https:\/\/truusk.store\/sv\/produkt\/truusk-flytande-tv-skap-vaggmontering-3-lador-mycket-forvaringsutrymme-180-cm-spanskiva-vit\/","og_locale":"sv_SE","og_type":"article","og_title":"TRUUSK Flytande TV-sk\u00e5p - V\u00e4ggmontering - 3 L\u00e5dor - Mycket F\u00f6rvaringsutrymme - 180 Cm - Sp\u00e5nskiva - Vit - TRUUSK - Hem, Tr\u00e4dg\u00e5rd &amp; Fritid","og_description":"Ett \u00f6verfullt vardagsrum kan p\u00e5verka avkopplingen. [BRAND NAME] TV-sk\u00e5pet skapar ett \u00f6ppet, st\u00e4dat utrymme genom att h\u00e5lla golvet fritt och...","og_url":"https:\/\/truusk.store\/sv\/produkt\/truusk-flytande-tv-skap-vaggmontering-3-lador-mycket-forvaringsutrymme-180-cm-spanskiva-vit\/","og_site_name":"TRUUSK - Hem, Tr\u00e4dg\u00e5rd &amp; Fritid","article_modified_time":"2026-03-12T07:49:03+00:00","og_image":[{"width":2000,"height":2000,"url":"https:\/\/i0.wp.com\/truusk.se\/wp-content\/uploads\/2025\/12\/flytande-tv-skap-vaggmontering-3-lador-mycket-forvaringsutrymme-180-cm-spanskiva-vit-1.webp?fit=2000%2C2000&ssl=1","type":"image\/webp"}],"twitter_card":"summary_large_image","twitter_misc":{"Ber\u00e4knad l\u00e4stid":"1 minut"},"schema":{"@context":"https:\/\/schema.org","@graph":[{"@type":"WebPage","@id":"https:\/\/truusk.store\/sv\/produkt\/truusk-flytande-tv-skap-vaggmontering-3-lador-mycket-forvaringsutrymme-180-cm-spanskiva-vit\/","url":"https:\/\/truusk.store\/sv\/produkt\/truusk-flytande-tv-skap-vaggmontering-3-lador-mycket-forvaringsutrymme-180-cm-spanskiva-vit\/","name":"TRUUSK Flytande TV-sk\u00e5p - V\u00e4ggmontering - 3 L\u00e5dor - Mycket F\u00f6rvaringsutrymme - 180 Cm - Sp\u00e5nskiva - Vit - TRUUSK - Hem, Tr\u00e4dg\u00e5rd &amp; Fritid","isPartOf":{"@id":"https:\/\/truusk.store\/sv\/#website"},"primaryImageOfPage":{"@id":"https:\/\/truusk.store\/sv\/produkt\/truusk-flytande-tv-skap-vaggmontering-3-lador-mycket-forvaringsutrymme-180-cm-spanskiva-vit\/#primaryimage"},"image":{"@id":"https:\/\/truusk.store\/sv\/produkt\/truusk-flytande-tv-skap-vaggmontering-3-lador-mycket-forvaringsutrymme-180-cm-spanskiva-vit\/#primaryimage"},"thumbnailUrl":"https:\/\/i0.wp.com\/truusk.store\/wp-content\/uploads\/2025\/12\/flytande-tv-skap-vaggmontering-3-lador-mycket-forvaringsutrymme-180-cm-spanskiva-vit-1.webp?fit=2000%2C2000&ssl=1","datePublished":"2025-12-15T04:16:44+00:00","dateModified":"2026-03-12T07:49:03+00:00","breadcrumb":{"@id":"https:\/\/truusk.store\/sv\/produkt\/truusk-flytande-tv-skap-vaggmontering-3-lador-mycket-forvaringsutrymme-180-cm-spanskiva-vit\/#breadcrumb"},"inLanguage":"sv-SE","potentialAction":[{"@type":"ReadAction","target":["https:\/\/truusk.store\/sv\/produkt\/truusk-flytande-tv-skap-vaggmontering-3-lador-mycket-forvaringsutrymme-180-cm-spanskiva-vit\/"]}]},{"@type":"ImageObject","inLanguage":"sv-SE","@id":"https:\/\/truusk.store\/sv\/produkt\/truusk-flytande-tv-skap-vaggmontering-3-lador-mycket-forvaringsutrymme-180-cm-spanskiva-vit\/#primaryimage","url":"https:\/\/i0.wp.com\/truusk.store\/wp-content\/uploads\/2025\/12\/flytande-tv-skap-vaggmontering-3-lador-mycket-forvaringsutrymme-180-cm-spanskiva-vit-1.webp?fit=2000%2C2000&ssl=1","contentUrl":"https:\/\/i0.wp.com\/truusk.store\/wp-content\/uploads\/2025\/12\/flytande-tv-skap-vaggmontering-3-lador-mycket-forvaringsutrymme-180-cm-spanskiva-vit-1.webp?fit=2000%2C2000&ssl=1","width":2000,"height":2000},{"@type":"BreadcrumbList","@id":"https:\/\/truusk.store\/sv\/produkt\/truusk-flytande-tv-skap-vaggmontering-3-lador-mycket-forvaringsutrymme-180-cm-spanskiva-vit\/#breadcrumb","itemListElement":[{"@type":"ListItem","position":1,"name":"Home","item":"https:\/\/truusk.store\/sv\/"},{"@type":"ListItem","position":2,"name":"Shop","item":"https:\/\/truusk.store\/shop\/"},{"@type":"ListItem","position":3,"name":"TRUUSK Flytande TV-sk\u00e5p &#8211; V\u00e4ggmontering &#8211; 3 L\u00e5dor &#8211; Mycket F\u00f6rvaringsutrymme &#8211; 180 Cm &#8211; Sp\u00e5nskiva &#8211; Vit"}]},{"@type":"WebSite","@id":"https:\/\/truusk.store\/sv\/#website","url":"https:\/\/truusk.store\/sv\/","name":"TRUUSK - Hem, Tr\u00e4dg\u00e5rd & Fritid","description":"","publisher":{"@id":"https:\/\/truusk.store\/sv\/#organization"},"potentialAction":[{"@type":"SearchAction","target":{"@type":"EntryPoint","urlTemplate":"https:\/\/truusk.store\/sv\/?s={search_term_string}"},"query-input":{"@type":"PropertyValueSpecification","valueRequired":true,"valueName":"search_term_string"}}],"inLanguage":"sv-SE"},{"@type":"Organization","@id":"https:\/\/truusk.store\/sv\/#organization","name":"TRUUSK - Hem, Tr\u00e4dg\u00e5rd & Fritid","url":"https:\/\/truusk.store\/sv\/","logo":{"@type":"ImageObject","inLanguage":"sv-SE","@id":"https:\/\/truusk.store\/sv\/#\/schema\/logo\/image\/","url":"https:\/\/i0.wp.com\/truusk.store\/wp-content\/uploads\/2026\/03\/cropped-TRUUSK.png?fit=2032%2C917&ssl=1","contentUrl":"https:\/\/i0.wp.com\/truusk.store\/wp-content\/uploads\/2026\/03\/cropped-TRUUSK.png?fit=2032%2C917&ssl=1","width":2032,"height":917,"caption":"TRUUSK - Hem, Tr\u00e4dg\u00e5rd & Fritid"},"image":{"@id":"https:\/\/truusk.store\/sv\/#\/schema\/logo\/image\/"}}]}},"jetpack_sharing_enabled":true,"_links":{"self":[{"href":"https:\/\/truusk.store\/sv\/wp-json\/wp\/v2\/product\/97745","targetHints":{"allow":["GET"]}}],"collection":[{"href":"https:\/\/truusk.store\/sv\/wp-json\/wp\/v2\/product"}],"about":[{"href":"https:\/\/truusk.store\/sv\/wp-json\/wp\/v2\/types\/product"}],"wp:featuredmedia":[{"embeddable":true,"href":"https:\/\/truusk.store\/sv\/wp-json\/wp\/v2\/media\/97736"}],"wp:attachment":[{"href":"https:\/\/truusk.store\/sv\/wp-json\/wp\/v2\/media?parent=97745"}],"wp:term":[{"taxonomy":"product_brand","embeddable":true,"href":"https:\/\/truusk.store\/sv\/wp-json\/wp\/v2\/product_brand?post=97745"},{"taxonomy":"product_cat","embeddable":true,"href":"https:\/\/truusk.store\/sv\/wp-json\/wp\/v2\/product_cat?post=97745"},{"taxonomy":"product_tag","embeddable":true,"href":"https:\/\/truusk.store\/sv\/wp-json\/wp\/v2\/product_tag?post=97745"}],"curies":[{"name":"wp","href":"https:\/\/api.w.org\/{rel}","templated":true}]}}