{"id":97755,"date":"2025-12-15T05:17:42","date_gmt":"2025-12-15T04:17:42","guid":{"rendered":"https:\/\/truusk.store\/product\/vagg-hylla-2-delat-svavande-hylla-vaggbrada-hyllbrada-for-presentation-for-kok-vardagsrum-vitnaturtra\/"},"modified":"2026-03-12T08:49:03","modified_gmt":"2026-03-12T07:49:03","slug":"truusk-svavande-hylla-i-2-delar-for-kok-och-vardagsrum-vit-med-naturtra-perfekt-for-presentation","status":"publish","type":"product","link":"https:\/\/truusk.store\/sv\/produkt\/truusk-svavande-hylla-i-2-delar-for-kok-och-vardagsrum-vit-med-naturtra-perfekt-for-presentation\/","title":{"rendered":"TRUUSK Sv\u00e4vande Hylla i 2 delar &#8211; F\u00f6r K\u00f6k och Vardagsrum &#8211; Vit med Naturtr\u00e4 &#8211; Perfekt f\u00f6r Presentation"},"content":{"rendered":"<p>F\u00f6rvandla ditt hem med flytande hyllor fr\u00e5n [BRAND NAME], perfekt f\u00f6r stilfull och praktisk f\u00f6rvaring \u00f6verallt. Oavsett om de \u00e4r monterade tillsammans eller separat, kombinerar dessa rustika v\u00e4gghyllor nostalgisk charm med funktionalitet. Tillverkade av melaminbelagda sp\u00e5nskivor, \u00e4r hyllplanen h\u00e5llbara och l\u00e4tta att underh\u00e5lla, perfekta som f\u00f6rvaring och elegant dekor i sovrum, vardagsrum eller k\u00f6k. Ge ditt rum enkel elegans!<\/p>\n<p> Beskrivning:<\/p>\n<ul>\n<li> Tv\u00e5 v\u00e4gghyllor ger extra f\u00f6rvaringsutrymme och utst\u00e4llningsyta f\u00f6r varje rum<\/li>\n<li> Flexibel installation av den flytande hyllan m\u00f6jligg\u00f6r gemensam eller separat anv\u00e4ndning<\/li>\n<li> V\u00e4ggmonterad design av hyllplanet maximerar effektivt tillg\u00e4ngligt utrymme<\/li>\n<li> V\u00e4ggbr\u00e4dan \u00e4r tillverkad av melaminbelagda sp\u00e5nskivor f\u00f6r h\u00e5llbarhet och enkel v\u00e5rd<\/li>\n<li> Perfekt f\u00f6r sovrum, vardagsrum, k\u00f6k eller kontor<\/li>\n<li> Enkel montering<\/li>\n<li>Montering kr\u00e4vs<\/li>\n<\/ul>\n<p> Tekniska data:<\/p>\n<ul>\n<li> F\u00e4rg: Vit+Naturtr\u00e4<\/li>\n<li> Material: Sp\u00e5nskiva<\/li>\n<li> Totala dimensioner: 80L x 16,5B x 20H cm<\/li>\n<li> Enskild hyllstorlek: 80L x 15B cm<\/li>\n<li> B\u00e4rf\u00f6rm\u00e5ga: 3 kg (per hylla)<\/li>\n<\/ul>\n<p>Leveransinneh\u00e5ll:<\/p>\n<ul>\n<li> 2 x flytande hylla<\/li>\n<li> 1 x handbok<\/li>\n<\/ul>\n","protected":false},"excerpt":{"rendered":"<p>F\u00f6rvandla ditt hem med flytande hyllor fr\u00e5n [BRAND NAME], perfekt f\u00f6r stilfull och praktisk f\u00f6rvaring \u00f6verallt. Oavsett om de \u00e4r&#8230;<\/p>\n","protected":false},"featured_media":97746,"template":"","meta":[],"product_brand":[],"product_cat":[871,553,910],"product_tag":[],"class_list":{"0":"post-97755","1":"product","2":"type-product","3":"status-publish","4":"has-post-thumbnail","6":"product_cat-hus-hem","7":"product_cat-vagghyllor","8":"product_cat-vardagsrum","10":"first","11":"instock","12":"sale","13":"taxable","14":"shipping-taxable","15":"purchasable","16":"product-type-simple"},"yoast_head":"<!-- This site is optimized with the Yoast SEO plugin v25.4 - https:\/\/yoast.com\/wordpress\/plugins\/seo\/ -->\n<title>TRUUSK Sv\u00e4vande Hylla i 2 delar - F\u00f6r K\u00f6k och Vardagsrum - Vit med Naturtr\u00e4 - Perfekt f\u00f6r Presentation - TRUUSK - Hem, Tr\u00e4dg\u00e5rd &amp; Fritid<\/title>\n<meta name=\"robots\" content=\"index, follow, max-snippet:-1, max-image-preview:large, max-video-preview:-1\" \/>\n<link rel=\"canonical\" href=\"https:\/\/truusk.store\/sv\/produkt\/truusk-svavande-hylla-i-2-delar-for-kok-och-vardagsrum-vit-med-naturtra-perfekt-for-presentation\/\" \/>\n<meta property=\"og:locale\" content=\"sv_SE\" \/>\n<meta property=\"og:type\" content=\"article\" \/>\n<meta property=\"og:title\" content=\"TRUUSK Sv\u00e4vande Hylla i 2 delar - F\u00f6r K\u00f6k och Vardagsrum - Vit med Naturtr\u00e4 - Perfekt f\u00f6r Presentation - TRUUSK - Hem, Tr\u00e4dg\u00e5rd &amp; Fritid\" \/>\n<meta property=\"og:description\" content=\"F\u00f6rvandla ditt hem med flytande hyllor fr\u00e5n [BRAND NAME], perfekt f\u00f6r stilfull och praktisk f\u00f6rvaring \u00f6verallt. Oavsett om de \u00e4r...\" \/>\n<meta property=\"og:url\" content=\"https:\/\/truusk.store\/sv\/produkt\/truusk-svavande-hylla-i-2-delar-for-kok-och-vardagsrum-vit-med-naturtra-perfekt-for-presentation\/\" \/>\n<meta property=\"og:site_name\" content=\"TRUUSK - Hem, Tr\u00e4dg\u00e5rd &amp; Fritid\" \/>\n<meta property=\"article:modified_time\" content=\"2026-03-12T07:49:03+00:00\" \/>\n<meta property=\"og:image\" content=\"https:\/\/i0.wp.com\/truusk.se\/wp-content\/uploads\/2025\/12\/vagg-hylla-2-delat-svavande-hylla-vaggbrada-hyllbrada-for-presentation-for-kok-vardagsrum-vitnaturtra-1.webp?fit=2000%2C2000&ssl=1\" \/>\n\t<meta property=\"og:image:width\" content=\"2000\" \/>\n\t<meta property=\"og:image:height\" content=\"2000\" \/>\n\t<meta property=\"og:image:type\" content=\"image\/webp\" \/>\n<meta name=\"twitter:card\" content=\"summary_large_image\" \/>\n<meta name=\"twitter:label1\" content=\"Ber\u00e4knad l\u00e4stid\" \/>\n\t<meta name=\"twitter:data1\" content=\"1 minut\" \/>\n<!-- \/ Yoast SEO plugin. -->","yoast_head_json":{"title":"TRUUSK Sv\u00e4vande Hylla i 2 delar - F\u00f6r K\u00f6k och Vardagsrum - Vit med Naturtr\u00e4 - Perfekt f\u00f6r Presentation - TRUUSK - Hem, Tr\u00e4dg\u00e5rd &amp; Fritid","robots":{"index":"index","follow":"follow","max-snippet":"max-snippet:-1","max-image-preview":"max-image-preview:large","max-video-preview":"max-video-preview:-1"},"canonical":"https:\/\/truusk.store\/sv\/produkt\/truusk-svavande-hylla-i-2-delar-for-kok-och-vardagsrum-vit-med-naturtra-perfekt-for-presentation\/","og_locale":"sv_SE","og_type":"article","og_title":"TRUUSK Sv\u00e4vande Hylla i 2 delar - F\u00f6r K\u00f6k och Vardagsrum - Vit med Naturtr\u00e4 - Perfekt f\u00f6r Presentation - TRUUSK - Hem, Tr\u00e4dg\u00e5rd &amp; Fritid","og_description":"F\u00f6rvandla ditt hem med flytande hyllor fr\u00e5n [BRAND NAME], perfekt f\u00f6r stilfull och praktisk f\u00f6rvaring \u00f6verallt. Oavsett om de \u00e4r...","og_url":"https:\/\/truusk.store\/sv\/produkt\/truusk-svavande-hylla-i-2-delar-for-kok-och-vardagsrum-vit-med-naturtra-perfekt-for-presentation\/","og_site_name":"TRUUSK - Hem, Tr\u00e4dg\u00e5rd &amp; Fritid","article_modified_time":"2026-03-12T07:49:03+00:00","og_image":[{"width":2000,"height":2000,"url":"https:\/\/i0.wp.com\/truusk.se\/wp-content\/uploads\/2025\/12\/vagg-hylla-2-delat-svavande-hylla-vaggbrada-hyllbrada-for-presentation-for-kok-vardagsrum-vitnaturtra-1.webp?fit=2000%2C2000&ssl=1","type":"image\/webp"}],"twitter_card":"summary_large_image","twitter_misc":{"Ber\u00e4knad l\u00e4stid":"1 minut"},"schema":{"@context":"https:\/\/schema.org","@graph":[{"@type":"WebPage","@id":"https:\/\/truusk.store\/sv\/produkt\/truusk-svavande-hylla-i-2-delar-for-kok-och-vardagsrum-vit-med-naturtra-perfekt-for-presentation\/","url":"https:\/\/truusk.store\/sv\/produkt\/truusk-svavande-hylla-i-2-delar-for-kok-och-vardagsrum-vit-med-naturtra-perfekt-for-presentation\/","name":"TRUUSK Sv\u00e4vande Hylla i 2 delar - F\u00f6r K\u00f6k och Vardagsrum - Vit med Naturtr\u00e4 - Perfekt f\u00f6r Presentation - TRUUSK - Hem, Tr\u00e4dg\u00e5rd &amp; Fritid","isPartOf":{"@id":"https:\/\/truusk.store\/sv\/#website"},"primaryImageOfPage":{"@id":"https:\/\/truusk.store\/sv\/produkt\/truusk-svavande-hylla-i-2-delar-for-kok-och-vardagsrum-vit-med-naturtra-perfekt-for-presentation\/#primaryimage"},"image":{"@id":"https:\/\/truusk.store\/sv\/produkt\/truusk-svavande-hylla-i-2-delar-for-kok-och-vardagsrum-vit-med-naturtra-perfekt-for-presentation\/#primaryimage"},"thumbnailUrl":"https:\/\/i0.wp.com\/truusk.store\/wp-content\/uploads\/2025\/12\/vagg-hylla-2-delat-svavande-hylla-vaggbrada-hyllbrada-for-presentation-for-kok-vardagsrum-vitnaturtra-1.webp?fit=2000%2C2000&ssl=1","datePublished":"2025-12-15T04:17:42+00:00","dateModified":"2026-03-12T07:49:03+00:00","breadcrumb":{"@id":"https:\/\/truusk.store\/sv\/produkt\/truusk-svavande-hylla-i-2-delar-for-kok-och-vardagsrum-vit-med-naturtra-perfekt-for-presentation\/#breadcrumb"},"inLanguage":"sv-SE","potentialAction":[{"@type":"ReadAction","target":["https:\/\/truusk.store\/sv\/produkt\/truusk-svavande-hylla-i-2-delar-for-kok-och-vardagsrum-vit-med-naturtra-perfekt-for-presentation\/"]}]},{"@type":"ImageObject","inLanguage":"sv-SE","@id":"https:\/\/truusk.store\/sv\/produkt\/truusk-svavande-hylla-i-2-delar-for-kok-och-vardagsrum-vit-med-naturtra-perfekt-for-presentation\/#primaryimage","url":"https:\/\/i0.wp.com\/truusk.store\/wp-content\/uploads\/2025\/12\/vagg-hylla-2-delat-svavande-hylla-vaggbrada-hyllbrada-for-presentation-for-kok-vardagsrum-vitnaturtra-1.webp?fit=2000%2C2000&ssl=1","contentUrl":"https:\/\/i0.wp.com\/truusk.store\/wp-content\/uploads\/2025\/12\/vagg-hylla-2-delat-svavande-hylla-vaggbrada-hyllbrada-for-presentation-for-kok-vardagsrum-vitnaturtra-1.webp?fit=2000%2C2000&ssl=1","width":2000,"height":2000},{"@type":"BreadcrumbList","@id":"https:\/\/truusk.store\/sv\/produkt\/truusk-svavande-hylla-i-2-delar-for-kok-och-vardagsrum-vit-med-naturtra-perfekt-for-presentation\/#breadcrumb","itemListElement":[{"@type":"ListItem","position":1,"name":"Home","item":"https:\/\/truusk.store\/sv\/"},{"@type":"ListItem","position":2,"name":"Shop","item":"https:\/\/truusk.store\/shop\/"},{"@type":"ListItem","position":3,"name":"TRUUSK Sv\u00e4vande Hylla i 2 delar &#8211; F\u00f6r K\u00f6k och Vardagsrum &#8211; Vit med Naturtr\u00e4 &#8211; Perfekt f\u00f6r Presentation"}]},{"@type":"WebSite","@id":"https:\/\/truusk.store\/sv\/#website","url":"https:\/\/truusk.store\/sv\/","name":"TRUUSK - Hem, Tr\u00e4dg\u00e5rd & Fritid","description":"","publisher":{"@id":"https:\/\/truusk.store\/sv\/#organization"},"potentialAction":[{"@type":"SearchAction","target":{"@type":"EntryPoint","urlTemplate":"https:\/\/truusk.store\/sv\/?s={search_term_string}"},"query-input":{"@type":"PropertyValueSpecification","valueRequired":true,"valueName":"search_term_string"}}],"inLanguage":"sv-SE"},{"@type":"Organization","@id":"https:\/\/truusk.store\/sv\/#organization","name":"TRUUSK - Hem, Tr\u00e4dg\u00e5rd & Fritid","url":"https:\/\/truusk.store\/sv\/","logo":{"@type":"ImageObject","inLanguage":"sv-SE","@id":"https:\/\/truusk.store\/sv\/#\/schema\/logo\/image\/","url":"https:\/\/i0.wp.com\/truusk.store\/wp-content\/uploads\/2026\/03\/cropped-TRUUSK.png?fit=2032%2C917&ssl=1","contentUrl":"https:\/\/i0.wp.com\/truusk.store\/wp-content\/uploads\/2026\/03\/cropped-TRUUSK.png?fit=2032%2C917&ssl=1","width":2032,"height":917,"caption":"TRUUSK - Hem, Tr\u00e4dg\u00e5rd & Fritid"},"image":{"@id":"https:\/\/truusk.store\/sv\/#\/schema\/logo\/image\/"}}]}},"jetpack_sharing_enabled":true,"_links":{"self":[{"href":"https:\/\/truusk.store\/sv\/wp-json\/wp\/v2\/product\/97755","targetHints":{"allow":["GET"]}}],"collection":[{"href":"https:\/\/truusk.store\/sv\/wp-json\/wp\/v2\/product"}],"about":[{"href":"https:\/\/truusk.store\/sv\/wp-json\/wp\/v2\/types\/product"}],"wp:featuredmedia":[{"embeddable":true,"href":"https:\/\/truusk.store\/sv\/wp-json\/wp\/v2\/media\/97746"}],"wp:attachment":[{"href":"https:\/\/truusk.store\/sv\/wp-json\/wp\/v2\/media?parent=97755"}],"wp:term":[{"taxonomy":"product_brand","embeddable":true,"href":"https:\/\/truusk.store\/sv\/wp-json\/wp\/v2\/product_brand?post=97755"},{"taxonomy":"product_cat","embeddable":true,"href":"https:\/\/truusk.store\/sv\/wp-json\/wp\/v2\/product_cat?post=97755"},{"taxonomy":"product_tag","embeddable":true,"href":"https:\/\/truusk.store\/sv\/wp-json\/wp\/v2\/product_tag?post=97755"}],"curies":[{"name":"wp","href":"https:\/\/api.w.org\/{rel}","templated":true}]}}