{"id":97768,"date":"2025-12-15T05:19:08","date_gmt":"2025-12-15T04:19:08","guid":{"rendered":"https:\/\/truusk.store\/product\/2-pack-barstolar-vadderade-hoga-stolar-for-koksdisk-hemmabar-ryggstod-fotstod-tygoverdrag-stal-gra\/"},"modified":"2026-03-12T08:49:06","modified_gmt":"2026-03-12T07:49:06","slug":"truusk-2-pack-barstolar-vadderade-hoga-for-koksdisk-hemmabar-gra-tygoverdrag","status":"publish","type":"product","link":"https:\/\/truusk.store\/sv\/produkt\/truusk-2-pack-barstolar-vadderade-hoga-for-koksdisk-hemmabar-gra-tygoverdrag\/","title":{"rendered":"TRUUSK 2-pack Barstolar &#8211; Vadderade &#8211; H\u00f6ga &#8211; F\u00f6r K\u00f6ksdisk &#8211; Hemmabar &#8211; Gr\u00e5 &#8211; Tyg\u00f6verdrag"},"content":{"rendered":"<p>Lider du av obekv\u00e4ma sittm\u00f6bler? S\u00e5 snart ryggsm\u00e4rtor b\u00f6rjar, verkar din k\u00f6ks\u00f6 eller hembar avskr\u00e4ckande. Optimera detta omr\u00e5de i ditt hem med [BRAND NAME] barstolar. L\u00e5t dig sjunka in i de mjuka, h\u00f6gdensitetsskumkuddarna, medan den ergonomiska h\u00f6ga ryggst\u00f6det st\u00f6der dig. Inb\u00e4ddade i mjukt tyg, f\u00f6rvandlar dessa stilfulla k\u00f6ksstolar din disk igen till hj\u00e4rtat av ditt hem.<\/p>\n<p>Beskrivning:<\/p>\n<ul>\n<li> Kl\u00e4dd med mjukt tyg f\u00f6r att f\u00f6rb\u00e4ttra stilen i ditt hem<\/li>\n<li> Bred sits med tjock skum ger exceptionell avkoppling<\/li>\n<li> H\u00f6gt ryggst\u00f6d h\u00e5ller dig st\u00f6dd och avslappnad<\/li>\n<li> Robust ram p\u00e5 barstolen b\u00e4r upp till 120 kg f\u00f6r en s\u00e4ker och p\u00e5litlig upplevelse<\/li>\n<li> St\u00e5lben med justerbara fotdynor f\u00f6rblir stabila p\u00e5 oj\u00e4mna golv<\/li>\n<li> Barstolens sitth\u00f6jd p\u00e5 72,5 cm passar perfekt till 100-110 cm h\u00f6ga diskar och k\u00f6ks\u00f6ar<\/li>\n<li> Inbyggd fotst\u00f6d minskar benbelastningen medan du sitter<\/li>\n<li> Snabb och enkel montering kr\u00e4vs<\/li>\n<\/ul>\n<p> Tekniska specifikationer:<\/p>\n<ul>\n<li> F\u00e4rg: Gr\u00e5<\/li>\n<li> Material: Chenille-tyg (100% polyester), st\u00e5l<\/li>\n<li> Totala dimensioner: 45,5B x 48T x 101H cm<\/li>\n<li> Sitsstorlek: 45,5B x 42T x 72,5H cm<\/li>\n<li> Ryggst\u00f6dsstorlek: 39,5L x 30B cm<\/li>\n<li> Kuddtjocklek: 6 cm (sits), 5 cm (rygg)<\/li>\n<li> H\u00f6jd p\u00e5 fotst\u00f6d: (till golvet) 27 cm<\/li>\n<li> Passar f\u00f6r bardiskh\u00f6jd: 100-110 cm<\/li>\n<li> Maximal belastning: 120 kg<\/li>\n<\/ul>\n<p>Leverans inneh\u00e5ller:<\/p>\n<ul>\n<li> 2 x Barstolar<\/li>\n<li> 1 x Handbok<\/li>\n<\/ul>\n","protected":false},"excerpt":{"rendered":"<p>Lider du av obekv\u00e4ma sittm\u00f6bler? S\u00e5 snart ryggsm\u00e4rtor b\u00f6rjar, verkar din k\u00f6ks\u00f6 eller hembar avskr\u00e4ckande. Optimera detta omr\u00e5de i ditt&#8230;<\/p>\n","protected":false},"featured_media":97756,"template":"","meta":[],"product_brand":[],"product_cat":[643,871,889],"product_tag":[],"class_list":{"0":"post-97768","1":"product","2":"type-product","3":"status-publish","4":"has-post-thumbnail","6":"product_cat-barnstolar","7":"product_cat-hus-hem","8":"product_cat-kok-matsal","10":"first","11":"instock","12":"sale","13":"taxable","14":"shipping-taxable","15":"purchasable","16":"product-type-simple"},"yoast_head":"<!-- This site is optimized with the Yoast SEO plugin v25.4 - https:\/\/yoast.com\/wordpress\/plugins\/seo\/ -->\n<title>TRUUSK 2-pack Barstolar - Vadderade - H\u00f6ga - F\u00f6r K\u00f6ksdisk - Hemmabar - Gr\u00e5 - Tyg\u00f6verdrag - TRUUSK - Hem, Tr\u00e4dg\u00e5rd &amp; Fritid<\/title>\n<meta name=\"robots\" content=\"index, follow, max-snippet:-1, max-image-preview:large, max-video-preview:-1\" \/>\n<link rel=\"canonical\" href=\"https:\/\/truusk.store\/sv\/produkt\/truusk-2-pack-barstolar-vadderade-hoga-for-koksdisk-hemmabar-gra-tygoverdrag\/\" \/>\n<meta property=\"og:locale\" content=\"sv_SE\" \/>\n<meta property=\"og:type\" content=\"article\" \/>\n<meta property=\"og:title\" content=\"TRUUSK 2-pack Barstolar - Vadderade - H\u00f6ga - F\u00f6r K\u00f6ksdisk - Hemmabar - Gr\u00e5 - Tyg\u00f6verdrag - TRUUSK - Hem, Tr\u00e4dg\u00e5rd &amp; Fritid\" \/>\n<meta property=\"og:description\" content=\"Lider du av obekv\u00e4ma sittm\u00f6bler? S\u00e5 snart ryggsm\u00e4rtor b\u00f6rjar, verkar din k\u00f6ks\u00f6 eller hembar avskr\u00e4ckande. Optimera detta omr\u00e5de i ditt...\" \/>\n<meta property=\"og:url\" content=\"https:\/\/truusk.store\/sv\/produkt\/truusk-2-pack-barstolar-vadderade-hoga-for-koksdisk-hemmabar-gra-tygoverdrag\/\" \/>\n<meta property=\"og:site_name\" content=\"TRUUSK - Hem, Tr\u00e4dg\u00e5rd &amp; Fritid\" \/>\n<meta property=\"article:modified_time\" content=\"2026-03-12T07:49:06+00:00\" \/>\n<meta property=\"og:image\" content=\"https:\/\/i0.wp.com\/truusk.se\/wp-content\/uploads\/2025\/12\/2-pack-barstolar-vadderade-hoga-stolar-for-koksdisk-hemmabar-ryggstod-fotstod-tygoverdrag-stal-gra-1.webp?fit=2000%2C2000&ssl=1\" \/>\n\t<meta property=\"og:image:width\" content=\"2000\" \/>\n\t<meta property=\"og:image:height\" content=\"2000\" \/>\n\t<meta property=\"og:image:type\" content=\"image\/webp\" \/>\n<meta name=\"twitter:card\" content=\"summary_large_image\" \/>\n<meta name=\"twitter:label1\" content=\"Ber\u00e4knad l\u00e4stid\" \/>\n\t<meta name=\"twitter:data1\" content=\"1 minut\" \/>\n<!-- \/ Yoast SEO plugin. -->","yoast_head_json":{"title":"TRUUSK 2-pack Barstolar - Vadderade - H\u00f6ga - F\u00f6r K\u00f6ksdisk - Hemmabar - Gr\u00e5 - Tyg\u00f6verdrag - TRUUSK - Hem, Tr\u00e4dg\u00e5rd &amp; Fritid","robots":{"index":"index","follow":"follow","max-snippet":"max-snippet:-1","max-image-preview":"max-image-preview:large","max-video-preview":"max-video-preview:-1"},"canonical":"https:\/\/truusk.store\/sv\/produkt\/truusk-2-pack-barstolar-vadderade-hoga-for-koksdisk-hemmabar-gra-tygoverdrag\/","og_locale":"sv_SE","og_type":"article","og_title":"TRUUSK 2-pack Barstolar - Vadderade - H\u00f6ga - F\u00f6r K\u00f6ksdisk - Hemmabar - Gr\u00e5 - Tyg\u00f6verdrag - TRUUSK - Hem, Tr\u00e4dg\u00e5rd &amp; Fritid","og_description":"Lider du av obekv\u00e4ma sittm\u00f6bler? S\u00e5 snart ryggsm\u00e4rtor b\u00f6rjar, verkar din k\u00f6ks\u00f6 eller hembar avskr\u00e4ckande. Optimera detta omr\u00e5de i ditt...","og_url":"https:\/\/truusk.store\/sv\/produkt\/truusk-2-pack-barstolar-vadderade-hoga-for-koksdisk-hemmabar-gra-tygoverdrag\/","og_site_name":"TRUUSK - Hem, Tr\u00e4dg\u00e5rd &amp; Fritid","article_modified_time":"2026-03-12T07:49:06+00:00","og_image":[{"width":2000,"height":2000,"url":"https:\/\/i0.wp.com\/truusk.se\/wp-content\/uploads\/2025\/12\/2-pack-barstolar-vadderade-hoga-stolar-for-koksdisk-hemmabar-ryggstod-fotstod-tygoverdrag-stal-gra-1.webp?fit=2000%2C2000&ssl=1","type":"image\/webp"}],"twitter_card":"summary_large_image","twitter_misc":{"Ber\u00e4knad l\u00e4stid":"1 minut"},"schema":{"@context":"https:\/\/schema.org","@graph":[{"@type":"WebPage","@id":"https:\/\/truusk.store\/sv\/produkt\/truusk-2-pack-barstolar-vadderade-hoga-for-koksdisk-hemmabar-gra-tygoverdrag\/","url":"https:\/\/truusk.store\/sv\/produkt\/truusk-2-pack-barstolar-vadderade-hoga-for-koksdisk-hemmabar-gra-tygoverdrag\/","name":"TRUUSK 2-pack Barstolar - Vadderade - H\u00f6ga - F\u00f6r K\u00f6ksdisk - Hemmabar - Gr\u00e5 - Tyg\u00f6verdrag - TRUUSK - Hem, Tr\u00e4dg\u00e5rd &amp; Fritid","isPartOf":{"@id":"https:\/\/truusk.store\/sv\/#website"},"primaryImageOfPage":{"@id":"https:\/\/truusk.store\/sv\/produkt\/truusk-2-pack-barstolar-vadderade-hoga-for-koksdisk-hemmabar-gra-tygoverdrag\/#primaryimage"},"image":{"@id":"https:\/\/truusk.store\/sv\/produkt\/truusk-2-pack-barstolar-vadderade-hoga-for-koksdisk-hemmabar-gra-tygoverdrag\/#primaryimage"},"thumbnailUrl":"https:\/\/i0.wp.com\/truusk.store\/wp-content\/uploads\/2025\/12\/2-pack-barstolar-vadderade-hoga-stolar-for-koksdisk-hemmabar-ryggstod-fotstod-tygoverdrag-stal-gra-1.webp?fit=2000%2C2000&ssl=1","datePublished":"2025-12-15T04:19:08+00:00","dateModified":"2026-03-12T07:49:06+00:00","breadcrumb":{"@id":"https:\/\/truusk.store\/sv\/produkt\/truusk-2-pack-barstolar-vadderade-hoga-for-koksdisk-hemmabar-gra-tygoverdrag\/#breadcrumb"},"inLanguage":"sv-SE","potentialAction":[{"@type":"ReadAction","target":["https:\/\/truusk.store\/sv\/produkt\/truusk-2-pack-barstolar-vadderade-hoga-for-koksdisk-hemmabar-gra-tygoverdrag\/"]}]},{"@type":"ImageObject","inLanguage":"sv-SE","@id":"https:\/\/truusk.store\/sv\/produkt\/truusk-2-pack-barstolar-vadderade-hoga-for-koksdisk-hemmabar-gra-tygoverdrag\/#primaryimage","url":"https:\/\/i0.wp.com\/truusk.store\/wp-content\/uploads\/2025\/12\/2-pack-barstolar-vadderade-hoga-stolar-for-koksdisk-hemmabar-ryggstod-fotstod-tygoverdrag-stal-gra-1.webp?fit=2000%2C2000&ssl=1","contentUrl":"https:\/\/i0.wp.com\/truusk.store\/wp-content\/uploads\/2025\/12\/2-pack-barstolar-vadderade-hoga-stolar-for-koksdisk-hemmabar-ryggstod-fotstod-tygoverdrag-stal-gra-1.webp?fit=2000%2C2000&ssl=1","width":2000,"height":2000},{"@type":"BreadcrumbList","@id":"https:\/\/truusk.store\/sv\/produkt\/truusk-2-pack-barstolar-vadderade-hoga-for-koksdisk-hemmabar-gra-tygoverdrag\/#breadcrumb","itemListElement":[{"@type":"ListItem","position":1,"name":"Home","item":"https:\/\/truusk.store\/sv\/"},{"@type":"ListItem","position":2,"name":"Shop","item":"https:\/\/truusk.store\/shop\/"},{"@type":"ListItem","position":3,"name":"TRUUSK 2-pack Barstolar &#8211; Vadderade &#8211; H\u00f6ga &#8211; F\u00f6r K\u00f6ksdisk &#8211; Hemmabar &#8211; Gr\u00e5 &#8211; Tyg\u00f6verdrag"}]},{"@type":"WebSite","@id":"https:\/\/truusk.store\/sv\/#website","url":"https:\/\/truusk.store\/sv\/","name":"TRUUSK - Hem, Tr\u00e4dg\u00e5rd & Fritid","description":"","publisher":{"@id":"https:\/\/truusk.store\/sv\/#organization"},"potentialAction":[{"@type":"SearchAction","target":{"@type":"EntryPoint","urlTemplate":"https:\/\/truusk.store\/sv\/?s={search_term_string}"},"query-input":{"@type":"PropertyValueSpecification","valueRequired":true,"valueName":"search_term_string"}}],"inLanguage":"sv-SE"},{"@type":"Organization","@id":"https:\/\/truusk.store\/sv\/#organization","name":"TRUUSK - Hem, Tr\u00e4dg\u00e5rd & Fritid","url":"https:\/\/truusk.store\/sv\/","logo":{"@type":"ImageObject","inLanguage":"sv-SE","@id":"https:\/\/truusk.store\/sv\/#\/schema\/logo\/image\/","url":"https:\/\/i0.wp.com\/truusk.store\/wp-content\/uploads\/2026\/03\/cropped-TRUUSK.png?fit=2032%2C917&ssl=1","contentUrl":"https:\/\/i0.wp.com\/truusk.store\/wp-content\/uploads\/2026\/03\/cropped-TRUUSK.png?fit=2032%2C917&ssl=1","width":2032,"height":917,"caption":"TRUUSK - Hem, Tr\u00e4dg\u00e5rd & Fritid"},"image":{"@id":"https:\/\/truusk.store\/sv\/#\/schema\/logo\/image\/"}}]}},"jetpack_sharing_enabled":true,"_links":{"self":[{"href":"https:\/\/truusk.store\/sv\/wp-json\/wp\/v2\/product\/97768","targetHints":{"allow":["GET"]}}],"collection":[{"href":"https:\/\/truusk.store\/sv\/wp-json\/wp\/v2\/product"}],"about":[{"href":"https:\/\/truusk.store\/sv\/wp-json\/wp\/v2\/types\/product"}],"wp:featuredmedia":[{"embeddable":true,"href":"https:\/\/truusk.store\/sv\/wp-json\/wp\/v2\/media\/97756"}],"wp:attachment":[{"href":"https:\/\/truusk.store\/sv\/wp-json\/wp\/v2\/media?parent=97768"}],"wp:term":[{"taxonomy":"product_brand","embeddable":true,"href":"https:\/\/truusk.store\/sv\/wp-json\/wp\/v2\/product_brand?post=97768"},{"taxonomy":"product_cat","embeddable":true,"href":"https:\/\/truusk.store\/sv\/wp-json\/wp\/v2\/product_cat?post=97768"},{"taxonomy":"product_tag","embeddable":true,"href":"https:\/\/truusk.store\/sv\/wp-json\/wp\/v2\/product_tag?post=97768"}],"curies":[{"name":"wp","href":"https:\/\/api.w.org\/{rel}","templated":true}]}}