{"id":97775,"date":"2025-12-15T05:19:49","date_gmt":"2025-12-15T04:19:49","guid":{"rendered":"https:\/\/truusk.store\/product\/smalt-badrumsskap-badskap-med-4-hjul-3-lador-5-oppna-fack-20x40x80cm-vit\/"},"modified":"2026-03-12T08:49:10","modified_gmt":"2026-03-12T07:49:10","slug":"truusk-badrumsskap-med-4-hjul-3-lador-5-oppna-fack-20x40x80cm-vit","status":"publish","type":"product","link":"https:\/\/truusk.store\/sv\/produkt\/truusk-badrumsskap-med-4-hjul-3-lador-5-oppna-fack-20x40x80cm-vit\/","title":{"rendered":"TRUUSK Badrumssk\u00e5p med 4 Hjul &#8211; 3 L\u00e5dor &#8211; 5 \u00f6ppna Fack &#8211; 20x40x80cm &#8211; Vit"},"content":{"rendered":"<p>Ett st\u00f6kigt badrum kan g\u00f6ra det sv\u00e5rt att starta dagen. [BRAND NAME] badrumssk\u00e5p erbjuder med sina tre l\u00e5dor och fem \u00f6ppna fack en genomt\u00e4nkt l\u00f6sning f\u00f6r dina kosmetika och handdukar. Tack vare dess utrymmesbesparande design passar badrumssk\u00e5pet perfekt i tr\u00e5nga nischer och skapar en ordnad atmosf\u00e4r. Tillverkat av milj\u00f6v\u00e4nliga material \u00e4r f\u00f6rvaringssk\u00e5pet h\u00e5llbart och fuktresistent, vilket g\u00f6r det idealiskt f\u00f6r fuktiga badrum.<\/p>\n<p>Beskrivning:<\/p>\n<ul>\n<li> Badrumssk\u00e5pet erbjuder flexibel f\u00f6rvaring med tre l\u00e5dor och fem \u00f6ppna fack, idealiskt f\u00f6r att organisera badrumsartiklar<\/li>\n<li> Badrumssk\u00e5pet passar perfekt i tr\u00e5nga utrymmen, med en storlek p\u00e5 20B x 40D x 80H cm, idealiskt f\u00f6r sm\u00e5 l\u00e4genheter<\/li>\n<li> Tillverkat av sp\u00e5nskiva \u00e4r det multifunktionella sk\u00e5pet h\u00e5llbart och fuktresistent<\/li>\n<li> Fyra hjul, varav tv\u00e5 med bromsar, m\u00f6jligg\u00f6r enkel r\u00f6relse och stabilitet<\/li>\n<li> Den enkla vita designen p\u00e5 f\u00f6rvaringssk\u00e5pet sm\u00e4lter s\u00f6ml\u00f6st in i olika inredningsstilar<\/li>\n<li> Montering kr\u00e4vs<\/li>\n<\/ul>\n<p> Tekniska specifikationer:<\/p>\n<ul>\n<li> F\u00e4rg: Vit<\/li>\n<li> Material: Sp\u00e5nskiva<\/li>\n<li> Totala dimensioner: 20B x 40D x 80H cm<\/li>\n<li> Inre storlek p\u00e5 l\u00e5dan: 13B x 13,8D x 11,5H cm (varje)<\/li>\n<li> Storlek p\u00e5 det stora \u00f6ppna hyllan: 18,2L x 18,8B x 15,8H cm (varje)<\/li>\n<li> Storlek p\u00e5 det \u00f6ppna hyllan: (liten) 11B x 18,8D x 18,4\/17,6\/17,1H cm<\/li>\n<li> Golv till golv h\u00f6jd: 5 cm<\/li>\n<li> Maximal belastning: 8 kg (totalt), 1 kg (varje hylla)<\/li>\n<\/ul>\n<p>Leverans inneh\u00e5ller:<\/p>\n<ul>\n<li> 1 x Badrumsf\u00f6rvaringsenhet<\/li>\n<li> 1 x Bruksanvisning<\/li>\n<\/ul>\n","protected":false},"excerpt":{"rendered":"<p>Ett st\u00f6kigt badrum kan g\u00f6ra det sv\u00e5rt att starta dagen. [BRAND NAME] badrumssk\u00e5p erbjuder med sina tre l\u00e5dor och fem&#8230;<\/p>\n","protected":false},"featured_media":97763,"template":"","meta":[],"product_brand":[],"product_cat":[915,535,871],"product_tag":[],"class_list":{"0":"post-97775","1":"product","2":"type-product","3":"status-publish","4":"has-post-thumbnail","6":"product_cat-badrum","7":"product_cat-badrumsskap","8":"product_cat-hus-hem","10":"first","11":"instock","12":"sale","13":"taxable","14":"shipping-taxable","15":"purchasable","16":"product-type-simple"},"yoast_head":"<!-- This site is optimized with the Yoast SEO plugin v25.4 - https:\/\/yoast.com\/wordpress\/plugins\/seo\/ -->\n<title>TRUUSK Badrumssk\u00e5p med 4 Hjul - 3 L\u00e5dor - 5 \u00f6ppna Fack - 20x40x80cm - Vit - TRUUSK - Hem, Tr\u00e4dg\u00e5rd &amp; Fritid<\/title>\n<meta name=\"robots\" content=\"index, follow, max-snippet:-1, max-image-preview:large, max-video-preview:-1\" \/>\n<link rel=\"canonical\" href=\"https:\/\/truusk.store\/sv\/produkt\/truusk-badrumsskap-med-4-hjul-3-lador-5-oppna-fack-20x40x80cm-vit\/\" \/>\n<meta property=\"og:locale\" content=\"sv_SE\" \/>\n<meta property=\"og:type\" content=\"article\" \/>\n<meta property=\"og:title\" content=\"TRUUSK Badrumssk\u00e5p med 4 Hjul - 3 L\u00e5dor - 5 \u00f6ppna Fack - 20x40x80cm - Vit - TRUUSK - Hem, Tr\u00e4dg\u00e5rd &amp; Fritid\" \/>\n<meta property=\"og:description\" content=\"Ett st\u00f6kigt badrum kan g\u00f6ra det sv\u00e5rt att starta dagen. [BRAND NAME] badrumssk\u00e5p erbjuder med sina tre l\u00e5dor och fem...\" \/>\n<meta property=\"og:url\" content=\"https:\/\/truusk.store\/sv\/produkt\/truusk-badrumsskap-med-4-hjul-3-lador-5-oppna-fack-20x40x80cm-vit\/\" \/>\n<meta property=\"og:site_name\" content=\"TRUUSK - Hem, Tr\u00e4dg\u00e5rd &amp; Fritid\" \/>\n<meta property=\"article:modified_time\" content=\"2026-03-12T07:49:10+00:00\" \/>\n<meta property=\"og:image\" content=\"https:\/\/i0.wp.com\/truusk.se\/wp-content\/uploads\/2025\/12\/smalt-badrumsskap-badskap-med-4-hjul-3-lador-5-oppna-fack-20x40x80cm-vit-1.webp?fit=2000%2C2000&ssl=1\" \/>\n\t<meta property=\"og:image:width\" content=\"2000\" \/>\n\t<meta property=\"og:image:height\" content=\"2000\" \/>\n\t<meta property=\"og:image:type\" content=\"image\/webp\" \/>\n<meta name=\"twitter:card\" content=\"summary_large_image\" \/>\n<meta name=\"twitter:label1\" content=\"Ber\u00e4knad l\u00e4stid\" \/>\n\t<meta name=\"twitter:data1\" content=\"1 minut\" \/>\n<!-- \/ Yoast SEO plugin. -->","yoast_head_json":{"title":"TRUUSK Badrumssk\u00e5p med 4 Hjul - 3 L\u00e5dor - 5 \u00f6ppna Fack - 20x40x80cm - Vit - TRUUSK - Hem, Tr\u00e4dg\u00e5rd &amp; Fritid","robots":{"index":"index","follow":"follow","max-snippet":"max-snippet:-1","max-image-preview":"max-image-preview:large","max-video-preview":"max-video-preview:-1"},"canonical":"https:\/\/truusk.store\/sv\/produkt\/truusk-badrumsskap-med-4-hjul-3-lador-5-oppna-fack-20x40x80cm-vit\/","og_locale":"sv_SE","og_type":"article","og_title":"TRUUSK Badrumssk\u00e5p med 4 Hjul - 3 L\u00e5dor - 5 \u00f6ppna Fack - 20x40x80cm - Vit - TRUUSK - Hem, Tr\u00e4dg\u00e5rd &amp; Fritid","og_description":"Ett st\u00f6kigt badrum kan g\u00f6ra det sv\u00e5rt att starta dagen. [BRAND NAME] badrumssk\u00e5p erbjuder med sina tre l\u00e5dor och fem...","og_url":"https:\/\/truusk.store\/sv\/produkt\/truusk-badrumsskap-med-4-hjul-3-lador-5-oppna-fack-20x40x80cm-vit\/","og_site_name":"TRUUSK - Hem, Tr\u00e4dg\u00e5rd &amp; Fritid","article_modified_time":"2026-03-12T07:49:10+00:00","og_image":[{"width":2000,"height":2000,"url":"https:\/\/i0.wp.com\/truusk.se\/wp-content\/uploads\/2025\/12\/smalt-badrumsskap-badskap-med-4-hjul-3-lador-5-oppna-fack-20x40x80cm-vit-1.webp?fit=2000%2C2000&ssl=1","type":"image\/webp"}],"twitter_card":"summary_large_image","twitter_misc":{"Ber\u00e4knad l\u00e4stid":"1 minut"},"schema":{"@context":"https:\/\/schema.org","@graph":[{"@type":"WebPage","@id":"https:\/\/truusk.store\/sv\/produkt\/truusk-badrumsskap-med-4-hjul-3-lador-5-oppna-fack-20x40x80cm-vit\/","url":"https:\/\/truusk.store\/sv\/produkt\/truusk-badrumsskap-med-4-hjul-3-lador-5-oppna-fack-20x40x80cm-vit\/","name":"TRUUSK Badrumssk\u00e5p med 4 Hjul - 3 L\u00e5dor - 5 \u00f6ppna Fack - 20x40x80cm - Vit - TRUUSK - Hem, Tr\u00e4dg\u00e5rd &amp; Fritid","isPartOf":{"@id":"https:\/\/truusk.store\/sv\/#website"},"primaryImageOfPage":{"@id":"https:\/\/truusk.store\/sv\/produkt\/truusk-badrumsskap-med-4-hjul-3-lador-5-oppna-fack-20x40x80cm-vit\/#primaryimage"},"image":{"@id":"https:\/\/truusk.store\/sv\/produkt\/truusk-badrumsskap-med-4-hjul-3-lador-5-oppna-fack-20x40x80cm-vit\/#primaryimage"},"thumbnailUrl":"https:\/\/i0.wp.com\/truusk.store\/wp-content\/uploads\/2025\/12\/smalt-badrumsskap-badskap-med-4-hjul-3-lador-5-oppna-fack-20x40x80cm-vit-1.webp?fit=2000%2C2000&ssl=1","datePublished":"2025-12-15T04:19:49+00:00","dateModified":"2026-03-12T07:49:10+00:00","breadcrumb":{"@id":"https:\/\/truusk.store\/sv\/produkt\/truusk-badrumsskap-med-4-hjul-3-lador-5-oppna-fack-20x40x80cm-vit\/#breadcrumb"},"inLanguage":"sv-SE","potentialAction":[{"@type":"ReadAction","target":["https:\/\/truusk.store\/sv\/produkt\/truusk-badrumsskap-med-4-hjul-3-lador-5-oppna-fack-20x40x80cm-vit\/"]}]},{"@type":"ImageObject","inLanguage":"sv-SE","@id":"https:\/\/truusk.store\/sv\/produkt\/truusk-badrumsskap-med-4-hjul-3-lador-5-oppna-fack-20x40x80cm-vit\/#primaryimage","url":"https:\/\/i0.wp.com\/truusk.store\/wp-content\/uploads\/2025\/12\/smalt-badrumsskap-badskap-med-4-hjul-3-lador-5-oppna-fack-20x40x80cm-vit-1.webp?fit=2000%2C2000&ssl=1","contentUrl":"https:\/\/i0.wp.com\/truusk.store\/wp-content\/uploads\/2025\/12\/smalt-badrumsskap-badskap-med-4-hjul-3-lador-5-oppna-fack-20x40x80cm-vit-1.webp?fit=2000%2C2000&ssl=1","width":2000,"height":2000},{"@type":"BreadcrumbList","@id":"https:\/\/truusk.store\/sv\/produkt\/truusk-badrumsskap-med-4-hjul-3-lador-5-oppna-fack-20x40x80cm-vit\/#breadcrumb","itemListElement":[{"@type":"ListItem","position":1,"name":"Home","item":"https:\/\/truusk.store\/sv\/"},{"@type":"ListItem","position":2,"name":"Shop","item":"https:\/\/truusk.store\/shop\/"},{"@type":"ListItem","position":3,"name":"TRUUSK Badrumssk\u00e5p med 4 Hjul &#8211; 3 L\u00e5dor &#8211; 5 \u00f6ppna Fack &#8211; 20x40x80cm &#8211; Vit"}]},{"@type":"WebSite","@id":"https:\/\/truusk.store\/sv\/#website","url":"https:\/\/truusk.store\/sv\/","name":"TRUUSK - Hem, Tr\u00e4dg\u00e5rd & Fritid","description":"","publisher":{"@id":"https:\/\/truusk.store\/sv\/#organization"},"potentialAction":[{"@type":"SearchAction","target":{"@type":"EntryPoint","urlTemplate":"https:\/\/truusk.store\/sv\/?s={search_term_string}"},"query-input":{"@type":"PropertyValueSpecification","valueRequired":true,"valueName":"search_term_string"}}],"inLanguage":"sv-SE"},{"@type":"Organization","@id":"https:\/\/truusk.store\/sv\/#organization","name":"TRUUSK - Hem, Tr\u00e4dg\u00e5rd & Fritid","url":"https:\/\/truusk.store\/sv\/","logo":{"@type":"ImageObject","inLanguage":"sv-SE","@id":"https:\/\/truusk.store\/sv\/#\/schema\/logo\/image\/","url":"https:\/\/i0.wp.com\/truusk.store\/wp-content\/uploads\/2026\/03\/cropped-TRUUSK.png?fit=2032%2C917&ssl=1","contentUrl":"https:\/\/i0.wp.com\/truusk.store\/wp-content\/uploads\/2026\/03\/cropped-TRUUSK.png?fit=2032%2C917&ssl=1","width":2032,"height":917,"caption":"TRUUSK - Hem, Tr\u00e4dg\u00e5rd & Fritid"},"image":{"@id":"https:\/\/truusk.store\/sv\/#\/schema\/logo\/image\/"}}]}},"jetpack_sharing_enabled":true,"_links":{"self":[{"href":"https:\/\/truusk.store\/sv\/wp-json\/wp\/v2\/product\/97775","targetHints":{"allow":["GET"]}}],"collection":[{"href":"https:\/\/truusk.store\/sv\/wp-json\/wp\/v2\/product"}],"about":[{"href":"https:\/\/truusk.store\/sv\/wp-json\/wp\/v2\/types\/product"}],"wp:featuredmedia":[{"embeddable":true,"href":"https:\/\/truusk.store\/sv\/wp-json\/wp\/v2\/media\/97763"}],"wp:attachment":[{"href":"https:\/\/truusk.store\/sv\/wp-json\/wp\/v2\/media?parent=97775"}],"wp:term":[{"taxonomy":"product_brand","embeddable":true,"href":"https:\/\/truusk.store\/sv\/wp-json\/wp\/v2\/product_brand?post=97775"},{"taxonomy":"product_cat","embeddable":true,"href":"https:\/\/truusk.store\/sv\/wp-json\/wp\/v2\/product_cat?post=97775"},{"taxonomy":"product_tag","embeddable":true,"href":"https:\/\/truusk.store\/sv\/wp-json\/wp\/v2\/product_tag?post=97775"}],"curies":[{"name":"wp","href":"https:\/\/api.w.org\/{rel}","templated":true}]}}