{"id":97785,"date":"2025-12-15T05:20:52","date_gmt":"2025-12-15T04:20:52","guid":{"rendered":"https:\/\/truusk.store\/product\/140-cm-tv-stativ-tv-bank-6-fack-2-glashyllor-spanskiva-vit\/"},"modified":"2026-03-12T08:49:11","modified_gmt":"2026-03-12T07:49:11","slug":"truusk-tv-stativ-med-bank-6-fack-2-glashyllor-spanskiva-vit","status":"publish","type":"product","link":"https:\/\/truusk.store\/sv\/produkt\/truusk-tv-stativ-med-bank-6-fack-2-glashyllor-spanskiva-vit\/","title":{"rendered":"TRUUSK TV-stativ med b\u00e4nk &#8211; 6 fack &#8211; 2 glashyllor &#8211; Sp\u00e5nskiva &#8211; Vit"},"content":{"rendered":"<p>St\u00f6rd av ett st\u00f6kigt, dystert vardagsrum som f\u00f6rst\u00f6r dina filmkv\u00e4llar? R\u00f6ran av konsoler och enheter st\u00f6r den \u00f6nskade rena, moderna looken. F\u00f6rvandla ditt utrymme med [BRAND NAME] TV-sk\u00e5p. Dess str\u00e5lande vita yta och speciella fack skapar ordning och ljusstyrka och skapar en fredlig underh\u00e5llningsoas f\u00f6r din 65-tums sk\u00e4rm. Se fram emot ett organiserat och underbart avslappnat vardagsrum.<\/p>\n<p>Beskrivning:<\/p>\n<ul>\n<li> Den 140 cm l\u00e5nga TV-b\u00e4nken rymmer TV-apparater upp till 65 tum, f\u00f6r optimal visning<\/li>\n<li> Sex fack h\u00e5ller spelkonsoler, enheter och media snyggt organiserade<\/li>\n<li> 39 cm h\u00f6ga sidofack \u00e4r designade f\u00f6r att rymma h\u00f6ga konsoler eller dekorationer<\/li>\n<li> FSC-certifierat sp\u00e5nskivematerial i TV-b\u00e4nken garanterar h\u00e5llbarhet och h\u00e5llbarhet<\/li>\n<li> Stabil st\u00e5fot med halkfria fotdynor f\u00f6rhindrar vackling och \u00f6kar s\u00e4kerheten<\/li>\n<li> Melaminbel\u00e4ggning \u00e4r rept\u00e5lig och underl\u00e4ttar snabb och enkel reng\u00f6ring<\/li>\n<li> Ljus yta med glashyllor f\u00f6rb\u00e4ttrar den moderna, luftiga inredningen<\/li>\n<li> Enkel montering kr\u00e4vs<\/li>\n<\/ul>\n<p> Tekniska data:<\/p>\n<ul>\n<li> F\u00e4rg: Vit<\/li>\n<li> Material: Sp\u00e5nskiva, Glas<\/li>\n<li> Totala dimensioner: 140B x 35T x 42,5H cm<\/li>\n<li> Hyllstorlek: 31B x 26T x 39H cm (Sida), 41,5B x 31T x 19,7H cm (Mitten)<\/li>\n<li> Maximal belastning: 10 kg (Ovan), 5 kg (Hylla), 50 kg (Totalt)<\/li>\n<\/ul>\n<p>Leveransinneh\u00e5ll:<\/p>\n<ul>\n<li> 1 x TV-st\u00e4ll<\/li>\n<li> 1 x Bruksanvisning<\/li>\n<\/ul>\n","protected":false},"excerpt":{"rendered":"<p>St\u00f6rd av ett st\u00f6kigt, dystert vardagsrum som f\u00f6rst\u00f6r dina filmkv\u00e4llar? R\u00f6ran av konsoler och enheter st\u00f6r den \u00f6nskade rena, moderna&#8230;<\/p>\n","protected":false},"featured_media":97776,"template":"","meta":[],"product_brand":[],"product_cat":[871,1007,910],"product_tag":[],"class_list":{"0":"post-97785","1":"product","2":"type-product","3":"status-publish","4":"has-post-thumbnail","6":"product_cat-hus-hem","7":"product_cat-tv-mobler","8":"product_cat-vardagsrum","10":"first","11":"instock","12":"sale","13":"taxable","14":"shipping-taxable","15":"purchasable","16":"product-type-simple"},"yoast_head":"<!-- This site is optimized with the Yoast SEO plugin v25.4 - https:\/\/yoast.com\/wordpress\/plugins\/seo\/ -->\n<title>TRUUSK TV-stativ med b\u00e4nk - 6 fack - 2 glashyllor - Sp\u00e5nskiva - Vit - TRUUSK - Hem, Tr\u00e4dg\u00e5rd &amp; Fritid<\/title>\n<meta name=\"robots\" content=\"index, follow, max-snippet:-1, max-image-preview:large, max-video-preview:-1\" \/>\n<link rel=\"canonical\" href=\"https:\/\/truusk.store\/sv\/produkt\/truusk-tv-stativ-med-bank-6-fack-2-glashyllor-spanskiva-vit\/\" \/>\n<meta property=\"og:locale\" content=\"sv_SE\" \/>\n<meta property=\"og:type\" content=\"article\" \/>\n<meta property=\"og:title\" content=\"TRUUSK TV-stativ med b\u00e4nk - 6 fack - 2 glashyllor - Sp\u00e5nskiva - Vit - TRUUSK - Hem, Tr\u00e4dg\u00e5rd &amp; Fritid\" \/>\n<meta property=\"og:description\" content=\"St\u00f6rd av ett st\u00f6kigt, dystert vardagsrum som f\u00f6rst\u00f6r dina filmkv\u00e4llar? R\u00f6ran av konsoler och enheter st\u00f6r den \u00f6nskade rena, moderna...\" \/>\n<meta property=\"og:url\" content=\"https:\/\/truusk.store\/sv\/produkt\/truusk-tv-stativ-med-bank-6-fack-2-glashyllor-spanskiva-vit\/\" \/>\n<meta property=\"og:site_name\" content=\"TRUUSK - Hem, Tr\u00e4dg\u00e5rd &amp; Fritid\" \/>\n<meta property=\"article:modified_time\" content=\"2026-03-12T07:49:11+00:00\" \/>\n<meta property=\"og:image\" content=\"https:\/\/i0.wp.com\/truusk.se\/wp-content\/uploads\/2025\/12\/140-cm-tv-stativ-tv-bank-6-fack-2-glashyllor-spanskiva-vit-1.webp?fit=2000%2C2000&ssl=1\" \/>\n\t<meta property=\"og:image:width\" content=\"2000\" \/>\n\t<meta property=\"og:image:height\" content=\"2000\" \/>\n\t<meta property=\"og:image:type\" content=\"image\/webp\" \/>\n<meta name=\"twitter:card\" content=\"summary_large_image\" \/>\n<meta name=\"twitter:label1\" content=\"Ber\u00e4knad l\u00e4stid\" \/>\n\t<meta name=\"twitter:data1\" content=\"1 minut\" \/>\n<!-- \/ Yoast SEO plugin. -->","yoast_head_json":{"title":"TRUUSK TV-stativ med b\u00e4nk - 6 fack - 2 glashyllor - Sp\u00e5nskiva - Vit - TRUUSK - Hem, Tr\u00e4dg\u00e5rd &amp; Fritid","robots":{"index":"index","follow":"follow","max-snippet":"max-snippet:-1","max-image-preview":"max-image-preview:large","max-video-preview":"max-video-preview:-1"},"canonical":"https:\/\/truusk.store\/sv\/produkt\/truusk-tv-stativ-med-bank-6-fack-2-glashyllor-spanskiva-vit\/","og_locale":"sv_SE","og_type":"article","og_title":"TRUUSK TV-stativ med b\u00e4nk - 6 fack - 2 glashyllor - Sp\u00e5nskiva - Vit - TRUUSK - Hem, Tr\u00e4dg\u00e5rd &amp; Fritid","og_description":"St\u00f6rd av ett st\u00f6kigt, dystert vardagsrum som f\u00f6rst\u00f6r dina filmkv\u00e4llar? R\u00f6ran av konsoler och enheter st\u00f6r den \u00f6nskade rena, moderna...","og_url":"https:\/\/truusk.store\/sv\/produkt\/truusk-tv-stativ-med-bank-6-fack-2-glashyllor-spanskiva-vit\/","og_site_name":"TRUUSK - Hem, Tr\u00e4dg\u00e5rd &amp; Fritid","article_modified_time":"2026-03-12T07:49:11+00:00","og_image":[{"width":2000,"height":2000,"url":"https:\/\/i0.wp.com\/truusk.se\/wp-content\/uploads\/2025\/12\/140-cm-tv-stativ-tv-bank-6-fack-2-glashyllor-spanskiva-vit-1.webp?fit=2000%2C2000&ssl=1","type":"image\/webp"}],"twitter_card":"summary_large_image","twitter_misc":{"Ber\u00e4knad l\u00e4stid":"1 minut"},"schema":{"@context":"https:\/\/schema.org","@graph":[{"@type":"WebPage","@id":"https:\/\/truusk.store\/sv\/produkt\/truusk-tv-stativ-med-bank-6-fack-2-glashyllor-spanskiva-vit\/","url":"https:\/\/truusk.store\/sv\/produkt\/truusk-tv-stativ-med-bank-6-fack-2-glashyllor-spanskiva-vit\/","name":"TRUUSK TV-stativ med b\u00e4nk - 6 fack - 2 glashyllor - Sp\u00e5nskiva - Vit - TRUUSK - Hem, Tr\u00e4dg\u00e5rd &amp; Fritid","isPartOf":{"@id":"https:\/\/truusk.store\/sv\/#website"},"primaryImageOfPage":{"@id":"https:\/\/truusk.store\/sv\/produkt\/truusk-tv-stativ-med-bank-6-fack-2-glashyllor-spanskiva-vit\/#primaryimage"},"image":{"@id":"https:\/\/truusk.store\/sv\/produkt\/truusk-tv-stativ-med-bank-6-fack-2-glashyllor-spanskiva-vit\/#primaryimage"},"thumbnailUrl":"https:\/\/i0.wp.com\/truusk.store\/wp-content\/uploads\/2025\/12\/140-cm-tv-stativ-tv-bank-6-fack-2-glashyllor-spanskiva-vit-1.webp?fit=2000%2C2000&ssl=1","datePublished":"2025-12-15T04:20:52+00:00","dateModified":"2026-03-12T07:49:11+00:00","breadcrumb":{"@id":"https:\/\/truusk.store\/sv\/produkt\/truusk-tv-stativ-med-bank-6-fack-2-glashyllor-spanskiva-vit\/#breadcrumb"},"inLanguage":"sv-SE","potentialAction":[{"@type":"ReadAction","target":["https:\/\/truusk.store\/sv\/produkt\/truusk-tv-stativ-med-bank-6-fack-2-glashyllor-spanskiva-vit\/"]}]},{"@type":"ImageObject","inLanguage":"sv-SE","@id":"https:\/\/truusk.store\/sv\/produkt\/truusk-tv-stativ-med-bank-6-fack-2-glashyllor-spanskiva-vit\/#primaryimage","url":"https:\/\/i0.wp.com\/truusk.store\/wp-content\/uploads\/2025\/12\/140-cm-tv-stativ-tv-bank-6-fack-2-glashyllor-spanskiva-vit-1.webp?fit=2000%2C2000&ssl=1","contentUrl":"https:\/\/i0.wp.com\/truusk.store\/wp-content\/uploads\/2025\/12\/140-cm-tv-stativ-tv-bank-6-fack-2-glashyllor-spanskiva-vit-1.webp?fit=2000%2C2000&ssl=1","width":2000,"height":2000},{"@type":"BreadcrumbList","@id":"https:\/\/truusk.store\/sv\/produkt\/truusk-tv-stativ-med-bank-6-fack-2-glashyllor-spanskiva-vit\/#breadcrumb","itemListElement":[{"@type":"ListItem","position":1,"name":"Home","item":"https:\/\/truusk.store\/sv\/"},{"@type":"ListItem","position":2,"name":"Shop","item":"https:\/\/truusk.store\/shop\/"},{"@type":"ListItem","position":3,"name":"TRUUSK TV-stativ med b\u00e4nk &#8211; 6 fack &#8211; 2 glashyllor &#8211; Sp\u00e5nskiva &#8211; Vit"}]},{"@type":"WebSite","@id":"https:\/\/truusk.store\/sv\/#website","url":"https:\/\/truusk.store\/sv\/","name":"TRUUSK - Hem, Tr\u00e4dg\u00e5rd & Fritid","description":"","publisher":{"@id":"https:\/\/truusk.store\/sv\/#organization"},"potentialAction":[{"@type":"SearchAction","target":{"@type":"EntryPoint","urlTemplate":"https:\/\/truusk.store\/sv\/?s={search_term_string}"},"query-input":{"@type":"PropertyValueSpecification","valueRequired":true,"valueName":"search_term_string"}}],"inLanguage":"sv-SE"},{"@type":"Organization","@id":"https:\/\/truusk.store\/sv\/#organization","name":"TRUUSK - Hem, Tr\u00e4dg\u00e5rd & Fritid","url":"https:\/\/truusk.store\/sv\/","logo":{"@type":"ImageObject","inLanguage":"sv-SE","@id":"https:\/\/truusk.store\/sv\/#\/schema\/logo\/image\/","url":"https:\/\/i0.wp.com\/truusk.store\/wp-content\/uploads\/2026\/03\/cropped-TRUUSK.png?fit=2032%2C917&ssl=1","contentUrl":"https:\/\/i0.wp.com\/truusk.store\/wp-content\/uploads\/2026\/03\/cropped-TRUUSK.png?fit=2032%2C917&ssl=1","width":2032,"height":917,"caption":"TRUUSK - Hem, Tr\u00e4dg\u00e5rd & Fritid"},"image":{"@id":"https:\/\/truusk.store\/sv\/#\/schema\/logo\/image\/"}}]}},"jetpack_sharing_enabled":true,"_links":{"self":[{"href":"https:\/\/truusk.store\/sv\/wp-json\/wp\/v2\/product\/97785","targetHints":{"allow":["GET"]}}],"collection":[{"href":"https:\/\/truusk.store\/sv\/wp-json\/wp\/v2\/product"}],"about":[{"href":"https:\/\/truusk.store\/sv\/wp-json\/wp\/v2\/types\/product"}],"wp:featuredmedia":[{"embeddable":true,"href":"https:\/\/truusk.store\/sv\/wp-json\/wp\/v2\/media\/97776"}],"wp:attachment":[{"href":"https:\/\/truusk.store\/sv\/wp-json\/wp\/v2\/media?parent=97785"}],"wp:term":[{"taxonomy":"product_brand","embeddable":true,"href":"https:\/\/truusk.store\/sv\/wp-json\/wp\/v2\/product_brand?post=97785"},{"taxonomy":"product_cat","embeddable":true,"href":"https:\/\/truusk.store\/sv\/wp-json\/wp\/v2\/product_cat?post=97785"},{"taxonomy":"product_tag","embeddable":true,"href":"https:\/\/truusk.store\/sv\/wp-json\/wp\/v2\/product_tag?post=97785"}],"curies":[{"name":"wp","href":"https:\/\/api.w.org\/{rel}","templated":true}]}}