{"id":97805,"date":"2025-12-15T05:22:43","date_gmt":"2025-12-15T04:22:43","guid":{"rendered":"https:\/\/truusk.store\/product\/byra-med-3-lador-for-vardagsrum-sovrum-hall-spanskiva-vit\/"},"modified":"2026-03-12T08:49:13","modified_gmt":"2026-03-12T07:49:13","slug":"truusk-byra-med-3-lador-for-vardagsrum-sovrum-hall-spanskiva-vit","status":"publish","type":"product","link":"https:\/\/truusk.store\/sv\/produkt\/truusk-byra-med-3-lador-for-vardagsrum-sovrum-hall-spanskiva-vit\/","title":{"rendered":"TRUUSK Byr\u00e5 Med 3 L\u00e5dor &#8211; F\u00f6r Vardagsrum, Sovrum, Hall &#8211; Sp\u00e5nskiva &#8211; Vit"},"content":{"rendered":"<p>B\u00f6rja dagen organiserat och utan anstr\u00e4ngning: Den handtagsl\u00f6sa [BRAND NAME] byr\u00e5n organiserar kl\u00e4der och tillbeh\u00f6r i tre smidiga l\u00e5dor. Sneda kanter underl\u00e4ttar \u00f6ppningen. Dess rent vita design ger ett modernt, fr\u00e4scht utseende och passar utm\u00e4rkt i sovrum, korridorer, vardagsrum eller g\u00e4strum och skapar lugn och komfort i vardagen.<\/p>\n<p>Beskrivning:<\/p>\n<ul>\n<li> Tre l\u00e5dor i l\u00e5dsk\u00e5pet erbjuder organiserat f\u00f6rvaringsutrymme f\u00f6r kl\u00e4der, tillbeh\u00f6r och n\u00f6dv\u00e4ndigheter<\/li>\n<li> Sneda \u00f6vre kanter m\u00f6jligg\u00f6r en smidig och anstr\u00e4ngningsl\u00f6s \u00f6ppning varje g\u00e5ng<\/li>\n<li> Den handtagsl\u00f6sa designen p\u00e5 byr\u00e5n i rent vitt ger dina rum en fr\u00e4sch, modern och luftig k\u00e4nsla<\/li>\n<li> FSC-certifierad sp\u00e5nskiva f\u00f6r tillf\u00f6rlitlighet och h\u00e5llbarhet<\/li>\n<li> Tippskydd och halkfria fotdynor ger stabilitet och skydd f\u00f6r golvet<\/li>\n<li> M\u00e5ngsidig stil passar i sovrummet, korridoren, vardagsrummet eller g\u00e4strummet<\/li>\n<li> Enkel montering kr\u00e4vs<\/li>\n<\/ul>\n<p> Tekniska data:<\/p>\n<ul>\n<li> F\u00e4rg: Vit<\/li>\n<li> Material: Sp\u00e5nskiva<\/li>\n<li> Totala dimensioner: 60B x 40T x 79H cm<\/li>\n<li> Inre storlek p\u00e5 l\u00e5dan: 52,8B x 33,7T x 10,3H cm<\/li>\n<li> Maximal belastning: 25 kg (totalt), 10 kg (bordsskiva), 5 kg (l\u00e5da)<\/li>\n<\/ul>\n<p>Leveransinneh\u00e5ll:<\/p>\n<ul>\n<li> 1 x Byr\u00e5<\/li>\n<li> 1 x Handbok<\/li>\n<\/ul>\n","protected":false},"excerpt":{"rendered":"<p>B\u00f6rja dagen organiserat och utan anstr\u00e4ngning: Den handtagsl\u00f6sa [BRAND NAME] byr\u00e5n organiserar kl\u00e4der och tillbeh\u00f6r i tre smidiga l\u00e5dor. Sneda&#8230;<\/p>\n","protected":false},"featured_media":97794,"template":"","meta":[],"product_brand":[],"product_cat":[956,871,910],"product_tag":[],"class_list":{"0":"post-97805","1":"product","2":"type-product","3":"status-publish","4":"has-post-thumbnail","6":"product_cat-byraer-sideboards","7":"product_cat-hus-hem","8":"product_cat-vardagsrum","10":"first","11":"instock","12":"sale","13":"taxable","14":"shipping-taxable","15":"purchasable","16":"product-type-simple"},"yoast_head":"<!-- This site is optimized with the Yoast SEO plugin v25.4 - https:\/\/yoast.com\/wordpress\/plugins\/seo\/ -->\n<title>TRUUSK Byr\u00e5 Med 3 L\u00e5dor - F\u00f6r Vardagsrum, Sovrum, Hall - Sp\u00e5nskiva - Vit - TRUUSK - Hem, Tr\u00e4dg\u00e5rd &amp; Fritid<\/title>\n<meta name=\"robots\" content=\"index, follow, max-snippet:-1, max-image-preview:large, max-video-preview:-1\" \/>\n<link rel=\"canonical\" href=\"https:\/\/truusk.store\/sv\/produkt\/truusk-byra-med-3-lador-for-vardagsrum-sovrum-hall-spanskiva-vit\/\" \/>\n<meta property=\"og:locale\" content=\"sv_SE\" \/>\n<meta property=\"og:type\" content=\"article\" \/>\n<meta property=\"og:title\" content=\"TRUUSK Byr\u00e5 Med 3 L\u00e5dor - F\u00f6r Vardagsrum, Sovrum, Hall - Sp\u00e5nskiva - Vit - TRUUSK - Hem, Tr\u00e4dg\u00e5rd &amp; Fritid\" \/>\n<meta property=\"og:description\" content=\"B\u00f6rja dagen organiserat och utan anstr\u00e4ngning: Den handtagsl\u00f6sa [BRAND NAME] byr\u00e5n organiserar kl\u00e4der och tillbeh\u00f6r i tre smidiga l\u00e5dor. Sneda...\" \/>\n<meta property=\"og:url\" content=\"https:\/\/truusk.store\/sv\/produkt\/truusk-byra-med-3-lador-for-vardagsrum-sovrum-hall-spanskiva-vit\/\" \/>\n<meta property=\"og:site_name\" content=\"TRUUSK - Hem, Tr\u00e4dg\u00e5rd &amp; Fritid\" \/>\n<meta property=\"article:modified_time\" content=\"2026-03-12T07:49:13+00:00\" \/>\n<meta property=\"og:image\" content=\"https:\/\/i0.wp.com\/truusk.se\/wp-content\/uploads\/2025\/12\/byra-med-3-lador-for-vardagsrum-sovrum-hall-spanskiva-vit-1.webp?fit=2000%2C2000&ssl=1\" \/>\n\t<meta property=\"og:image:width\" content=\"2000\" \/>\n\t<meta property=\"og:image:height\" content=\"2000\" \/>\n\t<meta property=\"og:image:type\" content=\"image\/webp\" \/>\n<meta name=\"twitter:card\" content=\"summary_large_image\" \/>\n<meta name=\"twitter:label1\" content=\"Ber\u00e4knad l\u00e4stid\" \/>\n\t<meta name=\"twitter:data1\" content=\"1 minut\" \/>\n<!-- \/ Yoast SEO plugin. -->","yoast_head_json":{"title":"TRUUSK Byr\u00e5 Med 3 L\u00e5dor - F\u00f6r Vardagsrum, Sovrum, Hall - Sp\u00e5nskiva - Vit - TRUUSK - Hem, Tr\u00e4dg\u00e5rd &amp; Fritid","robots":{"index":"index","follow":"follow","max-snippet":"max-snippet:-1","max-image-preview":"max-image-preview:large","max-video-preview":"max-video-preview:-1"},"canonical":"https:\/\/truusk.store\/sv\/produkt\/truusk-byra-med-3-lador-for-vardagsrum-sovrum-hall-spanskiva-vit\/","og_locale":"sv_SE","og_type":"article","og_title":"TRUUSK Byr\u00e5 Med 3 L\u00e5dor - F\u00f6r Vardagsrum, Sovrum, Hall - Sp\u00e5nskiva - Vit - TRUUSK - Hem, Tr\u00e4dg\u00e5rd &amp; Fritid","og_description":"B\u00f6rja dagen organiserat och utan anstr\u00e4ngning: Den handtagsl\u00f6sa [BRAND NAME] byr\u00e5n organiserar kl\u00e4der och tillbeh\u00f6r i tre smidiga l\u00e5dor. Sneda...","og_url":"https:\/\/truusk.store\/sv\/produkt\/truusk-byra-med-3-lador-for-vardagsrum-sovrum-hall-spanskiva-vit\/","og_site_name":"TRUUSK - Hem, Tr\u00e4dg\u00e5rd &amp; Fritid","article_modified_time":"2026-03-12T07:49:13+00:00","og_image":[{"width":2000,"height":2000,"url":"https:\/\/i0.wp.com\/truusk.se\/wp-content\/uploads\/2025\/12\/byra-med-3-lador-for-vardagsrum-sovrum-hall-spanskiva-vit-1.webp?fit=2000%2C2000&ssl=1","type":"image\/webp"}],"twitter_card":"summary_large_image","twitter_misc":{"Ber\u00e4knad l\u00e4stid":"1 minut"},"schema":{"@context":"https:\/\/schema.org","@graph":[{"@type":"WebPage","@id":"https:\/\/truusk.store\/sv\/produkt\/truusk-byra-med-3-lador-for-vardagsrum-sovrum-hall-spanskiva-vit\/","url":"https:\/\/truusk.store\/sv\/produkt\/truusk-byra-med-3-lador-for-vardagsrum-sovrum-hall-spanskiva-vit\/","name":"TRUUSK Byr\u00e5 Med 3 L\u00e5dor - F\u00f6r Vardagsrum, Sovrum, Hall - Sp\u00e5nskiva - Vit - TRUUSK - Hem, Tr\u00e4dg\u00e5rd &amp; Fritid","isPartOf":{"@id":"https:\/\/truusk.store\/sv\/#website"},"primaryImageOfPage":{"@id":"https:\/\/truusk.store\/sv\/produkt\/truusk-byra-med-3-lador-for-vardagsrum-sovrum-hall-spanskiva-vit\/#primaryimage"},"image":{"@id":"https:\/\/truusk.store\/sv\/produkt\/truusk-byra-med-3-lador-for-vardagsrum-sovrum-hall-spanskiva-vit\/#primaryimage"},"thumbnailUrl":"https:\/\/i0.wp.com\/truusk.store\/wp-content\/uploads\/2025\/12\/byra-med-3-lador-for-vardagsrum-sovrum-hall-spanskiva-vit-1.webp?fit=2000%2C2000&ssl=1","datePublished":"2025-12-15T04:22:43+00:00","dateModified":"2026-03-12T07:49:13+00:00","breadcrumb":{"@id":"https:\/\/truusk.store\/sv\/produkt\/truusk-byra-med-3-lador-for-vardagsrum-sovrum-hall-spanskiva-vit\/#breadcrumb"},"inLanguage":"sv-SE","potentialAction":[{"@type":"ReadAction","target":["https:\/\/truusk.store\/sv\/produkt\/truusk-byra-med-3-lador-for-vardagsrum-sovrum-hall-spanskiva-vit\/"]}]},{"@type":"ImageObject","inLanguage":"sv-SE","@id":"https:\/\/truusk.store\/sv\/produkt\/truusk-byra-med-3-lador-for-vardagsrum-sovrum-hall-spanskiva-vit\/#primaryimage","url":"https:\/\/i0.wp.com\/truusk.store\/wp-content\/uploads\/2025\/12\/byra-med-3-lador-for-vardagsrum-sovrum-hall-spanskiva-vit-1.webp?fit=2000%2C2000&ssl=1","contentUrl":"https:\/\/i0.wp.com\/truusk.store\/wp-content\/uploads\/2025\/12\/byra-med-3-lador-for-vardagsrum-sovrum-hall-spanskiva-vit-1.webp?fit=2000%2C2000&ssl=1","width":2000,"height":2000},{"@type":"BreadcrumbList","@id":"https:\/\/truusk.store\/sv\/produkt\/truusk-byra-med-3-lador-for-vardagsrum-sovrum-hall-spanskiva-vit\/#breadcrumb","itemListElement":[{"@type":"ListItem","position":1,"name":"Home","item":"https:\/\/truusk.store\/sv\/"},{"@type":"ListItem","position":2,"name":"Shop","item":"https:\/\/truusk.store\/shop\/"},{"@type":"ListItem","position":3,"name":"TRUUSK Byr\u00e5 Med 3 L\u00e5dor &#8211; F\u00f6r Vardagsrum, Sovrum, Hall &#8211; Sp\u00e5nskiva &#8211; Vit"}]},{"@type":"WebSite","@id":"https:\/\/truusk.store\/sv\/#website","url":"https:\/\/truusk.store\/sv\/","name":"TRUUSK - Hem, Tr\u00e4dg\u00e5rd & Fritid","description":"","publisher":{"@id":"https:\/\/truusk.store\/sv\/#organization"},"potentialAction":[{"@type":"SearchAction","target":{"@type":"EntryPoint","urlTemplate":"https:\/\/truusk.store\/sv\/?s={search_term_string}"},"query-input":{"@type":"PropertyValueSpecification","valueRequired":true,"valueName":"search_term_string"}}],"inLanguage":"sv-SE"},{"@type":"Organization","@id":"https:\/\/truusk.store\/sv\/#organization","name":"TRUUSK - Hem, Tr\u00e4dg\u00e5rd & Fritid","url":"https:\/\/truusk.store\/sv\/","logo":{"@type":"ImageObject","inLanguage":"sv-SE","@id":"https:\/\/truusk.store\/sv\/#\/schema\/logo\/image\/","url":"https:\/\/i0.wp.com\/truusk.store\/wp-content\/uploads\/2026\/03\/cropped-TRUUSK.png?fit=2032%2C917&ssl=1","contentUrl":"https:\/\/i0.wp.com\/truusk.store\/wp-content\/uploads\/2026\/03\/cropped-TRUUSK.png?fit=2032%2C917&ssl=1","width":2032,"height":917,"caption":"TRUUSK - Hem, Tr\u00e4dg\u00e5rd & Fritid"},"image":{"@id":"https:\/\/truusk.store\/sv\/#\/schema\/logo\/image\/"}}]}},"jetpack_sharing_enabled":true,"_links":{"self":[{"href":"https:\/\/truusk.store\/sv\/wp-json\/wp\/v2\/product\/97805","targetHints":{"allow":["GET"]}}],"collection":[{"href":"https:\/\/truusk.store\/sv\/wp-json\/wp\/v2\/product"}],"about":[{"href":"https:\/\/truusk.store\/sv\/wp-json\/wp\/v2\/types\/product"}],"wp:featuredmedia":[{"embeddable":true,"href":"https:\/\/truusk.store\/sv\/wp-json\/wp\/v2\/media\/97794"}],"wp:attachment":[{"href":"https:\/\/truusk.store\/sv\/wp-json\/wp\/v2\/media?parent=97805"}],"wp:term":[{"taxonomy":"product_brand","embeddable":true,"href":"https:\/\/truusk.store\/sv\/wp-json\/wp\/v2\/product_brand?post=97805"},{"taxonomy":"product_cat","embeddable":true,"href":"https:\/\/truusk.store\/sv\/wp-json\/wp\/v2\/product_cat?post=97805"},{"taxonomy":"product_tag","embeddable":true,"href":"https:\/\/truusk.store\/sv\/wp-json\/wp\/v2\/product_tag?post=97805"}],"curies":[{"name":"wp","href":"https:\/\/api.w.org\/{rel}","templated":true}]}}