{"id":97825,"date":"2025-12-15T05:25:12","date_gmt":"2025-12-15T04:25:12","guid":{"rendered":"https:\/\/truusk.store\/product\/2-sits-soffa-knappad-ryggstod-traben-tjock-stoppning-linneutseende-for-sma-utrymmen-beige\/"},"modified":"2026-03-12T08:50:13","modified_gmt":"2026-03-12T07:50:13","slug":"truusk-2-sits-soffa-med-knappad-ryggstod-traben-tjock-stoppning-linneutseende-for-sma-utrymmen-beige","status":"publish","type":"product","link":"https:\/\/truusk.store\/sv\/produkt\/truusk-2-sits-soffa-med-knappad-ryggstod-traben-tjock-stoppning-linneutseende-for-sma-utrymmen-beige\/","title":{"rendered":"TRUUSK 2-sits Soffa med Knappad Ryggst\u00f6d &#8211; Tr\u00e4ben &#8211; Tjock Stoppning &#8211; Linneutseende &#8211; F\u00f6r Sm\u00e5 Utrymmen &#8211; Beige"},"content":{"rendered":"<p>S\u00f6ker du stilfulla sittplatser f\u00f6r sm\u00e5 utrymmen? En stor soffa l\u00e4mnar lite utrymme f\u00f6r mys och lugn. [BRAND NAME] 2-sits soffa g\u00f6r sm\u00e5 omr\u00e5den till en inbjudande oas. Den dubbla stoppningen av soffan med fj\u00e4drar och en ram av gummitr\u00e4 ger djup komfort och stabil st\u00f6d. Denna kompakta soffa kombinerar bekv\u00e4mlighet och smart design och erbjuder en v\u00e4lkommen sittplats f\u00f6r dig och dina g\u00e4ster.<\/p>\n<p>Beskrivning:<\/p>\n<ul>\n<li> Dess kompakta bredd p\u00e5 118 cm passar s\u00f6ml\u00f6st in i l\u00e4genheter eller mindre utrymmen<\/li>\n<li> Tjock, dubbelskiktad stoppning av tv\u00e5sits soffa med fickfj\u00e4drar ger utm\u00e4rkt st\u00f6d som f\u00f6rhindrar att den sjunker ihop<\/li>\n<li> Soffans linne-liknande tyg \u00e4r andningsbart och hudv\u00e4nligt<\/li>\n<li> En modern, knappad ryggst\u00f6d passar till olika inredningsstilar<\/li>\n<li> Benen av gummitr\u00e4 b\u00e4r upp till 220 kg<\/li>\n<li> Justerbara fotdynor h\u00e5ller soffan stabil och vackelfri p\u00e5 oj\u00e4mna golv<\/li>\n<li> Montering kr\u00e4vs<\/li>\n<\/ul>\n<p> Tekniska data:<\/p>\n<ul>\n<li> F\u00e4rg: Beige<\/li>\n<li> Material: Linne-liknande tyg (100% polyester), skum, gummitr\u00e4, flerskiktsplatta<\/li>\n<li> Totala dimensioner: 118B x 68T x 90H cm<\/li>\n<li> Sitsstorlek: 118B x 49T x 48H cm<\/li>\n<li> Ryggst\u00f6dsstorlek: 116B x 44H cm<\/li>\n<li> Tjocklek: 13 cm (sits), 11 cm (rygg)<\/li>\n<li> Maximal belastning: 220 kg<\/li>\n<\/ul>\n<p>Ing\u00e5r:<\/p>\n<ul>\n<li> 1 x 2-sits soffa<\/li>\n<li> 1 x handbok<\/li>\n<\/ul>\n","protected":false},"excerpt":{"rendered":"<p>S\u00f6ker du stilfulla sittplatser f\u00f6r sm\u00e5 utrymmen? En stor soffa l\u00e4mnar lite utrymme f\u00f6r mys och lugn. [BRAND NAME] 2-sits&#8230;<\/p>\n","protected":false},"featured_media":97814,"template":"","meta":[],"product_brand":[],"product_cat":[871,937,910,974],"product_tag":[],"class_list":{"0":"post-97825","1":"product","2":"type-product","3":"status-publish","4":"has-post-thumbnail","6":"product_cat-hus-hem","7":"product_cat-soffor","8":"product_cat-vardagsrum","9":"product_cat-zweisitzer","11":"first","12":"instock","13":"sale","14":"taxable","15":"shipping-taxable","16":"purchasable","17":"product-type-simple"},"yoast_head":"<!-- This site is optimized with the Yoast SEO plugin v25.4 - https:\/\/yoast.com\/wordpress\/plugins\/seo\/ -->\n<title>TRUUSK 2-sits Soffa med Knappad Ryggst\u00f6d - Tr\u00e4ben - Tjock Stoppning - Linneutseende - F\u00f6r Sm\u00e5 Utrymmen - Beige - TRUUSK - Hem, Tr\u00e4dg\u00e5rd &amp; Fritid<\/title>\n<meta name=\"robots\" content=\"index, follow, max-snippet:-1, max-image-preview:large, max-video-preview:-1\" \/>\n<link rel=\"canonical\" href=\"https:\/\/truusk.store\/sv\/produkt\/truusk-2-sits-soffa-med-knappad-ryggstod-traben-tjock-stoppning-linneutseende-for-sma-utrymmen-beige\/\" \/>\n<meta property=\"og:locale\" content=\"sv_SE\" \/>\n<meta property=\"og:type\" content=\"article\" \/>\n<meta property=\"og:title\" content=\"TRUUSK 2-sits Soffa med Knappad Ryggst\u00f6d - Tr\u00e4ben - Tjock Stoppning - Linneutseende - F\u00f6r Sm\u00e5 Utrymmen - Beige - TRUUSK - Hem, Tr\u00e4dg\u00e5rd &amp; Fritid\" \/>\n<meta property=\"og:description\" content=\"S\u00f6ker du stilfulla sittplatser f\u00f6r sm\u00e5 utrymmen? En stor soffa l\u00e4mnar lite utrymme f\u00f6r mys och lugn. [BRAND NAME] 2-sits...\" \/>\n<meta property=\"og:url\" content=\"https:\/\/truusk.store\/sv\/produkt\/truusk-2-sits-soffa-med-knappad-ryggstod-traben-tjock-stoppning-linneutseende-for-sma-utrymmen-beige\/\" \/>\n<meta property=\"og:site_name\" content=\"TRUUSK - Hem, Tr\u00e4dg\u00e5rd &amp; Fritid\" \/>\n<meta property=\"article:modified_time\" content=\"2026-03-12T07:50:13+00:00\" \/>\n<meta property=\"og:image\" content=\"https:\/\/i0.wp.com\/truusk.se\/wp-content\/uploads\/2025\/12\/2-sits-soffa-knappad-ryggstod-traben-tjock-stoppning-linneutseende-for-sma-utrymmen-beige-1.webp?fit=2000%2C2000&ssl=1\" \/>\n\t<meta property=\"og:image:width\" content=\"2000\" \/>\n\t<meta property=\"og:image:height\" content=\"2000\" \/>\n\t<meta property=\"og:image:type\" content=\"image\/webp\" \/>\n<meta name=\"twitter:card\" content=\"summary_large_image\" \/>\n<meta name=\"twitter:label1\" content=\"Ber\u00e4knad l\u00e4stid\" \/>\n\t<meta name=\"twitter:data1\" content=\"1 minut\" \/>\n<!-- \/ Yoast SEO plugin. -->","yoast_head_json":{"title":"TRUUSK 2-sits Soffa med Knappad Ryggst\u00f6d - Tr\u00e4ben - Tjock Stoppning - Linneutseende - F\u00f6r Sm\u00e5 Utrymmen - Beige - TRUUSK - Hem, Tr\u00e4dg\u00e5rd &amp; Fritid","robots":{"index":"index","follow":"follow","max-snippet":"max-snippet:-1","max-image-preview":"max-image-preview:large","max-video-preview":"max-video-preview:-1"},"canonical":"https:\/\/truusk.store\/sv\/produkt\/truusk-2-sits-soffa-med-knappad-ryggstod-traben-tjock-stoppning-linneutseende-for-sma-utrymmen-beige\/","og_locale":"sv_SE","og_type":"article","og_title":"TRUUSK 2-sits Soffa med Knappad Ryggst\u00f6d - Tr\u00e4ben - Tjock Stoppning - Linneutseende - F\u00f6r Sm\u00e5 Utrymmen - Beige - TRUUSK - Hem, Tr\u00e4dg\u00e5rd &amp; Fritid","og_description":"S\u00f6ker du stilfulla sittplatser f\u00f6r sm\u00e5 utrymmen? En stor soffa l\u00e4mnar lite utrymme f\u00f6r mys och lugn. [BRAND NAME] 2-sits...","og_url":"https:\/\/truusk.store\/sv\/produkt\/truusk-2-sits-soffa-med-knappad-ryggstod-traben-tjock-stoppning-linneutseende-for-sma-utrymmen-beige\/","og_site_name":"TRUUSK - Hem, Tr\u00e4dg\u00e5rd &amp; Fritid","article_modified_time":"2026-03-12T07:50:13+00:00","og_image":[{"width":2000,"height":2000,"url":"https:\/\/i0.wp.com\/truusk.se\/wp-content\/uploads\/2025\/12\/2-sits-soffa-knappad-ryggstod-traben-tjock-stoppning-linneutseende-for-sma-utrymmen-beige-1.webp?fit=2000%2C2000&ssl=1","type":"image\/webp"}],"twitter_card":"summary_large_image","twitter_misc":{"Ber\u00e4knad l\u00e4stid":"1 minut"},"schema":{"@context":"https:\/\/schema.org","@graph":[{"@type":"WebPage","@id":"https:\/\/truusk.store\/sv\/produkt\/truusk-2-sits-soffa-med-knappad-ryggstod-traben-tjock-stoppning-linneutseende-for-sma-utrymmen-beige\/","url":"https:\/\/truusk.store\/sv\/produkt\/truusk-2-sits-soffa-med-knappad-ryggstod-traben-tjock-stoppning-linneutseende-for-sma-utrymmen-beige\/","name":"TRUUSK 2-sits Soffa med Knappad Ryggst\u00f6d - Tr\u00e4ben - Tjock Stoppning - Linneutseende - F\u00f6r Sm\u00e5 Utrymmen - Beige - TRUUSK - Hem, Tr\u00e4dg\u00e5rd &amp; Fritid","isPartOf":{"@id":"https:\/\/truusk.store\/sv\/#website"},"primaryImageOfPage":{"@id":"https:\/\/truusk.store\/sv\/produkt\/truusk-2-sits-soffa-med-knappad-ryggstod-traben-tjock-stoppning-linneutseende-for-sma-utrymmen-beige\/#primaryimage"},"image":{"@id":"https:\/\/truusk.store\/sv\/produkt\/truusk-2-sits-soffa-med-knappad-ryggstod-traben-tjock-stoppning-linneutseende-for-sma-utrymmen-beige\/#primaryimage"},"thumbnailUrl":"https:\/\/i0.wp.com\/truusk.store\/wp-content\/uploads\/2025\/12\/2-sits-soffa-knappad-ryggstod-traben-tjock-stoppning-linneutseende-for-sma-utrymmen-beige-1.webp?fit=2000%2C2000&ssl=1","datePublished":"2025-12-15T04:25:12+00:00","dateModified":"2026-03-12T07:50:13+00:00","breadcrumb":{"@id":"https:\/\/truusk.store\/sv\/produkt\/truusk-2-sits-soffa-med-knappad-ryggstod-traben-tjock-stoppning-linneutseende-for-sma-utrymmen-beige\/#breadcrumb"},"inLanguage":"sv-SE","potentialAction":[{"@type":"ReadAction","target":["https:\/\/truusk.store\/sv\/produkt\/truusk-2-sits-soffa-med-knappad-ryggstod-traben-tjock-stoppning-linneutseende-for-sma-utrymmen-beige\/"]}]},{"@type":"ImageObject","inLanguage":"sv-SE","@id":"https:\/\/truusk.store\/sv\/produkt\/truusk-2-sits-soffa-med-knappad-ryggstod-traben-tjock-stoppning-linneutseende-for-sma-utrymmen-beige\/#primaryimage","url":"https:\/\/i0.wp.com\/truusk.store\/wp-content\/uploads\/2025\/12\/2-sits-soffa-knappad-ryggstod-traben-tjock-stoppning-linneutseende-for-sma-utrymmen-beige-1.webp?fit=2000%2C2000&ssl=1","contentUrl":"https:\/\/i0.wp.com\/truusk.store\/wp-content\/uploads\/2025\/12\/2-sits-soffa-knappad-ryggstod-traben-tjock-stoppning-linneutseende-for-sma-utrymmen-beige-1.webp?fit=2000%2C2000&ssl=1","width":2000,"height":2000},{"@type":"BreadcrumbList","@id":"https:\/\/truusk.store\/sv\/produkt\/truusk-2-sits-soffa-med-knappad-ryggstod-traben-tjock-stoppning-linneutseende-for-sma-utrymmen-beige\/#breadcrumb","itemListElement":[{"@type":"ListItem","position":1,"name":"Home","item":"https:\/\/truusk.store\/sv\/"},{"@type":"ListItem","position":2,"name":"Shop","item":"https:\/\/truusk.store\/shop\/"},{"@type":"ListItem","position":3,"name":"TRUUSK 2-sits Soffa med Knappad Ryggst\u00f6d &#8211; Tr\u00e4ben &#8211; Tjock Stoppning &#8211; Linneutseende &#8211; F\u00f6r Sm\u00e5 Utrymmen &#8211; Beige"}]},{"@type":"WebSite","@id":"https:\/\/truusk.store\/sv\/#website","url":"https:\/\/truusk.store\/sv\/","name":"TRUUSK - Hem, Tr\u00e4dg\u00e5rd & Fritid","description":"","publisher":{"@id":"https:\/\/truusk.store\/sv\/#organization"},"potentialAction":[{"@type":"SearchAction","target":{"@type":"EntryPoint","urlTemplate":"https:\/\/truusk.store\/sv\/?s={search_term_string}"},"query-input":{"@type":"PropertyValueSpecification","valueRequired":true,"valueName":"search_term_string"}}],"inLanguage":"sv-SE"},{"@type":"Organization","@id":"https:\/\/truusk.store\/sv\/#organization","name":"TRUUSK - Hem, Tr\u00e4dg\u00e5rd & Fritid","url":"https:\/\/truusk.store\/sv\/","logo":{"@type":"ImageObject","inLanguage":"sv-SE","@id":"https:\/\/truusk.store\/sv\/#\/schema\/logo\/image\/","url":"https:\/\/i0.wp.com\/truusk.store\/wp-content\/uploads\/2026\/03\/cropped-TRUUSK.png?fit=2032%2C917&ssl=1","contentUrl":"https:\/\/i0.wp.com\/truusk.store\/wp-content\/uploads\/2026\/03\/cropped-TRUUSK.png?fit=2032%2C917&ssl=1","width":2032,"height":917,"caption":"TRUUSK - Hem, Tr\u00e4dg\u00e5rd & Fritid"},"image":{"@id":"https:\/\/truusk.store\/sv\/#\/schema\/logo\/image\/"}}]}},"jetpack_sharing_enabled":true,"_links":{"self":[{"href":"https:\/\/truusk.store\/sv\/wp-json\/wp\/v2\/product\/97825","targetHints":{"allow":["GET"]}}],"collection":[{"href":"https:\/\/truusk.store\/sv\/wp-json\/wp\/v2\/product"}],"about":[{"href":"https:\/\/truusk.store\/sv\/wp-json\/wp\/v2\/types\/product"}],"wp:featuredmedia":[{"embeddable":true,"href":"https:\/\/truusk.store\/sv\/wp-json\/wp\/v2\/media\/97814"}],"wp:attachment":[{"href":"https:\/\/truusk.store\/sv\/wp-json\/wp\/v2\/media?parent=97825"}],"wp:term":[{"taxonomy":"product_brand","embeddable":true,"href":"https:\/\/truusk.store\/sv\/wp-json\/wp\/v2\/product_brand?post=97825"},{"taxonomy":"product_cat","embeddable":true,"href":"https:\/\/truusk.store\/sv\/wp-json\/wp\/v2\/product_cat?post=97825"},{"taxonomy":"product_tag","embeddable":true,"href":"https:\/\/truusk.store\/sv\/wp-json\/wp\/v2\/product_tag?post=97825"}],"curies":[{"name":"wp","href":"https:\/\/api.w.org\/{rel}","templated":true}]}}