{"id":97835,"date":"2025-12-15T05:26:22","date_gmt":"2025-12-15T04:26:22","guid":{"rendered":"https:\/\/truusk.store\/product\/multifunktionell-traningsstation-hemfitnessmaskin-for-over-10-ovningar-vikter-justerbar-fitnessbank-svart\/"},"modified":"2026-03-12T08:50:14","modified_gmt":"2026-03-12T07:50:14","slug":"truusk-multifunktionell-hemfitnessmaskin-for-over-10-ovningar-vikter-justerbar-fitnessbank-svart","status":"publish","type":"product","link":"https:\/\/truusk.store\/sv\/produkt\/truusk-multifunktionell-hemfitnessmaskin-for-over-10-ovningar-vikter-justerbar-fitnessbank-svart\/","title":{"rendered":"TRUUSK Multifunktionell Hemfitnessmaskin &#8211; F\u00f6r \u00f6ver 10 \u00f6vningar &#8211; Vikter &#8211; Justerbar Fitnessb\u00e4nk &#8211; Svart"},"content":{"rendered":"<p>Sv\u00e5rt att passa in en helkroppstr\u00e4ning i din fulla schema? Res- och v\u00e4ntetider p\u00e5 gymmet kan hindra din framsteg. Denna [BRAND NAME] tr\u00e4ningsutrustning f\u00f6r hemmet g\u00f6r ditt utrymme till ett privat gym. Tillverkad av robust st\u00e5l, kombinerar kraftstationen benpress, br\u00f6stpress och mer. Med ett 69 kg justerbart viktset som v\u00e4xer med dina f\u00f6rm\u00e5gor, st\u00e4rker varje tr\u00e4ningspass ditt sj\u00e4lvf\u00f6rtroende och din styrka.<\/p>\n<p>Beskrivning:<\/p>\n<ul>\n<li> Erbjuder \u00f6ver 10 \u00f6vningar f\u00f6r en komplett helkroppstr\u00e4ning hemma<\/li>\n<li> Tillverkad av professionella st\u00e5lr\u00f6r, b\u00e4r kraftstationen upp till 120 kg f\u00f6r \u00f6kad s\u00e4kerhet<\/li>\n<li> Har ett 69 kg justerbart viktblock som utmanar b\u00e5de nyb\u00f6rjare och avancerade<\/li>\n<li> Multi-stationsdesignen g\u00f6r det m\u00f6jligt f\u00f6r flera familjemedlemmar att tr\u00e4na samtidigt<\/li>\n<li> Justerbart s\u00e4te, kuddar och b\u00e4nk p\u00e5 hemmagymmet ger en bekv\u00e4m, individuell passform<\/li>\n<li> Smidiga rullar och skumhandtag p\u00e5 tr\u00e4ningsstationen ger en tyst, behaglig tr\u00e4ningsupplevelse<\/li>\n<li> Montering kr\u00e4vs<\/li>\n<\/ul>\n<p> Tekniska data:<\/p>\n<ul>\n<li> F\u00e4rg: Svart<\/li>\n<li> Material: St\u00e5l, plast<\/li>\n<li> Totala dimensioner: 250L x 183B x 213H cm<\/li>\n<li> St\u00e5ngdimensioner: \u00d83 x 94 cm<\/li>\n<li> Pull-up bar dimensioner: \u00d83 x 102 cm<\/li>\n<li> Sitsdimensioner: (Hantelb\u00e4nk) 33L x 28B x 4,5T cm<\/li>\n<li> Sitsdimensioner: (Sit-up-b\u00e4nk) 33L x 26B x 4,5T cm<\/li>\n<li> B\u00e4rkapacitet: 120 kg<\/li>\n<\/ul>\n<p>Leveransinneh\u00e5ll:<\/p>\n<ul>\n<li> 1 x Multifunktionell tr\u00e4ningsstation<\/li>\n<li> 1 x Bruksanvisning<\/li>\n<li>Viktigt: Vi levererar artikeln gratis till trottoarkanten. Var v\u00e4nlig och se till att adressen och telefonnumret \u00e4r korrekt.<\/li>\n<\/ul>\n","protected":false},"excerpt":{"rendered":"<p>Sv\u00e5rt att passa in en helkroppstr\u00e4ning i din fulla schema? Res- och v\u00e4ntetider p\u00e5 gymmet kan hindra din framsteg. Denna&#8230;<\/p>\n","protected":false},"featured_media":97826,"template":"","meta":[],"product_brand":[],"product_cat":[873,647,665],"product_tag":[],"class_list":{"0":"post-97835","1":"product","2":"type-product","3":"status-publish","4":"has-post-thumbnail","6":"product_cat-fitness-styrketraning","7":"product_cat-sport-fritid","8":"product_cat-styrketraning","10":"first","11":"instock","12":"sale","13":"taxable","14":"shipping-taxable","15":"purchasable","16":"product-type-simple"},"yoast_head":"<!-- This site is optimized with the Yoast SEO plugin v25.4 - https:\/\/yoast.com\/wordpress\/plugins\/seo\/ -->\n<title>TRUUSK Multifunktionell Hemfitnessmaskin - F\u00f6r \u00f6ver 10 \u00f6vningar - Vikter - Justerbar Fitnessb\u00e4nk - Svart - TRUUSK - Hem, Tr\u00e4dg\u00e5rd &amp; Fritid<\/title>\n<meta name=\"robots\" content=\"index, follow, max-snippet:-1, max-image-preview:large, max-video-preview:-1\" \/>\n<link rel=\"canonical\" href=\"https:\/\/truusk.store\/sv\/produkt\/truusk-multifunktionell-hemfitnessmaskin-for-over-10-ovningar-vikter-justerbar-fitnessbank-svart\/\" \/>\n<meta property=\"og:locale\" content=\"sv_SE\" \/>\n<meta property=\"og:type\" content=\"article\" \/>\n<meta property=\"og:title\" content=\"TRUUSK Multifunktionell Hemfitnessmaskin - F\u00f6r \u00f6ver 10 \u00f6vningar - Vikter - Justerbar Fitnessb\u00e4nk - Svart - TRUUSK - Hem, Tr\u00e4dg\u00e5rd &amp; Fritid\" \/>\n<meta property=\"og:description\" content=\"Sv\u00e5rt att passa in en helkroppstr\u00e4ning i din fulla schema? Res- och v\u00e4ntetider p\u00e5 gymmet kan hindra din framsteg. Denna...\" \/>\n<meta property=\"og:url\" content=\"https:\/\/truusk.store\/sv\/produkt\/truusk-multifunktionell-hemfitnessmaskin-for-over-10-ovningar-vikter-justerbar-fitnessbank-svart\/\" \/>\n<meta property=\"og:site_name\" content=\"TRUUSK - Hem, Tr\u00e4dg\u00e5rd &amp; Fritid\" \/>\n<meta property=\"article:modified_time\" content=\"2026-03-12T07:50:14+00:00\" \/>\n<meta property=\"og:image\" content=\"https:\/\/i0.wp.com\/truusk.se\/wp-content\/uploads\/2025\/12\/multifunktionell-traningsstation-hemfitnessmaskin-for-over-10-ovningar-vikter-justerbar-fitnessbank-svart-1.webp?fit=2000%2C2000&ssl=1\" \/>\n\t<meta property=\"og:image:width\" content=\"2000\" \/>\n\t<meta property=\"og:image:height\" content=\"2000\" \/>\n\t<meta property=\"og:image:type\" content=\"image\/webp\" \/>\n<meta name=\"twitter:card\" content=\"summary_large_image\" \/>\n<meta name=\"twitter:label1\" content=\"Ber\u00e4knad l\u00e4stid\" \/>\n\t<meta name=\"twitter:data1\" content=\"1 minut\" \/>\n<!-- \/ Yoast SEO plugin. -->","yoast_head_json":{"title":"TRUUSK Multifunktionell Hemfitnessmaskin - F\u00f6r \u00f6ver 10 \u00f6vningar - Vikter - Justerbar Fitnessb\u00e4nk - Svart - TRUUSK - Hem, Tr\u00e4dg\u00e5rd &amp; Fritid","robots":{"index":"index","follow":"follow","max-snippet":"max-snippet:-1","max-image-preview":"max-image-preview:large","max-video-preview":"max-video-preview:-1"},"canonical":"https:\/\/truusk.store\/sv\/produkt\/truusk-multifunktionell-hemfitnessmaskin-for-over-10-ovningar-vikter-justerbar-fitnessbank-svart\/","og_locale":"sv_SE","og_type":"article","og_title":"TRUUSK Multifunktionell Hemfitnessmaskin - F\u00f6r \u00f6ver 10 \u00f6vningar - Vikter - Justerbar Fitnessb\u00e4nk - Svart - TRUUSK - Hem, Tr\u00e4dg\u00e5rd &amp; Fritid","og_description":"Sv\u00e5rt att passa in en helkroppstr\u00e4ning i din fulla schema? Res- och v\u00e4ntetider p\u00e5 gymmet kan hindra din framsteg. Denna...","og_url":"https:\/\/truusk.store\/sv\/produkt\/truusk-multifunktionell-hemfitnessmaskin-for-over-10-ovningar-vikter-justerbar-fitnessbank-svart\/","og_site_name":"TRUUSK - Hem, Tr\u00e4dg\u00e5rd &amp; Fritid","article_modified_time":"2026-03-12T07:50:14+00:00","og_image":[{"width":2000,"height":2000,"url":"https:\/\/i0.wp.com\/truusk.se\/wp-content\/uploads\/2025\/12\/multifunktionell-traningsstation-hemfitnessmaskin-for-over-10-ovningar-vikter-justerbar-fitnessbank-svart-1.webp?fit=2000%2C2000&ssl=1","type":"image\/webp"}],"twitter_card":"summary_large_image","twitter_misc":{"Ber\u00e4knad l\u00e4stid":"1 minut"},"schema":{"@context":"https:\/\/schema.org","@graph":[{"@type":"WebPage","@id":"https:\/\/truusk.store\/sv\/produkt\/truusk-multifunktionell-hemfitnessmaskin-for-over-10-ovningar-vikter-justerbar-fitnessbank-svart\/","url":"https:\/\/truusk.store\/sv\/produkt\/truusk-multifunktionell-hemfitnessmaskin-for-over-10-ovningar-vikter-justerbar-fitnessbank-svart\/","name":"TRUUSK Multifunktionell Hemfitnessmaskin - F\u00f6r \u00f6ver 10 \u00f6vningar - Vikter - Justerbar Fitnessb\u00e4nk - Svart - TRUUSK - Hem, Tr\u00e4dg\u00e5rd &amp; Fritid","isPartOf":{"@id":"https:\/\/truusk.store\/sv\/#website"},"primaryImageOfPage":{"@id":"https:\/\/truusk.store\/sv\/produkt\/truusk-multifunktionell-hemfitnessmaskin-for-over-10-ovningar-vikter-justerbar-fitnessbank-svart\/#primaryimage"},"image":{"@id":"https:\/\/truusk.store\/sv\/produkt\/truusk-multifunktionell-hemfitnessmaskin-for-over-10-ovningar-vikter-justerbar-fitnessbank-svart\/#primaryimage"},"thumbnailUrl":"https:\/\/i0.wp.com\/truusk.store\/wp-content\/uploads\/2025\/12\/multifunktionell-traningsstation-hemfitnessmaskin-for-over-10-ovningar-vikter-justerbar-fitnessbank-svart-1.webp?fit=2000%2C2000&ssl=1","datePublished":"2025-12-15T04:26:22+00:00","dateModified":"2026-03-12T07:50:14+00:00","breadcrumb":{"@id":"https:\/\/truusk.store\/sv\/produkt\/truusk-multifunktionell-hemfitnessmaskin-for-over-10-ovningar-vikter-justerbar-fitnessbank-svart\/#breadcrumb"},"inLanguage":"sv-SE","potentialAction":[{"@type":"ReadAction","target":["https:\/\/truusk.store\/sv\/produkt\/truusk-multifunktionell-hemfitnessmaskin-for-over-10-ovningar-vikter-justerbar-fitnessbank-svart\/"]}]},{"@type":"ImageObject","inLanguage":"sv-SE","@id":"https:\/\/truusk.store\/sv\/produkt\/truusk-multifunktionell-hemfitnessmaskin-for-over-10-ovningar-vikter-justerbar-fitnessbank-svart\/#primaryimage","url":"https:\/\/i0.wp.com\/truusk.store\/wp-content\/uploads\/2025\/12\/multifunktionell-traningsstation-hemfitnessmaskin-for-over-10-ovningar-vikter-justerbar-fitnessbank-svart-1.webp?fit=2000%2C2000&ssl=1","contentUrl":"https:\/\/i0.wp.com\/truusk.store\/wp-content\/uploads\/2025\/12\/multifunktionell-traningsstation-hemfitnessmaskin-for-over-10-ovningar-vikter-justerbar-fitnessbank-svart-1.webp?fit=2000%2C2000&ssl=1","width":2000,"height":2000},{"@type":"BreadcrumbList","@id":"https:\/\/truusk.store\/sv\/produkt\/truusk-multifunktionell-hemfitnessmaskin-for-over-10-ovningar-vikter-justerbar-fitnessbank-svart\/#breadcrumb","itemListElement":[{"@type":"ListItem","position":1,"name":"Home","item":"https:\/\/truusk.store\/sv\/"},{"@type":"ListItem","position":2,"name":"Shop","item":"https:\/\/truusk.store\/shop\/"},{"@type":"ListItem","position":3,"name":"TRUUSK Multifunktionell Hemfitnessmaskin &#8211; F\u00f6r \u00f6ver 10 \u00f6vningar &#8211; Vikter &#8211; Justerbar Fitnessb\u00e4nk &#8211; Svart"}]},{"@type":"WebSite","@id":"https:\/\/truusk.store\/sv\/#website","url":"https:\/\/truusk.store\/sv\/","name":"TRUUSK - Hem, Tr\u00e4dg\u00e5rd & Fritid","description":"","publisher":{"@id":"https:\/\/truusk.store\/sv\/#organization"},"potentialAction":[{"@type":"SearchAction","target":{"@type":"EntryPoint","urlTemplate":"https:\/\/truusk.store\/sv\/?s={search_term_string}"},"query-input":{"@type":"PropertyValueSpecification","valueRequired":true,"valueName":"search_term_string"}}],"inLanguage":"sv-SE"},{"@type":"Organization","@id":"https:\/\/truusk.store\/sv\/#organization","name":"TRUUSK - Hem, Tr\u00e4dg\u00e5rd & Fritid","url":"https:\/\/truusk.store\/sv\/","logo":{"@type":"ImageObject","inLanguage":"sv-SE","@id":"https:\/\/truusk.store\/sv\/#\/schema\/logo\/image\/","url":"https:\/\/i0.wp.com\/truusk.store\/wp-content\/uploads\/2026\/03\/cropped-TRUUSK.png?fit=2032%2C917&ssl=1","contentUrl":"https:\/\/i0.wp.com\/truusk.store\/wp-content\/uploads\/2026\/03\/cropped-TRUUSK.png?fit=2032%2C917&ssl=1","width":2032,"height":917,"caption":"TRUUSK - Hem, Tr\u00e4dg\u00e5rd & Fritid"},"image":{"@id":"https:\/\/truusk.store\/sv\/#\/schema\/logo\/image\/"}}]}},"jetpack_sharing_enabled":true,"_links":{"self":[{"href":"https:\/\/truusk.store\/sv\/wp-json\/wp\/v2\/product\/97835","targetHints":{"allow":["GET"]}}],"collection":[{"href":"https:\/\/truusk.store\/sv\/wp-json\/wp\/v2\/product"}],"about":[{"href":"https:\/\/truusk.store\/sv\/wp-json\/wp\/v2\/types\/product"}],"wp:featuredmedia":[{"embeddable":true,"href":"https:\/\/truusk.store\/sv\/wp-json\/wp\/v2\/media\/97826"}],"wp:attachment":[{"href":"https:\/\/truusk.store\/sv\/wp-json\/wp\/v2\/media?parent=97835"}],"wp:term":[{"taxonomy":"product_brand","embeddable":true,"href":"https:\/\/truusk.store\/sv\/wp-json\/wp\/v2\/product_brand?post=97835"},{"taxonomy":"product_cat","embeddable":true,"href":"https:\/\/truusk.store\/sv\/wp-json\/wp\/v2\/product_cat?post=97835"},{"taxonomy":"product_tag","embeddable":true,"href":"https:\/\/truusk.store\/sv\/wp-json\/wp\/v2\/product_tag?post=97835"}],"curies":[{"name":"wp","href":"https:\/\/api.w.org\/{rel}","templated":true}]}}