{"id":97849,"date":"2025-12-15T05:27:39","date_gmt":"2025-12-15T04:27:39","guid":{"rendered":"https:\/\/truusk.store\/product\/sminkbord-med-10-led-hollywood-lampor-spegel-7-lador-3-fack-mdf-vit\/"},"modified":"2026-03-12T08:50:16","modified_gmt":"2026-03-12T07:50:16","slug":"truusk-sminkbord-med-10-led-hollywood-lampor-spegel-7-lador-3-fack-mdf-vit","status":"publish","type":"product","link":"https:\/\/truusk.store\/sv\/produkt\/truusk-sminkbord-med-10-led-hollywood-lampor-spegel-7-lador-3-fack-mdf-vit\/","title":{"rendered":"TRUUSK Sminkbord med 10 LED-Hollywood-lampor &#8211; Spegel &#8211; 7 L\u00e5dor &#8211; 3 Fack &#8211; MDF &#8211; Vit"},"content":{"rendered":"<p>Upplev mer ljus varje dag med [BRAND NAME] sminkbord. Tio Hollywood-lampor omger spegeln och erbjuder anpassningsbart ljus &#8211; kallt, naturligt eller varmt &#8211; f\u00f6r varje st\u00e4mning. Tre fack och en l\u00e5ng hylla p\u00e5 den gener\u00f6sa arbetsyta samt sju l\u00e5dor ger perfekt organisation av smink- och hudv\u00e5rdsprodukter. I str\u00e5lande vitt med guldhandtag, ger detta sminkbord en mjuk elegans och charm till varje h\u00f6rn av rummet.<\/p>\n<p>Beskrivning:<\/p>\n<ul>\n<li> 10 Hollywood-lampor omger spegeln f\u00f6r ljus, justerbar belysning<\/li>\n<li> Tre f\u00e4rgl\u00e4gen &#8211; kallt, naturligt eller varmt &#8211; skapar den perfekta st\u00e4mningen n\u00e4r som helst<\/li>\n<li> Rymlig skrivbord med tre fack och en l\u00e5ng hylla h\u00e5ller de viktigaste sakerna snyggt och l\u00e4ttillg\u00e4ngligt<\/li>\n<li> Sju l\u00e5dor i sminkbordet organiserar smink, hudv\u00e5rdsprodukter och tillbeh\u00f6r utan anstr\u00e4ngning<\/li>\n<li> Den helt vita ytan p\u00e5 sminkbordet med guldhandtag ger en mjuk, elegant charm<\/li>\n<li> Fungerar dubbelt som sminkbord eller arbetsbord f\u00f6r m\u00e5ngsidig daglig anv\u00e4ndning<\/li>\n<li> FSC-certifierad MDF med tippskydd f\u00f6r stabilitet<\/li>\n<li> Montering kr\u00e4vs<\/li>\n<\/ul>\n<p> Tekniska data:<\/p>\n<ul>\n<li> F\u00e4rg: Vit<\/li>\n<li> Material: MDF, Glas<\/li>\n<li> Totala dimensioner: 110B x 40T x 150H cm<\/li>\n<li> Spegelstorlek: 49,4B x 0,3T x 57H cm (Mitten), 24B x 0,3T x 54H cm (Sida)<\/li>\n<li> Inre l\u00e5dm\u00e5tt: 44,7B x 28,8T x 7,3H cm (Mitten), 22,7B x 28,8T x 10,3H cm (Sida)<\/li>\n<li> \u00d6ppen fackstorlek: 49,6B x 11T x 10,4H cm (Mitten), 27,6B x 11T x 10,4H cm (Sida)<\/li>\n<li> LED-effekt: 12W<\/li>\n<li> LED-f\u00e4rgtemperatur: 3000K, 4500K, 6500K<\/li>\n<li> Lumen: 20 lm per LED-lampa<\/li>\n<li> Kabell\u00e4ngd: 1,5 m<\/li>\n<li> Maximal belastning: 36 kg (totalt), 15 kg (bordskiva), 3 kg (l\u00e5da)<\/li>\n<\/ul>\n<p>Leveransinneh\u00e5ll:<\/p>\n<ul>\n<li> 1 x Sminkbord<\/li>\n<li> 1 x Handbok<\/li>\n<\/ul>\n","protected":false},"excerpt":{"rendered":"<p>Upplev mer ljus varje dag med [BRAND NAME] sminkbord. Tio Hollywood-lampor omger spegeln och erbjuder anpassningsbart ljus &#8211; kallt, naturligt&#8230;<\/p>\n","protected":false},"featured_media":97836,"template":"","meta":[],"product_brand":[],"product_cat":[871,504,897],"product_tag":[],"class_list":{"0":"post-97849","1":"product","2":"type-product","3":"status-publish","4":"has-post-thumbnail","6":"product_cat-hus-hem","7":"product_cat-sminkbord-speglar","8":"product_cat-sovrum","10":"first","11":"instock","12":"sale","13":"taxable","14":"shipping-taxable","15":"purchasable","16":"product-type-simple"},"yoast_head":"<!-- This site is optimized with the Yoast SEO plugin v25.4 - https:\/\/yoast.com\/wordpress\/plugins\/seo\/ -->\n<title>TRUUSK Sminkbord med 10 LED-Hollywood-lampor - Spegel - 7 L\u00e5dor - 3 Fack - MDF - Vit - TRUUSK - Hem, Tr\u00e4dg\u00e5rd &amp; Fritid<\/title>\n<meta name=\"robots\" content=\"index, follow, max-snippet:-1, max-image-preview:large, max-video-preview:-1\" \/>\n<link rel=\"canonical\" href=\"https:\/\/truusk.store\/sv\/produkt\/truusk-sminkbord-med-10-led-hollywood-lampor-spegel-7-lador-3-fack-mdf-vit\/\" \/>\n<meta property=\"og:locale\" content=\"sv_SE\" \/>\n<meta property=\"og:type\" content=\"article\" \/>\n<meta property=\"og:title\" content=\"TRUUSK Sminkbord med 10 LED-Hollywood-lampor - Spegel - 7 L\u00e5dor - 3 Fack - MDF - Vit - TRUUSK - Hem, Tr\u00e4dg\u00e5rd &amp; Fritid\" \/>\n<meta property=\"og:description\" content=\"Upplev mer ljus varje dag med [BRAND NAME] sminkbord. Tio Hollywood-lampor omger spegeln och erbjuder anpassningsbart ljus &#8211; kallt, naturligt...\" \/>\n<meta property=\"og:url\" content=\"https:\/\/truusk.store\/sv\/produkt\/truusk-sminkbord-med-10-led-hollywood-lampor-spegel-7-lador-3-fack-mdf-vit\/\" \/>\n<meta property=\"og:site_name\" content=\"TRUUSK - Hem, Tr\u00e4dg\u00e5rd &amp; Fritid\" \/>\n<meta property=\"article:modified_time\" content=\"2026-03-12T07:50:16+00:00\" \/>\n<meta property=\"og:image\" content=\"https:\/\/i0.wp.com\/truusk.se\/wp-content\/uploads\/2025\/12\/sminkbord-med-10-led-hollywood-lampor-spegel-7-lador-3-fack-mdf-vit-1.webp?fit=2000%2C2000&ssl=1\" \/>\n\t<meta property=\"og:image:width\" content=\"2000\" \/>\n\t<meta property=\"og:image:height\" content=\"2000\" \/>\n\t<meta property=\"og:image:type\" content=\"image\/webp\" \/>\n<meta name=\"twitter:card\" content=\"summary_large_image\" \/>\n<meta name=\"twitter:label1\" content=\"Ber\u00e4knad l\u00e4stid\" \/>\n\t<meta name=\"twitter:data1\" content=\"1 minut\" \/>\n<!-- \/ Yoast SEO plugin. -->","yoast_head_json":{"title":"TRUUSK Sminkbord med 10 LED-Hollywood-lampor - Spegel - 7 L\u00e5dor - 3 Fack - MDF - Vit - TRUUSK - Hem, Tr\u00e4dg\u00e5rd &amp; Fritid","robots":{"index":"index","follow":"follow","max-snippet":"max-snippet:-1","max-image-preview":"max-image-preview:large","max-video-preview":"max-video-preview:-1"},"canonical":"https:\/\/truusk.store\/sv\/produkt\/truusk-sminkbord-med-10-led-hollywood-lampor-spegel-7-lador-3-fack-mdf-vit\/","og_locale":"sv_SE","og_type":"article","og_title":"TRUUSK Sminkbord med 10 LED-Hollywood-lampor - Spegel - 7 L\u00e5dor - 3 Fack - MDF - Vit - TRUUSK - Hem, Tr\u00e4dg\u00e5rd &amp; Fritid","og_description":"Upplev mer ljus varje dag med [BRAND NAME] sminkbord. Tio Hollywood-lampor omger spegeln och erbjuder anpassningsbart ljus &#8211; kallt, naturligt...","og_url":"https:\/\/truusk.store\/sv\/produkt\/truusk-sminkbord-med-10-led-hollywood-lampor-spegel-7-lador-3-fack-mdf-vit\/","og_site_name":"TRUUSK - Hem, Tr\u00e4dg\u00e5rd &amp; Fritid","article_modified_time":"2026-03-12T07:50:16+00:00","og_image":[{"width":2000,"height":2000,"url":"https:\/\/i0.wp.com\/truusk.se\/wp-content\/uploads\/2025\/12\/sminkbord-med-10-led-hollywood-lampor-spegel-7-lador-3-fack-mdf-vit-1.webp?fit=2000%2C2000&ssl=1","type":"image\/webp"}],"twitter_card":"summary_large_image","twitter_misc":{"Ber\u00e4knad l\u00e4stid":"1 minut"},"schema":{"@context":"https:\/\/schema.org","@graph":[{"@type":"WebPage","@id":"https:\/\/truusk.store\/sv\/produkt\/truusk-sminkbord-med-10-led-hollywood-lampor-spegel-7-lador-3-fack-mdf-vit\/","url":"https:\/\/truusk.store\/sv\/produkt\/truusk-sminkbord-med-10-led-hollywood-lampor-spegel-7-lador-3-fack-mdf-vit\/","name":"TRUUSK Sminkbord med 10 LED-Hollywood-lampor - Spegel - 7 L\u00e5dor - 3 Fack - MDF - Vit - TRUUSK - Hem, Tr\u00e4dg\u00e5rd &amp; Fritid","isPartOf":{"@id":"https:\/\/truusk.store\/sv\/#website"},"primaryImageOfPage":{"@id":"https:\/\/truusk.store\/sv\/produkt\/truusk-sminkbord-med-10-led-hollywood-lampor-spegel-7-lador-3-fack-mdf-vit\/#primaryimage"},"image":{"@id":"https:\/\/truusk.store\/sv\/produkt\/truusk-sminkbord-med-10-led-hollywood-lampor-spegel-7-lador-3-fack-mdf-vit\/#primaryimage"},"thumbnailUrl":"https:\/\/i0.wp.com\/truusk.store\/wp-content\/uploads\/2025\/12\/sminkbord-med-10-led-hollywood-lampor-spegel-7-lador-3-fack-mdf-vit-1.webp?fit=2000%2C2000&ssl=1","datePublished":"2025-12-15T04:27:39+00:00","dateModified":"2026-03-12T07:50:16+00:00","breadcrumb":{"@id":"https:\/\/truusk.store\/sv\/produkt\/truusk-sminkbord-med-10-led-hollywood-lampor-spegel-7-lador-3-fack-mdf-vit\/#breadcrumb"},"inLanguage":"sv-SE","potentialAction":[{"@type":"ReadAction","target":["https:\/\/truusk.store\/sv\/produkt\/truusk-sminkbord-med-10-led-hollywood-lampor-spegel-7-lador-3-fack-mdf-vit\/"]}]},{"@type":"ImageObject","inLanguage":"sv-SE","@id":"https:\/\/truusk.store\/sv\/produkt\/truusk-sminkbord-med-10-led-hollywood-lampor-spegel-7-lador-3-fack-mdf-vit\/#primaryimage","url":"https:\/\/i0.wp.com\/truusk.store\/wp-content\/uploads\/2025\/12\/sminkbord-med-10-led-hollywood-lampor-spegel-7-lador-3-fack-mdf-vit-1.webp?fit=2000%2C2000&ssl=1","contentUrl":"https:\/\/i0.wp.com\/truusk.store\/wp-content\/uploads\/2025\/12\/sminkbord-med-10-led-hollywood-lampor-spegel-7-lador-3-fack-mdf-vit-1.webp?fit=2000%2C2000&ssl=1","width":2000,"height":2000},{"@type":"BreadcrumbList","@id":"https:\/\/truusk.store\/sv\/produkt\/truusk-sminkbord-med-10-led-hollywood-lampor-spegel-7-lador-3-fack-mdf-vit\/#breadcrumb","itemListElement":[{"@type":"ListItem","position":1,"name":"Home","item":"https:\/\/truusk.store\/sv\/"},{"@type":"ListItem","position":2,"name":"Shop","item":"https:\/\/truusk.store\/shop\/"},{"@type":"ListItem","position":3,"name":"TRUUSK Sminkbord med 10 LED-Hollywood-lampor &#8211; Spegel &#8211; 7 L\u00e5dor &#8211; 3 Fack &#8211; MDF &#8211; Vit"}]},{"@type":"WebSite","@id":"https:\/\/truusk.store\/sv\/#website","url":"https:\/\/truusk.store\/sv\/","name":"TRUUSK - Hem, Tr\u00e4dg\u00e5rd & Fritid","description":"","publisher":{"@id":"https:\/\/truusk.store\/sv\/#organization"},"potentialAction":[{"@type":"SearchAction","target":{"@type":"EntryPoint","urlTemplate":"https:\/\/truusk.store\/sv\/?s={search_term_string}"},"query-input":{"@type":"PropertyValueSpecification","valueRequired":true,"valueName":"search_term_string"}}],"inLanguage":"sv-SE"},{"@type":"Organization","@id":"https:\/\/truusk.store\/sv\/#organization","name":"TRUUSK - Hem, Tr\u00e4dg\u00e5rd & Fritid","url":"https:\/\/truusk.store\/sv\/","logo":{"@type":"ImageObject","inLanguage":"sv-SE","@id":"https:\/\/truusk.store\/sv\/#\/schema\/logo\/image\/","url":"https:\/\/i0.wp.com\/truusk.store\/wp-content\/uploads\/2026\/03\/cropped-TRUUSK.png?fit=2032%2C917&ssl=1","contentUrl":"https:\/\/i0.wp.com\/truusk.store\/wp-content\/uploads\/2026\/03\/cropped-TRUUSK.png?fit=2032%2C917&ssl=1","width":2032,"height":917,"caption":"TRUUSK - Hem, Tr\u00e4dg\u00e5rd & Fritid"},"image":{"@id":"https:\/\/truusk.store\/sv\/#\/schema\/logo\/image\/"}}]}},"jetpack_sharing_enabled":true,"_links":{"self":[{"href":"https:\/\/truusk.store\/sv\/wp-json\/wp\/v2\/product\/97849","targetHints":{"allow":["GET"]}}],"collection":[{"href":"https:\/\/truusk.store\/sv\/wp-json\/wp\/v2\/product"}],"about":[{"href":"https:\/\/truusk.store\/sv\/wp-json\/wp\/v2\/types\/product"}],"wp:featuredmedia":[{"embeddable":true,"href":"https:\/\/truusk.store\/sv\/wp-json\/wp\/v2\/media\/97836"}],"wp:attachment":[{"href":"https:\/\/truusk.store\/sv\/wp-json\/wp\/v2\/media?parent=97849"}],"wp:term":[{"taxonomy":"product_brand","embeddable":true,"href":"https:\/\/truusk.store\/sv\/wp-json\/wp\/v2\/product_brand?post=97849"},{"taxonomy":"product_cat","embeddable":true,"href":"https:\/\/truusk.store\/sv\/wp-json\/wp\/v2\/product_cat?post=97849"},{"taxonomy":"product_tag","embeddable":true,"href":"https:\/\/truusk.store\/sv\/wp-json\/wp\/v2\/product_tag?post=97849"}],"curies":[{"name":"wp","href":"https:\/\/api.w.org\/{rel}","templated":true}]}}