{"id":97860,"date":"2025-12-15T05:28:15","date_gmt":"2025-12-15T04:28:15","guid":{"rendered":"https:\/\/truusk.store\/product\/koksskap-justerbar-hylla-arbetsbank-akryldorrar-kabelhal-for-vardagsrum-kok-matsal-mdf-vit\/"},"modified":"2026-03-12T08:50:16","modified_gmt":"2026-03-12T07:50:16","slug":"truusk-koksskap-justerbar-hylla-arbetsbank-akryldorrar-kabelhal-for-vardagsrum-kok-matsal-mdf-vit","status":"publish","type":"product","link":"https:\/\/truusk.store\/sv\/produkt\/truusk-koksskap-justerbar-hylla-arbetsbank-akryldorrar-kabelhal-for-vardagsrum-kok-matsal-mdf-vit\/","title":{"rendered":"TRUUSK K\u00f6kssk\u00e5p &#8211; Justerbar Hylla &#8211; Arbetsb\u00e4nk &#8211; Akryld\u00f6rrar &#8211; Kabelh\u00e5l &#8211; F\u00f6r Vardagsrum, K\u00f6k, Matsal &#8211; MDF &#8211; Vit"},"content":{"rendered":"<p>F\u00f6rh\u00f6j charmen och funktionaliteten i ditt k\u00f6k med [BRAND NAME] k\u00f6kssk\u00e5p! Upplev ett v\u00e4lorganiserat k\u00f6k med tv\u00e5 rymliga sk\u00e5p, en bred arbetsyta och 8 d\u00f6rrhyllor. Det justerbara hyllan i k\u00f6ksbuff\u00e9n i \u00f6versk\u00e5pet kan anpassas individuellt till dina f\u00f6rvaringsbehov. Ett v\u00e4lorganiserat f\u00f6rvaringsutrymme med smart kabelhantering, presenterat i en attraktiv lantlig stil som lyser upp varje hem.<\/p>\n<p>Beskrivning:<\/p>\n<ul>\n<li> Kombinerar tv\u00e5 sk\u00e5p, 8 d\u00f6rrhyllor och en bred arbetsyta i skafferisk\u00e5pet f\u00f6r effektiv lagring<\/li>\n<li> Har en justerbar hylla f\u00f6r anpassbar l\u00e5da- och flaskf\u00f6rvaring<\/li>\n<li> Klara akryld\u00f6rrar p\u00e5 k\u00f6ksbuff\u00e9n presenterar f\u00f6rem\u00e5l p\u00e5 ett attraktivt s\u00e4tt<\/li>\n<li> Hanterar apparatkablar snyggt med en integrerad kabelgenomf\u00f6ring<\/li>\n<li> Tillverkad av robusta FSC-certifierade material f\u00f6r l\u00e5ngvarig h\u00e5llbarhet<\/li>\n<li> Inkluderar ett set f\u00f6r tippskydd f\u00f6r f\u00f6rb\u00e4ttrad stabilitet och s\u00e4kerhet<\/li>\n<li> Ger bondg\u00e5rdscharm med en fr\u00e4sch vit yta, svarta handtag och p\u00e4rlbr\u00e4de-stil d\u00f6rrar<\/li>\n<\/ul>\n<p> Tekniska specifikationer:<\/p>\n<ul>\n<li> F\u00e4rg: Vit<\/li>\n<li> Material: Sp\u00e5nskiva (FSC-certifikat), MDF (FSC-certifikat), Akryl<\/li>\n<li> Totala dimensioner: 60B x 39,5D x 180H cm<\/li>\n<li> Inre dimensioner av \u00f6vre sk\u00e5pet: 55,5B x 19,5D x 43H cm<\/li>\n<li> Justerbar hyllh\u00f6jd: (\u00f6vre sk\u00e5p) 21 cm<\/li>\n<li> Storlek p\u00e5 mittenarbetsytan: 55,5B x 37,5D x 34,8H cm<\/li>\n<li> Inre dimensioner av nedre sk\u00e5pet: 55,5B x 24D x 83,5H cm<\/li>\n<li> H\u00f6jd p\u00e5 icke-justerbara hyllor: (nedre sk\u00e5p) 29H cm<\/li>\n<li> Storlek p\u00e5 d\u00f6rrhyllan: 25,2B x 9,5D x 23\/19\/19\/19H cm<\/li>\n<li> Storlek p\u00e5 kabelgenomf\u00f6ring: \u00d85,3 cm<\/li>\n<li> Maximal belastning: 44 kg (totalt), 0,5 kg (d\u00f6rrhylla), 5 kg (hylla), 10 kg (arbetsyta), 10 kg (nedre platta)<\/li>\n<\/ul>\n<p>Leveransinneh\u00e5ll:<\/p>\n<ul>\n<li> 1 x k\u00f6kssk\u00e5p<\/li>\n<li> 1 x bruksanvisning<\/li>\n<\/ul>\n","protected":false},"excerpt":{"rendered":"<p>F\u00f6rh\u00f6j charmen och funktionaliteten i ditt k\u00f6k med [BRAND NAME] k\u00f6kssk\u00e5p! Upplev ett v\u00e4lorganiserat k\u00f6k med tv\u00e5 rymliga sk\u00e5p, en&#8230;<\/p>\n","protected":false},"featured_media":97842,"template":"","meta":[],"product_brand":[],"product_cat":[871,889,534],"product_tag":[],"class_list":{"0":"post-97860","1":"product","2":"type-product","3":"status-publish","4":"has-post-thumbnail","6":"product_cat-hus-hem","7":"product_cat-kok-matsal","8":"product_cat-koksskap","10":"first","11":"instock","12":"sale","13":"taxable","14":"shipping-taxable","15":"purchasable","16":"product-type-simple"},"yoast_head":"<!-- This site is optimized with the Yoast SEO plugin v25.4 - https:\/\/yoast.com\/wordpress\/plugins\/seo\/ -->\n<title>TRUUSK K\u00f6kssk\u00e5p - Justerbar Hylla - Arbetsb\u00e4nk - Akryld\u00f6rrar - Kabelh\u00e5l - F\u00f6r Vardagsrum, K\u00f6k, Matsal - MDF - Vit - TRUUSK - Hem, Tr\u00e4dg\u00e5rd &amp; Fritid<\/title>\n<meta name=\"robots\" content=\"index, follow, max-snippet:-1, max-image-preview:large, max-video-preview:-1\" \/>\n<link rel=\"canonical\" href=\"https:\/\/truusk.store\/sv\/produkt\/truusk-koksskap-justerbar-hylla-arbetsbank-akryldorrar-kabelhal-for-vardagsrum-kok-matsal-mdf-vit\/\" \/>\n<meta property=\"og:locale\" content=\"sv_SE\" \/>\n<meta property=\"og:type\" content=\"article\" \/>\n<meta property=\"og:title\" content=\"TRUUSK K\u00f6kssk\u00e5p - Justerbar Hylla - Arbetsb\u00e4nk - Akryld\u00f6rrar - Kabelh\u00e5l - F\u00f6r Vardagsrum, K\u00f6k, Matsal - MDF - Vit - TRUUSK - Hem, Tr\u00e4dg\u00e5rd &amp; Fritid\" \/>\n<meta property=\"og:description\" content=\"F\u00f6rh\u00f6j charmen och funktionaliteten i ditt k\u00f6k med [BRAND NAME] k\u00f6kssk\u00e5p! Upplev ett v\u00e4lorganiserat k\u00f6k med tv\u00e5 rymliga sk\u00e5p, en...\" \/>\n<meta property=\"og:url\" content=\"https:\/\/truusk.store\/sv\/produkt\/truusk-koksskap-justerbar-hylla-arbetsbank-akryldorrar-kabelhal-for-vardagsrum-kok-matsal-mdf-vit\/\" \/>\n<meta property=\"og:site_name\" content=\"TRUUSK - Hem, Tr\u00e4dg\u00e5rd &amp; Fritid\" \/>\n<meta property=\"article:modified_time\" content=\"2026-03-12T07:50:16+00:00\" \/>\n<meta property=\"og:image\" content=\"https:\/\/i0.wp.com\/truusk.se\/wp-content\/uploads\/2025\/12\/koksskap-justerbar-hylla-arbetsbank-akryldorrar-kabelhal-for-vardagsrum-kok-matsal-mdf-vit-1.webp?fit=2000%2C2000&ssl=1\" \/>\n\t<meta property=\"og:image:width\" content=\"2000\" \/>\n\t<meta property=\"og:image:height\" content=\"2000\" \/>\n\t<meta property=\"og:image:type\" content=\"image\/webp\" \/>\n<meta name=\"twitter:card\" content=\"summary_large_image\" \/>\n<meta name=\"twitter:label1\" content=\"Ber\u00e4knad l\u00e4stid\" \/>\n\t<meta name=\"twitter:data1\" content=\"1 minut\" \/>\n<!-- \/ Yoast SEO plugin. -->","yoast_head_json":{"title":"TRUUSK K\u00f6kssk\u00e5p - Justerbar Hylla - Arbetsb\u00e4nk - Akryld\u00f6rrar - Kabelh\u00e5l - F\u00f6r Vardagsrum, K\u00f6k, Matsal - MDF - Vit - TRUUSK - Hem, Tr\u00e4dg\u00e5rd &amp; Fritid","robots":{"index":"index","follow":"follow","max-snippet":"max-snippet:-1","max-image-preview":"max-image-preview:large","max-video-preview":"max-video-preview:-1"},"canonical":"https:\/\/truusk.store\/sv\/produkt\/truusk-koksskap-justerbar-hylla-arbetsbank-akryldorrar-kabelhal-for-vardagsrum-kok-matsal-mdf-vit\/","og_locale":"sv_SE","og_type":"article","og_title":"TRUUSK K\u00f6kssk\u00e5p - Justerbar Hylla - Arbetsb\u00e4nk - Akryld\u00f6rrar - Kabelh\u00e5l - F\u00f6r Vardagsrum, K\u00f6k, Matsal - MDF - Vit - TRUUSK - Hem, Tr\u00e4dg\u00e5rd &amp; Fritid","og_description":"F\u00f6rh\u00f6j charmen och funktionaliteten i ditt k\u00f6k med [BRAND NAME] k\u00f6kssk\u00e5p! Upplev ett v\u00e4lorganiserat k\u00f6k med tv\u00e5 rymliga sk\u00e5p, en...","og_url":"https:\/\/truusk.store\/sv\/produkt\/truusk-koksskap-justerbar-hylla-arbetsbank-akryldorrar-kabelhal-for-vardagsrum-kok-matsal-mdf-vit\/","og_site_name":"TRUUSK - Hem, Tr\u00e4dg\u00e5rd &amp; Fritid","article_modified_time":"2026-03-12T07:50:16+00:00","og_image":[{"width":2000,"height":2000,"url":"https:\/\/i0.wp.com\/truusk.se\/wp-content\/uploads\/2025\/12\/koksskap-justerbar-hylla-arbetsbank-akryldorrar-kabelhal-for-vardagsrum-kok-matsal-mdf-vit-1.webp?fit=2000%2C2000&ssl=1","type":"image\/webp"}],"twitter_card":"summary_large_image","twitter_misc":{"Ber\u00e4knad l\u00e4stid":"1 minut"},"schema":{"@context":"https:\/\/schema.org","@graph":[{"@type":"WebPage","@id":"https:\/\/truusk.store\/sv\/produkt\/truusk-koksskap-justerbar-hylla-arbetsbank-akryldorrar-kabelhal-for-vardagsrum-kok-matsal-mdf-vit\/","url":"https:\/\/truusk.store\/sv\/produkt\/truusk-koksskap-justerbar-hylla-arbetsbank-akryldorrar-kabelhal-for-vardagsrum-kok-matsal-mdf-vit\/","name":"TRUUSK K\u00f6kssk\u00e5p - Justerbar Hylla - Arbetsb\u00e4nk - Akryld\u00f6rrar - Kabelh\u00e5l - F\u00f6r Vardagsrum, K\u00f6k, Matsal - MDF - Vit - TRUUSK - Hem, Tr\u00e4dg\u00e5rd &amp; Fritid","isPartOf":{"@id":"https:\/\/truusk.store\/sv\/#website"},"primaryImageOfPage":{"@id":"https:\/\/truusk.store\/sv\/produkt\/truusk-koksskap-justerbar-hylla-arbetsbank-akryldorrar-kabelhal-for-vardagsrum-kok-matsal-mdf-vit\/#primaryimage"},"image":{"@id":"https:\/\/truusk.store\/sv\/produkt\/truusk-koksskap-justerbar-hylla-arbetsbank-akryldorrar-kabelhal-for-vardagsrum-kok-matsal-mdf-vit\/#primaryimage"},"thumbnailUrl":"https:\/\/i0.wp.com\/truusk.store\/wp-content\/uploads\/2025\/12\/koksskap-justerbar-hylla-arbetsbank-akryldorrar-kabelhal-for-vardagsrum-kok-matsal-mdf-vit-1.webp?fit=2000%2C2000&ssl=1","datePublished":"2025-12-15T04:28:15+00:00","dateModified":"2026-03-12T07:50:16+00:00","breadcrumb":{"@id":"https:\/\/truusk.store\/sv\/produkt\/truusk-koksskap-justerbar-hylla-arbetsbank-akryldorrar-kabelhal-for-vardagsrum-kok-matsal-mdf-vit\/#breadcrumb"},"inLanguage":"sv-SE","potentialAction":[{"@type":"ReadAction","target":["https:\/\/truusk.store\/sv\/produkt\/truusk-koksskap-justerbar-hylla-arbetsbank-akryldorrar-kabelhal-for-vardagsrum-kok-matsal-mdf-vit\/"]}]},{"@type":"ImageObject","inLanguage":"sv-SE","@id":"https:\/\/truusk.store\/sv\/produkt\/truusk-koksskap-justerbar-hylla-arbetsbank-akryldorrar-kabelhal-for-vardagsrum-kok-matsal-mdf-vit\/#primaryimage","url":"https:\/\/i0.wp.com\/truusk.store\/wp-content\/uploads\/2025\/12\/koksskap-justerbar-hylla-arbetsbank-akryldorrar-kabelhal-for-vardagsrum-kok-matsal-mdf-vit-1.webp?fit=2000%2C2000&ssl=1","contentUrl":"https:\/\/i0.wp.com\/truusk.store\/wp-content\/uploads\/2025\/12\/koksskap-justerbar-hylla-arbetsbank-akryldorrar-kabelhal-for-vardagsrum-kok-matsal-mdf-vit-1.webp?fit=2000%2C2000&ssl=1","width":2000,"height":2000},{"@type":"BreadcrumbList","@id":"https:\/\/truusk.store\/sv\/produkt\/truusk-koksskap-justerbar-hylla-arbetsbank-akryldorrar-kabelhal-for-vardagsrum-kok-matsal-mdf-vit\/#breadcrumb","itemListElement":[{"@type":"ListItem","position":1,"name":"Home","item":"https:\/\/truusk.store\/sv\/"},{"@type":"ListItem","position":2,"name":"Shop","item":"https:\/\/truusk.store\/shop\/"},{"@type":"ListItem","position":3,"name":"TRUUSK K\u00f6kssk\u00e5p &#8211; Justerbar Hylla &#8211; Arbetsb\u00e4nk &#8211; Akryld\u00f6rrar &#8211; Kabelh\u00e5l &#8211; F\u00f6r Vardagsrum, K\u00f6k, Matsal &#8211; MDF &#8211; Vit"}]},{"@type":"WebSite","@id":"https:\/\/truusk.store\/sv\/#website","url":"https:\/\/truusk.store\/sv\/","name":"TRUUSK - Hem, Tr\u00e4dg\u00e5rd & Fritid","description":"","publisher":{"@id":"https:\/\/truusk.store\/sv\/#organization"},"potentialAction":[{"@type":"SearchAction","target":{"@type":"EntryPoint","urlTemplate":"https:\/\/truusk.store\/sv\/?s={search_term_string}"},"query-input":{"@type":"PropertyValueSpecification","valueRequired":true,"valueName":"search_term_string"}}],"inLanguage":"sv-SE"},{"@type":"Organization","@id":"https:\/\/truusk.store\/sv\/#organization","name":"TRUUSK - Hem, Tr\u00e4dg\u00e5rd & Fritid","url":"https:\/\/truusk.store\/sv\/","logo":{"@type":"ImageObject","inLanguage":"sv-SE","@id":"https:\/\/truusk.store\/sv\/#\/schema\/logo\/image\/","url":"https:\/\/i0.wp.com\/truusk.store\/wp-content\/uploads\/2026\/03\/cropped-TRUUSK.png?fit=2032%2C917&ssl=1","contentUrl":"https:\/\/i0.wp.com\/truusk.store\/wp-content\/uploads\/2026\/03\/cropped-TRUUSK.png?fit=2032%2C917&ssl=1","width":2032,"height":917,"caption":"TRUUSK - Hem, Tr\u00e4dg\u00e5rd & Fritid"},"image":{"@id":"https:\/\/truusk.store\/sv\/#\/schema\/logo\/image\/"}}]}},"jetpack_sharing_enabled":true,"_links":{"self":[{"href":"https:\/\/truusk.store\/sv\/wp-json\/wp\/v2\/product\/97860","targetHints":{"allow":["GET"]}}],"collection":[{"href":"https:\/\/truusk.store\/sv\/wp-json\/wp\/v2\/product"}],"about":[{"href":"https:\/\/truusk.store\/sv\/wp-json\/wp\/v2\/types\/product"}],"wp:featuredmedia":[{"embeddable":true,"href":"https:\/\/truusk.store\/sv\/wp-json\/wp\/v2\/media\/97842"}],"wp:attachment":[{"href":"https:\/\/truusk.store\/sv\/wp-json\/wp\/v2\/media?parent=97860"}],"wp:term":[{"taxonomy":"product_brand","embeddable":true,"href":"https:\/\/truusk.store\/sv\/wp-json\/wp\/v2\/product_brand?post=97860"},{"taxonomy":"product_cat","embeddable":true,"href":"https:\/\/truusk.store\/sv\/wp-json\/wp\/v2\/product_cat?post=97860"},{"taxonomy":"product_tag","embeddable":true,"href":"https:\/\/truusk.store\/sv\/wp-json\/wp\/v2\/product_tag?post=97860"}],"curies":[{"name":"wp","href":"https:\/\/api.w.org\/{rel}","templated":true}]}}