{"id":97885,"date":"2025-12-15T05:30:53","date_gmt":"2025-12-15T04:30:53","guid":{"rendered":"https:\/\/truusk.store\/product\/hojd-matstation-med-2-skalar-och-skap-mdf-rostfritt-stal-benmonster-gra\/"},"modified":"2026-03-12T08:50:26","modified_gmt":"2026-03-12T07:50:26","slug":"truusk-hojd-matstation-med-2-skalar-och-skap-rostfritt-stal-benmonster-gra","status":"publish","type":"product","link":"https:\/\/truusk.store\/sv\/produkt\/truusk-hojd-matstation-med-2-skalar-och-skap-rostfritt-stal-benmonster-gra\/","title":{"rendered":"TRUUSK H\u00f6jd Matstation Med 2 Sk\u00e5lar Och Sk\u00e5p &#8211; Rostfritt St\u00e5l &#8211; Benm\u00f6nster &#8211; Gr\u00e5"},"content":{"rendered":"<p>St\u00f6rd av ett kaotiskt matningsomr\u00e5de f\u00f6r din stora hund? Spillt vatten och \u00f6verallt utspridd torrfoder orsakar st\u00e4ndig st\u00e4dning, medan platta sk\u00e5lar orsakar obehag. [BRAND NAME] hundmatstation med upph\u00f6jda sk\u00e5lar erbjuder en l\u00f6sning p\u00e5 dessa problem: dess upph\u00f6jda design st\u00f6der en b\u00e4ttre h\u00e5llning, en stabil bas med halkfria remsor f\u00f6rhindrar att den v\u00e4lter och ett dolt sk\u00e5p skapar ordning i ditt hem.<\/p>\n<p>Beskrivning:<\/p>\n<ul>\n<li> Integrerat 50 L sk\u00e5p lagrar snyggt husdjursf\u00f6rr\u00e5d och h\u00e5ller ditt utrymme st\u00e4dat<\/li>\n<li> Upph\u00f6jd 35 cm stativ minskar nackbelastning f\u00f6r stora hundar<\/li>\n<li> Stabil MDF-konstruktion med halkfria remsor f\u00f6rhindrar att sk\u00e5larna glider n\u00e4r de \u00e4ter<\/li>\n<li> Den upph\u00f6jda hundsk\u00e5len inneh\u00e5ller en slow feeder-sk\u00e5l f\u00f6r att fr\u00e4mja h\u00e4lsosammare, l\u00e5ngsammare \u00e4tvanor<\/li>\n<li> Med st\u00e4nkskydd p\u00e5 tre sidor f\u00f6r att h\u00e5lla dina golv rena och torra<\/li>\n<li> Rostfria sk\u00e5lar i hundmatstationen \u00e4r diskmaskinss\u00e4kra f\u00f6r enkel reng\u00f6ring<\/li>\n<li> Modernt gr\u00e5tt design med akryld\u00f6rrar passar s\u00f6ml\u00f6st in i din inredning<\/li>\n<li> Montering kr\u00e4vs<\/li>\n<\/ul>\n<p> Tekniska specifikationer:<\/p>\n<ul>\n<li> F\u00e4rg: Gr\u00e5<\/li>\n<li> Material: MDF, rostfritt st\u00e5l, akryl<\/li>\n<li> Totala dimensioner: 60L x 30B x 46H cm<\/li>\n<li> Sk\u00e5lstorlek: \u00d824 x 7H cm (varje, 2,1 L)<\/li>\n<li> Arbetsplattans storlek: 57B x 28T x 36H cm<\/li>\n<li> Bakv\u00e4ggsh\u00f6jd: 10H cm<\/li>\n<li> Sidov\u00e4ggsh\u00f6jd: 5H cm<\/li>\n<li> Sk\u00e5l\u00f6ppningsh\u00f6jd: 35H cm<\/li>\n<li> Kantens h\u00f6jd: 5H cm<\/li>\n<li> D\u00f6rrstorlek: 29,5B x 33,5H cm, 36B x 33,5H cm<\/li>\n<li> Inre lagringsstorlek: 57B x 28,5T x 33,5H cm, 50 L (volym)<\/li>\n<li> B\u00e4rkapacitet: Ovanp\u00e5 15 kg, inuti 30 kg<\/li>\n<li> Skulderh\u00f6jd f\u00f6r husdjur: 50-60 cm<\/li>\n<\/ul>\n<p>Leverans inneh\u00e5ller:<\/p>\n<ul>\n<li> 1 x Upph\u00f6jd hundsk\u00e5lst\u00e4ll<\/li>\n<li> 1 x Bruksanvisning<\/li>\n<\/ul>\n","protected":false},"excerpt":{"rendered":"<p>St\u00f6rd av ett kaotiskt matningsomr\u00e5de f\u00f6r din stora hund? Spillt vatten och \u00f6verallt utspridd torrfoder orsakar st\u00e4ndig st\u00e4dning, medan platta&#8230;<\/p>\n","protected":false},"featured_media":97876,"template":"","meta":[],"product_brand":[],"product_cat":[878,574,931],"product_tag":[],"class_list":{"0":"post-97885","1":"product","2":"type-product","3":"status-publish","4":"has-post-thumbnail","6":"product_cat-djurbehov","7":"product_cat-hundtillbehor","8":"product_cat-mat-och-vattenskalar","10":"first","11":"instock","12":"sale","13":"taxable","14":"shipping-taxable","15":"purchasable","16":"product-type-simple"},"yoast_head":"<!-- This site is optimized with the Yoast SEO plugin v25.4 - https:\/\/yoast.com\/wordpress\/plugins\/seo\/ -->\n<title>TRUUSK H\u00f6jd Matstation Med 2 Sk\u00e5lar Och Sk\u00e5p - Rostfritt St\u00e5l - Benm\u00f6nster - Gr\u00e5 - TRUUSK - Hem, Tr\u00e4dg\u00e5rd &amp; Fritid<\/title>\n<meta name=\"robots\" content=\"index, follow, max-snippet:-1, max-image-preview:large, max-video-preview:-1\" \/>\n<link rel=\"canonical\" href=\"https:\/\/truusk.store\/sv\/produkt\/truusk-hojd-matstation-med-2-skalar-och-skap-rostfritt-stal-benmonster-gra\/\" \/>\n<meta property=\"og:locale\" content=\"sv_SE\" \/>\n<meta property=\"og:type\" content=\"article\" \/>\n<meta property=\"og:title\" content=\"TRUUSK H\u00f6jd Matstation Med 2 Sk\u00e5lar Och Sk\u00e5p - Rostfritt St\u00e5l - Benm\u00f6nster - Gr\u00e5 - TRUUSK - Hem, Tr\u00e4dg\u00e5rd &amp; Fritid\" \/>\n<meta property=\"og:description\" content=\"St\u00f6rd av ett kaotiskt matningsomr\u00e5de f\u00f6r din stora hund? Spillt vatten och \u00f6verallt utspridd torrfoder orsakar st\u00e4ndig st\u00e4dning, medan platta...\" \/>\n<meta property=\"og:url\" content=\"https:\/\/truusk.store\/sv\/produkt\/truusk-hojd-matstation-med-2-skalar-och-skap-rostfritt-stal-benmonster-gra\/\" \/>\n<meta property=\"og:site_name\" content=\"TRUUSK - Hem, Tr\u00e4dg\u00e5rd &amp; Fritid\" \/>\n<meta property=\"article:modified_time\" content=\"2026-03-12T07:50:26+00:00\" \/>\n<meta property=\"og:image\" content=\"https:\/\/i0.wp.com\/truusk.se\/wp-content\/uploads\/2025\/12\/hojd-matstation-med-2-skalar-och-skap-mdf-rostfritt-stal-benmonster-gra-1.webp?fit=2000%2C2000&ssl=1\" \/>\n\t<meta property=\"og:image:width\" content=\"2000\" \/>\n\t<meta property=\"og:image:height\" content=\"2000\" \/>\n\t<meta property=\"og:image:type\" content=\"image\/webp\" \/>\n<meta name=\"twitter:card\" content=\"summary_large_image\" \/>\n<meta name=\"twitter:label1\" content=\"Ber\u00e4knad l\u00e4stid\" \/>\n\t<meta name=\"twitter:data1\" content=\"1 minut\" \/>\n<!-- \/ Yoast SEO plugin. -->","yoast_head_json":{"title":"TRUUSK H\u00f6jd Matstation Med 2 Sk\u00e5lar Och Sk\u00e5p - Rostfritt St\u00e5l - Benm\u00f6nster - Gr\u00e5 - TRUUSK - Hem, Tr\u00e4dg\u00e5rd &amp; Fritid","robots":{"index":"index","follow":"follow","max-snippet":"max-snippet:-1","max-image-preview":"max-image-preview:large","max-video-preview":"max-video-preview:-1"},"canonical":"https:\/\/truusk.store\/sv\/produkt\/truusk-hojd-matstation-med-2-skalar-och-skap-rostfritt-stal-benmonster-gra\/","og_locale":"sv_SE","og_type":"article","og_title":"TRUUSK H\u00f6jd Matstation Med 2 Sk\u00e5lar Och Sk\u00e5p - Rostfritt St\u00e5l - Benm\u00f6nster - Gr\u00e5 - TRUUSK - Hem, Tr\u00e4dg\u00e5rd &amp; Fritid","og_description":"St\u00f6rd av ett kaotiskt matningsomr\u00e5de f\u00f6r din stora hund? Spillt vatten och \u00f6verallt utspridd torrfoder orsakar st\u00e4ndig st\u00e4dning, medan platta...","og_url":"https:\/\/truusk.store\/sv\/produkt\/truusk-hojd-matstation-med-2-skalar-och-skap-rostfritt-stal-benmonster-gra\/","og_site_name":"TRUUSK - Hem, Tr\u00e4dg\u00e5rd &amp; Fritid","article_modified_time":"2026-03-12T07:50:26+00:00","og_image":[{"width":2000,"height":2000,"url":"https:\/\/i0.wp.com\/truusk.se\/wp-content\/uploads\/2025\/12\/hojd-matstation-med-2-skalar-och-skap-mdf-rostfritt-stal-benmonster-gra-1.webp?fit=2000%2C2000&ssl=1","type":"image\/webp"}],"twitter_card":"summary_large_image","twitter_misc":{"Ber\u00e4knad l\u00e4stid":"1 minut"},"schema":{"@context":"https:\/\/schema.org","@graph":[{"@type":"WebPage","@id":"https:\/\/truusk.store\/sv\/produkt\/truusk-hojd-matstation-med-2-skalar-och-skap-rostfritt-stal-benmonster-gra\/","url":"https:\/\/truusk.store\/sv\/produkt\/truusk-hojd-matstation-med-2-skalar-och-skap-rostfritt-stal-benmonster-gra\/","name":"TRUUSK H\u00f6jd Matstation Med 2 Sk\u00e5lar Och Sk\u00e5p - Rostfritt St\u00e5l - Benm\u00f6nster - Gr\u00e5 - TRUUSK - Hem, Tr\u00e4dg\u00e5rd &amp; Fritid","isPartOf":{"@id":"https:\/\/truusk.store\/sv\/#website"},"primaryImageOfPage":{"@id":"https:\/\/truusk.store\/sv\/produkt\/truusk-hojd-matstation-med-2-skalar-och-skap-rostfritt-stal-benmonster-gra\/#primaryimage"},"image":{"@id":"https:\/\/truusk.store\/sv\/produkt\/truusk-hojd-matstation-med-2-skalar-och-skap-rostfritt-stal-benmonster-gra\/#primaryimage"},"thumbnailUrl":"https:\/\/i0.wp.com\/truusk.store\/wp-content\/uploads\/2025\/12\/hojd-matstation-med-2-skalar-och-skap-mdf-rostfritt-stal-benmonster-gra-1.webp?fit=2000%2C2000&ssl=1","datePublished":"2025-12-15T04:30:53+00:00","dateModified":"2026-03-12T07:50:26+00:00","breadcrumb":{"@id":"https:\/\/truusk.store\/sv\/produkt\/truusk-hojd-matstation-med-2-skalar-och-skap-rostfritt-stal-benmonster-gra\/#breadcrumb"},"inLanguage":"sv-SE","potentialAction":[{"@type":"ReadAction","target":["https:\/\/truusk.store\/sv\/produkt\/truusk-hojd-matstation-med-2-skalar-och-skap-rostfritt-stal-benmonster-gra\/"]}]},{"@type":"ImageObject","inLanguage":"sv-SE","@id":"https:\/\/truusk.store\/sv\/produkt\/truusk-hojd-matstation-med-2-skalar-och-skap-rostfritt-stal-benmonster-gra\/#primaryimage","url":"https:\/\/i0.wp.com\/truusk.store\/wp-content\/uploads\/2025\/12\/hojd-matstation-med-2-skalar-och-skap-mdf-rostfritt-stal-benmonster-gra-1.webp?fit=2000%2C2000&ssl=1","contentUrl":"https:\/\/i0.wp.com\/truusk.store\/wp-content\/uploads\/2025\/12\/hojd-matstation-med-2-skalar-och-skap-mdf-rostfritt-stal-benmonster-gra-1.webp?fit=2000%2C2000&ssl=1","width":2000,"height":2000},{"@type":"BreadcrumbList","@id":"https:\/\/truusk.store\/sv\/produkt\/truusk-hojd-matstation-med-2-skalar-och-skap-rostfritt-stal-benmonster-gra\/#breadcrumb","itemListElement":[{"@type":"ListItem","position":1,"name":"Home","item":"https:\/\/truusk.store\/sv\/"},{"@type":"ListItem","position":2,"name":"Shop","item":"https:\/\/truusk.store\/shop\/"},{"@type":"ListItem","position":3,"name":"TRUUSK H\u00f6jd Matstation Med 2 Sk\u00e5lar Och Sk\u00e5p &#8211; Rostfritt St\u00e5l &#8211; Benm\u00f6nster &#8211; Gr\u00e5"}]},{"@type":"WebSite","@id":"https:\/\/truusk.store\/sv\/#website","url":"https:\/\/truusk.store\/sv\/","name":"TRUUSK - Hem, Tr\u00e4dg\u00e5rd & Fritid","description":"","publisher":{"@id":"https:\/\/truusk.store\/sv\/#organization"},"potentialAction":[{"@type":"SearchAction","target":{"@type":"EntryPoint","urlTemplate":"https:\/\/truusk.store\/sv\/?s={search_term_string}"},"query-input":{"@type":"PropertyValueSpecification","valueRequired":true,"valueName":"search_term_string"}}],"inLanguage":"sv-SE"},{"@type":"Organization","@id":"https:\/\/truusk.store\/sv\/#organization","name":"TRUUSK - Hem, Tr\u00e4dg\u00e5rd & Fritid","url":"https:\/\/truusk.store\/sv\/","logo":{"@type":"ImageObject","inLanguage":"sv-SE","@id":"https:\/\/truusk.store\/sv\/#\/schema\/logo\/image\/","url":"https:\/\/i0.wp.com\/truusk.store\/wp-content\/uploads\/2026\/03\/cropped-TRUUSK.png?fit=2032%2C917&ssl=1","contentUrl":"https:\/\/i0.wp.com\/truusk.store\/wp-content\/uploads\/2026\/03\/cropped-TRUUSK.png?fit=2032%2C917&ssl=1","width":2032,"height":917,"caption":"TRUUSK - Hem, Tr\u00e4dg\u00e5rd & Fritid"},"image":{"@id":"https:\/\/truusk.store\/sv\/#\/schema\/logo\/image\/"}}]}},"jetpack_sharing_enabled":true,"_links":{"self":[{"href":"https:\/\/truusk.store\/sv\/wp-json\/wp\/v2\/product\/97885","targetHints":{"allow":["GET"]}}],"collection":[{"href":"https:\/\/truusk.store\/sv\/wp-json\/wp\/v2\/product"}],"about":[{"href":"https:\/\/truusk.store\/sv\/wp-json\/wp\/v2\/types\/product"}],"wp:featuredmedia":[{"embeddable":true,"href":"https:\/\/truusk.store\/sv\/wp-json\/wp\/v2\/media\/97876"}],"wp:attachment":[{"href":"https:\/\/truusk.store\/sv\/wp-json\/wp\/v2\/media?parent=97885"}],"wp:term":[{"taxonomy":"product_brand","embeddable":true,"href":"https:\/\/truusk.store\/sv\/wp-json\/wp\/v2\/product_brand?post=97885"},{"taxonomy":"product_cat","embeddable":true,"href":"https:\/\/truusk.store\/sv\/wp-json\/wp\/v2\/product_cat?post=97885"},{"taxonomy":"product_tag","embeddable":true,"href":"https:\/\/truusk.store\/sv\/wp-json\/wp\/v2\/product_tag?post=97885"}],"curies":[{"name":"wp","href":"https:\/\/api.w.org\/{rel}","templated":true}]}}