{"id":9789,"date":"2024-02-13T09:54:48","date_gmt":"2024-02-13T08:54:48","guid":{"rendered":"https:\/\/truusk.store\/product\/kladd-bank-lounge-pall-hall-hall-bank-sang-bank-elegant-med-rullade-sidor-linnetyg-skum-polyester-ljusgra-132-x-455-x-58-cm\/"},"modified":"2026-03-12T08:56:14","modified_gmt":"2026-03-12T07:56:14","slug":"truusk-elegant-lounge-pall-kladd-i-linnetyg-med-rullade-sidor-skumfyllning-ljusgra-132-x-455-x-58-cm","status":"publish","type":"product","link":"https:\/\/truusk.store\/sv\/produkt\/truusk-elegant-lounge-pall-kladd-i-linnetyg-med-rullade-sidor-skumfyllning-ljusgra-132-x-455-x-58-cm\/","title":{"rendered":"TRUUSK Elegant Lounge Pall &#8211; Kl\u00e4dd i Linnetyg &#8211; Med Rullade Sidor &#8211; Skumfyllning &#8211; Ljusgr\u00e5 &#8211; 132 x 45,5 x 58 cm"},"content":{"rendered":"<p>Uppfinn ditt sovrum p\u00e5 nytt med denna ljusgr\u00e5 ottomanska b\u00e4nk. Det kommer att l\u00e4gga till n\u00e5got i alla sovrum, vardagsrum eller andra rum. Den \u00e4r mjukt vadderad f\u00f6r b\u00e4sta komfort och insvept i snyggt, mjukt linne. De m\u00f6rkf\u00e4rgade benen \u00e4r gjorda av tr\u00e4 och s\u00e4kerst\u00e4ller ett s\u00e4kert stativ.Den \u00f6vergripande bilden \u00e4r komplett med de elegant rullade armst\u00f6den.<\/p>\n<h3>Beskrivning:<\/h3>\n<ul>\n<li>Linnestoppningen andas och \u00e4r mjuk<\/li>\n<li>Elegant rullade armst\u00f6d<\/li>\n<li>Tr\u00e4ben h\u00e5ller s\u00e4ngb\u00e4nken stabil<\/li>\n<li>Den mjuka stoppningen \u00e4r mycket bekv\u00e4m, s\u00e5 att du kan sitta p\u00e5 den bekv\u00e4mt under l\u00e5nga perioder<\/li>\n<li>Kompakt storlek \u00e4r idealisk f\u00f6r sm\u00e5 utrymmen<\/li>\n<li>Max belastning 120 kg<\/li>\n<li>Montering kr\u00e4vs<\/li>\n<\/ul>\n<h3>Teknisk data:<\/h3>\n<ul>\n<li>F\u00e4rg: ljusgr\u00e5<\/li>\n<li>Material: linnetyg (100% polyester), skum<\/li>\n<li>\u00d6vergripande m\u00e5tt: 132L x 45,5W x 58H cm<\/li>\n<li>Sitsm\u00e5tt: 96L x 45W cm<\/li>\n<li>Sitth\u00f6jd: 41 cm<\/li>\n<li>Benh\u00f6jd (till golv): 22 cm<\/li>\n<li>Lastkapacitet: 120 kg<\/li>\n<\/ul>\n<h3>Leveransens omfattning:<\/h3>\n<ul>\n<li>1 x stoppad b\u00e4nk<\/li>\n<li>1 x Monteringsanvisning<\/li>\n<\/ul>\n","protected":false},"excerpt":{"rendered":"<p>Uppfinn ditt sovrum p\u00e5 nytt med denna ljusgr\u00e5 ottomanska b\u00e4nk. Det kommer att l\u00e4gga till n\u00e5got i alla sovrum, vardagsrum&#8230;<\/p>\n","protected":false},"featured_media":9790,"template":"","meta":[],"product_brand":[],"product_cat":[485,537,540],"product_tag":[],"class_list":{"0":"post-9789","1":"product","2":"type-product","3":"status-publish","4":"has-post-thumbnail","6":"product_cat-hus-bo","7":"product_cat-sittplatser-bankar","8":"product_cat-stoppade-bankar","10":"first","11":"instock","12":"sale","13":"taxable","14":"shipping-taxable","15":"purchasable","16":"product-type-simple"},"yoast_head":"<!-- This site is optimized with the Yoast SEO plugin v25.4 - https:\/\/yoast.com\/wordpress\/plugins\/seo\/ -->\n<title>TRUUSK Elegant Lounge Pall - Kl\u00e4dd i Linnetyg - Med Rullade Sidor - Skumfyllning - Ljusgr\u00e5 - 132 x 45,5 x 58 cm - TRUUSK - Hem, Tr\u00e4dg\u00e5rd &amp; Fritid<\/title>\n<meta name=\"robots\" content=\"index, follow, max-snippet:-1, max-image-preview:large, max-video-preview:-1\" \/>\n<link rel=\"canonical\" href=\"https:\/\/truusk.store\/sv\/produkt\/truusk-elegant-lounge-pall-kladd-i-linnetyg-med-rullade-sidor-skumfyllning-ljusgra-132-x-455-x-58-cm\/\" \/>\n<meta property=\"og:locale\" content=\"sv_SE\" \/>\n<meta property=\"og:type\" content=\"article\" \/>\n<meta property=\"og:title\" content=\"TRUUSK Elegant Lounge Pall - Kl\u00e4dd i Linnetyg - Med Rullade Sidor - Skumfyllning - Ljusgr\u00e5 - 132 x 45,5 x 58 cm - TRUUSK - Hem, Tr\u00e4dg\u00e5rd &amp; Fritid\" \/>\n<meta property=\"og:description\" content=\"Uppfinn ditt sovrum p\u00e5 nytt med denna ljusgr\u00e5 ottomanska b\u00e4nk. Det kommer att l\u00e4gga till n\u00e5got i alla sovrum, vardagsrum...\" \/>\n<meta property=\"og:url\" content=\"https:\/\/truusk.store\/sv\/produkt\/truusk-elegant-lounge-pall-kladd-i-linnetyg-med-rullade-sidor-skumfyllning-ljusgra-132-x-455-x-58-cm\/\" \/>\n<meta property=\"og:site_name\" content=\"TRUUSK - Hem, Tr\u00e4dg\u00e5rd &amp; Fritid\" \/>\n<meta property=\"article:modified_time\" content=\"2026-03-12T07:56:14+00:00\" \/>\n<meta property=\"og:image\" content=\"https:\/\/i0.wp.com\/truusk.se\/wp-content\/uploads\/2024\/02\/kladd-bank-lounge-pall-hall-hall-bank-sang-bank-elegant-med-rullade-sidor-linnetyg-skum-polyester-ljusgra-132-x-455-x-58-cm.webp?fit=800%2C800&ssl=1\" \/>\n\t<meta property=\"og:image:width\" content=\"800\" \/>\n\t<meta property=\"og:image:height\" content=\"800\" \/>\n\t<meta property=\"og:image:type\" content=\"image\/webp\" \/>\n<meta name=\"twitter:card\" content=\"summary_large_image\" \/>\n<meta name=\"twitter:label1\" content=\"Ber\u00e4knad l\u00e4stid\" \/>\n\t<meta name=\"twitter:data1\" content=\"1 minut\" \/>\n<!-- \/ Yoast SEO plugin. -->","yoast_head_json":{"title":"TRUUSK Elegant Lounge Pall - Kl\u00e4dd i Linnetyg - Med Rullade Sidor - Skumfyllning - Ljusgr\u00e5 - 132 x 45,5 x 58 cm - TRUUSK - Hem, Tr\u00e4dg\u00e5rd &amp; Fritid","robots":{"index":"index","follow":"follow","max-snippet":"max-snippet:-1","max-image-preview":"max-image-preview:large","max-video-preview":"max-video-preview:-1"},"canonical":"https:\/\/truusk.store\/sv\/produkt\/truusk-elegant-lounge-pall-kladd-i-linnetyg-med-rullade-sidor-skumfyllning-ljusgra-132-x-455-x-58-cm\/","og_locale":"sv_SE","og_type":"article","og_title":"TRUUSK Elegant Lounge Pall - Kl\u00e4dd i Linnetyg - Med Rullade Sidor - Skumfyllning - Ljusgr\u00e5 - 132 x 45,5 x 58 cm - TRUUSK - Hem, Tr\u00e4dg\u00e5rd &amp; Fritid","og_description":"Uppfinn ditt sovrum p\u00e5 nytt med denna ljusgr\u00e5 ottomanska b\u00e4nk. Det kommer att l\u00e4gga till n\u00e5got i alla sovrum, vardagsrum...","og_url":"https:\/\/truusk.store\/sv\/produkt\/truusk-elegant-lounge-pall-kladd-i-linnetyg-med-rullade-sidor-skumfyllning-ljusgra-132-x-455-x-58-cm\/","og_site_name":"TRUUSK - Hem, Tr\u00e4dg\u00e5rd &amp; Fritid","article_modified_time":"2026-03-12T07:56:14+00:00","og_image":[{"width":800,"height":800,"url":"https:\/\/i0.wp.com\/truusk.se\/wp-content\/uploads\/2024\/02\/kladd-bank-lounge-pall-hall-hall-bank-sang-bank-elegant-med-rullade-sidor-linnetyg-skum-polyester-ljusgra-132-x-455-x-58-cm.webp?fit=800%2C800&ssl=1","type":"image\/webp"}],"twitter_card":"summary_large_image","twitter_misc":{"Ber\u00e4knad l\u00e4stid":"1 minut"},"schema":{"@context":"https:\/\/schema.org","@graph":[{"@type":"WebPage","@id":"https:\/\/truusk.store\/sv\/produkt\/truusk-elegant-lounge-pall-kladd-i-linnetyg-med-rullade-sidor-skumfyllning-ljusgra-132-x-455-x-58-cm\/","url":"https:\/\/truusk.store\/sv\/produkt\/truusk-elegant-lounge-pall-kladd-i-linnetyg-med-rullade-sidor-skumfyllning-ljusgra-132-x-455-x-58-cm\/","name":"TRUUSK Elegant Lounge Pall - Kl\u00e4dd i Linnetyg - Med Rullade Sidor - Skumfyllning - Ljusgr\u00e5 - 132 x 45,5 x 58 cm - TRUUSK - Hem, Tr\u00e4dg\u00e5rd &amp; Fritid","isPartOf":{"@id":"https:\/\/truusk.store\/sv\/#website"},"primaryImageOfPage":{"@id":"https:\/\/truusk.store\/sv\/produkt\/truusk-elegant-lounge-pall-kladd-i-linnetyg-med-rullade-sidor-skumfyllning-ljusgra-132-x-455-x-58-cm\/#primaryimage"},"image":{"@id":"https:\/\/truusk.store\/sv\/produkt\/truusk-elegant-lounge-pall-kladd-i-linnetyg-med-rullade-sidor-skumfyllning-ljusgra-132-x-455-x-58-cm\/#primaryimage"},"thumbnailUrl":"https:\/\/i0.wp.com\/truusk.store\/wp-content\/uploads\/2024\/02\/kladd-bank-lounge-pall-hall-hall-bank-sang-bank-elegant-med-rullade-sidor-linnetyg-skum-polyester-ljusgra-132-x-455-x-58-cm.webp?fit=800%2C800&ssl=1","datePublished":"2024-02-13T08:54:48+00:00","dateModified":"2026-03-12T07:56:14+00:00","breadcrumb":{"@id":"https:\/\/truusk.store\/sv\/produkt\/truusk-elegant-lounge-pall-kladd-i-linnetyg-med-rullade-sidor-skumfyllning-ljusgra-132-x-455-x-58-cm\/#breadcrumb"},"inLanguage":"sv-SE","potentialAction":[{"@type":"ReadAction","target":["https:\/\/truusk.store\/sv\/produkt\/truusk-elegant-lounge-pall-kladd-i-linnetyg-med-rullade-sidor-skumfyllning-ljusgra-132-x-455-x-58-cm\/"]}]},{"@type":"ImageObject","inLanguage":"sv-SE","@id":"https:\/\/truusk.store\/sv\/produkt\/truusk-elegant-lounge-pall-kladd-i-linnetyg-med-rullade-sidor-skumfyllning-ljusgra-132-x-455-x-58-cm\/#primaryimage","url":"https:\/\/i0.wp.com\/truusk.store\/wp-content\/uploads\/2024\/02\/kladd-bank-lounge-pall-hall-hall-bank-sang-bank-elegant-med-rullade-sidor-linnetyg-skum-polyester-ljusgra-132-x-455-x-58-cm.webp?fit=800%2C800&ssl=1","contentUrl":"https:\/\/i0.wp.com\/truusk.store\/wp-content\/uploads\/2024\/02\/kladd-bank-lounge-pall-hall-hall-bank-sang-bank-elegant-med-rullade-sidor-linnetyg-skum-polyester-ljusgra-132-x-455-x-58-cm.webp?fit=800%2C800&ssl=1","width":800,"height":800,"caption":"Kl\u00e4dd B\u00e4nk Lounge Pall Hall Hall B\u00e4nk S\u00e4ng B\u00e4nk Elegant Med Rullade Sidor Linnetyg Skum Polyester Ljusgr\u00e5 132 X 45,5 X 58 Cm 1"},{"@type":"BreadcrumbList","@id":"https:\/\/truusk.store\/sv\/produkt\/truusk-elegant-lounge-pall-kladd-i-linnetyg-med-rullade-sidor-skumfyllning-ljusgra-132-x-455-x-58-cm\/#breadcrumb","itemListElement":[{"@type":"ListItem","position":1,"name":"Home","item":"https:\/\/truusk.store\/sv\/"},{"@type":"ListItem","position":2,"name":"Shop","item":"https:\/\/truusk.store\/shop\/"},{"@type":"ListItem","position":3,"name":"TRUUSK Elegant Lounge Pall &#8211; Kl\u00e4dd i Linnetyg &#8211; Med Rullade Sidor &#8211; Skumfyllning &#8211; Ljusgr\u00e5 &#8211; 132 x 45,5 x 58 cm"}]},{"@type":"WebSite","@id":"https:\/\/truusk.store\/sv\/#website","url":"https:\/\/truusk.store\/sv\/","name":"TRUUSK - Hem, Tr\u00e4dg\u00e5rd & Fritid","description":"","publisher":{"@id":"https:\/\/truusk.store\/sv\/#organization"},"potentialAction":[{"@type":"SearchAction","target":{"@type":"EntryPoint","urlTemplate":"https:\/\/truusk.store\/sv\/?s={search_term_string}"},"query-input":{"@type":"PropertyValueSpecification","valueRequired":true,"valueName":"search_term_string"}}],"inLanguage":"sv-SE"},{"@type":"Organization","@id":"https:\/\/truusk.store\/sv\/#organization","name":"TRUUSK - Hem, Tr\u00e4dg\u00e5rd & Fritid","url":"https:\/\/truusk.store\/sv\/","logo":{"@type":"ImageObject","inLanguage":"sv-SE","@id":"https:\/\/truusk.store\/sv\/#\/schema\/logo\/image\/","url":"https:\/\/i0.wp.com\/truusk.store\/wp-content\/uploads\/2026\/03\/cropped-TRUUSK.png?fit=2032%2C917&ssl=1","contentUrl":"https:\/\/i0.wp.com\/truusk.store\/wp-content\/uploads\/2026\/03\/cropped-TRUUSK.png?fit=2032%2C917&ssl=1","width":2032,"height":917,"caption":"TRUUSK - Hem, Tr\u00e4dg\u00e5rd & Fritid"},"image":{"@id":"https:\/\/truusk.store\/sv\/#\/schema\/logo\/image\/"}}]}},"jetpack_sharing_enabled":true,"_links":{"self":[{"href":"https:\/\/truusk.store\/sv\/wp-json\/wp\/v2\/product\/9789","targetHints":{"allow":["GET"]}}],"collection":[{"href":"https:\/\/truusk.store\/sv\/wp-json\/wp\/v2\/product"}],"about":[{"href":"https:\/\/truusk.store\/sv\/wp-json\/wp\/v2\/types\/product"}],"wp:featuredmedia":[{"embeddable":true,"href":"https:\/\/truusk.store\/sv\/wp-json\/wp\/v2\/media\/9790"}],"wp:attachment":[{"href":"https:\/\/truusk.store\/sv\/wp-json\/wp\/v2\/media?parent=9789"}],"wp:term":[{"taxonomy":"product_brand","embeddable":true,"href":"https:\/\/truusk.store\/sv\/wp-json\/wp\/v2\/product_brand?post=9789"},{"taxonomy":"product_cat","embeddable":true,"href":"https:\/\/truusk.store\/sv\/wp-json\/wp\/v2\/product_cat?post=9789"},{"taxonomy":"product_tag","embeddable":true,"href":"https:\/\/truusk.store\/sv\/wp-json\/wp\/v2\/product_tag?post=9789"}],"curies":[{"name":"wp","href":"https:\/\/api.w.org\/{rel}","templated":true}]}}