{"id":97896,"date":"2025-12-15T05:31:52","date_gmt":"2025-12-15T04:31:52","guid":{"rendered":"https:\/\/truusk.store\/product\/koksvagn-i-metall-3-korgar-smalt-design-4-hjul-for-kok-vardagsrum-badrum-vit\/"},"modified":"2026-03-12T08:50:26","modified_gmt":"2026-03-12T07:50:26","slug":"truusk-koksvagn-i-metall-3-korgar-smalt-design-4-hjul-for-kok-vardagsrum-badrum-vit","status":"publish","type":"product","link":"https:\/\/truusk.store\/sv\/produkt\/truusk-koksvagn-i-metall-3-korgar-smalt-design-4-hjul-for-kok-vardagsrum-badrum-vit\/","title":{"rendered":"TRUUSK K\u00f6ksvagn i Metall &#8211; 3 Korgar &#8211; Smalt Design &#8211; 4 Hjul &#8211; F\u00f6r K\u00f6k, Vardagsrum, Badrum &#8211; Vit"},"content":{"rendered":"<p>Platsbrist p\u00e5 arbetsytan eller tr\u00f6tt p\u00e5 kaotiska b\u00e4nkskivor? [BRAND NAME] k\u00f6ksvagn f\u00f6rvandlar tr\u00e5nga h\u00f6rn till praktisk f\u00f6rvaring. Tre utdragbara n\u00e4t korgar och en anv\u00e4ndbar \u00f6vre bricka p\u00e5 rullvagnen ser till att frukt och gr\u00f6nsaker f\u00f6rvaras f\u00e4rskt och luktfritt. Den kompakta ramen p\u00e5 serveringsvagnen rullar l\u00e4tt p\u00e5 360\u00b0 hjul och l\u00e5ser s\u00e4kert, medan det stabila metallst\u00e4llet st\u00e5r emot fukt och daglig anv\u00e4ndning.<\/p>\n<p>Beskrivning:<\/p>\n<ul>\n<li> Tre utdragbara n\u00e4t korgar p\u00e5 serveringsvagnen h\u00e5ller frukt och gr\u00f6nsaker f\u00e4rska och luktfria<\/li>\n<li> Den \u00f6vre brickan p\u00e5 k\u00f6ksvagnen med hjul erbjuder extra utrymme f\u00f6r glas, kryddor eller k\u00f6ksredskap<\/li>\n<li> Den kompakta storleken p\u00e5 rullvagnen p\u00e5 43,2 x 19 x 80 cm passar l\u00e4tt mellan kylsk\u00e5p och sk\u00e5p<\/li>\n<li> Fyra 360\u00b0 styrhjul med tv\u00e5 bromsar ger en mjuk r\u00f6relse och s\u00e4ker st\u00e4llning<\/li>\n<li> Metallramen med pulverlackerad yta p\u00e5 serveringsvagnen med hjul \u00e4r vatten- och rostbest\u00e4ndig<\/li>\n<li> Idealisk f\u00f6r k\u00f6k, badrum, vardagsrum eller tv\u00e4ttstugor f\u00f6r flexibel organisation<\/li>\n<li> Montering kr\u00e4vs<\/li>\n<\/ul>\n<p> Tekniska data:<\/p>\n<ul>\n<li> F\u00e4rg: Vit<\/li>\n<li> Material: Metall<\/li>\n<li> Totala dimensioner: 43,2L x 19B x 80H cm<\/li>\n<li> Storlek p\u00e5 \u00f6vre brickan: 40L x 19B x 6H cm<\/li>\n<li> Inre storlek p\u00e5 korgen: 43,2L x 15,3B x 8H cm<\/li>\n<li> B\u00e4rkapacitet: 9 kg (totalt), 3 kg (bricka), 2 kg (korg)<\/li>\n<\/ul>\n<p>Leveransinneh\u00e5ll:<\/p>\n<ul>\n<li> 1 x K\u00f6ksvagn<\/li>\n<li> 1 x Bruksanvisning<\/li>\n<\/ul>\n","protected":false},"excerpt":{"rendered":"<p>Platsbrist p\u00e5 arbetsytan eller tr\u00f6tt p\u00e5 kaotiska b\u00e4nkskivor? [BRAND NAME] k\u00f6ksvagn f\u00f6rvandlar tr\u00e5nga h\u00f6rn till praktisk f\u00f6rvaring. Tre utdragbara n\u00e4t&#8230;<\/p>\n","protected":false},"featured_media":97886,"template":"","meta":[],"product_brand":[],"product_cat":[871,889,503],"product_tag":[],"class_list":{"0":"post-97896","1":"product","2":"type-product","3":"status-publish","4":"has-post-thumbnail","6":"product_cat-hus-hem","7":"product_cat-kok-matsal","8":"product_cat-serveringsvagn","10":"first","11":"instock","12":"sale","13":"taxable","14":"shipping-taxable","15":"purchasable","16":"product-type-simple"},"yoast_head":"<!-- This site is optimized with the Yoast SEO plugin v25.4 - https:\/\/yoast.com\/wordpress\/plugins\/seo\/ -->\n<title>TRUUSK K\u00f6ksvagn i Metall - 3 Korgar - Smalt Design - 4 Hjul - F\u00f6r K\u00f6k, Vardagsrum, Badrum - Vit - TRUUSK - Hem, Tr\u00e4dg\u00e5rd &amp; Fritid<\/title>\n<meta name=\"robots\" content=\"index, follow, max-snippet:-1, max-image-preview:large, max-video-preview:-1\" \/>\n<link rel=\"canonical\" href=\"https:\/\/truusk.store\/sv\/produkt\/truusk-koksvagn-i-metall-3-korgar-smalt-design-4-hjul-for-kok-vardagsrum-badrum-vit\/\" \/>\n<meta property=\"og:locale\" content=\"sv_SE\" \/>\n<meta property=\"og:type\" content=\"article\" \/>\n<meta property=\"og:title\" content=\"TRUUSK K\u00f6ksvagn i Metall - 3 Korgar - Smalt Design - 4 Hjul - F\u00f6r K\u00f6k, Vardagsrum, Badrum - Vit - TRUUSK - Hem, Tr\u00e4dg\u00e5rd &amp; Fritid\" \/>\n<meta property=\"og:description\" content=\"Platsbrist p\u00e5 arbetsytan eller tr\u00f6tt p\u00e5 kaotiska b\u00e4nkskivor? [BRAND NAME] k\u00f6ksvagn f\u00f6rvandlar tr\u00e5nga h\u00f6rn till praktisk f\u00f6rvaring. Tre utdragbara n\u00e4t...\" \/>\n<meta property=\"og:url\" content=\"https:\/\/truusk.store\/sv\/produkt\/truusk-koksvagn-i-metall-3-korgar-smalt-design-4-hjul-for-kok-vardagsrum-badrum-vit\/\" \/>\n<meta property=\"og:site_name\" content=\"TRUUSK - Hem, Tr\u00e4dg\u00e5rd &amp; Fritid\" \/>\n<meta property=\"article:modified_time\" content=\"2026-03-12T07:50:26+00:00\" \/>\n<meta property=\"og:image\" content=\"https:\/\/i0.wp.com\/truusk.se\/wp-content\/uploads\/2025\/12\/koksvagn-i-metall-3-korgar-smalt-design-4-hjul-for-kok-vardagsrum-badrum-vit-1.webp?fit=2000%2C2000&ssl=1\" \/>\n\t<meta property=\"og:image:width\" content=\"2000\" \/>\n\t<meta property=\"og:image:height\" content=\"2000\" \/>\n\t<meta property=\"og:image:type\" content=\"image\/webp\" \/>\n<meta name=\"twitter:card\" content=\"summary_large_image\" \/>\n<meta name=\"twitter:label1\" content=\"Ber\u00e4knad l\u00e4stid\" \/>\n\t<meta name=\"twitter:data1\" content=\"1 minut\" \/>\n<!-- \/ Yoast SEO plugin. -->","yoast_head_json":{"title":"TRUUSK K\u00f6ksvagn i Metall - 3 Korgar - Smalt Design - 4 Hjul - F\u00f6r K\u00f6k, Vardagsrum, Badrum - Vit - TRUUSK - Hem, Tr\u00e4dg\u00e5rd &amp; Fritid","robots":{"index":"index","follow":"follow","max-snippet":"max-snippet:-1","max-image-preview":"max-image-preview:large","max-video-preview":"max-video-preview:-1"},"canonical":"https:\/\/truusk.store\/sv\/produkt\/truusk-koksvagn-i-metall-3-korgar-smalt-design-4-hjul-for-kok-vardagsrum-badrum-vit\/","og_locale":"sv_SE","og_type":"article","og_title":"TRUUSK K\u00f6ksvagn i Metall - 3 Korgar - Smalt Design - 4 Hjul - F\u00f6r K\u00f6k, Vardagsrum, Badrum - Vit - TRUUSK - Hem, Tr\u00e4dg\u00e5rd &amp; Fritid","og_description":"Platsbrist p\u00e5 arbetsytan eller tr\u00f6tt p\u00e5 kaotiska b\u00e4nkskivor? [BRAND NAME] k\u00f6ksvagn f\u00f6rvandlar tr\u00e5nga h\u00f6rn till praktisk f\u00f6rvaring. Tre utdragbara n\u00e4t...","og_url":"https:\/\/truusk.store\/sv\/produkt\/truusk-koksvagn-i-metall-3-korgar-smalt-design-4-hjul-for-kok-vardagsrum-badrum-vit\/","og_site_name":"TRUUSK - Hem, Tr\u00e4dg\u00e5rd &amp; Fritid","article_modified_time":"2026-03-12T07:50:26+00:00","og_image":[{"width":2000,"height":2000,"url":"https:\/\/i0.wp.com\/truusk.se\/wp-content\/uploads\/2025\/12\/koksvagn-i-metall-3-korgar-smalt-design-4-hjul-for-kok-vardagsrum-badrum-vit-1.webp?fit=2000%2C2000&ssl=1","type":"image\/webp"}],"twitter_card":"summary_large_image","twitter_misc":{"Ber\u00e4knad l\u00e4stid":"1 minut"},"schema":{"@context":"https:\/\/schema.org","@graph":[{"@type":"WebPage","@id":"https:\/\/truusk.store\/sv\/produkt\/truusk-koksvagn-i-metall-3-korgar-smalt-design-4-hjul-for-kok-vardagsrum-badrum-vit\/","url":"https:\/\/truusk.store\/sv\/produkt\/truusk-koksvagn-i-metall-3-korgar-smalt-design-4-hjul-for-kok-vardagsrum-badrum-vit\/","name":"TRUUSK K\u00f6ksvagn i Metall - 3 Korgar - Smalt Design - 4 Hjul - F\u00f6r K\u00f6k, Vardagsrum, Badrum - Vit - TRUUSK - Hem, Tr\u00e4dg\u00e5rd &amp; Fritid","isPartOf":{"@id":"https:\/\/truusk.store\/sv\/#website"},"primaryImageOfPage":{"@id":"https:\/\/truusk.store\/sv\/produkt\/truusk-koksvagn-i-metall-3-korgar-smalt-design-4-hjul-for-kok-vardagsrum-badrum-vit\/#primaryimage"},"image":{"@id":"https:\/\/truusk.store\/sv\/produkt\/truusk-koksvagn-i-metall-3-korgar-smalt-design-4-hjul-for-kok-vardagsrum-badrum-vit\/#primaryimage"},"thumbnailUrl":"https:\/\/i0.wp.com\/truusk.store\/wp-content\/uploads\/2025\/12\/koksvagn-i-metall-3-korgar-smalt-design-4-hjul-for-kok-vardagsrum-badrum-vit-1.webp?fit=2000%2C2000&ssl=1","datePublished":"2025-12-15T04:31:52+00:00","dateModified":"2026-03-12T07:50:26+00:00","breadcrumb":{"@id":"https:\/\/truusk.store\/sv\/produkt\/truusk-koksvagn-i-metall-3-korgar-smalt-design-4-hjul-for-kok-vardagsrum-badrum-vit\/#breadcrumb"},"inLanguage":"sv-SE","potentialAction":[{"@type":"ReadAction","target":["https:\/\/truusk.store\/sv\/produkt\/truusk-koksvagn-i-metall-3-korgar-smalt-design-4-hjul-for-kok-vardagsrum-badrum-vit\/"]}]},{"@type":"ImageObject","inLanguage":"sv-SE","@id":"https:\/\/truusk.store\/sv\/produkt\/truusk-koksvagn-i-metall-3-korgar-smalt-design-4-hjul-for-kok-vardagsrum-badrum-vit\/#primaryimage","url":"https:\/\/i0.wp.com\/truusk.store\/wp-content\/uploads\/2025\/12\/koksvagn-i-metall-3-korgar-smalt-design-4-hjul-for-kok-vardagsrum-badrum-vit-1.webp?fit=2000%2C2000&ssl=1","contentUrl":"https:\/\/i0.wp.com\/truusk.store\/wp-content\/uploads\/2025\/12\/koksvagn-i-metall-3-korgar-smalt-design-4-hjul-for-kok-vardagsrum-badrum-vit-1.webp?fit=2000%2C2000&ssl=1","width":2000,"height":2000},{"@type":"BreadcrumbList","@id":"https:\/\/truusk.store\/sv\/produkt\/truusk-koksvagn-i-metall-3-korgar-smalt-design-4-hjul-for-kok-vardagsrum-badrum-vit\/#breadcrumb","itemListElement":[{"@type":"ListItem","position":1,"name":"Home","item":"https:\/\/truusk.store\/sv\/"},{"@type":"ListItem","position":2,"name":"Shop","item":"https:\/\/truusk.store\/shop\/"},{"@type":"ListItem","position":3,"name":"TRUUSK K\u00f6ksvagn i Metall &#8211; 3 Korgar &#8211; Smalt Design &#8211; 4 Hjul &#8211; F\u00f6r K\u00f6k, Vardagsrum, Badrum &#8211; Vit"}]},{"@type":"WebSite","@id":"https:\/\/truusk.store\/sv\/#website","url":"https:\/\/truusk.store\/sv\/","name":"TRUUSK - Hem, Tr\u00e4dg\u00e5rd & Fritid","description":"","publisher":{"@id":"https:\/\/truusk.store\/sv\/#organization"},"potentialAction":[{"@type":"SearchAction","target":{"@type":"EntryPoint","urlTemplate":"https:\/\/truusk.store\/sv\/?s={search_term_string}"},"query-input":{"@type":"PropertyValueSpecification","valueRequired":true,"valueName":"search_term_string"}}],"inLanguage":"sv-SE"},{"@type":"Organization","@id":"https:\/\/truusk.store\/sv\/#organization","name":"TRUUSK - Hem, Tr\u00e4dg\u00e5rd & Fritid","url":"https:\/\/truusk.store\/sv\/","logo":{"@type":"ImageObject","inLanguage":"sv-SE","@id":"https:\/\/truusk.store\/sv\/#\/schema\/logo\/image\/","url":"https:\/\/i0.wp.com\/truusk.store\/wp-content\/uploads\/2026\/03\/cropped-TRUUSK.png?fit=2032%2C917&ssl=1","contentUrl":"https:\/\/i0.wp.com\/truusk.store\/wp-content\/uploads\/2026\/03\/cropped-TRUUSK.png?fit=2032%2C917&ssl=1","width":2032,"height":917,"caption":"TRUUSK - Hem, Tr\u00e4dg\u00e5rd & Fritid"},"image":{"@id":"https:\/\/truusk.store\/sv\/#\/schema\/logo\/image\/"}}]}},"jetpack_sharing_enabled":true,"_links":{"self":[{"href":"https:\/\/truusk.store\/sv\/wp-json\/wp\/v2\/product\/97896","targetHints":{"allow":["GET"]}}],"collection":[{"href":"https:\/\/truusk.store\/sv\/wp-json\/wp\/v2\/product"}],"about":[{"href":"https:\/\/truusk.store\/sv\/wp-json\/wp\/v2\/types\/product"}],"wp:featuredmedia":[{"embeddable":true,"href":"https:\/\/truusk.store\/sv\/wp-json\/wp\/v2\/media\/97886"}],"wp:attachment":[{"href":"https:\/\/truusk.store\/sv\/wp-json\/wp\/v2\/media?parent=97896"}],"wp:term":[{"taxonomy":"product_brand","embeddable":true,"href":"https:\/\/truusk.store\/sv\/wp-json\/wp\/v2\/product_brand?post=97896"},{"taxonomy":"product_cat","embeddable":true,"href":"https:\/\/truusk.store\/sv\/wp-json\/wp\/v2\/product_cat?post=97896"},{"taxonomy":"product_tag","embeddable":true,"href":"https:\/\/truusk.store\/sv\/wp-json\/wp\/v2\/product_tag?post=97896"}],"curies":[{"name":"wp","href":"https:\/\/api.w.org\/{rel}","templated":true}]}}