{"id":97915,"date":"2025-12-15T05:33:44","date_gmt":"2025-12-15T04:33:44","guid":{"rendered":"https:\/\/truusk.store\/product\/2-delat-set-med-vardagsrumsbord-skjutbara-inuti-varandra-brickdesign-metall-gra\/"},"modified":"2026-03-12T08:50:32","modified_gmt":"2026-03-12T07:50:32","slug":"truusk-2-delat-set-med-vardagsrumsbord-skjutbara-inuti-varandra-brickdesign-metall-gra","status":"publish","type":"product","link":"https:\/\/truusk.store\/sv\/produkt\/truusk-2-delat-set-med-vardagsrumsbord-skjutbara-inuti-varandra-brickdesign-metall-gra\/","title":{"rendered":"TRUUSK 2-delat Set Med Vardagsrumsbord &#8211; Skjutbara Inuti Varandra &#8211; Brickdesign &#8211; Metall &#8211; Gr\u00e5"},"content":{"rendered":"<p>Sluta anstr\u00e4nga dig med ett tr\u00e5ngt vardagsrum och r\u00e4dslan f\u00f6r att spilla din dryck. En avslappnad kv\u00e4ll, men fj\u00e4rrkontrollen och kaffekoppen balanserar farligt. [BRAND NAME] sidobordssats erbjuder l\u00f6sningen. Den smarta f\u00f6rvaringsdesignen sparar utrymme och den upph\u00f6jda kanten p\u00e5 det mindre vardagsrumsbordet skyddar dina saker. Upplev bekymmersfria, flexibla kv\u00e4llar, ensam eller med v\u00e4nner, tack vare dessa anpassningsbara satstabeller.<\/p>\n<p>Beskrivning:<\/p>\n<ul>\n<li> Inneh\u00e5ller tv\u00e5 soffbord f\u00f6r flexibel anv\u00e4ndning, antingen instoppade i varandra eller separat uppst\u00e4llda<\/li>\n<li> Utrymmesbesparande design som kan skjutas in i varandra, perfekt f\u00f6r l\u00e4genheter<\/li>\n<li> Brickdesign med upph\u00f6jd kant f\u00f6r att h\u00e5lla drycker och f\u00f6rem\u00e5l s\u00e4kert<\/li>\n<li> Den industriella stilen p\u00e5 metallbordet berikar din moderna inredning<\/li>\n<li> Robust metallram med halkfria fotdynor garanterar stabilitet och skyddar golvet<\/li>\n<li> M\u00e5ngsidig upps\u00e4ttning, kan anv\u00e4ndas som sidobord, nattduksbord eller kaffeh\u00f6rna<\/li>\n<li> Montering kr\u00e4vs<\/li>\n<\/ul>\n<p> Tekniska specifikationer:<\/p>\n<ul>\n<li> F\u00e4rg: Gr\u00e5 + Svart<\/li>\n<li> Material: Metall, MDF<\/li>\n<li> Storlek p\u00e5 h\u00f6gt bord: \u00d842 cm x 54H cm<\/li>\n<li> Storlek p\u00e5 l\u00e5gt bord: \u00d836,5 cm x 48,5H cm<\/li>\n<li> Maximal belastning: 10 kg (totalt), 5 kg (varje)<\/li>\n<\/ul>\n<p>Ing\u00e5r i leveransen:<\/p>\n<ul>\n<li> 2 x sidobord<\/li>\n<li> 1 x handbok<\/li>\n<\/ul>\n","protected":false},"excerpt":{"rendered":"<p>Sluta anstr\u00e4nga dig med ett tr\u00e5ngt vardagsrum och r\u00e4dslan f\u00f6r att spilla din dryck. En avslappnad kv\u00e4ll, men fj\u00e4rrkontrollen och&#8230;<\/p>\n","protected":false},"featured_media":97906,"template":"","meta":[],"product_brand":[],"product_cat":[871,957,910],"product_tag":[],"class_list":{"0":"post-97915","1":"product","2":"type-product","3":"status-publish","4":"has-post-thumbnail","6":"product_cat-hus-hem","7":"product_cat-sidobord","8":"product_cat-vardagsrum","10":"first","11":"instock","12":"sale","13":"taxable","14":"shipping-taxable","15":"purchasable","16":"product-type-simple"},"yoast_head":"<!-- This site is optimized with the Yoast SEO plugin v25.4 - https:\/\/yoast.com\/wordpress\/plugins\/seo\/ -->\n<title>TRUUSK 2-delat Set Med Vardagsrumsbord - Skjutbara Inuti Varandra - Brickdesign - Metall - Gr\u00e5 - TRUUSK - Hem, Tr\u00e4dg\u00e5rd &amp; Fritid<\/title>\n<meta name=\"robots\" content=\"index, follow, max-snippet:-1, max-image-preview:large, max-video-preview:-1\" \/>\n<link rel=\"canonical\" href=\"https:\/\/truusk.store\/sv\/produkt\/truusk-2-delat-set-med-vardagsrumsbord-skjutbara-inuti-varandra-brickdesign-metall-gra\/\" \/>\n<meta property=\"og:locale\" content=\"sv_SE\" \/>\n<meta property=\"og:type\" content=\"article\" \/>\n<meta property=\"og:title\" content=\"TRUUSK 2-delat Set Med Vardagsrumsbord - Skjutbara Inuti Varandra - Brickdesign - Metall - Gr\u00e5 - TRUUSK - Hem, Tr\u00e4dg\u00e5rd &amp; Fritid\" \/>\n<meta property=\"og:description\" content=\"Sluta anstr\u00e4nga dig med ett tr\u00e5ngt vardagsrum och r\u00e4dslan f\u00f6r att spilla din dryck. En avslappnad kv\u00e4ll, men fj\u00e4rrkontrollen och...\" \/>\n<meta property=\"og:url\" content=\"https:\/\/truusk.store\/sv\/produkt\/truusk-2-delat-set-med-vardagsrumsbord-skjutbara-inuti-varandra-brickdesign-metall-gra\/\" \/>\n<meta property=\"og:site_name\" content=\"TRUUSK - Hem, Tr\u00e4dg\u00e5rd &amp; Fritid\" \/>\n<meta property=\"article:modified_time\" content=\"2026-03-12T07:50:32+00:00\" \/>\n<meta property=\"og:image\" content=\"https:\/\/i0.wp.com\/truusk.se\/wp-content\/uploads\/2025\/12\/2-delat-set-med-vardagsrumsbord-skjutbara-inuti-varandra-brickdesign-metall-gra-1.webp?fit=2000%2C2000&ssl=1\" \/>\n\t<meta property=\"og:image:width\" content=\"2000\" \/>\n\t<meta property=\"og:image:height\" content=\"2000\" \/>\n\t<meta property=\"og:image:type\" content=\"image\/webp\" \/>\n<meta name=\"twitter:card\" content=\"summary_large_image\" \/>\n<meta name=\"twitter:label1\" content=\"Ber\u00e4knad l\u00e4stid\" \/>\n\t<meta name=\"twitter:data1\" content=\"1 minut\" \/>\n<!-- \/ Yoast SEO plugin. -->","yoast_head_json":{"title":"TRUUSK 2-delat Set Med Vardagsrumsbord - Skjutbara Inuti Varandra - Brickdesign - Metall - Gr\u00e5 - TRUUSK - Hem, Tr\u00e4dg\u00e5rd &amp; Fritid","robots":{"index":"index","follow":"follow","max-snippet":"max-snippet:-1","max-image-preview":"max-image-preview:large","max-video-preview":"max-video-preview:-1"},"canonical":"https:\/\/truusk.store\/sv\/produkt\/truusk-2-delat-set-med-vardagsrumsbord-skjutbara-inuti-varandra-brickdesign-metall-gra\/","og_locale":"sv_SE","og_type":"article","og_title":"TRUUSK 2-delat Set Med Vardagsrumsbord - Skjutbara Inuti Varandra - Brickdesign - Metall - Gr\u00e5 - TRUUSK - Hem, Tr\u00e4dg\u00e5rd &amp; Fritid","og_description":"Sluta anstr\u00e4nga dig med ett tr\u00e5ngt vardagsrum och r\u00e4dslan f\u00f6r att spilla din dryck. En avslappnad kv\u00e4ll, men fj\u00e4rrkontrollen och...","og_url":"https:\/\/truusk.store\/sv\/produkt\/truusk-2-delat-set-med-vardagsrumsbord-skjutbara-inuti-varandra-brickdesign-metall-gra\/","og_site_name":"TRUUSK - Hem, Tr\u00e4dg\u00e5rd &amp; Fritid","article_modified_time":"2026-03-12T07:50:32+00:00","og_image":[{"width":2000,"height":2000,"url":"https:\/\/i0.wp.com\/truusk.se\/wp-content\/uploads\/2025\/12\/2-delat-set-med-vardagsrumsbord-skjutbara-inuti-varandra-brickdesign-metall-gra-1.webp?fit=2000%2C2000&ssl=1","type":"image\/webp"}],"twitter_card":"summary_large_image","twitter_misc":{"Ber\u00e4knad l\u00e4stid":"1 minut"},"schema":{"@context":"https:\/\/schema.org","@graph":[{"@type":"WebPage","@id":"https:\/\/truusk.store\/sv\/produkt\/truusk-2-delat-set-med-vardagsrumsbord-skjutbara-inuti-varandra-brickdesign-metall-gra\/","url":"https:\/\/truusk.store\/sv\/produkt\/truusk-2-delat-set-med-vardagsrumsbord-skjutbara-inuti-varandra-brickdesign-metall-gra\/","name":"TRUUSK 2-delat Set Med Vardagsrumsbord - Skjutbara Inuti Varandra - Brickdesign - Metall - Gr\u00e5 - TRUUSK - Hem, Tr\u00e4dg\u00e5rd &amp; Fritid","isPartOf":{"@id":"https:\/\/truusk.store\/sv\/#website"},"primaryImageOfPage":{"@id":"https:\/\/truusk.store\/sv\/produkt\/truusk-2-delat-set-med-vardagsrumsbord-skjutbara-inuti-varandra-brickdesign-metall-gra\/#primaryimage"},"image":{"@id":"https:\/\/truusk.store\/sv\/produkt\/truusk-2-delat-set-med-vardagsrumsbord-skjutbara-inuti-varandra-brickdesign-metall-gra\/#primaryimage"},"thumbnailUrl":"https:\/\/i0.wp.com\/truusk.store\/wp-content\/uploads\/2025\/12\/2-delat-set-med-vardagsrumsbord-skjutbara-inuti-varandra-brickdesign-metall-gra-1.webp?fit=2000%2C2000&ssl=1","datePublished":"2025-12-15T04:33:44+00:00","dateModified":"2026-03-12T07:50:32+00:00","breadcrumb":{"@id":"https:\/\/truusk.store\/sv\/produkt\/truusk-2-delat-set-med-vardagsrumsbord-skjutbara-inuti-varandra-brickdesign-metall-gra\/#breadcrumb"},"inLanguage":"sv-SE","potentialAction":[{"@type":"ReadAction","target":["https:\/\/truusk.store\/sv\/produkt\/truusk-2-delat-set-med-vardagsrumsbord-skjutbara-inuti-varandra-brickdesign-metall-gra\/"]}]},{"@type":"ImageObject","inLanguage":"sv-SE","@id":"https:\/\/truusk.store\/sv\/produkt\/truusk-2-delat-set-med-vardagsrumsbord-skjutbara-inuti-varandra-brickdesign-metall-gra\/#primaryimage","url":"https:\/\/i0.wp.com\/truusk.store\/wp-content\/uploads\/2025\/12\/2-delat-set-med-vardagsrumsbord-skjutbara-inuti-varandra-brickdesign-metall-gra-1.webp?fit=2000%2C2000&ssl=1","contentUrl":"https:\/\/i0.wp.com\/truusk.store\/wp-content\/uploads\/2025\/12\/2-delat-set-med-vardagsrumsbord-skjutbara-inuti-varandra-brickdesign-metall-gra-1.webp?fit=2000%2C2000&ssl=1","width":2000,"height":2000},{"@type":"BreadcrumbList","@id":"https:\/\/truusk.store\/sv\/produkt\/truusk-2-delat-set-med-vardagsrumsbord-skjutbara-inuti-varandra-brickdesign-metall-gra\/#breadcrumb","itemListElement":[{"@type":"ListItem","position":1,"name":"Home","item":"https:\/\/truusk.store\/sv\/"},{"@type":"ListItem","position":2,"name":"Shop","item":"https:\/\/truusk.store\/shop\/"},{"@type":"ListItem","position":3,"name":"TRUUSK 2-delat Set Med Vardagsrumsbord &#8211; Skjutbara Inuti Varandra &#8211; Brickdesign &#8211; Metall &#8211; Gr\u00e5"}]},{"@type":"WebSite","@id":"https:\/\/truusk.store\/sv\/#website","url":"https:\/\/truusk.store\/sv\/","name":"TRUUSK - Hem, Tr\u00e4dg\u00e5rd & Fritid","description":"","publisher":{"@id":"https:\/\/truusk.store\/sv\/#organization"},"potentialAction":[{"@type":"SearchAction","target":{"@type":"EntryPoint","urlTemplate":"https:\/\/truusk.store\/sv\/?s={search_term_string}"},"query-input":{"@type":"PropertyValueSpecification","valueRequired":true,"valueName":"search_term_string"}}],"inLanguage":"sv-SE"},{"@type":"Organization","@id":"https:\/\/truusk.store\/sv\/#organization","name":"TRUUSK - Hem, Tr\u00e4dg\u00e5rd & Fritid","url":"https:\/\/truusk.store\/sv\/","logo":{"@type":"ImageObject","inLanguage":"sv-SE","@id":"https:\/\/truusk.store\/sv\/#\/schema\/logo\/image\/","url":"https:\/\/i0.wp.com\/truusk.store\/wp-content\/uploads\/2026\/03\/cropped-TRUUSK.png?fit=2032%2C917&ssl=1","contentUrl":"https:\/\/i0.wp.com\/truusk.store\/wp-content\/uploads\/2026\/03\/cropped-TRUUSK.png?fit=2032%2C917&ssl=1","width":2032,"height":917,"caption":"TRUUSK - Hem, Tr\u00e4dg\u00e5rd & Fritid"},"image":{"@id":"https:\/\/truusk.store\/sv\/#\/schema\/logo\/image\/"}}]}},"jetpack_sharing_enabled":true,"_links":{"self":[{"href":"https:\/\/truusk.store\/sv\/wp-json\/wp\/v2\/product\/97915","targetHints":{"allow":["GET"]}}],"collection":[{"href":"https:\/\/truusk.store\/sv\/wp-json\/wp\/v2\/product"}],"about":[{"href":"https:\/\/truusk.store\/sv\/wp-json\/wp\/v2\/types\/product"}],"wp:featuredmedia":[{"embeddable":true,"href":"https:\/\/truusk.store\/sv\/wp-json\/wp\/v2\/media\/97906"}],"wp:attachment":[{"href":"https:\/\/truusk.store\/sv\/wp-json\/wp\/v2\/media?parent=97915"}],"wp:term":[{"taxonomy":"product_brand","embeddable":true,"href":"https:\/\/truusk.store\/sv\/wp-json\/wp\/v2\/product_brand?post=97915"},{"taxonomy":"product_cat","embeddable":true,"href":"https:\/\/truusk.store\/sv\/wp-json\/wp\/v2\/product_cat?post=97915"},{"taxonomy":"product_tag","embeddable":true,"href":"https:\/\/truusk.store\/sv\/wp-json\/wp\/v2\/product_tag?post=97915"}],"curies":[{"name":"wp","href":"https:\/\/api.w.org\/{rel}","templated":true}]}}