{"id":97959,"date":"2025-12-15T05:38:03","date_gmt":"2025-12-15T04:38:03","guid":{"rendered":"https:\/\/truusk.store\/product\/hopfallbart-matbord-med-hylla-industriell-design-utrymmesbesparande-for-sma-utrymmen-785-x-91-x-93-cm-ek\/"},"modified":"2026-03-12T08:50:47","modified_gmt":"2026-03-12T07:50:47","slug":"truusk-hopfallbart-matbord-med-hylla-industriellt-design-utrymmesbesparande-785-x-91-x-93-cm-ek","status":"publish","type":"product","link":"https:\/\/truusk.store\/sv\/produkt\/truusk-hopfallbart-matbord-med-hylla-industriellt-design-utrymmesbesparande-785-x-91-x-93-cm-ek\/","title":{"rendered":"TRUUSK Hopf\u00e4llbart Matbord Med Hylla &#8211; Industriellt Design &#8211; Utrymmesbesparande &#8211; 78,5 x 91 x 93 cm &#8211; Ek"},"content":{"rendered":"<p>F\u00f6rvandla ditt hem med [BRAND NAME] utdragbart matbord, som kombinerar platsbesparande innovation och m\u00e5ngsidig funktion. Idealisk f\u00f6r sm\u00e5 l\u00e4genheter, erbjuder det maximal flexibilitet som ett k\u00f6ksbord f\u00f6r tre personer eller som ett skrivbord. Den inbyggda hyllan ger ordning och inspiration, medan den robusta konstruktionen med anti-tipps\u00e4kerhet garanterar s\u00e4kerhet och stabilitet.<\/p>\n<p>Beskrivning:<\/p>\n<ul>\n<li> Innovativt enkel-sidigt f\u00e4llbart design sparar utrymme och passar sm\u00e5 l\u00e4genheter<\/li>\n<li> M\u00e5ngsidig anv\u00e4ndning som utdragbart matbord, skrivbord eller utst\u00e4llningsbord<\/li>\n<li> Praktiska hyllor erbjuder diskreta f\u00f6rvaringsm\u00f6jligheter f\u00f6r vardagliga f\u00f6rem\u00e5l<\/li>\n<li> Stabil st\u00e5lram med justerbara bordsben garanterar s\u00e4kerhet och stabilitet<\/li>\n<li>\u2013 Industriell design ger modern stil<\/li>\n<li> Enkel montering sparar tid och erbjuder h\u00f6g funktionalitet<\/li>\n<li> Justerbara bordsben anpassar sig till olika golvf\u00f6rh\u00e5llanden<\/li>\n<li> Idealisk f\u00f6r sm\u00e5 utrymmen, maximerar anv\u00e4ndningen av begr\u00e4nsat utrymme<\/li>\n<\/ul>\n<p> Tekniska data:<\/p>\n<ul>\n<li> F\u00e4rg: Ek<\/li>\n<li> Material: MDF, St\u00e5l<\/li>\n<li> Utvikta dimensioner: 78,5B x 91T x 93H cm<\/li>\n<li> Vikta dimensioner: 78,5B x 20T x 93H cm<\/li>\n<li> Bordets dimensioner: 75B x 75T x 74H cm<\/li>\n<li> Storlek p\u00e5 \u00f6vre hyllan: 75,5B x 18T x 14H cm<\/li>\n<li> Storlek p\u00e5 nedre hyllan: 75,5B x 15T x 23,5H cm\/75,5B x 18T x 23,5H cm<\/li>\n<li> B\u00e4rf\u00f6rm\u00e5ga: 40 kg (totalt), 20 kg (bordsskiva), 5 kg (hylla)<\/li>\n<\/ul>\n<p>Leveransinneh\u00e5ll:<\/p>\n<ul>\n<li> 1 x F\u00e4llbart matbord<\/li>\n<li> 1 x Bruksanvisning<\/li>\n<\/ul>\n","protected":false},"excerpt":{"rendered":"<p>F\u00f6rvandla ditt hem med [BRAND NAME] utdragbart matbord, som kombinerar platsbesparande innovation och m\u00e5ngsidig funktion. Idealisk f\u00f6r sm\u00e5 l\u00e4genheter, erbjuder&#8230;<\/p>\n","protected":false},"featured_media":97943,"template":"","meta":[],"product_brand":[],"product_cat":[871,889,509],"product_tag":[],"class_list":{"0":"post-97959","1":"product","2":"type-product","3":"status-publish","4":"has-post-thumbnail","6":"product_cat-hus-hem","7":"product_cat-kok-matsal","8":"product_cat-matbord","10":"first","11":"instock","12":"sale","13":"taxable","14":"shipping-taxable","15":"purchasable","16":"product-type-simple"},"yoast_head":"<!-- This site is optimized with the Yoast SEO plugin v25.4 - https:\/\/yoast.com\/wordpress\/plugins\/seo\/ -->\n<title>TRUUSK Hopf\u00e4llbart Matbord Med Hylla - Industriellt Design - Utrymmesbesparande - 78,5 x 91 x 93 cm - Ek - TRUUSK - Hem, Tr\u00e4dg\u00e5rd &amp; Fritid<\/title>\n<meta name=\"robots\" content=\"index, follow, max-snippet:-1, max-image-preview:large, max-video-preview:-1\" \/>\n<link rel=\"canonical\" href=\"https:\/\/truusk.store\/sv\/produkt\/truusk-hopfallbart-matbord-med-hylla-industriellt-design-utrymmesbesparande-785-x-91-x-93-cm-ek\/\" \/>\n<meta property=\"og:locale\" content=\"sv_SE\" \/>\n<meta property=\"og:type\" content=\"article\" \/>\n<meta property=\"og:title\" content=\"TRUUSK Hopf\u00e4llbart Matbord Med Hylla - Industriellt Design - Utrymmesbesparande - 78,5 x 91 x 93 cm - Ek - TRUUSK - Hem, Tr\u00e4dg\u00e5rd &amp; Fritid\" \/>\n<meta property=\"og:description\" content=\"F\u00f6rvandla ditt hem med [BRAND NAME] utdragbart matbord, som kombinerar platsbesparande innovation och m\u00e5ngsidig funktion. Idealisk f\u00f6r sm\u00e5 l\u00e4genheter, erbjuder...\" \/>\n<meta property=\"og:url\" content=\"https:\/\/truusk.store\/sv\/produkt\/truusk-hopfallbart-matbord-med-hylla-industriellt-design-utrymmesbesparande-785-x-91-x-93-cm-ek\/\" \/>\n<meta property=\"og:site_name\" content=\"TRUUSK - Hem, Tr\u00e4dg\u00e5rd &amp; Fritid\" \/>\n<meta property=\"article:modified_time\" content=\"2026-03-12T07:50:47+00:00\" \/>\n<meta property=\"og:image\" content=\"https:\/\/i0.wp.com\/truusk.se\/wp-content\/uploads\/2025\/12\/hopfallbart-matbord-med-hylla-industriell-design-utrymmesbesparande-for-sma-utrymmen-785-x-91-x-93-cm-ek-1.webp?fit=2000%2C2000&ssl=1\" \/>\n\t<meta property=\"og:image:width\" content=\"2000\" \/>\n\t<meta property=\"og:image:height\" content=\"2000\" \/>\n\t<meta property=\"og:image:type\" content=\"image\/webp\" \/>\n<meta name=\"twitter:card\" content=\"summary_large_image\" \/>\n<meta name=\"twitter:label1\" content=\"Ber\u00e4knad l\u00e4stid\" \/>\n\t<meta name=\"twitter:data1\" content=\"1 minut\" \/>\n<!-- \/ Yoast SEO plugin. -->","yoast_head_json":{"title":"TRUUSK Hopf\u00e4llbart Matbord Med Hylla - Industriellt Design - Utrymmesbesparande - 78,5 x 91 x 93 cm - Ek - TRUUSK - Hem, Tr\u00e4dg\u00e5rd &amp; Fritid","robots":{"index":"index","follow":"follow","max-snippet":"max-snippet:-1","max-image-preview":"max-image-preview:large","max-video-preview":"max-video-preview:-1"},"canonical":"https:\/\/truusk.store\/sv\/produkt\/truusk-hopfallbart-matbord-med-hylla-industriellt-design-utrymmesbesparande-785-x-91-x-93-cm-ek\/","og_locale":"sv_SE","og_type":"article","og_title":"TRUUSK Hopf\u00e4llbart Matbord Med Hylla - Industriellt Design - Utrymmesbesparande - 78,5 x 91 x 93 cm - Ek - TRUUSK - Hem, Tr\u00e4dg\u00e5rd &amp; Fritid","og_description":"F\u00f6rvandla ditt hem med [BRAND NAME] utdragbart matbord, som kombinerar platsbesparande innovation och m\u00e5ngsidig funktion. Idealisk f\u00f6r sm\u00e5 l\u00e4genheter, erbjuder...","og_url":"https:\/\/truusk.store\/sv\/produkt\/truusk-hopfallbart-matbord-med-hylla-industriellt-design-utrymmesbesparande-785-x-91-x-93-cm-ek\/","og_site_name":"TRUUSK - Hem, Tr\u00e4dg\u00e5rd &amp; Fritid","article_modified_time":"2026-03-12T07:50:47+00:00","og_image":[{"width":2000,"height":2000,"url":"https:\/\/i0.wp.com\/truusk.se\/wp-content\/uploads\/2025\/12\/hopfallbart-matbord-med-hylla-industriell-design-utrymmesbesparande-for-sma-utrymmen-785-x-91-x-93-cm-ek-1.webp?fit=2000%2C2000&ssl=1","type":"image\/webp"}],"twitter_card":"summary_large_image","twitter_misc":{"Ber\u00e4knad l\u00e4stid":"1 minut"},"schema":{"@context":"https:\/\/schema.org","@graph":[{"@type":"WebPage","@id":"https:\/\/truusk.store\/sv\/produkt\/truusk-hopfallbart-matbord-med-hylla-industriellt-design-utrymmesbesparande-785-x-91-x-93-cm-ek\/","url":"https:\/\/truusk.store\/sv\/produkt\/truusk-hopfallbart-matbord-med-hylla-industriellt-design-utrymmesbesparande-785-x-91-x-93-cm-ek\/","name":"TRUUSK Hopf\u00e4llbart Matbord Med Hylla - Industriellt Design - Utrymmesbesparande - 78,5 x 91 x 93 cm - Ek - TRUUSK - Hem, Tr\u00e4dg\u00e5rd &amp; Fritid","isPartOf":{"@id":"https:\/\/truusk.store\/sv\/#website"},"primaryImageOfPage":{"@id":"https:\/\/truusk.store\/sv\/produkt\/truusk-hopfallbart-matbord-med-hylla-industriellt-design-utrymmesbesparande-785-x-91-x-93-cm-ek\/#primaryimage"},"image":{"@id":"https:\/\/truusk.store\/sv\/produkt\/truusk-hopfallbart-matbord-med-hylla-industriellt-design-utrymmesbesparande-785-x-91-x-93-cm-ek\/#primaryimage"},"thumbnailUrl":"https:\/\/i0.wp.com\/truusk.store\/wp-content\/uploads\/2025\/12\/hopfallbart-matbord-med-hylla-industriell-design-utrymmesbesparande-for-sma-utrymmen-785-x-91-x-93-cm-ek-1.webp?fit=2000%2C2000&ssl=1","datePublished":"2025-12-15T04:38:03+00:00","dateModified":"2026-03-12T07:50:47+00:00","breadcrumb":{"@id":"https:\/\/truusk.store\/sv\/produkt\/truusk-hopfallbart-matbord-med-hylla-industriellt-design-utrymmesbesparande-785-x-91-x-93-cm-ek\/#breadcrumb"},"inLanguage":"sv-SE","potentialAction":[{"@type":"ReadAction","target":["https:\/\/truusk.store\/sv\/produkt\/truusk-hopfallbart-matbord-med-hylla-industriellt-design-utrymmesbesparande-785-x-91-x-93-cm-ek\/"]}]},{"@type":"ImageObject","inLanguage":"sv-SE","@id":"https:\/\/truusk.store\/sv\/produkt\/truusk-hopfallbart-matbord-med-hylla-industriellt-design-utrymmesbesparande-785-x-91-x-93-cm-ek\/#primaryimage","url":"https:\/\/i0.wp.com\/truusk.store\/wp-content\/uploads\/2025\/12\/hopfallbart-matbord-med-hylla-industriell-design-utrymmesbesparande-for-sma-utrymmen-785-x-91-x-93-cm-ek-1.webp?fit=2000%2C2000&ssl=1","contentUrl":"https:\/\/i0.wp.com\/truusk.store\/wp-content\/uploads\/2025\/12\/hopfallbart-matbord-med-hylla-industriell-design-utrymmesbesparande-for-sma-utrymmen-785-x-91-x-93-cm-ek-1.webp?fit=2000%2C2000&ssl=1","width":2000,"height":2000},{"@type":"BreadcrumbList","@id":"https:\/\/truusk.store\/sv\/produkt\/truusk-hopfallbart-matbord-med-hylla-industriellt-design-utrymmesbesparande-785-x-91-x-93-cm-ek\/#breadcrumb","itemListElement":[{"@type":"ListItem","position":1,"name":"Home","item":"https:\/\/truusk.store\/sv\/"},{"@type":"ListItem","position":2,"name":"Shop","item":"https:\/\/truusk.store\/shop\/"},{"@type":"ListItem","position":3,"name":"TRUUSK Hopf\u00e4llbart Matbord Med Hylla &#8211; Industriellt Design &#8211; Utrymmesbesparande &#8211; 78,5 x 91 x 93 cm &#8211; Ek"}]},{"@type":"WebSite","@id":"https:\/\/truusk.store\/sv\/#website","url":"https:\/\/truusk.store\/sv\/","name":"TRUUSK - Hem, Tr\u00e4dg\u00e5rd & Fritid","description":"","publisher":{"@id":"https:\/\/truusk.store\/sv\/#organization"},"potentialAction":[{"@type":"SearchAction","target":{"@type":"EntryPoint","urlTemplate":"https:\/\/truusk.store\/sv\/?s={search_term_string}"},"query-input":{"@type":"PropertyValueSpecification","valueRequired":true,"valueName":"search_term_string"}}],"inLanguage":"sv-SE"},{"@type":"Organization","@id":"https:\/\/truusk.store\/sv\/#organization","name":"TRUUSK - Hem, Tr\u00e4dg\u00e5rd & Fritid","url":"https:\/\/truusk.store\/sv\/","logo":{"@type":"ImageObject","inLanguage":"sv-SE","@id":"https:\/\/truusk.store\/sv\/#\/schema\/logo\/image\/","url":"https:\/\/i0.wp.com\/truusk.store\/wp-content\/uploads\/2026\/03\/cropped-TRUUSK.png?fit=2032%2C917&ssl=1","contentUrl":"https:\/\/i0.wp.com\/truusk.store\/wp-content\/uploads\/2026\/03\/cropped-TRUUSK.png?fit=2032%2C917&ssl=1","width":2032,"height":917,"caption":"TRUUSK - Hem, Tr\u00e4dg\u00e5rd & Fritid"},"image":{"@id":"https:\/\/truusk.store\/sv\/#\/schema\/logo\/image\/"}}]}},"jetpack_sharing_enabled":true,"_links":{"self":[{"href":"https:\/\/truusk.store\/sv\/wp-json\/wp\/v2\/product\/97959","targetHints":{"allow":["GET"]}}],"collection":[{"href":"https:\/\/truusk.store\/sv\/wp-json\/wp\/v2\/product"}],"about":[{"href":"https:\/\/truusk.store\/sv\/wp-json\/wp\/v2\/types\/product"}],"wp:featuredmedia":[{"embeddable":true,"href":"https:\/\/truusk.store\/sv\/wp-json\/wp\/v2\/media\/97943"}],"wp:attachment":[{"href":"https:\/\/truusk.store\/sv\/wp-json\/wp\/v2\/media?parent=97959"}],"wp:term":[{"taxonomy":"product_brand","embeddable":true,"href":"https:\/\/truusk.store\/sv\/wp-json\/wp\/v2\/product_brand?post=97959"},{"taxonomy":"product_cat","embeddable":true,"href":"https:\/\/truusk.store\/sv\/wp-json\/wp\/v2\/product_cat?post=97959"},{"taxonomy":"product_tag","embeddable":true,"href":"https:\/\/truusk.store\/sv\/wp-json\/wp\/v2\/product_tag?post=97959"}],"curies":[{"name":"wp","href":"https:\/\/api.w.org\/{rel}","templated":true}]}}