{"id":97965,"date":"2025-12-15T05:38:36","date_gmt":"2025-12-15T04:38:36","guid":{"rendered":"https:\/\/truusk.store\/product\/modern-accentstol-stoppad-stol-med-metallben-linneutseende-ljusgra\/"},"modified":"2026-03-12T08:50:48","modified_gmt":"2026-03-12T07:50:48","slug":"truusk-modern-accentstol-stopad-med-metallben-linneutseende-ljusgra","status":"publish","type":"product","link":"https:\/\/truusk.store\/sv\/produkt\/truusk-modern-accentstol-stopad-med-metallben-linneutseende-ljusgra\/","title":{"rendered":"TRUUSK Modern Accentstol &#8211; Stopad med Metallben &#8211; Linneutseende &#8211; Ljusgr\u00e5"},"content":{"rendered":"<p>F\u00f6rvandla ditt rum med [BRAND NAME] loungef\u00e5t\u00f6lj, som kombinerar tidl\u00f6s stil med komfort. Den naturligt strukturerade ytan, den knappkl\u00e4dda ryggst\u00f6det och de koniska benen ger den ett vintage-utseende, medan de dubbla kuddarna i andningsbart linneutseende ger behaglig, st\u00f6djande komfort. Den mjukt b\u00f6jda ryggen och armst\u00f6den g\u00f6r denna f\u00e5t\u00f6lj till en mysig, inbjudande avkopplingsh\u00f6rna.<\/p>\n<p>Beskrivning:<\/p>\n<ul>\n<li> Naturligt strukturerad yta med knappkl\u00e4dd ryggst\u00f6d och koniska ben<\/li>\n<li> Klassisk design, passar f\u00f6r vardagsrum, sovrum eller hemmakontor<\/li>\n<li> Dubbelskiktade kuddar av andningsbart tyg i linneutseende f\u00f6r komfort<\/li>\n<li> Mjukt b\u00f6jd ryggst\u00f6d och armst\u00f6d p\u00e5 l\u00e4sf\u00e5t\u00f6ljen skapar en mysig sittplats<\/li>\n<li> Starka metallben p\u00e5 armst\u00f6dsstolen med justerbara fotdynor f\u00f6r stabilitet<\/li>\n<li> Montering kr\u00e4vs<\/li>\n<\/ul>\n<p> Tekniska specifikationer:<\/p>\n<ul>\n<li> F\u00e4rg: Ljusgr\u00e5<\/li>\n<li> Material: Tyg i linneutseende (100% polyester), skum, metall, flerskiktad br\u00e4da<\/li>\n<li> Totala dimensioner: 65B x 72T x 86H cm<\/li>\n<li> Sitsstorlek: 45B x 43T x 46H cm<\/li>\n<li> Ryggstorlek: 52B x 44L cm<\/li>\n<li> Sits tjocklek: 12 cm<\/li>\n<li> Rygg tjocklek: 21 cm<\/li>\n<li> Armst\u00f6dsstorlek: 8B x 49L x 18,5H cm (fr\u00e5n s\u00e4tet)<\/li>\n<li> B\u00e4rkapacitet: 120 kg<\/li>\n<li> Artikelnummer: 83B-627V00LG<\/li>\n<\/ul>\n<p>Leveransinneh\u00e5ll:<\/p>\n<ul>\n<li> 1 x Accentstol<\/li>\n<li> 1 x Handbok<\/li>\n<\/ul>\n","protected":false},"excerpt":{"rendered":"<p>F\u00f6rvandla ditt rum med [BRAND NAME] loungef\u00e5t\u00f6lj, som kombinerar tidl\u00f6s stil med komfort. Den naturligt strukturerade ytan, den knappkl\u00e4dda ryggst\u00f6det&#8230;<\/p>\n","protected":false},"featured_media":97952,"template":"","meta":[],"product_brand":[],"product_cat":[871,519,910],"product_tag":[],"class_list":{"0":"post-97965","1":"product","2":"type-product","3":"status-publish","4":"has-post-thumbnail","6":"product_cat-hus-hem","7":"product_cat-stoppade-stolar","8":"product_cat-vardagsrum","10":"first","11":"instock","12":"sale","13":"taxable","14":"shipping-taxable","15":"purchasable","16":"product-type-simple"},"yoast_head":"<!-- This site is optimized with the Yoast SEO plugin v25.4 - https:\/\/yoast.com\/wordpress\/plugins\/seo\/ -->\n<title>TRUUSK Modern Accentstol - Stopad med Metallben - Linneutseende - Ljusgr\u00e5 - TRUUSK - Hem, Tr\u00e4dg\u00e5rd &amp; Fritid<\/title>\n<meta name=\"robots\" content=\"index, follow, max-snippet:-1, max-image-preview:large, max-video-preview:-1\" \/>\n<link rel=\"canonical\" href=\"https:\/\/truusk.store\/sv\/produkt\/truusk-modern-accentstol-stopad-med-metallben-linneutseende-ljusgra\/\" \/>\n<meta property=\"og:locale\" content=\"sv_SE\" \/>\n<meta property=\"og:type\" content=\"article\" \/>\n<meta property=\"og:title\" content=\"TRUUSK Modern Accentstol - Stopad med Metallben - Linneutseende - Ljusgr\u00e5 - TRUUSK - Hem, Tr\u00e4dg\u00e5rd &amp; Fritid\" \/>\n<meta property=\"og:description\" content=\"F\u00f6rvandla ditt rum med [BRAND NAME] loungef\u00e5t\u00f6lj, som kombinerar tidl\u00f6s stil med komfort. Den naturligt strukturerade ytan, den knappkl\u00e4dda ryggst\u00f6det...\" \/>\n<meta property=\"og:url\" content=\"https:\/\/truusk.store\/sv\/produkt\/truusk-modern-accentstol-stopad-med-metallben-linneutseende-ljusgra\/\" \/>\n<meta property=\"og:site_name\" content=\"TRUUSK - Hem, Tr\u00e4dg\u00e5rd &amp; Fritid\" \/>\n<meta property=\"article:modified_time\" content=\"2026-03-12T07:50:48+00:00\" \/>\n<meta property=\"og:image\" content=\"https:\/\/i0.wp.com\/truusk.se\/wp-content\/uploads\/2025\/12\/modern-accentstol-stoppad-stol-med-metallben-linneutseende-ljusgra-1.webp?fit=2000%2C2000&ssl=1\" \/>\n\t<meta property=\"og:image:width\" content=\"2000\" \/>\n\t<meta property=\"og:image:height\" content=\"2000\" \/>\n\t<meta property=\"og:image:type\" content=\"image\/webp\" \/>\n<meta name=\"twitter:card\" content=\"summary_large_image\" \/>\n<meta name=\"twitter:label1\" content=\"Ber\u00e4knad l\u00e4stid\" \/>\n\t<meta name=\"twitter:data1\" content=\"1 minut\" \/>\n<!-- \/ Yoast SEO plugin. -->","yoast_head_json":{"title":"TRUUSK Modern Accentstol - Stopad med Metallben - Linneutseende - Ljusgr\u00e5 - TRUUSK - Hem, Tr\u00e4dg\u00e5rd &amp; Fritid","robots":{"index":"index","follow":"follow","max-snippet":"max-snippet:-1","max-image-preview":"max-image-preview:large","max-video-preview":"max-video-preview:-1"},"canonical":"https:\/\/truusk.store\/sv\/produkt\/truusk-modern-accentstol-stopad-med-metallben-linneutseende-ljusgra\/","og_locale":"sv_SE","og_type":"article","og_title":"TRUUSK Modern Accentstol - Stopad med Metallben - Linneutseende - Ljusgr\u00e5 - TRUUSK - Hem, Tr\u00e4dg\u00e5rd &amp; Fritid","og_description":"F\u00f6rvandla ditt rum med [BRAND NAME] loungef\u00e5t\u00f6lj, som kombinerar tidl\u00f6s stil med komfort. Den naturligt strukturerade ytan, den knappkl\u00e4dda ryggst\u00f6det...","og_url":"https:\/\/truusk.store\/sv\/produkt\/truusk-modern-accentstol-stopad-med-metallben-linneutseende-ljusgra\/","og_site_name":"TRUUSK - Hem, Tr\u00e4dg\u00e5rd &amp; Fritid","article_modified_time":"2026-03-12T07:50:48+00:00","og_image":[{"width":2000,"height":2000,"url":"https:\/\/i0.wp.com\/truusk.se\/wp-content\/uploads\/2025\/12\/modern-accentstol-stoppad-stol-med-metallben-linneutseende-ljusgra-1.webp?fit=2000%2C2000&ssl=1","type":"image\/webp"}],"twitter_card":"summary_large_image","twitter_misc":{"Ber\u00e4knad l\u00e4stid":"1 minut"},"schema":{"@context":"https:\/\/schema.org","@graph":[{"@type":"WebPage","@id":"https:\/\/truusk.store\/sv\/produkt\/truusk-modern-accentstol-stopad-med-metallben-linneutseende-ljusgra\/","url":"https:\/\/truusk.store\/sv\/produkt\/truusk-modern-accentstol-stopad-med-metallben-linneutseende-ljusgra\/","name":"TRUUSK Modern Accentstol - Stopad med Metallben - Linneutseende - Ljusgr\u00e5 - TRUUSK - Hem, Tr\u00e4dg\u00e5rd &amp; Fritid","isPartOf":{"@id":"https:\/\/truusk.store\/sv\/#website"},"primaryImageOfPage":{"@id":"https:\/\/truusk.store\/sv\/produkt\/truusk-modern-accentstol-stopad-med-metallben-linneutseende-ljusgra\/#primaryimage"},"image":{"@id":"https:\/\/truusk.store\/sv\/produkt\/truusk-modern-accentstol-stopad-med-metallben-linneutseende-ljusgra\/#primaryimage"},"thumbnailUrl":"https:\/\/i0.wp.com\/truusk.store\/wp-content\/uploads\/2025\/12\/modern-accentstol-stoppad-stol-med-metallben-linneutseende-ljusgra-1.webp?fit=2000%2C2000&ssl=1","datePublished":"2025-12-15T04:38:36+00:00","dateModified":"2026-03-12T07:50:48+00:00","breadcrumb":{"@id":"https:\/\/truusk.store\/sv\/produkt\/truusk-modern-accentstol-stopad-med-metallben-linneutseende-ljusgra\/#breadcrumb"},"inLanguage":"sv-SE","potentialAction":[{"@type":"ReadAction","target":["https:\/\/truusk.store\/sv\/produkt\/truusk-modern-accentstol-stopad-med-metallben-linneutseende-ljusgra\/"]}]},{"@type":"ImageObject","inLanguage":"sv-SE","@id":"https:\/\/truusk.store\/sv\/produkt\/truusk-modern-accentstol-stopad-med-metallben-linneutseende-ljusgra\/#primaryimage","url":"https:\/\/i0.wp.com\/truusk.store\/wp-content\/uploads\/2025\/12\/modern-accentstol-stoppad-stol-med-metallben-linneutseende-ljusgra-1.webp?fit=2000%2C2000&ssl=1","contentUrl":"https:\/\/i0.wp.com\/truusk.store\/wp-content\/uploads\/2025\/12\/modern-accentstol-stoppad-stol-med-metallben-linneutseende-ljusgra-1.webp?fit=2000%2C2000&ssl=1","width":2000,"height":2000},{"@type":"BreadcrumbList","@id":"https:\/\/truusk.store\/sv\/produkt\/truusk-modern-accentstol-stopad-med-metallben-linneutseende-ljusgra\/#breadcrumb","itemListElement":[{"@type":"ListItem","position":1,"name":"Home","item":"https:\/\/truusk.store\/sv\/"},{"@type":"ListItem","position":2,"name":"Shop","item":"https:\/\/truusk.store\/shop\/"},{"@type":"ListItem","position":3,"name":"TRUUSK Modern Accentstol &#8211; Stopad med Metallben &#8211; Linneutseende &#8211; Ljusgr\u00e5"}]},{"@type":"WebSite","@id":"https:\/\/truusk.store\/sv\/#website","url":"https:\/\/truusk.store\/sv\/","name":"TRUUSK - Hem, Tr\u00e4dg\u00e5rd & Fritid","description":"","publisher":{"@id":"https:\/\/truusk.store\/sv\/#organization"},"potentialAction":[{"@type":"SearchAction","target":{"@type":"EntryPoint","urlTemplate":"https:\/\/truusk.store\/sv\/?s={search_term_string}"},"query-input":{"@type":"PropertyValueSpecification","valueRequired":true,"valueName":"search_term_string"}}],"inLanguage":"sv-SE"},{"@type":"Organization","@id":"https:\/\/truusk.store\/sv\/#organization","name":"TRUUSK - Hem, Tr\u00e4dg\u00e5rd & Fritid","url":"https:\/\/truusk.store\/sv\/","logo":{"@type":"ImageObject","inLanguage":"sv-SE","@id":"https:\/\/truusk.store\/sv\/#\/schema\/logo\/image\/","url":"https:\/\/i0.wp.com\/truusk.store\/wp-content\/uploads\/2026\/03\/cropped-TRUUSK.png?fit=2032%2C917&ssl=1","contentUrl":"https:\/\/i0.wp.com\/truusk.store\/wp-content\/uploads\/2026\/03\/cropped-TRUUSK.png?fit=2032%2C917&ssl=1","width":2032,"height":917,"caption":"TRUUSK - Hem, Tr\u00e4dg\u00e5rd & Fritid"},"image":{"@id":"https:\/\/truusk.store\/sv\/#\/schema\/logo\/image\/"}}]}},"jetpack_sharing_enabled":true,"_links":{"self":[{"href":"https:\/\/truusk.store\/sv\/wp-json\/wp\/v2\/product\/97965","targetHints":{"allow":["GET"]}}],"collection":[{"href":"https:\/\/truusk.store\/sv\/wp-json\/wp\/v2\/product"}],"about":[{"href":"https:\/\/truusk.store\/sv\/wp-json\/wp\/v2\/types\/product"}],"wp:featuredmedia":[{"embeddable":true,"href":"https:\/\/truusk.store\/sv\/wp-json\/wp\/v2\/media\/97952"}],"wp:attachment":[{"href":"https:\/\/truusk.store\/sv\/wp-json\/wp\/v2\/media?parent=97965"}],"wp:term":[{"taxonomy":"product_brand","embeddable":true,"href":"https:\/\/truusk.store\/sv\/wp-json\/wp\/v2\/product_brand?post=97965"},{"taxonomy":"product_cat","embeddable":true,"href":"https:\/\/truusk.store\/sv\/wp-json\/wp\/v2\/product_cat?post=97965"},{"taxonomy":"product_tag","embeddable":true,"href":"https:\/\/truusk.store\/sv\/wp-json\/wp\/v2\/product_tag?post=97965"}],"curies":[{"name":"wp","href":"https:\/\/api.w.org\/{rel}","templated":true}]}}