{"id":97996,"date":"2025-12-15T05:41:47","date_gmt":"2025-12-15T04:41:47","guid":{"rendered":"https:\/\/truusk.store\/product\/24v-elektrisk-go-kart-for-korning-och-drifting-nylon-dack-sakerhetsbalte-horn-musik-for-8-12-ar-rod\/"},"modified":"2026-03-12T08:50:53","modified_gmt":"2026-03-12T07:50:53","slug":"truusk-elektrisk-go-kart-24v-for-korning-och-drifting-nylon-dack-sakerhetsbalte-horn-musik-rod-for-8-12-ar","status":"publish","type":"product","link":"https:\/\/truusk.store\/sv\/produkt\/truusk-elektrisk-go-kart-24v-for-korning-och-drifting-nylon-dack-sakerhetsbalte-horn-musik-rod-for-8-12-ar\/","title":{"rendered":"TRUUSK Elektrisk Go-Kart 24V &#8211; F\u00f6r K\u00f6rning och Drifting &#8211; Nylon D\u00e4ck &#8211; S\u00e4kerhetsb\u00e4lte &#8211; Horn &#8211; Musik &#8211; R\u00f6d &#8211; F\u00f6r 8-12 \u00c5r"},"content":{"rendered":"<p>Ditt barn ska njuta av ren gl\u00e4dje, men ostadiga konstruktioner ger dig oro? [BRAND NAME] elektriska gokart eliminerar dessa bekymmer: Med tv\u00e5 24V motorer f\u00f6r sp\u00e4nnande drift och variabel hastighet, garanterar en robust metallram med speciella d\u00e4ck l\u00e5ngvarig stabilitet och s\u00e4kerhet. Upplev hur ditt barn f\u00e5r sj\u00e4lvf\u00f6rtroende och njuter av varierande k\u00f6rn\u00f6je n\u00e4r det driftar s\u00e4kert och sp\u00e4nnande!<\/p>\n<p>Beskrivning:<\/p>\n<ul>\n<li> Tv\u00e5 24V motorer p\u00e5 den elektriska gokarten ger en hastighet p\u00e5 6-13 km\/h f\u00f6r sp\u00e4nnande drift-action<\/li>\n<li> B\u00e4r upp till 70 kg med en f\u00f6rst\u00e4rkt ram f\u00f6r stabilt, s\u00e4kert spel<\/li>\n<li> Nylon-omslutna bakhjul m\u00f6jligg\u00f6r mjuk, kontrollerad glidning, vilket g\u00f6r drifting enkelt och roligt<\/li>\n<li> Ett mjukstartsystem p\u00e5 driftkarten ger en gradvis acceleration f\u00f6r en s\u00e4krare, ryckfri k\u00f6rning<\/li>\n<li> Ett ergonomiskt racing-s\u00e4te och ett s\u00e4kerhetsb\u00e4lte h\u00e5ller unga f\u00f6rare s\u00e4kra under kurvor<\/li>\n<li> H\u00e5llbar 24V batteri ger upp till 40 minuter oavbruten racinggl\u00e4dje<\/li>\n<li> Rymlig design \u00e4r perfekt f\u00f6r \u00e4ldre barn i \u00e5ldern 8 till 12 \u00e5r<\/li>\n<li> Montering kr\u00e4vs<\/li>\n<\/ul>\n<p> Tekniska data:<\/p>\n<ul>\n<li> F\u00e4rg: R\u00f6d<\/li>\n<li> Material: Plast, Metall<\/li>\n<li> Totala dimensioner: 119L x 77B x 54H cm<\/li>\n<li> Sitsstorlek: 36,5B x 20T cm<\/li>\n<li> Sitth\u00f6jd: 19 cm<\/li>\n<li> Framhjul: \u00d8 22 cm<\/li>\n<li> Bakhjul: \u00d8 28 cm<\/li>\n<li> Batteri: 2 x 12V 7AH<\/li>\n<li> Laddningstid: 8-12 h<\/li>\n<li> Drifttid: 40 min<\/li>\n<li> Hastighet: 6-13 km\/h<\/li>\n<li> B\u00e4rkapacitet: 70 kg<\/li>\n<li> Rekommenderad \u00e5lder: 8-12 \u00e5r<\/li>\n<li> OBS: \u00d6vervaka alltid dina barn n\u00e4r de k\u00f6r<\/li>\n<\/ul>\n<p>Leveransinneh\u00e5ll:<\/p>\n<ul>\n<li> 1 x Elektrisk gokart<\/li>\n<li> 1 x Handbok<\/li>\n<\/ul>\n","protected":false},"excerpt":{"rendered":"<p>Ditt barn ska njuta av ren gl\u00e4dje, men ostadiga konstruktioner ger dig oro? [BRAND NAME] elektriska gokart eliminerar dessa bekymmer:&#8230;<\/p>\n","protected":false},"featured_media":97986,"template":"","meta":[],"product_brand":[],"product_cat":[880,610,950],"product_tag":[],"class_list":{"0":"post-97996","1":"product","2":"type-product","3":"status-publish","4":"has-post-thumbnail","6":"product_cat-baby-barn-2","7":"product_cat-barnfordon","8":"product_cat-go-karts-pedaldrivna-fordon","10":"first","11":"instock","12":"sale","13":"taxable","14":"shipping-taxable","15":"purchasable","16":"product-type-simple"},"yoast_head":"<!-- This site is optimized with the Yoast SEO plugin v25.4 - https:\/\/yoast.com\/wordpress\/plugins\/seo\/ -->\n<title>TRUUSK Elektrisk Go-Kart 24V - F\u00f6r K\u00f6rning och Drifting - Nylon D\u00e4ck - S\u00e4kerhetsb\u00e4lte - Horn - Musik - R\u00f6d - F\u00f6r 8-12 \u00c5r - TRUUSK - Hem, Tr\u00e4dg\u00e5rd &amp; Fritid<\/title>\n<meta name=\"robots\" content=\"index, follow, max-snippet:-1, max-image-preview:large, max-video-preview:-1\" \/>\n<link rel=\"canonical\" href=\"https:\/\/truusk.store\/sv\/produkt\/truusk-elektrisk-go-kart-24v-for-korning-och-drifting-nylon-dack-sakerhetsbalte-horn-musik-rod-for-8-12-ar\/\" \/>\n<meta property=\"og:locale\" content=\"sv_SE\" \/>\n<meta property=\"og:type\" content=\"article\" \/>\n<meta property=\"og:title\" content=\"TRUUSK Elektrisk Go-Kart 24V - F\u00f6r K\u00f6rning och Drifting - Nylon D\u00e4ck - S\u00e4kerhetsb\u00e4lte - Horn - Musik - R\u00f6d - F\u00f6r 8-12 \u00c5r - TRUUSK - Hem, Tr\u00e4dg\u00e5rd &amp; Fritid\" \/>\n<meta property=\"og:description\" content=\"Ditt barn ska njuta av ren gl\u00e4dje, men ostadiga konstruktioner ger dig oro? [BRAND NAME] elektriska gokart eliminerar dessa bekymmer:...\" \/>\n<meta property=\"og:url\" content=\"https:\/\/truusk.store\/sv\/produkt\/truusk-elektrisk-go-kart-24v-for-korning-och-drifting-nylon-dack-sakerhetsbalte-horn-musik-rod-for-8-12-ar\/\" \/>\n<meta property=\"og:site_name\" content=\"TRUUSK - Hem, Tr\u00e4dg\u00e5rd &amp; Fritid\" \/>\n<meta property=\"article:modified_time\" content=\"2026-03-12T07:50:53+00:00\" \/>\n<meta property=\"og:image\" content=\"https:\/\/i0.wp.com\/truusk.se\/wp-content\/uploads\/2025\/12\/24v-elektrisk-go-kart-for-korning-och-drifting-nylon-dack-sakerhetsbalte-horn-musik-for-8-12-ar-rod-1.webp?fit=2000%2C2000&ssl=1\" \/>\n\t<meta property=\"og:image:width\" content=\"2000\" \/>\n\t<meta property=\"og:image:height\" content=\"2000\" \/>\n\t<meta property=\"og:image:type\" content=\"image\/webp\" \/>\n<meta name=\"twitter:card\" content=\"summary_large_image\" \/>\n<meta name=\"twitter:label1\" content=\"Ber\u00e4knad l\u00e4stid\" \/>\n\t<meta name=\"twitter:data1\" content=\"1 minut\" \/>\n<!-- \/ Yoast SEO plugin. -->","yoast_head_json":{"title":"TRUUSK Elektrisk Go-Kart 24V - F\u00f6r K\u00f6rning och Drifting - Nylon D\u00e4ck - S\u00e4kerhetsb\u00e4lte - Horn - Musik - R\u00f6d - F\u00f6r 8-12 \u00c5r - TRUUSK - Hem, Tr\u00e4dg\u00e5rd &amp; Fritid","robots":{"index":"index","follow":"follow","max-snippet":"max-snippet:-1","max-image-preview":"max-image-preview:large","max-video-preview":"max-video-preview:-1"},"canonical":"https:\/\/truusk.store\/sv\/produkt\/truusk-elektrisk-go-kart-24v-for-korning-och-drifting-nylon-dack-sakerhetsbalte-horn-musik-rod-for-8-12-ar\/","og_locale":"sv_SE","og_type":"article","og_title":"TRUUSK Elektrisk Go-Kart 24V - F\u00f6r K\u00f6rning och Drifting - Nylon D\u00e4ck - S\u00e4kerhetsb\u00e4lte - Horn - Musik - R\u00f6d - F\u00f6r 8-12 \u00c5r - TRUUSK - Hem, Tr\u00e4dg\u00e5rd &amp; Fritid","og_description":"Ditt barn ska njuta av ren gl\u00e4dje, men ostadiga konstruktioner ger dig oro? [BRAND NAME] elektriska gokart eliminerar dessa bekymmer:...","og_url":"https:\/\/truusk.store\/sv\/produkt\/truusk-elektrisk-go-kart-24v-for-korning-och-drifting-nylon-dack-sakerhetsbalte-horn-musik-rod-for-8-12-ar\/","og_site_name":"TRUUSK - Hem, Tr\u00e4dg\u00e5rd &amp; Fritid","article_modified_time":"2026-03-12T07:50:53+00:00","og_image":[{"width":2000,"height":2000,"url":"https:\/\/i0.wp.com\/truusk.se\/wp-content\/uploads\/2025\/12\/24v-elektrisk-go-kart-for-korning-och-drifting-nylon-dack-sakerhetsbalte-horn-musik-for-8-12-ar-rod-1.webp?fit=2000%2C2000&ssl=1","type":"image\/webp"}],"twitter_card":"summary_large_image","twitter_misc":{"Ber\u00e4knad l\u00e4stid":"1 minut"},"schema":{"@context":"https:\/\/schema.org","@graph":[{"@type":"WebPage","@id":"https:\/\/truusk.store\/sv\/produkt\/truusk-elektrisk-go-kart-24v-for-korning-och-drifting-nylon-dack-sakerhetsbalte-horn-musik-rod-for-8-12-ar\/","url":"https:\/\/truusk.store\/sv\/produkt\/truusk-elektrisk-go-kart-24v-for-korning-och-drifting-nylon-dack-sakerhetsbalte-horn-musik-rod-for-8-12-ar\/","name":"TRUUSK Elektrisk Go-Kart 24V - F\u00f6r K\u00f6rning och Drifting - Nylon D\u00e4ck - S\u00e4kerhetsb\u00e4lte - Horn - Musik - R\u00f6d - F\u00f6r 8-12 \u00c5r - TRUUSK - Hem, Tr\u00e4dg\u00e5rd &amp; Fritid","isPartOf":{"@id":"https:\/\/truusk.store\/sv\/#website"},"primaryImageOfPage":{"@id":"https:\/\/truusk.store\/sv\/produkt\/truusk-elektrisk-go-kart-24v-for-korning-och-drifting-nylon-dack-sakerhetsbalte-horn-musik-rod-for-8-12-ar\/#primaryimage"},"image":{"@id":"https:\/\/truusk.store\/sv\/produkt\/truusk-elektrisk-go-kart-24v-for-korning-och-drifting-nylon-dack-sakerhetsbalte-horn-musik-rod-for-8-12-ar\/#primaryimage"},"thumbnailUrl":"https:\/\/i0.wp.com\/truusk.store\/wp-content\/uploads\/2025\/12\/24v-elektrisk-go-kart-for-korning-och-drifting-nylon-dack-sakerhetsbalte-horn-musik-for-8-12-ar-rod-1.webp?fit=2000%2C2000&ssl=1","datePublished":"2025-12-15T04:41:47+00:00","dateModified":"2026-03-12T07:50:53+00:00","breadcrumb":{"@id":"https:\/\/truusk.store\/sv\/produkt\/truusk-elektrisk-go-kart-24v-for-korning-och-drifting-nylon-dack-sakerhetsbalte-horn-musik-rod-for-8-12-ar\/#breadcrumb"},"inLanguage":"sv-SE","potentialAction":[{"@type":"ReadAction","target":["https:\/\/truusk.store\/sv\/produkt\/truusk-elektrisk-go-kart-24v-for-korning-och-drifting-nylon-dack-sakerhetsbalte-horn-musik-rod-for-8-12-ar\/"]}]},{"@type":"ImageObject","inLanguage":"sv-SE","@id":"https:\/\/truusk.store\/sv\/produkt\/truusk-elektrisk-go-kart-24v-for-korning-och-drifting-nylon-dack-sakerhetsbalte-horn-musik-rod-for-8-12-ar\/#primaryimage","url":"https:\/\/i0.wp.com\/truusk.store\/wp-content\/uploads\/2025\/12\/24v-elektrisk-go-kart-for-korning-och-drifting-nylon-dack-sakerhetsbalte-horn-musik-for-8-12-ar-rod-1.webp?fit=2000%2C2000&ssl=1","contentUrl":"https:\/\/i0.wp.com\/truusk.store\/wp-content\/uploads\/2025\/12\/24v-elektrisk-go-kart-for-korning-och-drifting-nylon-dack-sakerhetsbalte-horn-musik-for-8-12-ar-rod-1.webp?fit=2000%2C2000&ssl=1","width":2000,"height":2000},{"@type":"BreadcrumbList","@id":"https:\/\/truusk.store\/sv\/produkt\/truusk-elektrisk-go-kart-24v-for-korning-och-drifting-nylon-dack-sakerhetsbalte-horn-musik-rod-for-8-12-ar\/#breadcrumb","itemListElement":[{"@type":"ListItem","position":1,"name":"Home","item":"https:\/\/truusk.store\/sv\/"},{"@type":"ListItem","position":2,"name":"Shop","item":"https:\/\/truusk.store\/shop\/"},{"@type":"ListItem","position":3,"name":"TRUUSK Elektrisk Go-Kart 24V &#8211; F\u00f6r K\u00f6rning och Drifting &#8211; Nylon D\u00e4ck &#8211; S\u00e4kerhetsb\u00e4lte &#8211; Horn &#8211; Musik &#8211; R\u00f6d &#8211; F\u00f6r 8-12 \u00c5r"}]},{"@type":"WebSite","@id":"https:\/\/truusk.store\/sv\/#website","url":"https:\/\/truusk.store\/sv\/","name":"TRUUSK - Hem, Tr\u00e4dg\u00e5rd & Fritid","description":"","publisher":{"@id":"https:\/\/truusk.store\/sv\/#organization"},"potentialAction":[{"@type":"SearchAction","target":{"@type":"EntryPoint","urlTemplate":"https:\/\/truusk.store\/sv\/?s={search_term_string}"},"query-input":{"@type":"PropertyValueSpecification","valueRequired":true,"valueName":"search_term_string"}}],"inLanguage":"sv-SE"},{"@type":"Organization","@id":"https:\/\/truusk.store\/sv\/#organization","name":"TRUUSK - Hem, Tr\u00e4dg\u00e5rd & Fritid","url":"https:\/\/truusk.store\/sv\/","logo":{"@type":"ImageObject","inLanguage":"sv-SE","@id":"https:\/\/truusk.store\/sv\/#\/schema\/logo\/image\/","url":"https:\/\/i0.wp.com\/truusk.store\/wp-content\/uploads\/2026\/03\/cropped-TRUUSK.png?fit=2032%2C917&ssl=1","contentUrl":"https:\/\/i0.wp.com\/truusk.store\/wp-content\/uploads\/2026\/03\/cropped-TRUUSK.png?fit=2032%2C917&ssl=1","width":2032,"height":917,"caption":"TRUUSK - Hem, Tr\u00e4dg\u00e5rd & Fritid"},"image":{"@id":"https:\/\/truusk.store\/sv\/#\/schema\/logo\/image\/"}}]}},"jetpack_sharing_enabled":true,"_links":{"self":[{"href":"https:\/\/truusk.store\/sv\/wp-json\/wp\/v2\/product\/97996","targetHints":{"allow":["GET"]}}],"collection":[{"href":"https:\/\/truusk.store\/sv\/wp-json\/wp\/v2\/product"}],"about":[{"href":"https:\/\/truusk.store\/sv\/wp-json\/wp\/v2\/types\/product"}],"wp:featuredmedia":[{"embeddable":true,"href":"https:\/\/truusk.store\/sv\/wp-json\/wp\/v2\/media\/97986"}],"wp:attachment":[{"href":"https:\/\/truusk.store\/sv\/wp-json\/wp\/v2\/media?parent=97996"}],"wp:term":[{"taxonomy":"product_brand","embeddable":true,"href":"https:\/\/truusk.store\/sv\/wp-json\/wp\/v2\/product_brand?post=97996"},{"taxonomy":"product_cat","embeddable":true,"href":"https:\/\/truusk.store\/sv\/wp-json\/wp\/v2\/product_cat?post=97996"},{"taxonomy":"product_tag","embeddable":true,"href":"https:\/\/truusk.store\/sv\/wp-json\/wp\/v2\/product_tag?post=97996"}],"curies":[{"name":"wp","href":"https:\/\/api.w.org\/{rel}","templated":true}]}}