{"id":98005,"date":"2025-12-15T05:42:39","date_gmt":"2025-12-15T04:42:39","guid":{"rendered":"https:\/\/truusk.store\/product\/reptil-terrarium-86-liter-vivarium-med-skjutdorr-lasbar-for-odlor-insekter-spindlar-geckos-60-x-45-x-32-cm-svart\/"},"modified":"2026-03-12T08:50:54","modified_gmt":"2026-03-12T07:50:54","slug":"truusk-reptil-terrarium-86-liter-vivarium-med-skjutdorr-lasbar-for-odlor-insekter-spindlar-geckos-60-x-45-x-32-cm","status":"publish","type":"product","link":"https:\/\/truusk.store\/sv\/produkt\/truusk-reptil-terrarium-86-liter-vivarium-med-skjutdorr-lasbar-for-odlor-insekter-spindlar-geckos-60-x-45-x-32-cm\/","title":{"rendered":"TRUUSK Reptil-terrarium &#8211; 86 Liter Vivarium Med Skjutd\u00f6rr &#8211; L\u00e5sbar &#8211; F\u00f6r \u00f6dlor, Insekter, Spindlar, Geckos &#8211; 60 X 45 X 32 Cm &#8211;"},"content":{"rendered":"<p>Att l\u00e4mna ditt reptil ensamt kan vara oroande: Kommer det att stanna s\u00e4kert p\u00e5 sin plats och inte rymma? [BRAND NAME] reptilvivarium minskar dessa farh\u00e5gor med ett s\u00e4kert dubbelt l\u00e5ssystem. Ett ventilerat \u00f6vre f\u00e4lt ger optimal v\u00e4rme och luftcirkulation och genom det kristallklara glaset kan du observera och interagera, vilket fr\u00e4mjar en f\u00f6rtroenderelation och ger dig lugn och ro.<\/p>\n<p>Beskrivning:<\/p>\n<ul>\n<li> Terrariets \u00f6vre l\u00e5s och d\u00f6rrl\u00e5s fram ger dubbel s\u00e4kerhet mot utbrott<\/li>\n<li> N\u00e4t\u00f6verdelen ger ventilation och m\u00f6jligg\u00f6r intr\u00e4ngning av UVB-str\u00e5lar och v\u00e4rme<\/li>\n<li> Den upph\u00f6jda vattent\u00e4ta botten av glasterrariet \u00e4r kompatibel med de flesta v\u00e4rmare f\u00f6r att g\u00f6ra individuella justeringar<\/li>\n<li> 360\u00b0 glas ger en panoramautsikt f\u00f6r enkel observation och interaktion<\/li>\n<li> Det rymliga inre utrymmet p\u00e5 86,3L med skjutd\u00f6rrar underl\u00e4ttar matning av dina husdjur<\/li>\n<li> Montering tar bara 15 minuter<\/li>\n<\/ul>\n<p> Tekniska data:<\/p>\n<ul>\n<li> F\u00e4rg: Svart+Transparent<\/li>\n<li> Material: Glas, plast, aluminiumlegering, metall<\/li>\n<li> Kapacitet: 86,3 L<\/li>\n<li> Totala dimensioner: 60L x 45B x 32H cm<\/li>\n<li> D\u00f6rrstorlek: 30,2L x 28,7H cm<\/li>\n<\/ul>\n<p>Leveransinneh\u00e5ll:<\/p>\n<ul>\n<li> 1 x Vivarium<\/li>\n<li> 1 x Handbok<\/li>\n<\/ul>\n","protected":false},"excerpt":{"rendered":"<p>Att l\u00e4mna ditt reptil ensamt kan vara oroande: Kommer det att stanna s\u00e4kert p\u00e5 sin plats och inte rymma? [BRAND&#8230;<\/p>\n","protected":false},"featured_media":97995,"template":"","meta":[],"product_brand":[],"product_cat":[878,928,597],"product_tag":[],"class_list":{"0":"post-98005","1":"product","2":"type-product","3":"status-publish","4":"has-post-thumbnail","6":"product_cat-djurbehov","7":"product_cat-frigangshagn","8":"product_cat-sma-djurtillbehor","10":"first","11":"instock","12":"sale","13":"taxable","14":"shipping-taxable","15":"purchasable","16":"product-type-simple"},"yoast_head":"<!-- This site is optimized with the Yoast SEO plugin v25.4 - https:\/\/yoast.com\/wordpress\/plugins\/seo\/ -->\n<title>TRUUSK Reptil-terrarium - 86 Liter Vivarium Med Skjutd\u00f6rr - L\u00e5sbar - F\u00f6r \u00f6dlor, Insekter, Spindlar, Geckos - 60 X 45 X 32 Cm - TRUUSK - Hem, Tr\u00e4dg\u00e5rd &amp; Fritid<\/title>\n<meta name=\"robots\" content=\"index, follow, max-snippet:-1, max-image-preview:large, max-video-preview:-1\" \/>\n<link rel=\"canonical\" href=\"https:\/\/truusk.store\/sv\/produkt\/truusk-reptil-terrarium-86-liter-vivarium-med-skjutdorr-lasbar-for-odlor-insekter-spindlar-geckos-60-x-45-x-32-cm\/\" \/>\n<meta property=\"og:locale\" content=\"sv_SE\" \/>\n<meta property=\"og:type\" content=\"article\" \/>\n<meta property=\"og:title\" content=\"TRUUSK Reptil-terrarium - 86 Liter Vivarium Med Skjutd\u00f6rr - L\u00e5sbar - F\u00f6r \u00f6dlor, Insekter, Spindlar, Geckos - 60 X 45 X 32 Cm - TRUUSK - Hem, Tr\u00e4dg\u00e5rd &amp; Fritid\" \/>\n<meta property=\"og:description\" content=\"Att l\u00e4mna ditt reptil ensamt kan vara oroande: Kommer det att stanna s\u00e4kert p\u00e5 sin plats och inte rymma? [BRAND...\" \/>\n<meta property=\"og:url\" content=\"https:\/\/truusk.store\/sv\/produkt\/truusk-reptil-terrarium-86-liter-vivarium-med-skjutdorr-lasbar-for-odlor-insekter-spindlar-geckos-60-x-45-x-32-cm\/\" \/>\n<meta property=\"og:site_name\" content=\"TRUUSK - Hem, Tr\u00e4dg\u00e5rd &amp; Fritid\" \/>\n<meta property=\"article:modified_time\" content=\"2026-03-12T07:50:54+00:00\" \/>\n<meta property=\"og:image\" content=\"https:\/\/i0.wp.com\/truusk.se\/wp-content\/uploads\/2025\/12\/reptil-terrarium-86-liter-vivarium-med-skjutdorr-lasbar-for-odlor-insekter-spindlar-geckos-60-x-45-x-32-cm-svart-1.webp?fit=2000%2C2000&ssl=1\" \/>\n\t<meta property=\"og:image:width\" content=\"2000\" \/>\n\t<meta property=\"og:image:height\" content=\"2000\" \/>\n\t<meta property=\"og:image:type\" content=\"image\/webp\" \/>\n<meta name=\"twitter:card\" content=\"summary_large_image\" \/>\n<meta name=\"twitter:label1\" content=\"Ber\u00e4knad l\u00e4stid\" \/>\n\t<meta name=\"twitter:data1\" content=\"1 minut\" \/>\n<!-- \/ Yoast SEO plugin. -->","yoast_head_json":{"title":"TRUUSK Reptil-terrarium - 86 Liter Vivarium Med Skjutd\u00f6rr - L\u00e5sbar - F\u00f6r \u00f6dlor, Insekter, Spindlar, Geckos - 60 X 45 X 32 Cm - TRUUSK - Hem, Tr\u00e4dg\u00e5rd &amp; Fritid","robots":{"index":"index","follow":"follow","max-snippet":"max-snippet:-1","max-image-preview":"max-image-preview:large","max-video-preview":"max-video-preview:-1"},"canonical":"https:\/\/truusk.store\/sv\/produkt\/truusk-reptil-terrarium-86-liter-vivarium-med-skjutdorr-lasbar-for-odlor-insekter-spindlar-geckos-60-x-45-x-32-cm\/","og_locale":"sv_SE","og_type":"article","og_title":"TRUUSK Reptil-terrarium - 86 Liter Vivarium Med Skjutd\u00f6rr - L\u00e5sbar - F\u00f6r \u00f6dlor, Insekter, Spindlar, Geckos - 60 X 45 X 32 Cm - TRUUSK - Hem, Tr\u00e4dg\u00e5rd &amp; Fritid","og_description":"Att l\u00e4mna ditt reptil ensamt kan vara oroande: Kommer det att stanna s\u00e4kert p\u00e5 sin plats och inte rymma? [BRAND...","og_url":"https:\/\/truusk.store\/sv\/produkt\/truusk-reptil-terrarium-86-liter-vivarium-med-skjutdorr-lasbar-for-odlor-insekter-spindlar-geckos-60-x-45-x-32-cm\/","og_site_name":"TRUUSK - Hem, Tr\u00e4dg\u00e5rd &amp; Fritid","article_modified_time":"2026-03-12T07:50:54+00:00","og_image":[{"width":2000,"height":2000,"url":"https:\/\/i0.wp.com\/truusk.se\/wp-content\/uploads\/2025\/12\/reptil-terrarium-86-liter-vivarium-med-skjutdorr-lasbar-for-odlor-insekter-spindlar-geckos-60-x-45-x-32-cm-svart-1.webp?fit=2000%2C2000&ssl=1","type":"image\/webp"}],"twitter_card":"summary_large_image","twitter_misc":{"Ber\u00e4knad l\u00e4stid":"1 minut"},"schema":{"@context":"https:\/\/schema.org","@graph":[{"@type":"WebPage","@id":"https:\/\/truusk.store\/sv\/produkt\/truusk-reptil-terrarium-86-liter-vivarium-med-skjutdorr-lasbar-for-odlor-insekter-spindlar-geckos-60-x-45-x-32-cm\/","url":"https:\/\/truusk.store\/sv\/produkt\/truusk-reptil-terrarium-86-liter-vivarium-med-skjutdorr-lasbar-for-odlor-insekter-spindlar-geckos-60-x-45-x-32-cm\/","name":"TRUUSK Reptil-terrarium - 86 Liter Vivarium Med Skjutd\u00f6rr - L\u00e5sbar - F\u00f6r \u00f6dlor, Insekter, Spindlar, Geckos - 60 X 45 X 32 Cm - TRUUSK - Hem, Tr\u00e4dg\u00e5rd &amp; Fritid","isPartOf":{"@id":"https:\/\/truusk.store\/sv\/#website"},"primaryImageOfPage":{"@id":"https:\/\/truusk.store\/sv\/produkt\/truusk-reptil-terrarium-86-liter-vivarium-med-skjutdorr-lasbar-for-odlor-insekter-spindlar-geckos-60-x-45-x-32-cm\/#primaryimage"},"image":{"@id":"https:\/\/truusk.store\/sv\/produkt\/truusk-reptil-terrarium-86-liter-vivarium-med-skjutdorr-lasbar-for-odlor-insekter-spindlar-geckos-60-x-45-x-32-cm\/#primaryimage"},"thumbnailUrl":"https:\/\/i0.wp.com\/truusk.store\/wp-content\/uploads\/2025\/12\/reptil-terrarium-86-liter-vivarium-med-skjutdorr-lasbar-for-odlor-insekter-spindlar-geckos-60-x-45-x-32-cm-svart-1.webp?fit=2000%2C2000&ssl=1","datePublished":"2025-12-15T04:42:39+00:00","dateModified":"2026-03-12T07:50:54+00:00","breadcrumb":{"@id":"https:\/\/truusk.store\/sv\/produkt\/truusk-reptil-terrarium-86-liter-vivarium-med-skjutdorr-lasbar-for-odlor-insekter-spindlar-geckos-60-x-45-x-32-cm\/#breadcrumb"},"inLanguage":"sv-SE","potentialAction":[{"@type":"ReadAction","target":["https:\/\/truusk.store\/sv\/produkt\/truusk-reptil-terrarium-86-liter-vivarium-med-skjutdorr-lasbar-for-odlor-insekter-spindlar-geckos-60-x-45-x-32-cm\/"]}]},{"@type":"ImageObject","inLanguage":"sv-SE","@id":"https:\/\/truusk.store\/sv\/produkt\/truusk-reptil-terrarium-86-liter-vivarium-med-skjutdorr-lasbar-for-odlor-insekter-spindlar-geckos-60-x-45-x-32-cm\/#primaryimage","url":"https:\/\/i0.wp.com\/truusk.store\/wp-content\/uploads\/2025\/12\/reptil-terrarium-86-liter-vivarium-med-skjutdorr-lasbar-for-odlor-insekter-spindlar-geckos-60-x-45-x-32-cm-svart-1.webp?fit=2000%2C2000&ssl=1","contentUrl":"https:\/\/i0.wp.com\/truusk.store\/wp-content\/uploads\/2025\/12\/reptil-terrarium-86-liter-vivarium-med-skjutdorr-lasbar-for-odlor-insekter-spindlar-geckos-60-x-45-x-32-cm-svart-1.webp?fit=2000%2C2000&ssl=1","width":2000,"height":2000},{"@type":"BreadcrumbList","@id":"https:\/\/truusk.store\/sv\/produkt\/truusk-reptil-terrarium-86-liter-vivarium-med-skjutdorr-lasbar-for-odlor-insekter-spindlar-geckos-60-x-45-x-32-cm\/#breadcrumb","itemListElement":[{"@type":"ListItem","position":1,"name":"Home","item":"https:\/\/truusk.store\/sv\/"},{"@type":"ListItem","position":2,"name":"Shop","item":"https:\/\/truusk.store\/shop\/"},{"@type":"ListItem","position":3,"name":"TRUUSK Reptil-terrarium &#8211; 86 Liter Vivarium Med Skjutd\u00f6rr &#8211; L\u00e5sbar &#8211; F\u00f6r \u00f6dlor, Insekter, Spindlar, Geckos &#8211; 60 X 45 X 32 Cm &#8211;"}]},{"@type":"WebSite","@id":"https:\/\/truusk.store\/sv\/#website","url":"https:\/\/truusk.store\/sv\/","name":"TRUUSK - Hem, Tr\u00e4dg\u00e5rd & Fritid","description":"","publisher":{"@id":"https:\/\/truusk.store\/sv\/#organization"},"potentialAction":[{"@type":"SearchAction","target":{"@type":"EntryPoint","urlTemplate":"https:\/\/truusk.store\/sv\/?s={search_term_string}"},"query-input":{"@type":"PropertyValueSpecification","valueRequired":true,"valueName":"search_term_string"}}],"inLanguage":"sv-SE"},{"@type":"Organization","@id":"https:\/\/truusk.store\/sv\/#organization","name":"TRUUSK - Hem, Tr\u00e4dg\u00e5rd & Fritid","url":"https:\/\/truusk.store\/sv\/","logo":{"@type":"ImageObject","inLanguage":"sv-SE","@id":"https:\/\/truusk.store\/sv\/#\/schema\/logo\/image\/","url":"https:\/\/i0.wp.com\/truusk.store\/wp-content\/uploads\/2026\/03\/cropped-TRUUSK.png?fit=2032%2C917&ssl=1","contentUrl":"https:\/\/i0.wp.com\/truusk.store\/wp-content\/uploads\/2026\/03\/cropped-TRUUSK.png?fit=2032%2C917&ssl=1","width":2032,"height":917,"caption":"TRUUSK - Hem, Tr\u00e4dg\u00e5rd & Fritid"},"image":{"@id":"https:\/\/truusk.store\/sv\/#\/schema\/logo\/image\/"}}]}},"jetpack_sharing_enabled":true,"_links":{"self":[{"href":"https:\/\/truusk.store\/sv\/wp-json\/wp\/v2\/product\/98005","targetHints":{"allow":["GET"]}}],"collection":[{"href":"https:\/\/truusk.store\/sv\/wp-json\/wp\/v2\/product"}],"about":[{"href":"https:\/\/truusk.store\/sv\/wp-json\/wp\/v2\/types\/product"}],"wp:featuredmedia":[{"embeddable":true,"href":"https:\/\/truusk.store\/sv\/wp-json\/wp\/v2\/media\/97995"}],"wp:attachment":[{"href":"https:\/\/truusk.store\/sv\/wp-json\/wp\/v2\/media?parent=98005"}],"wp:term":[{"taxonomy":"product_brand","embeddable":true,"href":"https:\/\/truusk.store\/sv\/wp-json\/wp\/v2\/product_brand?post=98005"},{"taxonomy":"product_cat","embeddable":true,"href":"https:\/\/truusk.store\/sv\/wp-json\/wp\/v2\/product_cat?post=98005"},{"taxonomy":"product_tag","embeddable":true,"href":"https:\/\/truusk.store\/sv\/wp-json\/wp\/v2\/product_tag?post=98005"}],"curies":[{"name":"wp","href":"https:\/\/api.w.org\/{rel}","templated":true}]}}